{"id":177,"date":"2024-04-04T02:50:48","date_gmt":"2024-04-03T23:50:48","guid":{"rendered":"https:\/\/sisu.ut.ee\/juhendid\/testi-loomine\/"},"modified":"2024-05-07T19:22:02","modified_gmt":"2024-05-07T16:22:02","slug":"testi-loomine","status":"publish","type":"page","link":"https:\/\/sisu.ut.ee\/juhendid\/testi-loomine\/","title":{"rendered":"Testi loomine (Watu PRO)"},"content":{"rendered":"<h2 class=\"wp-block-heading\" id=\"Testiloomine-Testilisaminejatestiseadetem\u00e4\u00e4ramine\">Testi lisamine ja testi seadete m\u00e4\u00e4ramine<\/h2>\n\n\n\n<p>Lehestikku saab lisada enesetesti, kus on v\u00f5imalik kasutada 7 erinevat k\u00fcsimuset\u00fc\u00fcpi. \u00a0<\/p>\n\n\n\n<p>Testi lisamiseks:\u00a0<\/p>\n\n\n\n<ul class=\"wp-block-list\">\n<li>Kui <strong>Watu PRO<\/strong> rakendus pole lehestikus aktiivne, siis saab seda aktiveerida <strong><em>Plugins<\/em><\/strong> lingi kaudu.\u00a0<\/li>\n\n\n\n<li>Valige vasakpoolsest men\u00fc\u00fcst <em>Watu PRO \u2013 Manage Quizzes \u2013 Create New Quiz<\/em>.\u00a0<\/li>\n\n\n\n<li>T\u00e4iteke <strong><em>Name and Descriptions<\/em><\/strong> sildi andmed\n<ul class=\"wp-block-list\">\n<li>Sisestage testile pealkiri (<em>Quiz Name<\/em>).\u00a0<\/li>\n\n\n\n<li>M\u00e4rkige kast <em>Deactivate this quiz<\/em> kui soovite testi esialgu luua mitteaktiivsena\u00a0<\/li>\n\n\n\n<li>M\u00e4rkige kast <em>Automatically publish this quiz in new post once I hit the \u201cSave\u201d button. (The new post will be auto-generated with the quiz title used for post title.<\/em>) kui soovite, et lehestikku luuakse testi pealkirjaga postitus, kuhu see test on automaatselt vistutatud. <strong>NB!<\/strong> Kui teie lehestik on \u00fcles ehitatud lehtedest, mitte postitustest, siis \u00e4rge seda m\u00e4rkeruutu valige ning tehke leht, kuhu testi vistutate, k\u00e4sitsi.\u00a0<\/li>\n\n\n\n<li>Soovi korral lisage testile kirjeldus (<em>Optional description<\/em>).\u00a0<\/li>\n<\/ul>\n<\/li>\n\n\n\n<li>Tehke sildil <strong><em>General Settings<\/em><\/strong> testi \u00fcldiste seadete valikud.\n<ul class=\"wp-block-list\">\n<li>Tehke k\u00fcsimuste ja vastuste juhuslikkuse valik (<em>Randomization<\/em>), valides kas k\u00fcsimused ja vastusevalikud kuvatakse nende lisamise j\u00e4rjekorras, kas nii k\u00fcsimused kui ka vastusevakud esitatakse juhuslikus j\u00e4rjekorras, kas juhuslikult esitatkse ainult k\u00fcsimused v\u00f5i ainult vastusevalikud.\u00a0<\/li>\n\n\n\n<li>M\u00e4\u00e4rake testile soovi korral ajalimiit (<em>Set time limit of x minutes<\/em>).\u00a0<\/li>\n\n\n\n<li>M\u00e4\u00e4rake k\u00fcsimuste paigutamine lehele: <em>Pagination<\/em> \u2013 k\u00f5ik k\u00fcsimused \u00fchel lehel (<em>All questions in single pag<\/em>e), k\u00fcsimused lehtedel kategooriate kaupa (<em>One page per question category<\/em>), iga k\u00fcsimus eraldi lehel (<em>Each question on its own page<\/em>), soovitud arv k\u00fcsimusi \u00fchel lehel (<em>Custom number per page)<\/em>.\u00a0<\/li>\n\n\n\n<li>Kas k\u00fcsimuste numbreid ei kuvata (<em>Do not display question numbers<\/em>).\u00a0<\/li>\n\n\n\n<li>Kuidas nimetatakse vastusevalikuid: \u00fclde mitte (<em>None<\/em>), numbritega (<em>Numbers<\/em>), tr\u00fckit\u00e4htedega (<em>Capital letters<\/em>), v\u00e4ikeste t\u00e4htedega (<em>Small letters<\/em>).\u00a0<\/li>\n\n\n\n<li>V\u00f5imalik on vaida k\u00fcsimuste disainide vahel (<em>Select design theme<\/em>).\u00a0<\/li>\n\n\n\n<li>Soovi korral seadke testile selle avatuse aeg (<em>Schedule quiz<\/em>).\u00a0<\/li>\n<\/ul>\n<\/li>\n\n\n\n<li>Testi lisamiseks kl\u00f5psake <strong><em>Save All Settings<\/em><\/strong>.\u00a0<\/li>\n\n\n\n<li>Kui l\u00e4hete testi muutma (<strong><em>Edit this quiz<\/em><\/strong>), siis saate teha valikuid ka lisaseadete sildil (<strong><em>Other Advanced Settings<\/em><\/strong>).\u00a0<\/li>\n\n\n\n<li><strong><em>Final Page \/ Quiz Results<\/em><\/strong> sildil kuvatakse <strong><em>Final Screen<\/em><\/strong> lahtris ingliskeelset teksti, mida kuvatakse testi vastajale testi sooritamise j\u00e4rel testi tulemuse andmetega. Eestikeelses lehestikus kopeerige sinna kasti tekst: \u00a0<\/li>\n<\/ul>\n\n\n\n<p>Te olete sooritanud %%QUIZ_NAME%%.\u00a0<\/p>\n\n\n\n<p>Teie tulemus on %%CORRECT%% \u00f5iget %%TOTAL%% k\u00fcsimusest.\u00a0<\/p>\n\n\n\n<p>Te saite %%POINTS%% punkti.\u00a0<\/p>\n\n\n\n<p>Teie vastused:\u00a0<\/p>\n\n\n\n<p>%%ANSWERS%%\u00a0<\/p>\n\n\n\n<h2 class=\"wp-block-heading\" id=\"Testiloomine-K\u00fcsimusteloomine\/lisaminetesti\">K\u00fcsimuste loomine\/lisamine testi<\/h2>\n\n\n\n<p>P\u00e4rast testi seadete salvestamist saab asuda k\u00fcsimusi looma.\u00a0<\/p>\n\n\n\n<h3 class=\"wp-block-heading\">K\u00fcsimuse loomiseks:\u00a0<\/h3>\n\n\n\n<ul class=\"wp-block-list\">\n<li>Kl\u00f5psake <strong>Watu Pro<\/strong> testide lehel vastava testi real <em><strong>Questions<\/strong><\/em> lingil.\u00a0<\/li>\n\n\n\n<li>Uue k\u00fcsimuse lisamiseks kl\u00f5psake <strong><em>Create new question<\/em><\/strong>.\u00a0<\/li>\n<\/ul>\n\n\n\n<p>Testi saab lisada 7 t\u00fc\u00fcpi k\u00fcsimusi:\u00a0<\/p>\n\n\n\n<ul class=\"wp-block-list\">\n<li><strong>\u00fche valikuv\u00f5imalusega valikvastusega k\u00fcsimus <\/strong>(<em>Single choice (Radio buttons)<\/em>) \u2013 vastaja m\u00e4rgib valikute hulgast \u00fche \u00f5ige vastuse\n<ul class=\"wp-block-list\">\n<li>selle k\u00fcsimuset\u00fc\u00fcbi \u00fcheks v\u00f5imaluseks on \u00f5ige\/vale k\u00fcsimus (lisavalik <em>This is a True\/False question<\/em>) \u2013 vastaja valib, kas antud v\u00e4ide on \u00f5ige v\u00f5i vale\u00a0<\/li>\n<\/ul>\n<\/li>\n\n\n\n<li><strong>mitme valikuv\u00f5imalusega valikvastusega k\u00fcsimus<\/strong> (<em>Multiple choice (Checkboxes)<\/em>) \u2013 vastaja m\u00e4rgib valikute hulgast \u00f5iged vastused\u00a0<\/li>\n\n\n\n<li><strong>avatud vastusega k\u00fcsimus<\/strong> (<em>Open End<\/em>) \u2013 vastaja kirjutab kasti vabas vormis vastuse \u00a0<\/li>\n\n\n\n<li><strong>l\u00fcnktekst<\/strong> (<em>Fill The Caps<\/em>) \u2013 vastaja peab t\u00e4itma l\u00fcngad v\u00f5i valima l\u00fcnka rippmen\u00fc\u00fcst vastuse\u00a0<\/li>\n\n\n\n<li><strong>v\u00e4\u00e4rtuste j\u00e4rjestamise k\u00fcsimus<\/strong> (<em>Sort the values<\/em>) \u2013 vastaja lohistab esitatud v\u00e4\u00e4rtused \u00f5igesse j\u00e4rjekorda\u00a0<\/li>\n\n\n\n<li><strong>maatriks\/vastavusse seadmise k\u00fcsimus<\/strong> (<em>Matrix \/ Match values<\/em>) \u2013 vastaja valib s\u00f5nale\/fraasile \u00f5ige vaste\u00a0<\/li>\n\n\n\n<li><strong>liuguri \/ hinnangu andmise k\u00fcsimus<\/strong> (<em>Slider \/ Rating<\/em>) \u2013 vastaja annab hinnangu liuguri skaalal\u00a0<\/li>\n<\/ul>\n\n\n\n<h3 class=\"wp-block-heading\">\u00dche valikuv\u00f5imalusega valikvastusega k\u00fcsimus (Single choice)\u00a0<\/h3>\n\n\n\n<ul class=\"wp-block-list\">\n<li>Kirjutage k\u00fcsimusele pealkiri ja tekstikasti k\u00fcsimuse tekst.\u00a0<\/li>\n\n\n\n<li>Tehke uue k\u00fcsimuse lisamisel valik <strong><em>Single choice (Radio buttons)<\/em><\/strong>.\u00a0<\/li>\n\n\n\n<li>Tehke soovitud seadete valikud:\n<ul class=\"wp-block-list\">\n<li>kas tegemist on \u00f5ige\/ vale k\u00fcsimusega (<em>This is a True\/False question<\/em>)\u00a0<\/li>\n\n\n\n<li>kas valikud kuvatakse rippmen\u00fc\u00fcs (<em>Display as drop-down selector instead of a radio buttons group.<\/em>)\u00a0<\/li>\n\n\n\n<li>Kas k\u00fcsimusele vastamine on kohustuslik (<em>Answering this question is required<\/em>)\u00a0<\/li>\n\n\n\n<li>Kas tegemist on k\u00fcsimustiku k\u00fcsimusega, kus hinnangu valik ei anna punkte (<em>This is a survey question<\/em>)\u00a0<\/li>\n<\/ul>\n<\/li>\n\n\n\n<li><strong><em>Answers<\/em><\/strong> osas lisage vastuste valikud, m\u00e4rkige \u00f5ige vastus ning valiku eest saadav punktide arv.\u00a0<\/li>\n\n\n\n<li>Salvestage (<em>Save Question<\/em>), salvestage ja kasutage uue k\u00fcsimuse p\u00f5hjana (<em>Save and Reuse as New<\/em>) v\u00f5i salvestage ja vaadake eelvaadet (<em>Save and Preview<\/em>).\u00a0\u00a0<\/li>\n<\/ul>\n\n\n\n<h3 class=\"wp-block-heading\">Mitme valikuv\u00f5imalusega valikvastusega k\u00fcsimus (Multiple choice)\u00a0<\/h3>\n\n\n\n<ul class=\"wp-block-list\">\n<li>Kirjutage k\u00fcsimusele pealkiri ja tekstikasti k\u00fcsimuse tekst.\u00a0<\/li>\n\n\n\n<li>Tehke uue k\u00fcsimuse lisamisel valik <strong><em>Multiple choice (Checkboxes)<\/em><\/strong>.\u00a0<\/li>\n\n\n\n<li>Tehke soovitud seadete valikud:\n<ul class=\"wp-block-list\">\n<li>Kas k\u00fcsimusele vastamine on kohustuslik (<em>Answering this question is required<\/em>)\u00a0<\/li>\n\n\n\n<li>Kas tegemist on k\u00fcsimustiku k\u00fcsimusega, kus hinnangu valik ei anna punkte (<em>This is a survey question<\/em>)\u00a0<\/li>\n\n\n\n<li>Mitme valiku tegemine on maksimaalselt lubatud (<em>Maximum selections allowed<\/em>)\u00a0<\/li>\n\n\n\n<li>Kas valikud kuvatakse kaartidena (<em>This question uses flashcards<\/em>)\u00a0<\/li>\n<\/ul>\n<\/li>\n\n\n\n<li><strong><em>Answers<\/em><\/strong> osas lisage vastuste valikud, m\u00e4rkige \u00f5iged vastused ning valikute eest saadav punktide arv.\u00a0<\/li>\n\n\n\n<li>Salvestage (<em>Save Question<\/em>), salvestage ja kasutage uue k\u00fcsimuse p\u00f5hjana (<em>Save and Reuse as New<\/em>) v\u00f5i salvestage ja vaadake eelvaadet (<em>Save and Preview<\/em>).\u00a0<\/li>\n<\/ul>\n\n\n\n<h3 class=\"wp-block-heading\">Avatud vastusega k\u00fcsimus (Open End)\u00a0<\/h3>\n\n\n\n<ul class=\"wp-block-list\">\n<li>Kirjutage k\u00fcsimusele pealkiri ja tekstikasti k\u00fcsimuse tekst.\u00a0<\/li>\n\n\n\n<li>Tehke uue k\u00fcsimuse lisamisel valik <strong><em>Open End.<\/em><\/strong>\u00a0<\/li>\n\n\n\n<li>Tehke soovitud seadete valikud:\n<ul class=\"wp-block-list\">\n<li>Vastuse vastavuse viis: <strong><em>Matching Mode<\/em><\/strong>: Lahtine (<em>Loose<\/em>), Vastaja vastuse tekst sisaldab teie vastust (<em>User answer text contains your answer<\/em>), Teie vastuse tekst sisaldab vastaja kogu vastust (<em>Your answer text contains the whole user answer<\/em>), T\u00e4pne mittet\u00f5stutundlik vastavus (<em>Exact match (case-insensitive)<\/em>), Range t\u00e4pne t\u00f5stutundlik vastus (<em>Strict exact match (case-sensitive)<\/em>)\u00a0<\/li>\n\n\n\n<li>Vastusekasti suurus (<em>Display mode<\/em>): \u00fchel real, keskmise suurusega kast, suure suurusega kast\u00a0<\/li>\n\n\n\n<li>S\u00f5nade piirang (<em>Word limit<\/em>)\u00a0<\/li>\n\n\n\n<li>Kas k\u00fcsimusele vastamine on kohustuslik (<em>Answering this question is required<\/em>)\u00a0<\/li>\n\n\n\n<li>Kas tegemist on k\u00fcsimustiku k\u00fcsimusega, kus hinnangu valik ei anna punkte (<em>This is a survey question<\/em>)\u00a0<\/li>\n<\/ul>\n<\/li>\n\n\n\n<li><strong><em>Answers<\/em><\/strong> osas lisage oma vastus, mida kasutatakse vastaja vastuse \u00f5igeks arvamisel.\u00a0<\/li>\n\n\n\n<li>Salvestage (<em>Save Question<\/em>), salvestage ja kasutage uue k\u00fcsimuse p\u00f5hjana (<em>Save and Reuse as New<\/em>) v\u00f5i salvestage ja vaadake eelvaadet (<em>Save and Preview<\/em>).\u00a0<\/li>\n<\/ul>\n\n\n\n<h3 class=\"wp-block-heading\">L\u00fcnktekst (Fill the Gaps)\u00a0<\/h3>\n\n\n\n<ul class=\"wp-block-list\">\n<li>Kirjutage k\u00fcsimusele pealkiri.\u00a0<\/li>\n\n\n\n<li>Tehke uue k\u00fcsimuse lisamisel valik Fill in Gaps.\u00a0<\/li>\n\n\n\n<li><strong>Sisestage k\u00fcsimuse lisamise kasti l\u00fcnktekst<\/strong>, kus l\u00fcngad on kolmekordsete loogiliste sulgude vahel:\u00a0<br>\u201cT\u00e4ida l\u00fcngad\u201d k\u00fcsimuste puhul sisestage lihtsalt \u00f5ige tekst ja asetage {{{ ja }}} nende fraaside \u00fcmber, mis peaksid muutuma l\u00fcnkadeks (ilma t\u00fchikuteta). N\u00e4ide: \u201cP\u00e4ikese v\u00e4rv on {{{kollane}}}.\u201d Sel juhul kuvatakse vastajale \u201c{{{kollane}}}\u201d asemel sisestuskast.\u00a0<br>Saate lisada iga l\u00fcnga kohta mitu \u00f5iget vastust, kui eraldate need m\u00e4rgiga |. N\u00e4iteks: \u201cHea \u00f5una v\u00e4rvus v\u00f5ib olla {{{roheline|kollane|punane}}}\u201d.\u00a0<br>Samuti saate m\u00e4\u00e4rata \u00f5ige numbrivahemiku j\u00e4rgmises vormingus: {{{x\u2026y}}}. N\u00e4iteks mis tahes vastuse aktsepteerimiseks vahemikus 2,5 kuni 10 sisestage {{{2.5\u202610}}}.\u00a0<br>Kui soovite aktsepteerida k\u00fcmnendkohti, peab vahemiku esimene v\u00e4\u00e4rtus sisaldama k\u00fcmnendkohti. Vastasel juhul loetakse \u00f5igeks vastuseks ainult vahemiku t\u00e4isarvud.\u00a0<\/li>\n\n\n\n<li>Tehke soovitud seadete valikud:\n<ul class=\"wp-block-list\">\n<li>Kas l\u00fcngad on t\u00f5stutundlikud (<em>Gaps are case sensitive<\/em>)\u00a0<\/li>\n\n\n\n<li>Kas mitmikvalikuga l\u00fcngad on rippmen\u00fc\u00fcd (<em>Turn multiple-answer gaps into drop-downs<\/em>)\u00a0<\/li>\n\n\n\n<li>Kas k\u00fcsimusele vastamine on kohustuslik (<em>Answering this question is required<\/em>)\u00a0<\/li>\n\n\n\n<li>Kas tegemist on k\u00fcsimustiku k\u00fcsimusega, kus hinnangu valik ei anna punkte (<em>This is a survey question<\/em>)\u00a0<\/li>\n<\/ul>\n<\/li>\n\n\n\n<li>Salvestage (<em>Save Question<\/em>), salvestage ja kasutage uue k\u00fcsimuse p\u00f5hjana (<em>Save and Reuse as New<\/em>) v\u00f5i salvestage ja vaadake eelvaadet (<em>Save and Preview<\/em>).\u00a0<\/li>\n<\/ul>\n\n\n\n<h3 class=\"wp-block-heading\">V\u00e4\u00e4rtuste j\u00e4rjestamise k\u00fcsimus (Sort the values)\u00a0<\/h3>\n\n\n\n<ul class=\"wp-block-list\">\n<li>Kirjutage k\u00fcsimusele pealkiri ja tekstikasti k\u00fcsimuse tekst.\u00a0<\/li>\n\n\n\n<li>Tehke uue k\u00fcsimuse lisamisel valik <strong><em>Sort the values<\/em><\/strong>.\u00a0<\/li>\n\n\n\n<li>Tehke soovitud seadete valikud:\n<ul class=\"wp-block-list\">\n<li>Kas k\u00fcsimusele vastamine on kohustuslik (<em>Answering this question is required<\/em>)\u00a0<\/li>\n\n\n\n<li>Kas tegemist on k\u00fcsimustiku k\u00fcsimusega, kus hinnangu valik ei anna punkte (<em>This is a survey question<\/em>)\u00a0<\/li>\n<\/ul>\n<\/li>\n\n\n\n<li><strong><em>Answers<\/em><\/strong> osas lisage v\u00e4\u00e4rtused, sisestades need iga\u00fcks eraldi reale. V\u00f5ib j\u00e4tta t\u00fchje ridu ning kui v\u00e4\u00e4rtus peab sisaldama uut rida, siis kasutage reavahetuseks HTML &lt;br&gt; m\u00e4rgendit. \u00c4rge kasutage vastuse sees erim\u00e4rki \u201c|\u201d.\u00a0<\/li>\n\n\n\n<li>Salvestage (Save Question), salvestage ja kasutage uue k\u00fcsimuse p\u00f5hjana (Save and Reuse as New) v\u00f5i salvestage ja vaadake eelvaadet (Save and Preview).\u00a0<\/li>\n<\/ul>\n\n\n\n<h3 class=\"wp-block-heading\">Maatriks\/vastavusse seadmise k\u00fcsimus (Matrix \/ Match values)\u00a0<\/h3>\n\n\n\n<ul class=\"wp-block-list\">\n<li>Kirjutage k\u00fcsimusele pealkiri ja tekstikasti k\u00fcsimuse tekst.\u00a0<\/li>\n\n\n\n<li>Tehke uue k\u00fcsimuse lisamisel valik <strong><em>Matrix \/ Match values<\/em><\/strong>.\u00a0<\/li>\n\n\n\n<li>Tehke soovitud seadete valikud:\n<ul class=\"wp-block-list\">\n<li>Kas k\u00fcsimusele vastamine on kohustuslik (<em>Answering this question is required<\/em>)\u00a0<\/li>\n\n\n\n<li>Kas tegemist on k\u00fcsimustiku k\u00fcsimusega, kus hinnangu valik ei anna punkte (<em>This is a survey question<\/em>)\u00a0<\/li>\n<\/ul>\n<\/li>\n\n\n\n<li><strong><em>Answers<\/em><\/strong> osas lisage paarid, sisestades vasakusse kasti s\u00f5na v\u00f5i fraasi ning paremale kasti selle \u00f5ige vastavuse. Teise ja j\u00e4rgnevate vastavuspaaride lisamiseks kl\u00f5psake Add more matches. Vastaja jaoks segatakse vastamisel paremas tulbas olevad elemendid.\u00a0<\/li>\n\n\n\n<li>Salvestage (<em>Save Question<\/em>), salvestage ja kasutage uue k\u00fcsimuse p\u00f5hjana (<em>Save and Reuse as New<\/em>) v\u00f5i salvestage ja vaadake eelvaadet (<em>Save and Preview<\/em>).\u00a0<\/li>\n<\/ul>\n\n\n\n<h3 class=\"wp-block-heading\">Liuguri \/ hinnangu andmise k\u00fcsimus (Slider \/ Rating)\u00a0<\/h3>\n\n\n\n<ul class=\"wp-block-list\">\n<li>Kirjutage k\u00fcsimusele pealkiri ja tekstikasti k\u00fcsimuse tekst.\u00a0<\/li>\n\n\n\n<li>Tehke uue k\u00fcsimuse lisamisel valik <strong><em>Slider \/ Rating<\/em><\/strong>.\u00a0<\/li>\n\n\n\n<li>Tehke soovitud seadete valikud:\n<ul class=\"wp-block-list\">\n<li>Sisestage liuguri v\u00e4\u00e4rtused numbrites (<em>Enter the from-to scale of the slider (in numbers)<\/em>)\u00a0<\/li>\n\n\n\n<li>Kandke liuguri numbrite valik \u00fcle selle k\u00fcsimuse punktideks. Saate ikkagi m\u00e4\u00e4ratleda \u00f5iged ja valed vastused, kuid neile m\u00e4\u00e4ratud punktidest loobutakse (<em>Transfer the slider number selection as points on this question.<\/em>)\u00a0<\/li>\n\n\n\n<li>Kas k\u00fcsimusele vastamine on kohustuslik (<em>Answering this question is required<\/em>)\u00a0<\/li>\n\n\n\n<li>Kas tegemist on k\u00fcsimustiku k\u00fcsimusega, kus hinnangu valik ei anna punkte (<em>This is a survey question<\/em>)\u00a0<\/li>\n<\/ul>\n<\/li>\n\n\n\n<li><strong><em>Answers<\/em><\/strong> osas lisage vastuste valikud, m\u00e4rkige \u00f5iged vastused ning valikute eest saadav punktide arv.\u00a0<\/li>\n\n\n\n<li>Salvestage (<em>Save Question<\/em>), salvestage ja kasutage uue k\u00fcsimuse p\u00f5hjana (<em>Save and Reuse as New<\/em>) v\u00f5i salvestage ja vaadake eelvaadet (<em>Save and Preview<\/em>).\u00a0<\/li>\n<\/ul>\n\n\n\n<h3 class=\"wp-block-heading\">Testi vistutamiseks (manustamiseks, embeedimiseks):\u00a0<\/h3>\n\n\n\n<ul class=\"wp-block-list\">\n<li>Lisage test lehele <strong>Shortcode<\/strong> ploki abil\u00a0<\/li>\n\n\n\n<li>Kleepige (CTRL V) \u00a0testi embed kood plokki, nt [watupro 1] (embed koodi saate Watu PRO testide lehelt <em>Embed Code<\/em> veerust)\u00a0<\/li>\n<\/ul>\n","protected":false},"excerpt":{"rendered":"<p>Testi lisamine ja testi seadete m\u00e4\u00e4ramine Lehestikku saab lisada enesetesti, kus on v\u00f5imalik kasutada 7 erinevat k\u00fcsimuset\u00fc\u00fcpi. \u00a0 Testi lisamiseks:\u00a0 Te olete sooritanud %%QUIZ_NAME%%.\u00a0 Teie tulemus on %%CORRECT%% \u00f5iget %%TOTAL%% k\u00fcsimusest.\u00a0 Te saite %%POINTS%% punkti.\u00a0 Teie vastused:\u00a0 %%ANSWERS%%\u00a0 K\u00fcsimuste loomine\/lisamine &#8230;<\/p>\n","protected":false},"author":6,"featured_media":0,"parent":0,"menu_order":0,"comment_status":"closed","ping_status":"closed","template":"","meta":{"_acf_changed":false,"inline_featured_image":false,"footnotes":""},"class_list":["post-177","page","type-page","status-publish","hentry"],"acf":[],"_links":{"self":[{"href":"https:\/\/sisu.ut.ee\/juhendid\/wp-json\/wp\/v2\/pages\/177","targetHints":{"allow":["GET"]}}],"collection":[{"href":"https:\/\/sisu.ut.ee\/juhendid\/wp-json\/wp\/v2\/pages"}],"about":[{"href":"https:\/\/sisu.ut.ee\/juhendid\/wp-json\/wp\/v2\/types\/page"}],"author":[{"embeddable":true,"href":"https:\/\/sisu.ut.ee\/juhendid\/wp-json\/wp\/v2\/users\/6"}],"replies":[{"embeddable":true,"href":"https:\/\/sisu.ut.ee\/juhendid\/wp-json\/wp\/v2\/comments?post=177"}],"version-history":[{"count":3,"href":"https:\/\/sisu.ut.ee\/juhendid\/wp-json\/wp\/v2\/pages\/177\/revisions"}],"predecessor-version":[{"id":3241,"href":"https:\/\/sisu.ut.ee\/juhendid\/wp-json\/wp\/v2\/pages\/177\/revisions\/3241"}],"wp:attachment":[{"href":"https:\/\/sisu.ut.ee\/juhendid\/wp-json\/wp\/v2\/media?parent=177"}],"curies":[{"name":"wp","href":"https:\/\/api.w.org\/{rel}","templated":true}]}}