{"id":173,"date":"2024-04-04T02:50:48","date_gmt":"2024-04-03T23:50:48","guid":{"rendered":"https:\/\/sisu.ut.ee\/juhendid\/osalemine\/"},"modified":"2024-04-11T11:32:28","modified_gmt":"2024-04-11T08:32:28","slug":"osalemine","status":"publish","type":"page","link":"https:\/\/sisu.ut.ee\/juhendid\/osalemine\/","title":{"rendered":"Osalemiste m\u00e4rkimine"},"content":{"rendered":"<p>\n\tMoodle\u2019i osalemise tegevus (<em>Attendance<\/em>) v\u00f5imaldab \u00f5ppej\u00f5ul luua auditoorsete ja\/v\u00f5i veebip\u00f5histe loengute, seminaride v\u00f5i praktikumide toimumised ning m\u00e4rkida \u00f5ppijate osalemise neis.\n<\/p>\n<p><\/p><div class=\"accordion mb-3\">\n        <div class=\"accordion-item accordion-item--white\">\n        <h2 class=\"accordion-header\" id=\"accordion-69d2087725f22-heading\">\n            <button class=\"accordion-button collapsed\" type=\"button\" data-bs-toggle=\"collapse\" data-bs-target=\"#accordion-69d2087725f22-collapse\" aria-expanded=\"true\" aria-controls=\"accordion-69d2087725f22-collapse\">NB! Vaata videojuhendit (pikkus 16:59). Panoptos avamiseks kl\u00f5psa <img loading=\"lazy\" decoding=\"async\" width=\"29\" height=\"28\" class=\"alignnone wp-image-916\" style=\"width: 20px;height: 19px\" src=\"https:\/\/sisu.ut.ee\/wp-content\/uploads\/sites\/177\/nool.png\" title=\"nool.png\" alt=\"nool\"><\/button>\n        <\/h2>\n        <div id=\"accordion-69d2087725f22-collapse\" class=\"accordion-collapse collapse\" aria-labelledby=\"accordion-69d2087725f22-heading\">\n            <div class=\"accordion-body\"><div class=\"ratio ratio-16x9 mb-3\"><div class=\"video-placeholder-wrapper video-placeholder-wrapper--16x9\">\n\t\t\t    <div class=\"video-placeholder d-flex justify-content-center align-items-center\">\n\t\t\t        <div class=\"overlay text-white p-2 w-100 text-center d-block justify-content-center align-items-center\">\n\t\t\t            <div>Kolmandate osapoolte sisu n\u00e4gemiseks palun n\u00f5ustu k\u00fcpsistega.<\/div>\n\t\t\t            <button class=\"btn btn-secondary btn-sm mt-1 consent-change\">Muuda n\u00f5usolekut<\/button>\n\t\t\t        <\/div>\n\t\t\t    <\/div>\n\t\t\t<\/div>\n<\/div><\/div>\n        <\/div>\n        <\/div>\n    <\/div>\n<p>\n\tN\u00e4iteks kui kursusele lisatakse osalemine\u00a0nimega \u201cAuditoorsetel loengutel osalemine\u201d, siis saab sinna lisada selle kursuse k\u00f5ikide auditoorsete loengute toimumiste ajad ning saab\u00a0m\u00e4rkida, kas \u00f5ppijad osalesid v\u00f5i mitte.\n<\/p>\n<h6>\n\t<strong><span style=\"font-size:16px\">Osalemise tegevuse kasutamine:<\/span><\/strong>\n<\/h6><p>1.\u00a0Lisage kursusele <strong>tegevus <em>Osalemine<\/em><\/strong>, pange sellele nimi ja \u00f5iged maksimumpunktid (toimumiste arv).<\/p>\n<p>2. Avage\u00a0<em>Osalemine<\/em> ja <strong>lisage toimumised<\/strong> lipikust <em>Lisa toimumine<\/em>.\u00a0<\/p>\n<p>3.\u00a0M\u00e4\u00e4rake toimumise <strong>aeg<\/strong> ja kas \u00f5ppijad saavad ennast <strong>ise osalejaks m\u00e4rkida<\/strong>, kas luuakse QR-kood.<\/p>\n<p>4.\u00a0Vaadake \u00fcle osalemise eest antavad <strong>punktid<\/strong> lipikust\u00a0<em>Seaded.<\/em><\/p>\n<p>5.\u00a0Laske \u00f5ppijatel end toimumise ajal <strong>osalejaks m\u00e4rkida<\/strong> v\u00f5i tehke seda ise.<br>\n\n<\/p><p>\n\tTegevus <em>Osalemine<\/em>\u00a0v\u00f5imaldab:\u00a0\n<\/p>\n<ul>\n<li>\n\t\tlisada mitmeid toimumisi (nt j\u00e4rjest semestri k\u00f5ikide auditoorsete kohtumiste toimumised)\u00a0\n\t<\/li>\n<li>\n\t\tlisada kursuse \u00fcldisi toimumisi ning samuti eraldi toimumisi r\u00fchmadele (kursusel peavad olema r\u00fchmad juba olemas)\n\t<\/li>\n<li>\n\t\tlisada korduvaid toimumisi (nt igal esmasp\u00e4eval samal ajal nelja n\u00e4dala v\u00e4ltel)\u00a0\n\t<\/li>\n<li>\n\t\tlisada toimumised s\u00fcndmustena kalendrisse, mis tagab selle, et \u00f5ppija saab e-postiga s\u00fcndmuse kohta meeldetuletuse 24 tundi enne s\u00fcndmust\n\t<\/li>\n<li>\n\t\thinnata osalemist numbrilisel skaalal\u00a0\u00a0\n\t<\/li>\n<li>\n\t\tlubada \u00f5ppijatel ise oma osalemisi m\u00e4rkida (nt luua QR kood, mille abil \u00f5ppijad p\u00e4\u00e4sevad selle kursuse konkreetse osalemise m\u00e4rkimise lehele, et kiirendada osalejaks m\u00e4rkimist. QR koodi v\u00f5ib kuvada projektoriga ekraanile v\u00f5i tr\u00fckkida paberile v\u00e4lja ja paigutada auditooriumi ukse juurde v\u00f5i esimese istmerea lauale)\u00a0\n\t<\/li>\n<li>\n\t\tlisada staatused nii nagu nad on vaikimisi \u2013 \u201ckohal\u201d v\u00f5i\u00a0\u201cpuudus\u201d, peita, kustutada ja lisada staatusi v\u00f5i kohandada nende nimetusi vastavalt vajadusele\u00a0\n\t<\/li>\n<li>\n\t\tm\u00e4rkida toimumise juures \u00f5ppijate osalemise staatusi ning neid ka m\u00e4rkuste lahtris kommenteerida\u00a0\n\t<\/li>\n<li>\n\t\tvaadata osalemiste aruandeid \u00fcksikute \u00f5ppijate v\u00f5i kogu \u00f5pper\u00fchma kohta\u00a0\n\t<\/li>\n<li>\n\t\tosalemisi saab Exceli v\u00f5i tekstifaili vormingus alla laadida\u00a0\n\t<\/li>\n<\/ul>\n<ul>\n<\/ul>\n<ul>\n<\/ul>\n<h5>\n\tOsalemise saab seadistada ka nii, et \u00f5ppijad p\u00e4\u00e4sevad osalemise m\u00e4rkimise lehele QR-koodi abil.<br>\n<\/h5>\n<h3>\n\tTegevuse Osalemine kasutuselev\u00f5tuks tuleb:\u00a0<br>\n<\/h3>\n<ul>\n<li>\n\t\tlisada kursusele<strong> tegevus <\/strong><em><strong>Osalemine<\/strong> <\/em>ning\u00a0lisada sellele sobiv pealkiri ja seade, kas osalemist hinnatakse v\u00f5i mitte\n<ul>\n<li>\n\t\t\t\tarvutada kokku, mitu osalemist (st loengut v\u00f5i praktikumi v\u00f5i seminari) kursusel on ja mitu punkti iga osalemine annab (maksimumpunktid = osalemiste arv x iga osalemise punktide arv)\u00a0\n\t\t\t<\/li>\n<li>\n\t\t\t\tosalemiste hindamise korral tuleb maksimumpunktid panna kohe \u00f5igesti paika, sest kui mingi osalemine on juba m\u00e4rgitud, siis maksimumpunkte enam muuta ei saa\n\t\t\t<\/li>\n<\/ul>\n<\/li>\n<\/ul>\n<h5>\n\tVaikimisi annab igal toimumisel osalemine 1 punkti. Osalemise seadetes (Muuda s\u00e4tteid) tuleb kohe alguses m\u00e4\u00e4rata \u00f5ige maksimumpunktide arv: maksimumpunktid = \u00fche \u00f5ppija maksimaalne osalemiste arv x iga osalemise punktide arv.<br>\n<\/h5>\n<ul>\n<li>\n\t\tavada lisatud tegevus <em>Osalemine<\/em> ja <strong>lisada\u00a0<\/strong> <strong>toimumised<\/strong>\u00a0(lipik <em>Lisa toimumised<\/em>) koos vastavate infov\u00e4ljadega (algusaeg, ajavahemik, kirjeldus, hindamise seaded, korduva toimumise valikud ning valik,<strong> kas \u00f5ppijad saavad ise oma osalemist m\u00e4rkida<\/strong> ning kui jah, siis kas m\u00e4rkimiseks on vaja teada parooli v\u00f5i <strong>kas luuakse QR-kood<\/strong>)\u00a0\n<ul>\n<li>\n\t\t\t\tToimumise seadetes on valik\u00a0<em>Luba \u00f5ppijatel oma osalemist muuta<\/em>.\u00a0Kui see valik on m\u00e4rgitud, saavad \u00f5ppijad oma osalemise staatust peale esialgset m\u00e4rkimist muuta.\u00a0\u00a0\n\t\t\t<\/li>\n<li>\n\t\t\t\t\u00d5ppej\u00f5ud saab toimumise m\u00e4rkimiseks avada varem (valik\u00a0<em>Ava toimumine m\u00e4rkimiseks varem<\/em>). See valik v\u00f5imaldab toimumise m\u00e4rkimiseks avada soovitud aeg enne selle tegelikku algusaega.\u00a0\n\t\t\t<\/li>\n<\/ul>\n<\/li>\n<\/ul>\n<p>\n\t<img loading=\"lazy\" decoding=\"async\" width=\"896\" height=\"222\" class=\"alignnone wp-image-914\" style=\"width:850px;height:211px\" src=\"https:\/\/sisu.ut.ee\/wp-content\/uploads\/sites\/177\/osalemine3.png\" title=\"osalemine3.png\" alt=\"osalemine3\" srcset=\"https:\/\/sisu.ut.ee\/wp-content\/uploads\/sites\/177\/osalemine3.png 896w, https:\/\/sisu.ut.ee\/wp-content\/uploads\/sites\/177\/osalemine3-300x74.png 300w, https:\/\/sisu.ut.ee\/wp-content\/uploads\/sites\/177\/osalemine3-768x190.png 768w\" sizes=\"auto, (max-width: 896px) 100vw, 896px\">\n<\/p>\n<ul>\n<li>\n\t\tlipikust <em>Seaded\u00a0<\/em>m\u00e4\u00e4rata osalemise <strong>punktid\u00a0<\/strong>(peita v\u00f5i kustutada olemasolevad v\u00f5i lisada uued)\u00a0\n\t<\/li>\n<li>\n\t\tlasta \u00f5ppijatel oma osalemised <strong>m\u00e4rkida <\/strong>v\u00f5i m\u00e4rkida need ise (lipik <em>Toimumised<\/em>, veerg <em>Toimingud<\/em>, noolekujuline nupp <em>M\u00e4rgi osalemised<\/em>)\n\t<\/li>\n<li>\n\t\tlipikust\u00a0<strong><em>\u00dclevaade<\/em><\/strong> on n\u00e4ha k\u00f5ikide \u00f5ppijate osalemised\n\t<\/li>\n<\/ul>\n<p>\n\t\u00a0<br><img loading=\"lazy\" decoding=\"async\" width=\"925\" height=\"455\" class=\"alignnone wp-image-915\" style=\"width: 850px;height: 418px\" src=\"https:\/\/sisu.ut.ee\/wp-content\/uploads\/sites\/177\/osalemine4.png\" title=\"osalemine4.png\" alt=\"osalemine4\" srcset=\"https:\/\/sisu.ut.ee\/wp-content\/uploads\/sites\/177\/osalemine4.png 925w, https:\/\/sisu.ut.ee\/wp-content\/uploads\/sites\/177\/osalemine4-300x148.png 300w, https:\/\/sisu.ut.ee\/wp-content\/uploads\/sites\/177\/osalemine4-768x378.png 768w\" sizes=\"auto, (max-width: 925px) 100vw, 925px\">\n<\/p>\n<ul>\n<li>\n\t\tlipikust <strong><em>Eksport<\/em>\u00a0<\/strong>saate eksportida osalemiste andmeid\n\t<\/li>\n<\/ul>\n","protected":false},"excerpt":{"rendered":"<p>Moodle\u2019i osalemise tegevus (Attendance) v\u00f5imaldab \u00f5ppej\u00f5ul luua auditoorsete ja\/v\u00f5i veebip\u00f5histe loengute, seminaride v\u00f5i praktikumide toimumised ning m\u00e4rkida \u00f5ppijate osalemise neis. NB! Vaata videojuhendit (pikkus 16:59). Panoptos avamiseks kl\u00f5psa Kolmandate osapoolte sisu n\u00e4gemiseks palun n\u00f5ustu k\u00fcpsistega. Muuda n\u00f5usolekut N\u00e4iteks kui kursusele &#8230;<\/p>\n","protected":false},"author":6,"featured_media":0,"parent":0,"menu_order":0,"comment_status":"closed","ping_status":"closed","template":"","meta":{"_acf_changed":false,"inline_featured_image":false,"footnotes":""},"class_list":["post-173","page","type-page","status-publish","hentry"],"acf":[],"_links":{"self":[{"href":"https:\/\/sisu.ut.ee\/juhendid\/wp-json\/wp\/v2\/pages\/173","targetHints":{"allow":["GET"]}}],"collection":[{"href":"https:\/\/sisu.ut.ee\/juhendid\/wp-json\/wp\/v2\/pages"}],"about":[{"href":"https:\/\/sisu.ut.ee\/juhendid\/wp-json\/wp\/v2\/types\/page"}],"author":[{"embeddable":true,"href":"https:\/\/sisu.ut.ee\/juhendid\/wp-json\/wp\/v2\/users\/6"}],"replies":[{"embeddable":true,"href":"https:\/\/sisu.ut.ee\/juhendid\/wp-json\/wp\/v2\/comments?post=173"}],"version-history":[{"count":1,"href":"https:\/\/sisu.ut.ee\/juhendid\/wp-json\/wp\/v2\/pages\/173\/revisions"}],"predecessor-version":[{"id":1678,"href":"https:\/\/sisu.ut.ee\/juhendid\/wp-json\/wp\/v2\/pages\/173\/revisions\/1678"}],"wp:attachment":[{"href":"https:\/\/sisu.ut.ee\/juhendid\/wp-json\/wp\/v2\/media?parent=173"}],"curies":[{"name":"wp","href":"https:\/\/api.w.org\/{rel}","templated":true}]}}