{"id":171,"date":"2024-04-04T02:50:48","date_gmt":"2024-04-03T23:50:48","guid":{"rendered":"https:\/\/sisu.ut.ee\/juhendid\/lehe-sisu-lisamine\/"},"modified":"2025-09-09T15:00:22","modified_gmt":"2025-09-09T12:00:22","slug":"lehe-sisu-lisamine","status":"publish","type":"page","link":"https:\/\/sisu.ut.ee\/juhendid\/lehe-sisu-lisamine\/","title":{"rendered":"Lehe sisu lisamine"},"content":{"rendered":"<p>Lehele ja postitustesse sisu lisamine toimub plokkide kaupa. Kui kleepida lehele mujalt kopeeritud pikk tekst, siis tekitatakse neist automaatselt teksti paragrahvi plokid.<\/p>\n<h3>Mida saab kopeerida?<\/h3>\n<ul>\n<li>Lehestiku haldaja saab lehel teha \u00fcksikust plokist koopia ja kleepida see uue plokina (valik <strong>Kopeeri<\/strong> ploki kolmpunktmen\u00fc\u00fcst).<\/li>\n<li>Lehestiku haldaja saab lehel dubleerida \u00fcksiku ploki (valik <strong>Dubleeri<\/strong> ploki kolmpunktmen\u00fc\u00fcst).<\/li>\n<li>Lehestiku haldaja saab lehel teha lehe k\u00f5ikidest plokkidest korraga koopia ja kleepida sisu teisele lehele (paremal \u00fcleval nurgas kolmpunktmen\u00fc\u00fc valik <strong><em>Copy all blocks<\/em><\/strong>).<\/li>\n<\/ul>\n<h3>1. Teksti lisamine<\/h3>\n<p>Teksti plokkidest on v\u00f5imalik lehele v\u00f5i postitusse lisada:<\/p>\n<ul>\n<li>Paragrahv<\/li>\n<li>Pealkiri<\/li>\n<li>Loend (t\u00e4pp, numbriline)<\/li>\n<li>Tsitaat<\/li>\n<li>Klassikaline redaktor<\/li>\n<li>Kood<\/li>\n<li>Detailid (nagu v\u00e4ike akordion)<\/li>\n<li>Eelvormindatud<\/li>\n<li>Tekstilaen (ingl k <em>Pullquote<\/em>) (paigutub teksti k\u00f5rvale)<\/li>\n<li>Tabel<\/li>\n<li>Salm (ingl k <em>Verse<\/em>)<\/li>\n<li>A screenshot of a computer<\/li>\n<\/ul>\n<h4>Paragrahvi v\u00f5imalused:<\/h4>\n<ul>\n<li>Joondamine<\/li>\n<li>Rasvane kiri<\/li>\n<li>Kaldkiri<\/li>\n<li>Lingi lisamine<\/li>\n<li>Alaindeks<\/li>\n<li>Joonealune m\u00e4rkus<\/li>\n<li>Esilet\u00f5stmine (v\u00e4rviline tekst ja taust)<\/li>\n<li>Tekstisisene kood<\/li>\n<li>Klaviatuuri sisend<\/li>\n<li>Keel (vasakult paremale, paremalt vasakule)<\/li>\n<li>L\u00e4bikriipsutus<\/li>\n<li>Tekstisisene pilt<\/li>\n<li>\u00dclaindeks<\/li>\n<\/ul>\n<h4>Tabeli lisamine<\/h4>\n<p>Tabeli lisamiseks tuleb lehele lisada plokk <strong><em>Table<\/em><\/strong>. Tabelit luues saab:<\/p>\n<ul>\n<li>m\u00e4\u00e4rata veergude ja ridade arvu,<\/li>\n<li>kujundada teksti, milleks on samad v\u00f5imalused nagu paragrahvi tekstis,<\/li>\n<li>lisada ja kustutada veerge ja ridu,<\/li>\n<li>valida kahe stiiili vahel (<em>Default<\/em> ja <em>Stripe<\/em>),<\/li>\n<li>lisada allkirja (pealkirja mitte).<\/li>\n<\/ul>\n<h3>2. Pildi lisamine<\/h3>\n<p>Pilti saab lehele lisada erinevatel viisidel:<\/p>\n<ul>\n<li>Plokina <strong><em>Image<\/em><\/strong><\/li>\n<li>Plokina <strong><em>Media and text<\/em><\/strong>, kui on soov, et pildi k\u00f5rvale veergu tahetakse lisada teksti<\/li>\n<li>Plokina <strong><em>Classic<\/em><\/strong>, lisades teksti ja pildi toimeti meediafaili lisamise nupuga ning joondada pilti teksti suhtes<\/li>\n<\/ul>\n<p>Pildile saab lisada allkirja (<em>caption<\/em> ehk <strong>pildi allkiri<\/strong>, mille saab lisada juba pilti \u00fcles laadides meediateegis v\u00f5i peale pildi lehele lisamist <em>Add caption<\/em> nupu abil. Pildi allkirjale saab lisada ka linki (sh uues aknas avanevat).<\/p>\n<p>Pilti saab plokis k\u00e4rpida ja mingil m\u00e4\u00e4ral kujundada (nt lisada v\u00e4rviefekte ja varje).<\/p>\n<h3>3. Audio lisamine<\/h3>\n<p>Audio lehele lisamine toimub audio plokiga. Audiot saab lisada:<\/p>\n<ul>\n<li>Audiofailina, laadides faili \u00fcles <em>Upload<\/em> nupu abil v\u00f5i valides faili meediateegist.<\/li>\n<li>Lingina <em>Insert from URL<\/em> abil.<\/li>\n<\/ul>\n<p>Audiole saab lisada allkirja, mida saab teha ka lingiks.<\/p>\n<h3>4. Video lisamine<\/h3>\n<p>Video lehele lisamine toimub video plokiga. Videot saab lisada:<\/p>\n<ul>\n<li>Videofailina, laadides faili \u00fcles <strong><em>Upload<\/em><\/strong> nupu abil v\u00f5i valides faili meediateegist<\/li>\n<li>YouTube\u2019i video lingiga <strong><em>Insert from URL<\/em><\/strong> abil<br>\nVideo alla saab lisada allkirja ja allkirja on v\u00f5imalik lisada linki.<\/li>\n<li>Panopto ja UTTV video lisamine toimub plokiga <strong><em>Custom HTML <\/em><\/strong>(embed kood kleepida html koodi lahtrisse).<\/li>\n<li>Lisaks saab videot lisada ka l\u00fchikoodiga <code>[iframe src=\"...\" height=\"...\" width=\"...\"]<\/code><\/li>\n<\/ul>\n<p><strong>NB!<\/strong> <em>Custom HTML<\/em> ploki abil lisatud videole ei ole v\u00f5imalik lisada allkirja \u2013 allkiri lisada video alla paragrahv plokina.<\/p>\n<h3>5. iFrame\u2019i lisamine<\/h3>\n<p>iFrame\u2019i abil saab veebilehele integreerida v\u00e4lise veebilehe. iFrame\u2019i saab lisada <strong><em>Custom HTML<\/em><\/strong> plokiga.<\/p>\n<p>Nt <strong>LimeSurvey<\/strong> k\u00fcsitluse vistutamine:<\/p>\n<p>Kopeeri HTML-i sisse j\u00e4rgnev kood: &lt;iframe height=\u201d900\u2033 src=\u201dhttps:\/\/survey.ut.ee\/index.php\/Sinu_Veebivormi_ID\u201d width=\u201d100%\u201d&gt;&lt;\/iframe&gt;<\/p>\n<p>Kasutada saab ka alternatiivina nt l\u00fchikoodi <code>[iframe src=\"https:\/\/survey.ut.ee\/index.php\/Sinu_Veebivormi_ID\" height=\"900\" width=\"100%\"]<\/code><\/p>\n<p>Nt Panopto ja UTTV video lisamine <em>embed<\/em> koodi abil.<\/p>\n<p><strong>NB! <\/strong>Integreeritava veebilehe aadress peab algama kindlasti https-iga (mitte http), vastasel juhul nende kuvamine blokeeritakse veebilehitseja poolt.<\/p>\n<h3>6. Faili lisamine<\/h3>\n<p>Fail lisatakse <strong>File<\/strong> plokiga.<\/p>\n<p>Tekib link failile (avaneb veebilehe peale), mille j\u00e4rel on faili allalaadimise nupp.<\/p>\n<h3>7. Akordioni lisamine<\/h3>\n<p>See funktsioon v\u00f5imaldab teksti vahele lisada m\u00f5tlemis\u00fclesandeid, lisalugemist jm, mis avaneb vastaval tekstil kl\u00f5psates.<\/p>\n<p>Lehele on v\u00f5imalik lisada akordione ja valida neile erinev stiil. <strong>Akordioni<\/strong> lisamiseks lisage lehele plokk <em>Accordion<\/em>. Akordionile saab<\/p>\n<ul>\n<li>valida taustav\u00e4rvi (<em>Background colour<\/em>), mis vaikimisi valikuga on valge<\/li>\n<li>m\u00e4\u00e4rata, et akordion oleks lehte avades kohe avatud (l\u00fclitada sisse nupp <em>Show content immediately<\/em>), vaikimisi valikuga on akordion suletud olekus<\/li>\n<li>lisada pealkirja ja sisu<\/li>\n<li>lisada ridu (<em>Add row<\/em>)<\/li>\n<\/ul>\n","protected":false},"excerpt":{"rendered":"<p>Lehele ja postitustesse sisu lisamine toimub plokkide kaupa. Kui kleepida lehele mujalt kopeeritud pikk tekst, siis tekitatakse neist automaatselt teksti paragrahvi plokid. Mida saab kopeerida? Lehestiku haldaja saab lehel teha \u00fcksikust plokist koopia ja kleepida see uue plokina (valik Kopeeri &#8230;<\/p>\n","protected":false},"author":6,"featured_media":0,"parent":0,"menu_order":0,"comment_status":"closed","ping_status":"closed","template":"","meta":{"_acf_changed":false,"inline_featured_image":false,"footnotes":""},"class_list":["post-171","page","type-page","status-publish","hentry"],"acf":[],"_links":{"self":[{"href":"https:\/\/sisu.ut.ee\/juhendid\/wp-json\/wp\/v2\/pages\/171","targetHints":{"allow":["GET"]}}],"collection":[{"href":"https:\/\/sisu.ut.ee\/juhendid\/wp-json\/wp\/v2\/pages"}],"about":[{"href":"https:\/\/sisu.ut.ee\/juhendid\/wp-json\/wp\/v2\/types\/page"}],"author":[{"embeddable":true,"href":"https:\/\/sisu.ut.ee\/juhendid\/wp-json\/wp\/v2\/users\/6"}],"replies":[{"embeddable":true,"href":"https:\/\/sisu.ut.ee\/juhendid\/wp-json\/wp\/v2\/comments?post=171"}],"version-history":[{"count":8,"href":"https:\/\/sisu.ut.ee\/juhendid\/wp-json\/wp\/v2\/pages\/171\/revisions"}],"predecessor-version":[{"id":4803,"href":"https:\/\/sisu.ut.ee\/juhendid\/wp-json\/wp\/v2\/pages\/171\/revisions\/4803"}],"wp:attachment":[{"href":"https:\/\/sisu.ut.ee\/juhendid\/wp-json\/wp\/v2\/media?parent=171"}],"curies":[{"name":"wp","href":"https:\/\/api.w.org\/{rel}","templated":true}]}}