{"id":170,"date":"2024-04-04T02:50:48","date_gmt":"2024-04-03T23:50:48","guid":{"rendered":"https:\/\/sisu.ut.ee\/juhendid\/menyy-haldamine\/"},"modified":"2024-04-26T18:15:30","modified_gmt":"2024-04-26T15:15:30","slug":"menyy-haldamine","status":"publish","type":"page","link":"https:\/\/sisu.ut.ee\/juhendid\/menyy-haldamine\/","title":{"rendered":"Men\u00fc\u00fcde haldamine"},"content":{"rendered":"<h3>\n\tMen\u00fc\u00fcde paigutuse m\u00e4\u00e4ramine\u00a0<br>\n<\/h3>\n<p>\n\tLehestiku men\u00fc\u00fcde paigutust saab m\u00e4\u00e4rata <strong>Theme settings, Header, Header style<\/strong> osas. V\u00f5imalik on valida kolme paigutuse vahel:\u00a0\n<\/p>\n<ul>\n<li>\n\t\t<strong>Ainult \u00fclamen\u00fc\u00fc<\/strong> (<em>Show only header menu<\/em>) \u2013 \u00fclamen\u00fc\u00fcs kuvatakse men\u00fc\u00fc esimese taseme elemente ning rippmen\u00fc\u00fcst avanevad vastavad alammen\u00fc\u00fcpunktid \u00a0\n\t<\/li>\n<li>\n\t\t<strong>\u00dcla- ja k\u00fclgmen\u00fc\u00fc<\/strong> (<em>Show top and sidebar menus<\/em>) \u2013 \u00fclamen\u00fc\u00fcs kuvatakse men\u00fc\u00fc esimese taseme elemente ning esimese taseme men\u00fc\u00fcelemendi valimisel kuvatakse k\u00fclgmen\u00fc\u00fcs vastava elemendi alamelemendid\u00a0\n\t<\/li>\n<li>\n\t\t<strong>Ainult k\u00fclgmen\u00fc\u00fc<\/strong> (S<em>how only sidebar menu<\/em>) \u2013 k\u00fclgmen\u00fc\u00fcs kuvatakse hierarhiliselt k\u00f5ikide tasemete men\u00fc\u00fcelemendid\n\t<\/li>\n<\/ul>\n<p style=\"text-align: center\">\n\t<img loading=\"lazy\" decoding=\"async\" width=\"1984\" height=\"1032\" class=\"alignnone wp-image-889\" src=\"https:\/\/sisu.ut.ee\/wp-content\/uploads\/sites\/177\/menyy1_01.png\" title=\"menyy1_01.png\" alt=\"Men\u00fc\u00fc\" srcset=\"https:\/\/sisu.ut.ee\/wp-content\/uploads\/sites\/177\/menyy1_01.png 1984w, https:\/\/sisu.ut.ee\/wp-content\/uploads\/sites\/177\/menyy1_01-300x156.png 300w, https:\/\/sisu.ut.ee\/wp-content\/uploads\/sites\/177\/menyy1_01-1024x533.png 1024w, https:\/\/sisu.ut.ee\/wp-content\/uploads\/sites\/177\/menyy1_01-768x399.png 768w, https:\/\/sisu.ut.ee\/wp-content\/uploads\/sites\/177\/menyy1_01-1536x799.png 1536w, https:\/\/sisu.ut.ee\/wp-content\/uploads\/sites\/177\/menyy1_01-1920x999.png 1920w\" sizes=\"auto, (max-width: 1984px) 100vw, 1984px\">\u00a0\n<\/p>\n<h3>\n\tMen\u00fc\u00fcde haldamine\u00a0<br>\n<\/h3>\n<ul>\n<li>\n\t\tMen\u00fc\u00fcsid saab hallata men\u00fc\u00fc struktuuri lehel (<em>Appearance, Menus<\/em>). \u00a0\n\t<\/li>\n<li>\n\t\tRippmen\u00fc\u00fcst saab valida men\u00fc\u00fc (kui neid on mitu).\u00a0\n\t<\/li>\n<li>\n\t\tMitmekeelse lehestiku puhul saab avada vastava men\u00fc\u00fc eri keeltes ja lisada men\u00fc\u00fcelementide t\u00f5lkeid.\u00a0\n\t<\/li>\n<li>\n\t\tMen\u00fc\u00fcsse saab lisada lehti, postitusi, linke ja kategooriaid.\u00a0\n\t<\/li>\n<li>\n\t\tMen\u00fc\u00fcelemendid saab lohistada soovitud j\u00e4rjekorda ja taandada alamelementideks.\u00a0\n\t<\/li>\n<\/ul>\n<p>\n\tMen\u00fc\u00fcelemendi juures oleval noolel kl\u00f5psates saab kuvada men\u00fc\u00fcelemendi t\u00e4iendavad seadistusvalikud, kust nt saab muuta elemendi pealkirja ja eemaldada elemendi men\u00fc\u00fcst.\u00a0\n<\/p>\n<p>\n\tMen\u00fc\u00fc seadetes saab teha valiku, et lehestiku iga uus leht lisatakse vaikimisi sellesse men\u00fc\u00fcsse ning m\u00e4\u00e4rata men\u00fc\u00fc primaarseks navigatsiooniks.\u00a0\n<\/p>\n<p style=\"text-align: center\">\n\t<img loading=\"lazy\" decoding=\"async\" width=\"1984\" height=\"1322\" class=\"alignnone wp-image-890\" src=\"https:\/\/sisu.ut.ee\/wp-content\/uploads\/sites\/177\/menyy2_01.png\" title=\"menyy2_01.png\" alt=\"Men\u00fc\u00fc\" srcset=\"https:\/\/sisu.ut.ee\/wp-content\/uploads\/sites\/177\/menyy2_01.png 1984w, https:\/\/sisu.ut.ee\/wp-content\/uploads\/sites\/177\/menyy2_01-300x200.png 300w, https:\/\/sisu.ut.ee\/wp-content\/uploads\/sites\/177\/menyy2_01-1024x682.png 1024w, https:\/\/sisu.ut.ee\/wp-content\/uploads\/sites\/177\/menyy2_01-768x512.png 768w, https:\/\/sisu.ut.ee\/wp-content\/uploads\/sites\/177\/menyy2_01-1536x1023.png 1536w, https:\/\/sisu.ut.ee\/wp-content\/uploads\/sites\/177\/menyy2_01-1920x1279.png 1920w\" sizes=\"auto, (max-width: 1984px) 100vw, 1984px\"><\/p>\n","protected":false},"excerpt":{"rendered":"<p>Men\u00fc\u00fcde paigutuse m\u00e4\u00e4ramine\u00a0 Lehestiku men\u00fc\u00fcde paigutust saab m\u00e4\u00e4rata Theme settings, Header, Header style osas. V\u00f5imalik on valida kolme paigutuse vahel:\u00a0 Ainult \u00fclamen\u00fc\u00fc (Show only header menu) \u2013 \u00fclamen\u00fc\u00fcs kuvatakse men\u00fc\u00fc esimese taseme elemente ning rippmen\u00fc\u00fcst avanevad vastavad alammen\u00fc\u00fcpunktid \u00a0 \u00dcla- &#8230;<\/p>\n","protected":false},"author":6,"featured_media":0,"parent":0,"menu_order":0,"comment_status":"closed","ping_status":"closed","template":"","meta":{"_acf_changed":false,"inline_featured_image":false,"footnotes":""},"class_list":["post-170","page","type-page","status-publish","hentry"],"acf":[],"_links":{"self":[{"href":"https:\/\/sisu.ut.ee\/juhendid\/wp-json\/wp\/v2\/pages\/170","targetHints":{"allow":["GET"]}}],"collection":[{"href":"https:\/\/sisu.ut.ee\/juhendid\/wp-json\/wp\/v2\/pages"}],"about":[{"href":"https:\/\/sisu.ut.ee\/juhendid\/wp-json\/wp\/v2\/types\/page"}],"author":[{"embeddable":true,"href":"https:\/\/sisu.ut.ee\/juhendid\/wp-json\/wp\/v2\/users\/6"}],"replies":[{"embeddable":true,"href":"https:\/\/sisu.ut.ee\/juhendid\/wp-json\/wp\/v2\/comments?post=170"}],"version-history":[{"count":1,"href":"https:\/\/sisu.ut.ee\/juhendid\/wp-json\/wp\/v2\/pages\/170\/revisions"}],"predecessor-version":[{"id":1681,"href":"https:\/\/sisu.ut.ee\/juhendid\/wp-json\/wp\/v2\/pages\/170\/revisions\/1681"}],"wp:attachment":[{"href":"https:\/\/sisu.ut.ee\/juhendid\/wp-json\/wp\/v2\/media?parent=170"}],"curies":[{"name":"wp","href":"https:\/\/api.w.org\/{rel}","templated":true}]}}