{"id":168,"date":"2024-04-04T02:50:48","date_gmt":"2024-04-03T23:50:48","guid":{"rendered":"https:\/\/sisu.ut.ee\/juhendid\/sisu\/"},"modified":"2025-04-04T08:54:07","modified_gmt":"2025-04-04T05:54:07","slug":"sisu","status":"publish","type":"page","link":"https:\/\/sisu.ut.ee\/juhendid\/sisu\/","title":{"rendered":"Lehestiku sisu t\u00fc\u00fcbid"},"content":{"rendered":"<p>Lehestikku on v\u00f5imalik lisada j\u00e4rgnevaid sisut\u00fc\u00fcpe:\u00a0<\/p>\n\n\n\n<ul class=\"wp-block-list\">\n<li>Leht (<em>Page<\/em>) \u2013 lehestiku peamine sisut\u00fc\u00fcp sisu esitamiseks erinevate komponentide abil.\u00a0<\/li>\n\n\n\n<li>Postitus (<em>Post<\/em>) \u2013 sisut\u00fc\u00fcp, mis v\u00f5imaldab tekitada ajaveebi t\u00fc\u00fcpi lehestiku, lisades postitused kategooriatesse v\u00f5i m\u00e4rkida siltide abil.\u00a0<\/li>\n\n\n\n<li>Lisapluginad \u2013 rakendused, mida on v\u00f5imalik lehestikus aktiveerida pluginate lehel (Plugins) aktiveerimise (Activate) k\u00e4su abil:\n<ul class=\"wp-block-list\">\n<li>Interaktiivne sisu (<em>H5P<\/em>)\u00a0<\/li>\n\n\n\n<li>Test (<em>Watu PRO<\/em>) \u00a0<\/li>\n\n\n\n<li>S\u00f5nastik (<em>Name directory<\/em>)\u00a0<\/li>\n\n\n\n<li>S\u00fcndmus (<em>The Events Calendar<\/em>) \u2013 sisut\u00fc\u00fcp lehestikule s\u00fcndmuste lisamiseks.\u00a0<\/li>\n<\/ul>\n<\/li>\n\n\n\n<li>Vidinad (<em>Widgets<\/em>), mida saab paigutada k\u00fclgriba alale.\u00a0<br>\u00a0<\/li>\n<\/ul>\n","protected":false},"excerpt":{"rendered":"<p>Lehestikku on v\u00f5imalik lisada j\u00e4rgnevaid sisut\u00fc\u00fcpe:\u00a0<\/p>\n","protected":false},"author":6,"featured_media":0,"parent":0,"menu_order":0,"comment_status":"closed","ping_status":"closed","template":"","meta":{"_acf_changed":false,"inline_featured_image":false,"footnotes":""},"class_list":["post-168","page","type-page","status-publish","hentry"],"acf":[],"_links":{"self":[{"href":"https:\/\/sisu.ut.ee\/juhendid\/wp-json\/wp\/v2\/pages\/168","targetHints":{"allow":["GET"]}}],"collection":[{"href":"https:\/\/sisu.ut.ee\/juhendid\/wp-json\/wp\/v2\/pages"}],"about":[{"href":"https:\/\/sisu.ut.ee\/juhendid\/wp-json\/wp\/v2\/types\/page"}],"author":[{"embeddable":true,"href":"https:\/\/sisu.ut.ee\/juhendid\/wp-json\/wp\/v2\/users\/6"}],"replies":[{"embeddable":true,"href":"https:\/\/sisu.ut.ee\/juhendid\/wp-json\/wp\/v2\/comments?post=168"}],"version-history":[{"count":3,"href":"https:\/\/sisu.ut.ee\/juhendid\/wp-json\/wp\/v2\/pages\/168\/revisions"}],"predecessor-version":[{"id":4394,"href":"https:\/\/sisu.ut.ee\/juhendid\/wp-json\/wp\/v2\/pages\/168\/revisions\/4394"}],"wp:attachment":[{"href":"https:\/\/sisu.ut.ee\/juhendid\/wp-json\/wp\/v2\/media?parent=168"}],"curies":[{"name":"wp","href":"https:\/\/api.w.org\/{rel}","templated":true}]}}