{"id":166,"date":"2024-04-04T02:50:48","date_gmt":"2024-04-03T23:50:48","guid":{"rendered":"https:\/\/sisu.ut.ee\/juhendid\/leht-paigutus\/"},"modified":"2024-04-26T16:14:57","modified_gmt":"2024-04-26T13:14:57","slug":"leht-paigutus","status":"publish","type":"page","link":"https:\/\/sisu.ut.ee\/juhendid\/leht-paigutus\/","title":{"rendered":"Lehestiku\u00fclene lehe paigutuse m\u00e4\u00e4ramine"},"content":{"rendered":"<p>\n\tLehestiku\u00fclest lehe paigutust saab m\u00e4\u00e4rata <strong><em>Theme settings, Page, Page layout <\/em><\/strong>osas. V\u00f5imalik on valida:\u00a0\n<\/p>\n<ul>\n<li>\n\t\t<strong>D\u00fcnaamiline<\/strong> (<em>Dynamic<\/em>) \u2013 selle paigutuse puhul muutub paigutus automaatselt, n\u00e4iteks kui on \u00fcla- ja k\u00fclgmen\u00fc\u00fc paigutus ning \u00fclamen\u00fc\u00fc esimese taseme elemendil ei ole alamelemente (k\u00fclgmen\u00fc\u00fcd ei kuvata), siis avaneb esimese taseme men\u00fc\u00fcelemendi sisu laia paigutusega, kui aga esimese taseme men\u00fc\u00fcelemendile tekib alamelemente, siis avaneb esimese taseme men\u00fc\u00fcelemendi sisu k\u00fclgmen\u00fc\u00fc k\u00f5rval kitsamal alal.\u00a0\n\t<\/li>\n<li>\n\t\t<strong>K\u00fclgmen\u00fc\u00fc(de)ga<\/strong> (<em>With sidebar(s)<\/em>) \u2013 selle paigutuse puhul saab m\u00e4\u00e4rata (<em>Sidebar settings<\/em>), kas primaarset k\u00fclgmen\u00fc\u00fcd kuvatakse vasakul v\u00f5i paremal v\u00f5i kuvatakse nii primaarset kui sekundaarset k\u00fclgmen\u00fc\u00fcd\n\t<\/li>\n<li>\n\t\t<strong>K\u00fclgmen\u00fc\u00fc(de)ta<\/strong> (<em>Without sidebar(s)<\/em>) \u2013 selle paigutuse puhul kuvatakse sisu igal juhul ilma k\u00fclgmen\u00fc\u00fc(de)ta (kui k\u00fclgmen\u00fc\u00fcde aladele on lisatud men\u00fc\u00fc v\u00f5i mingeid vidinaid, siis neid ei kuvata)\u00a0\n\t<\/li>\n<\/ul>\n<p>\n\tVaikimisi on lehestikul lehe d\u00fcnaamiline paigutus ning soovitatav on see paigutus j\u00e4tta, kui te just ei taha teadlikult teha muud paigutuse valikut.\u00a0\n<\/p>\n<p style=\"text-align: center\">\n\t<img loading=\"lazy\" decoding=\"async\" width=\"992\" height=\"688\" class=\"alignnone wp-image-871\" src=\"https:\/\/sisu.ut.ee\/wp-content\/uploads\/sites\/177\/lehepaigutus.png\" title=\"lehepaigutus.png\" alt=\"Lehe paigutus\" srcset=\"https:\/\/sisu.ut.ee\/wp-content\/uploads\/sites\/177\/lehepaigutus.png 992w, https:\/\/sisu.ut.ee\/wp-content\/uploads\/sites\/177\/lehepaigutus-300x208.png 300w, https:\/\/sisu.ut.ee\/wp-content\/uploads\/sites\/177\/lehepaigutus-768x533.png 768w\" sizes=\"auto, (max-width: 992px) 100vw, 992px\">\n<\/p>\n<p>\n\t\u00a0\n<\/p>\n<p>\n\t\u00a0<\/p>\n","protected":false},"excerpt":{"rendered":"<p>Lehestiku\u00fclest lehe paigutust saab m\u00e4\u00e4rata Theme settings, Page, Page layout osas. V\u00f5imalik on valida:\u00a0 D\u00fcnaamiline (Dynamic) \u2013 selle paigutuse puhul muutub paigutus automaatselt, n\u00e4iteks kui on \u00fcla- ja k\u00fclgmen\u00fc\u00fc paigutus ning \u00fclamen\u00fc\u00fc esimese taseme elemendil ei ole alamelemente (k\u00fclgmen\u00fc\u00fcd ei &#8230;<\/p>\n","protected":false},"author":6,"featured_media":0,"parent":0,"menu_order":0,"comment_status":"closed","ping_status":"closed","template":"","meta":{"_acf_changed":false,"inline_featured_image":false,"footnotes":""},"class_list":["post-166","page","type-page","status-publish","hentry"],"acf":[],"_links":{"self":[{"href":"https:\/\/sisu.ut.ee\/juhendid\/wp-json\/wp\/v2\/pages\/166","targetHints":{"allow":["GET"]}}],"collection":[{"href":"https:\/\/sisu.ut.ee\/juhendid\/wp-json\/wp\/v2\/pages"}],"about":[{"href":"https:\/\/sisu.ut.ee\/juhendid\/wp-json\/wp\/v2\/types\/page"}],"author":[{"embeddable":true,"href":"https:\/\/sisu.ut.ee\/juhendid\/wp-json\/wp\/v2\/users\/6"}],"replies":[{"embeddable":true,"href":"https:\/\/sisu.ut.ee\/juhendid\/wp-json\/wp\/v2\/comments?post=166"}],"version-history":[{"count":1,"href":"https:\/\/sisu.ut.ee\/juhendid\/wp-json\/wp\/v2\/pages\/166\/revisions"}],"predecessor-version":[{"id":1685,"href":"https:\/\/sisu.ut.ee\/juhendid\/wp-json\/wp\/v2\/pages\/166\/revisions\/1685"}],"wp:attachment":[{"href":"https:\/\/sisu.ut.ee\/juhendid\/wp-json\/wp\/v2\/media?parent=166"}],"curies":[{"name":"wp","href":"https:\/\/api.w.org\/{rel}","templated":true}]}}