{"id":164,"date":"2024-04-04T02:50:47","date_gmt":"2024-04-03T23:50:47","guid":{"rendered":"https:\/\/sisu.ut.ee\/juhendid\/seb\/"},"modified":"2024-05-14T08:06:23","modified_gmt":"2024-05-14T05:06:23","slug":"seb","status":"publish","type":"page","link":"https:\/\/sisu.ut.ee\/juhendid\/seb\/","title":{"rendered":"Test Safe Exam Browseriga"},"content":{"rendered":"<p>Safe Exam Browser (SEB) on programm Moodle\u2019i testide turvaliseks l\u00e4biviimiseks. SEB tarkvara k\u00e4ivitatakse kohalikus arvutis ja on interneti kaudu vastavalt konfiguratsioonile \u00fchendatud \u00f5pikeskkonnaga Moodle. SEB tarkvara muudab arvuti ajutiselt turvaliseks t\u00f6\u00f6jaamaks, kus saab takistada testi tegemise ajal teiste rakenduste, veebilehtede ja teatud klahvikombinatsioonide kasutamist:<\/p>\n<ul>\n<li>veebilehitsejas pole URL-i ega otsinguv\u00e4lja ning edasi-tagasi navigeerimise v\u00f5imalust,<\/li>\n<li>SEB-d ei saa enne testi l\u00f5petamist sulgeda,<\/li>\n<li>teiste rakenduste kasutamine on keelatud, kuid saab lubada kasutada konkreetseid rakendusi,<\/li>\n<li>kiirklahvid nagu Win + Tab, Alt + Tab, Ctrl + Alt + Del, Alt + F4, Print Screen, Cmd + Tab on keelatud,<\/li>\n<li>ekraanipiltide tegemise v\u00f5imalus on keelatud,<\/li>\n<li>konkreetsed veebilehed saab konfigureerida URL-i filtriga eksami ajal juurdep\u00e4\u00e4setavateks,<\/li>\n<li>\u00f5igekirjakontroll ja sonastikuotsing on keelatud, kuid seda saab ka lubada.<\/li>\n<\/ul>\n<h5>Vt ingliskeelset videot:\u00a0<a title=\"\" href=\"https:\/\/youtu.be\/ytztYguXixk\" target=\"_blank\" rel=\"noopener\" data-url=\"https:\/\/youtu.be\/ytztYguXixk\">https:\/\/youtu.be\/ytztYguXixk<\/a><\/h5>\n<h2>Info \u00f5ppejoule<\/h2>\n<p>Kui on vajadus testi teha Safe Exam Browseri abil, siis tuleb see seadistada testi s\u00e4tetes <em>Safe Exam Browser<\/em> sektsiooni alt.<\/p>\n<p><img loading=\"lazy\" decoding=\"async\" width=\"753\" height=\"199\" class=\"alignnone wp-image-864\" title=\"seb_est.png\" src=\"https:\/\/sisu.ut.ee\/wp-content\/uploads\/sites\/177\/seb_est.png\" alt=\"SEB est\" srcset=\"https:\/\/sisu.ut.ee\/wp-content\/uploads\/sites\/177\/seb_est.png 753w, https:\/\/sisu.ut.ee\/wp-content\/uploads\/sites\/177\/seb_est-300x79.png 300w\" sizes=\"auto, (max-width: 753px) 100vw, 753px\"><\/p>\n<p>Erinevad Safe Exam Browseri seadistuste v\u00f5imalused on j\u00e4rgmised:<\/p>\n<table class=\"table table-hover\" style=\"width: 100%;\" border=\"1\" cellspacing=\"0\" cellpadding=\"3\">\n<tbody>\n<tr>\n<td style=\"width: 25%; vertical-align: top; text-align: center;\"><strong>SEB seadete valik<\/strong><\/td>\n<td style=\"vertical-align: top; text-align: center;\"><strong>Kirjeldus<\/strong><\/td>\n<td style=\"vertical-align: top; text-align: center;\"><strong>Kommentaar<\/strong><\/td>\n<\/tr>\n<tr>\n<td style=\"text-align: left; vertical-align: top;\"><b>M\u00e4\u00e4ra seaded k\u00e4sitsi<\/b><em>NB! Kasutage seda seadistust siis, kui \u00f5ppijad teevad testi oma isiklikes arvutites.\u00a0<\/em><\/td>\n<td style=\"text-align: left; vertical-align: top;\">Selle s\u00e4ttega saab Safe Exam Browseri seaded testi seadete lehel valida. V\u00f5ite kasutada siin m\u00e4\u00e4ratud vaikimisi seadeid v\u00f5i neid muuta. Siin on v\u00f5imalik nt m\u00e4\u00e4rata, kas \u00f5ppijad p\u00e4\u00e4sevad ligi m\u00f5nele interetiaadressile.<\/td>\n<td style=\"text-align: left; vertical-align: top;\">K\u00e4sitsi m\u00e4\u00e4ratud seadetest loob Moodle Safe Exam Browseri jaoks konfiguratsioonifaili (.seb), mille \u00f5ppija laeb testi juurest oma arvutisse ning k\u00e4ivitab sellest testi.<\/td>\n<\/tr>\n<tr>\n<td style=\"text-align: left; vertical-align: top;\"><b>Lae \u00fclesse loodud konfiguratsioon<\/b><em>NB! Kasutage seda seadistust siis, kui mingi varasema testi jaoks on juba loodud spetsiifiline SEB-i konfiguratsioonifail ning soovite sama konfiguratsiooni kasutada j\u00e4rgmiste testide juures.<\/em><\/td>\n<td style=\"text-align: left; vertical-align: top;\">Selle seadistusega saab \u00fcles laadida juba olemasoleva testi Safe Exam Browseri konfiguratsiooni faili (laiendiga .seb). Vajaliku SEB konfiguratsioonifaili soovitud piirangutega loob \u00f5ppej\u00f5ud SEB programmis.\n<p>Konfiguratsioonifaili luues m\u00e4\u00e4ratakse automaatselt Safe Exam Browser\u2019i v\u00f5ti (Browser Exam Key), mille kopeerite p\u00e4rast testi seadete lehe\u00a0Safe Exam Browser\u2019i v\u00f5tme lahtrisse.<\/p><\/td>\n<td style=\"text-align: left; vertical-align: top;\">\u00d5ppija saab \u00f5ppej\u00f5ult (v\u00f5ib olla e-kursusel) konfiguratsioonifaili (.seb), mille ta laeb oma arvutisse ning k\u00e4ivitab sellest testi.\n<p>Suurema turvalisuse tagamiseks v\u00f5ite lisada testi SEB seadete all\u00a0Safe Exam Browser\u2019i v\u00f5tme (Browser Exam Key).<\/p><\/td>\n<\/tr>\n<tr>\n<td style=\"text-align: left; vertical-align: top;\"><b>Kasuta SEB kliendi konfiguratsiooni<\/b><em>NB! Kasutage seda seadistust siis, kui \u00f5ppijad teevad testi \u00fclikooli arvutiklassides.<\/em><\/td>\n<td style=\"text-align: left; vertical-align: top;\">Safe Exam Browseri konfiguratsiooni ei m\u00e4\u00e4rata Moodle\u2019st. Testi saab sooritada \u00fcksk\u00f5ik millise Safe Exam Browseri konfiguratsiooniga.\u00a0Vajaliku SEB seadistuse soovitud piirangutega teeb \u00f5ppej\u00f5ud v\u00f5i IT-tugi testi sooritamise arvutites (nt arvutiklassis).<\/td>\n<td style=\"text-align: left; vertical-align: top;\">Arvutis on \u00f5ppej\u00f5u v\u00f5i IT-toe poolt seadistatud ja paigaldatud konfiguratsioonifail (.seb). \u00d5ppija k\u00e4ivitab Safe Exam Brauser\u2019i, logib sisse Moodle\u2019isse ja avab testi.<\/td>\n<\/tr>\n<\/tbody>\n<\/table>\n<p><b>Veel soovitusi:<\/b><\/p>\n<ul>\n<li>K\u00f5ige lihtsam on kasutada SEB seadistamisel varianti\u00a0\u201cM\u00e4\u00e4ra seaded k\u00e4sitsi\u201d.<\/li>\n<li>Et v\u00e4ltida olukorda, kus \u00f5ppijad ei tea, kas Safe Exam Browser nende isiklikes arvutites t\u00f6\u00f6tab, v\u00f5ib kursusele lisada SEB-ga n\u00e4idistesti, mis sisaldab paari n\u00e4idisk\u00fcsimust (ei pea olema seotud kursuse teemaga). Siis saavad \u00f5ppijad enne kontrollt\u00f6\u00f6d v\u00f5i eksamit testida, kas nende arvutites SEB t\u00f6\u00f6tab.<\/li>\n<li>Kui kasutate arvutiklassis SEB testi kliendi konfiguratsiooni,\u00a0uurige eelnevalt, kas antud arvutiklassis on k\u00f5igis arvutites SEB uusim versioon ning v\u00f5imalusel testige isiklikult. Et v\u00e4ltida v\u00f5imalust seda testi \u00fcle veebi isiklikus arvutis teha, v\u00f5ite testi s\u00e4tetes m\u00e4\u00e4rata testi avanemise parooli.<\/li>\n<li><span style=\"line-height: 107%;\">Kui soovite n\u00e4ha SEB-ga kontrollt\u00f6\u00f6 v\u00f5i eksami ajal tudengite veebikaamerate pilti, v\u00f5ite kasutada lisaks veebiseminari, n\u00e4iteks BigBlueButtonit v\u00f5i veebilehitsejas avatud Teamsi. Veebiseminarile peab \u00f5ppija sisenema enne SEB testi avamist arvutis ning v\u00f5imaldama \u00f5ppej\u00f5ul n\u00e4ha oma veebikaamera pilti. \u00c4pina avatud Teams suletakse SEB poolt.<\/span><\/li>\n<\/ul>\n<h2>Info \u00f5ppijale<\/h2>\n<p>Enne testi avamist tuleb oma arvutisse installeerida SEB tarkvara (vali \u00f5ige versioon: kas Windowsi v\u00f5i MACi operatsioonis\u00fcsteemile): <a title=\"\" href=\"https:\/\/safeexambrowser.org\/download_en.html\" target=\"_blank\" rel=\"noopener\" data-url=\"https:\/\/safeexambrowser.org\/download_en.html\">https:\/\/safeexambrowser.org\/download_en.html<\/a><\/p>\n<p>Vajadusel vaadake <a title=\"\" href=\"https:\/\/youtu.be\/fEXZcj4G58g\" target=\"_blank\" rel=\"noopener\" data-url=\"https:\/\/youtu.be\/fEXZcj4G58g\">ingliskeelset juhendvideot<\/a>.<\/p>\n<p>P\u00e4rast SEB tarkvara installeerimist avage test Moodle\u2019is ja konfiguratsioonifailiga testi puhul kl\u00f5psake nuppu \u201cLaadi konfiguratsioon alla\u201d. P\u00e4rast avatud allalaaditud SEB faili k\u00e4ivitamist (config.seb) k\u00e4ivitub test SEB brauseris. Konfiguratsioonifailita testi puhul avage test SEB brauseris.<\/p>\n<h5>NB! SEB-ga seadistatud testi tegemiseks tuleb kasutada Mac v\u00f5i Windows operatsioonis\u00fcsteemiga arvutit.<\/h5>\n","protected":false},"excerpt":{"rendered":"<p>Safe Exam Browser (SEB) on programm Moodle\u2019i testide turvaliseks l\u00e4biviimiseks. SEB tarkvara k\u00e4ivitatakse kohalikus arvutis ja on interneti kaudu vastavalt konfiguratsioonile \u00fchendatud \u00f5pikeskkonnaga Moodle. SEB tarkvara muudab arvuti ajutiselt turvaliseks t\u00f6\u00f6jaamaks, kus saab takistada testi tegemise ajal teiste rakenduste, veebilehtede &#8230;<\/p>\n","protected":false},"author":6,"featured_media":0,"parent":0,"menu_order":0,"comment_status":"closed","ping_status":"closed","template":"","meta":{"_acf_changed":false,"inline_featured_image":false,"footnotes":""},"class_list":["post-164","page","type-page","status-publish","hentry"],"acf":[],"_links":{"self":[{"href":"https:\/\/sisu.ut.ee\/juhendid\/wp-json\/wp\/v2\/pages\/164","targetHints":{"allow":["GET"]}}],"collection":[{"href":"https:\/\/sisu.ut.ee\/juhendid\/wp-json\/wp\/v2\/pages"}],"about":[{"href":"https:\/\/sisu.ut.ee\/juhendid\/wp-json\/wp\/v2\/types\/page"}],"author":[{"embeddable":true,"href":"https:\/\/sisu.ut.ee\/juhendid\/wp-json\/wp\/v2\/users\/6"}],"replies":[{"embeddable":true,"href":"https:\/\/sisu.ut.ee\/juhendid\/wp-json\/wp\/v2\/comments?post=164"}],"version-history":[{"count":2,"href":"https:\/\/sisu.ut.ee\/juhendid\/wp-json\/wp\/v2\/pages\/164\/revisions"}],"predecessor-version":[{"id":3483,"href":"https:\/\/sisu.ut.ee\/juhendid\/wp-json\/wp\/v2\/pages\/164\/revisions\/3483"}],"wp:attachment":[{"href":"https:\/\/sisu.ut.ee\/juhendid\/wp-json\/wp\/v2\/media?parent=164"}],"curies":[{"name":"wp","href":"https:\/\/api.w.org\/{rel}","templated":true}]}}