{"id":163,"date":"2024-04-04T02:50:47","date_gmt":"2024-04-03T23:50:47","guid":{"rendered":"https:\/\/sisu.ut.ee\/juhendid\/kujundus-struktuur\/"},"modified":"2024-04-26T15:48:00","modified_gmt":"2024-04-26T12:48:00","slug":"kujundus-struktuur","status":"publish","type":"page","link":"https:\/\/sisu.ut.ee\/juhendid\/kujundus-struktuur\/","title":{"rendered":"Lehestiku kujundus ja struktuur"},"content":{"rendered":"<p>\n\tSisu@UT\u00a0lehestikud luuakse WordPress Multisite platvormil \u00fclikooli stiiliraamatule vastava kujundusega. Lehestik sisaldab: \u00a0\n<\/p>\n<ul>\n<li>\n\t\tlogoala \u2013 vaikimisi on logoks \u00fclikooli logo, mida on v\u00f5imalik v\u00e4lja vahetada (<em>Theme settings, Header, Logo<\/em>)\u00a0\n\t<\/li>\n<li>\n\t\t\u00fclemine v\u00e4liste linkide ala \u2013 alale saab lisada linke (<em>Theme settings, Header, Top links<\/em>)\u00a0\n\t<\/li>\n<li>\n\t\t\u00fclamen\u00fc\u00fc ala \u2013 \u00fclamen\u00fc\u00fc kuvamist saab seadistada lehestiku men\u00fc\u00fcde valikust (<em>Theme settings, Header, Header style<\/em>)\u00a0\n\t<\/li>\n<li>\n\t\tp\u00e4iseala \u2013 sinine taust v\u00f5i pilt, mille peal saab kuvada lehestiku pealkirja, p\u00e4iseala kuvamist saab seadistada (<em>Theme settings, Page<\/em>)\u00a0\n\t<\/li>\n<li>\n\t\tk\u00fclgmen\u00fc\u00fc ala \u2013 k\u00fclgmen\u00fc\u00fc kuvamist saab seadistada lehestiku men\u00fc\u00fcde valikust (<em>Theme settings, Header, Header style<\/em>), k\u00fclgmen\u00fc\u00fcd saab kuvada vasakul ja paremal (<em>Theme settings, Page, Sidebar settings<\/em>) \u00a0\n\t<\/li>\n<li>\n\t\tsisuala \u2013 sisualal saab kuvada WordPressi sisut\u00fc\u00fcpe (lehed, postitused, s\u00fcndmused) \u00a0\n\t<\/li>\n<li>\n\t\tjalus \u2013 jalusesse saab lisada teksti ja logosid (<em>Theme settings, footer<\/em>)\u00a0\n\t<\/li>\n<\/ul>\n<p>\n\t<img loading=\"lazy\" decoding=\"async\" width=\"1558\" height=\"796\" class=\"alignnone wp-image-862\" style=\"width: 950px;height: 485px\" src=\"https:\/\/sisu.ut.ee\/wp-content\/uploads\/sites\/177\/strktuur_wp.png\" title=\"strktuur_wp.png\" alt=\"struktuur\" srcset=\"https:\/\/sisu.ut.ee\/wp-content\/uploads\/sites\/177\/strktuur_wp.png 1558w, https:\/\/sisu.ut.ee\/wp-content\/uploads\/sites\/177\/strktuur_wp-300x153.png 300w, https:\/\/sisu.ut.ee\/wp-content\/uploads\/sites\/177\/strktuur_wp-1024x523.png 1024w, https:\/\/sisu.ut.ee\/wp-content\/uploads\/sites\/177\/strktuur_wp-768x392.png 768w, https:\/\/sisu.ut.ee\/wp-content\/uploads\/sites\/177\/strktuur_wp-1536x785.png 1536w\" sizes=\"auto, (max-width: 1558px) 100vw, 1558px\">\n<\/p>\n<h3>\n\tLehestiku pealkirja ja p\u00e4isepildi lisamine\u00a0<br>\n<\/h3>\n<p>\n\tP\u00e4iseosa loomiseks kl\u00f5psake <em>Theme settings, Page<\/em>.\u00a0\n<\/p>\n<ol>\n<li>\n\t\tLisage oma lehestikule pealkiri (<em>Settings, Site title<\/em>). Lehestiku pealkirja kuvamist saate ka peita <em>(Theme settings, Page, Show global title, Hide<\/em>). \u00a0<br>\u00a0\n\t<\/li>\n<li>\n\t\tLisage oma lehestikule lehestiku\u00fclene p\u00e4isepilt (<em>Theme settings, Page, Global featured image, Add Image<\/em>), mis on v\u00f5imalik lisada kahe erineva k\u00f5rgusega (<em>Bannersize, Small\/Large<\/em>) v\u00f5i seda \u00fcldse mitte kuvada (<em>Show global banner, Hide<\/em>). Vaikimisi on lehestikul v\u00e4iksema k\u00f5rgusega p\u00e4iseala. \u00a0\n<p>Pilt peaks olema v\u00e4hemalt suurusega 1920\u00d7280 (v\u00e4ike k\u00f5rgus) ja 1920\u00d7480 (suur k\u00f5rgus). P\u00e4isepildiks lisamisel pilt k\u00e4rbitakse, kuid veenduge, et k\u00e4rpimise j\u00e4rel kuvatakse sobivat pildiala (nt, et inimestel poleks pea \u00e4ra l\u00f5igatud).<br>\u00a0\n\t<\/p><\/li>\n<li>\n\t\tLehestiku\u00fclest p\u00e4isepilti on v\u00f5imalik \u00fcksikute lehtede v\u00f5i postituste juures v\u00e4lja vahetada muu pildi vastu (<em>Edit page, Featured image<\/em>) v\u00f5i siis mitte kuvada (<em>Edit page, Page settings, Show global banner, Hide<\/em>).\n\t<\/li>\n<\/ol>\n<p style=\"text-align: center\">\n\t<img loading=\"lazy\" decoding=\"async\" width=\"885\" height=\"742\" class=\"alignnone wp-image-863\" style=\"width: 700px;height: 587px\" src=\"https:\/\/sisu.ut.ee\/wp-content\/uploads\/sites\/177\/pais.png\" title=\"pais.png\" alt=\"P\u00e4is\" srcset=\"https:\/\/sisu.ut.ee\/wp-content\/uploads\/sites\/177\/pais.png 885w, https:\/\/sisu.ut.ee\/wp-content\/uploads\/sites\/177\/pais-300x252.png 300w, https:\/\/sisu.ut.ee\/wp-content\/uploads\/sites\/177\/pais-768x644.png 768w\" sizes=\"auto, (max-width: 885px) 100vw, 885px\">\u00a0\n<\/p>\n<h3>\n\tJaluse loomine\u00a0<br>\n<\/h3>\n<p>\n\tJaluse loomiseks kl\u00f5psake <em>Theme settings, Footer.<\/em> Lehestiku jalusesse on v\u00f5imalik lisada:\u00a0\n<\/p>\n<ul>\n<li>\n\t\tVasakpoolne tekstiala (<em>Left content<\/em>) \u00a0\n\t<\/li>\n<li>\n\t\tVasakpoolsed lingid (<em>Left links<\/em>) \u00a0\n\t<\/li>\n<li>\n\t\tSotsiaalmeedianupud (<em>Socialmedia links<\/em>) \u00a0\n\t<\/li>\n<li>\n\t\tParempoolne tekstiala (<em>Right content<\/em>) \u00a0\n\t<\/li>\n<li>\n\t\tParempoolne nupp lingiga (<em>Right button<\/em>) \u00a0\n\t<\/li>\n<li>\n\t\tParempoolsed logod (kindel suurus, kolmekaupa tulbas) (R<em>ight logos<\/em>)\u00a0\n\t<\/li>\n<\/ul>\n<p>\n\t\u00a0<\/p>\n","protected":false},"excerpt":{"rendered":"<p>Sisu@UT\u00a0lehestikud luuakse WordPress Multisite platvormil \u00fclikooli stiiliraamatule vastava kujundusega. Lehestik sisaldab: \u00a0 logoala \u2013 vaikimisi on logoks \u00fclikooli logo, mida on v\u00f5imalik v\u00e4lja vahetada (Theme settings, Header, Logo)\u00a0 \u00fclemine v\u00e4liste linkide ala \u2013 alale saab lisada linke (Theme settings, Header, &#8230;<\/p>\n","protected":false},"author":6,"featured_media":0,"parent":0,"menu_order":0,"comment_status":"closed","ping_status":"closed","template":"","meta":{"_acf_changed":false,"inline_featured_image":false,"footnotes":""},"class_list":["post-163","page","type-page","status-publish","hentry"],"acf":[],"_links":{"self":[{"href":"https:\/\/sisu.ut.ee\/juhendid\/wp-json\/wp\/v2\/pages\/163","targetHints":{"allow":["GET"]}}],"collection":[{"href":"https:\/\/sisu.ut.ee\/juhendid\/wp-json\/wp\/v2\/pages"}],"about":[{"href":"https:\/\/sisu.ut.ee\/juhendid\/wp-json\/wp\/v2\/types\/page"}],"author":[{"embeddable":true,"href":"https:\/\/sisu.ut.ee\/juhendid\/wp-json\/wp\/v2\/users\/6"}],"replies":[{"embeddable":true,"href":"https:\/\/sisu.ut.ee\/juhendid\/wp-json\/wp\/v2\/comments?post=163"}],"version-history":[{"count":1,"href":"https:\/\/sisu.ut.ee\/juhendid\/wp-json\/wp\/v2\/pages\/163\/revisions"}],"predecessor-version":[{"id":1688,"href":"https:\/\/sisu.ut.ee\/juhendid\/wp-json\/wp\/v2\/pages\/163\/revisions\/1688"}],"wp:attachment":[{"href":"https:\/\/sisu.ut.ee\/juhendid\/wp-json\/wp\/v2\/media?parent=163"}],"curies":[{"name":"wp","href":"https:\/\/api.w.org\/{rel}","templated":true}]}}