{"id":159,"date":"2024-04-04T02:50:47","date_gmt":"2024-04-03T23:50:47","guid":{"rendered":"https:\/\/sisu.ut.ee\/juhendid\/lehestiku-loomine\/"},"modified":"2024-04-26T13:23:52","modified_gmt":"2024-04-26T10:23:52","slug":"lehestiku-loomine","status":"publish","type":"page","link":"https:\/\/sisu.ut.ee\/juhendid\/lehestiku-loomine\/","title":{"rendered":"Lehestiku  loomine"},"content":{"rendered":"<h5>\n\tNB! Uue veebilehestiku p\u00f5hja saate luua teie ise ning selleks ei vaja te kellegi abi IT osakonnast ega \u00f5ppimis- ja \u00f5petamiskeskusest! \u00a0<br>\n<\/h5>\n<p>\n\tUue lehestiku loomiseks:\u00a0\n<\/p>\n<h3>\n\t1. Sisenege Sisu@UT-sse.\u00a0<br>\n<\/h3>\n<h3>\n\t2. Kl\u00f5psake nupul LOO LEHESTIK.\u00a0<br>\n<\/h3>\n<h3>\n\t3. Sisestage veebilehestiku loomise vormis lehestiku URL, pealkiri, eesm\u00e4rk, valige kategooria, veebilehestiku keel ning n\u00f5ustuge kasutustingimustega.\u00a0<br>\n<\/h3>\n<p>\n\tVeebilehestiku URL v\u00f5iks olla veebilehestiku sisuga seotud, kuid peab olema unikaalne \u2013 kahte samasuguse veebiaadressiga lehestikku luua ei saa (toimub s\u00fcsteemipoolne kontroll ning kui valitud aadress on juba kasutusel, siis ilmub sellekohane teade). URL peab olema pikk v\u00e4hemalt kolm t\u00e4hem\u00e4rki ja tohib sisaldada ainult v\u00e4ikseid t\u00e4hti, numbreid ja sidekriipse. Kui teil on teada, et soovite samal teemal luua mitu lehestikku, v\u00f5ite neid eristada veebiaadressis numbriga (nt maateadus1, maateadus2 jne). \u00a0\n<\/p>\n<h5>\n\tNB! P\u00e4rast lehestiku loomist valitud veebiaadressi enam muuta ei saa!\u00a0<br>\n<\/h5>\n<p>\n\tVaikimisi luuakse lehestik privaatsena \u2013 loodavat veebilehestikku n\u00e4ete esmalt ainult teie ja Sisu@UT kasutajad, kellele te olete vastavad \u00f5igused jaganud. Kui lehestik on valminud, siis saate selle avalikustada.\u00a0\n<\/p>\n<p>\n\tEnne lehestiku loomist peate kinnitama, et kasutate loodavat lehestikku \u00fclikooli \u00f5ppe-, teadus- ja administratiivt\u00f6\u00f6 eesm\u00e4rkidel ning vastutate sisu korrektse ja seadusliku kasutamise eest.\u00a0\n<\/p>\n<h3>\n\t4. Kl\u00f5psake Esita (<em>Submit<\/em>).\u00a0<br>\n<\/h3>\n<p>\n\tSaate e-postiga automaatse teate veebilehestiku loomise kohta ning v\u00f5imaluse siseneda loodud veebilehestikule.\u00a0<br>Lehestiku haldamisel ja toimetamisel on abiks j\u00e4rgmised nupud:\u00a0\n<\/p>\n<ul>\n<li>\n\t\tW nupp vasakus \u00fclaservas avab vasakpoolse paneeli.\u00a0\n\t<\/li>\n<li>\n\t\t<em>Kolme-maja-nupp<\/em> vasakus \u00fclanurgas avab teie lehestike nimekirja ning nimekirjast on v\u00f5imalik teha \u00fche konkreetse lehestiku valik.\u00a0\n\t<\/li>\n<li>\n\t\tMaja-nupp viib Sisu@UT keskkonna avalehele.\n\t<\/li>\n<\/ul>\n<p style=\"text-align: center\">\n\t<img loading=\"lazy\" decoding=\"async\" width=\"967\" height=\"248\" class=\"alignnone wp-image-847\" src=\"https:\/\/sisu.ut.ee\/wp-content\/uploads\/sites\/177\/ylamenyy.png\" title=\"ylamenyy.png\" alt=\"\u00dclamen\u00fc\u00fc\" srcset=\"https:\/\/sisu.ut.ee\/wp-content\/uploads\/sites\/177\/ylamenyy.png 967w, https:\/\/sisu.ut.ee\/wp-content\/uploads\/sites\/177\/ylamenyy-300x77.png 300w, https:\/\/sisu.ut.ee\/wp-content\/uploads\/sites\/177\/ylamenyy-768x197.png 768w\" sizes=\"auto, (max-width: 967px) 100vw, 967px\">\u00a0\n<\/p>\n<ul>\n<li>\n\t\t<em>Teie nimeline link<\/em> paremas \u00fclanurgas v\u00f5imaldab minna oma profiili muutma ning Sisu@UT-st v\u00e4lja logida.\u00a0\n\t<\/li>\n<li>\n\t\tKonkreetses lehestikus olles on W nupust v\u00f5imalik avada selle lehestiku men\u00fc\u00fc v\u00f5i \u00fclaservas oleva Uus (New) lingi kaudu minna lehestikku uut sisu lisama v\u00f5i muutma (Muuda lehte).\n\t<\/li>\n<\/ul>\n<p style=\"text-align: center\">\n\t<img loading=\"lazy\" decoding=\"async\" width=\"996\" height=\"253\" class=\"alignnone wp-image-848\" src=\"https:\/\/sisu.ut.ee\/wp-content\/uploads\/sites\/177\/ylamenyy-lehel.png\" title=\"ylamenyy-lehel.png\" alt=\"\u00dclamen\u00fc\u00fc lehel\" srcset=\"https:\/\/sisu.ut.ee\/wp-content\/uploads\/sites\/177\/ylamenyy-lehel.png 996w, https:\/\/sisu.ut.ee\/wp-content\/uploads\/sites\/177\/ylamenyy-lehel-300x76.png 300w, https:\/\/sisu.ut.ee\/wp-content\/uploads\/sites\/177\/ylamenyy-lehel-768x195.png 768w\" sizes=\"auto, (max-width: 996px) 100vw, 996px\">\u00a0<\/p>\n","protected":false},"excerpt":{"rendered":"<p>NB! Uue veebilehestiku p\u00f5hja saate luua teie ise ning selleks ei vaja te kellegi abi IT osakonnast ega \u00f5ppimis- ja \u00f5petamiskeskusest! \u00a0 Uue lehestiku loomiseks:\u00a0 1. Sisenege Sisu@UT-sse.\u00a0 2. Kl\u00f5psake nupul LOO LEHESTIK.\u00a0 3. Sisestage veebilehestiku loomise vormis lehestiku URL, &#8230;<\/p>\n","protected":false},"author":6,"featured_media":0,"parent":0,"menu_order":0,"comment_status":"closed","ping_status":"closed","template":"","meta":{"_acf_changed":false,"inline_featured_image":false,"footnotes":""},"class_list":["post-159","page","type-page","status-publish","hentry"],"acf":[],"_links":{"self":[{"href":"https:\/\/sisu.ut.ee\/juhendid\/wp-json\/wp\/v2\/pages\/159","targetHints":{"allow":["GET"]}}],"collection":[{"href":"https:\/\/sisu.ut.ee\/juhendid\/wp-json\/wp\/v2\/pages"}],"about":[{"href":"https:\/\/sisu.ut.ee\/juhendid\/wp-json\/wp\/v2\/types\/page"}],"author":[{"embeddable":true,"href":"https:\/\/sisu.ut.ee\/juhendid\/wp-json\/wp\/v2\/users\/6"}],"replies":[{"embeddable":true,"href":"https:\/\/sisu.ut.ee\/juhendid\/wp-json\/wp\/v2\/comments?post=159"}],"version-history":[{"count":1,"href":"https:\/\/sisu.ut.ee\/juhendid\/wp-json\/wp\/v2\/pages\/159\/revisions"}],"predecessor-version":[{"id":1692,"href":"https:\/\/sisu.ut.ee\/juhendid\/wp-json\/wp\/v2\/pages\/159\/revisions\/1692"}],"wp:attachment":[{"href":"https:\/\/sisu.ut.ee\/juhendid\/wp-json\/wp\/v2\/media?parent=159"}],"curies":[{"name":"wp","href":"https:\/\/api.w.org\/{rel}","templated":true}]}}