{"id":155,"date":"2024-04-04T02:50:47","date_gmt":"2024-04-03T23:50:47","guid":{"rendered":"https:\/\/sisu.ut.ee\/juhendid\/kursuse-pohiosa\/"},"modified":"2024-04-11T10:24:12","modified_gmt":"2024-04-11T07:24:12","slug":"kursuse-pohiosa","status":"publish","type":"page","link":"https:\/\/sisu.ut.ee\/juhendid\/kursuse-pohiosa\/","title":{"rendered":"Kursuse p\u00f5hiosa"},"content":{"rendered":"<p id=\"id-2.Kuidasalustadauuee-kursuseloomisegaMoodle'is-10.Kursusep\u00f5hiosa\">\n\tP\u00f5hiossa saate lisada selgitavat teksti, lisada viiteid \u00f5ppematerjalidele, Moodle\u2019i vahenditele ning tegevustele.\n<\/p>\n<h5>\n\tKursuse sisu muutmiseks peab l\u00fclituma muutmisre\u017eiimi: paremas \u00fclanurgas olevast nupust\u00a0<img loading=\"lazy\" decoding=\"async\" width=\"48\" height=\"34\" class=\"alignnone wp-image-336\" src=\"https:\/\/sisu.ut.ee\/wp-content\/uploads\/sites\/177\/luba_muutmine.png\" title=\"luba_muutmine.png\" alt=\"luba_muutmine.png\">\u00a0v\u00f5i seadistuste plokis lingist\u00a0<em>Luba muutmine<\/em>. Vaatamisre\u017eiimi saab uuesti \u00fcmber l\u00fclituda samas kohtas olevast nupust\u00a0<img loading=\"lazy\" decoding=\"async\" width=\"48\" height=\"34\" class=\"alignnone wp-image-337\" src=\"https:\/\/sisu.ut.ee\/wp-content\/uploads\/sites\/177\/keela_muutmine.png\" title=\"keela_muutmine.png\" alt=\"keela_muutmine.png\">\u00a0v\u00f5i lingist <em>Keela muutmine<\/em>.<br>\n<\/h5>\n<p>\n\tKursuse p\u00f5hiosa (keskmine) koosneb sektsioonidest (teemadest v\u00f5i n\u00e4dalatest). Selle struktuur s\u00f5ltub eelk\u00f5ige kursuse seadetes m\u00e4\u00e4ratud kursuse formaadist. Kursuse formaadi muutmiseks klikkige vasakus men\u00fc\u00fcs\u00a0<em>Seadistused \u2013 Muuda s\u00e4tteid<\/em>. Te saate valida nelja formaadi vahel:\u00a0n\u00e4dala (kursus on jaotatud n\u00e4dalateks), \u00a0teemad (kursus on jaotatud teemade kaupa), kollabeerunud teemad (sektsioone saab avada ja sulgeda, korraga saab n\u00e4idata \u00fchte v\u00f5i rohkemat sektsiooni) ja alamsektsioonid (sektsioonide alla saab luua alamsektsioone, igat sektsiooni saab n\u00e4idata avatuna v\u00f5i suletuna).\u00a0\n<\/p>\n<h5>\n\tNB! Sektsioone saate lisada kursusele avalehe alumises servas lingist <em>+ Lisa teemasid<\/em>.\u00a0 Sektsiooni kustutada saab selle paremas \u00fclanurgas olevast lingist <em>Muuda<\/em> \u2013 <em>Kustuta teema<\/em> v\u00f5i <em>Kustuta n\u00e4dal<\/em>.<br>\n<\/h5>\n<p>\n\tKui valite formaadiks n\u00e4dalad, peate m\u00e4\u00e4rama kursuse alguskuup\u00e4eva \u2013 n\u00e4dalaid hakatakse arvestama sellest kuup\u00e4evast alates.\n<\/p>\n<p>\n\tN\u00fc\u00fcd saate hakata iga \u00fcksikut teemat v\u00f5i n\u00e4dalat kujundama:\n<\/p>\n<ul>\n<li>\n\t\tlisama pealkirja \u2013 <em>pliiatsi-nupp<\/em> ja salvestamiseks klaviatuuril <em>Enter<\/em>\n\t<\/li>\n<li>\n\t\tliigutama \u00fcles-alla teiste sektsioonide suhtes \u2013 nelja noolega nupp\n\t<\/li>\n<li>\n\t\tlisama sekstiooni kirjeldust v\u00f5i \u00f5pijuhist \u2013 link\u00a0<em>Muuda<\/em> \u2013 <em>Muuda teemat<\/em> v\u00f5i <em>Muuda n\u00e4dalat<\/em>\n\t<\/li>\n<li>\n\t\tlisama vahendeid ja tegevusi \u2013 link <em>+ Lisa vahend v\u00f5i tegevus\u00a0<\/em>\n\t<\/li>\n<\/ul>\n<p style=\"text-align: center\">\n\t<img loading=\"lazy\" decoding=\"async\" width=\"658\" height=\"119\" class=\"alignnone wp-image-833\" src=\"https:\/\/sisu.ut.ee\/wp-content\/uploads\/sites\/177\/sektsioon.png\" title=\"sektsioon.png\" alt=\"Sektsioon\" srcset=\"https:\/\/sisu.ut.ee\/wp-content\/uploads\/sites\/177\/sektsioon.png 658w, https:\/\/sisu.ut.ee\/wp-content\/uploads\/sites\/177\/sektsioon-300x54.png 300w\" sizes=\"auto, (max-width: 658px) 100vw, 658px\">\n<\/p>\n<p>\n\tLingist Muuda avanevad veel v\u00f5imalused:\n<\/p>\n<ul>\n<li>\n\t\t<em>T\u00f5sta esile \u2013\u00a0<\/em>(on olemas teemade formaadis)\u00a0tekitab antud teema \u00fcmber\u00a0raami eristamaks seda teistest. Selliselt v\u00f5ib esile t\u00f5sta just hetkel vajaliku teema v\u00f5i k\u00e4esoleva \u00f5ppeperioodi\n\t<\/li>\n<li>\n\t\t<em>Peida teema (n\u00e4dal) \u2013\u00a0<\/em>saab vastavat sektsiooni \u00f5ppijate eest peita\n\t<\/li>\n<li>\n\t\t<em>Kustuta teema (n\u00e4dal)<\/em> \u2013 kustutab terve sektsiooni koos selles olevate vahendite ja tegevustega\n\t<\/li>\n<\/ul>\n","protected":false},"excerpt":{"rendered":"<p>P\u00f5hiossa saate lisada selgitavat teksti, lisada viiteid \u00f5ppematerjalidele, Moodle\u2019i vahenditele ning tegevustele. Kursuse sisu muutmiseks peab l\u00fclituma muutmisre\u017eiimi: paremas \u00fclanurgas olevast nupust\u00a0\u00a0v\u00f5i seadistuste plokis lingist\u00a0Luba muutmine. Vaatamisre\u017eiimi saab uuesti \u00fcmber l\u00fclituda samas kohtas olevast nupust\u00a0\u00a0v\u00f5i lingist Keela muutmine. Kursuse p\u00f5hiosa &#8230;<\/p>\n","protected":false},"author":6,"featured_media":0,"parent":0,"menu_order":0,"comment_status":"closed","ping_status":"closed","template":"","meta":{"_acf_changed":false,"inline_featured_image":false,"footnotes":""},"class_list":["post-155","page","type-page","status-publish","hentry"],"acf":[],"_links":{"self":[{"href":"https:\/\/sisu.ut.ee\/juhendid\/wp-json\/wp\/v2\/pages\/155","targetHints":{"allow":["GET"]}}],"collection":[{"href":"https:\/\/sisu.ut.ee\/juhendid\/wp-json\/wp\/v2\/pages"}],"about":[{"href":"https:\/\/sisu.ut.ee\/juhendid\/wp-json\/wp\/v2\/types\/page"}],"author":[{"embeddable":true,"href":"https:\/\/sisu.ut.ee\/juhendid\/wp-json\/wp\/v2\/users\/6"}],"replies":[{"embeddable":true,"href":"https:\/\/sisu.ut.ee\/juhendid\/wp-json\/wp\/v2\/comments?post=155"}],"version-history":[{"count":1,"href":"https:\/\/sisu.ut.ee\/juhendid\/wp-json\/wp\/v2\/pages\/155\/revisions"}],"predecessor-version":[{"id":1696,"href":"https:\/\/sisu.ut.ee\/juhendid\/wp-json\/wp\/v2\/pages\/155\/revisions\/1696"}],"wp:attachment":[{"href":"https:\/\/sisu.ut.ee\/juhendid\/wp-json\/wp\/v2\/media?parent=155"}],"curies":[{"name":"wp","href":"https:\/\/api.w.org\/{rel}","templated":true}]}}