{"id":150,"date":"2024-04-04T02:50:46","date_gmt":"2024-04-03T23:50:46","guid":{"rendered":"https:\/\/sisu.ut.ee\/juhendid\/kursuse-seaded\/"},"modified":"2025-08-04T13:46:57","modified_gmt":"2025-08-04T10:46:57","slug":"kursuse-seaded","status":"publish","type":"page","link":"https:\/\/sisu.ut.ee\/juhendid\/kursuse-seaded\/","title":{"rendered":"Kursuse seaded"},"content":{"rendered":"<p id=\"id-2.Kuidasalustadauuee-kursuseloomisegaMoodle'is-8.Kursuseseaded\">Kursuse \u00fcldisi seadeid saab muuta vasakus plokis\u00a0<em>Seadistused \u2013 Muuda s\u00e4tteid<\/em>.<\/p>\n<p>Kursuse kokkuv\u00f5tte lahtris olev tekst on n\u00e4htav k\u00f5igile Moodle\u2019i k\u00fclastajatele ka keskkonda sisenemata. Seal v\u00f5iks olla kursuse l\u00fchitutvustus. \u00d5ISi kaudu kursuse p\u00f5hja luues v\u00f5i ainekava juures andmeid uuendades, lisatakse kursuse kokkuv\u00f5tteks automaatselt \u00d5ISis olev aine sisu l\u00fchikirjeldus.<\/p>\n<p>Kursuse seadistamiseks valige plokist\u00a0<em>Seadistused\u00a0<\/em>viide\u00a0<em>Muuda s\u00e4tteid<\/em>.<\/p>\n<ul>\n<li><span data-mce-mark=\"1\"><em>Kursuse t\u00e4isnimi<\/em><\/span>\u00a0\u2013 kursuse avalik nimi, mida n\u00e4evad k\u00f5ik kursuste nimekirjas. Tuleb automaatselt \u00d5ISist.<\/li>\n<li><strong><em>Kursuse l\u00fchinimi<\/em><\/strong>\u00a0\u2013 kursuse nime l\u00fchendatud versioon, mida n\u00e4eb veebilehitseja navigatsiooniribal (tavaliselt ainekood). Selle kaudu luuakse seos konkreetse e-kursuse ja \u00d5ISi ainekava vahel.\u00a0Tuleb automaatselt \u00d5ISist.<\/li>\n<\/ul>\n<h5>Kursuse l\u00fchinime te ise muuta ei saa. Te vajate seda seose loomiseks e-kursuse ning \u00d5Isi ainekava vahel.<\/h5>\n<ul>\n<li><strong><em>Kursuse n\u00e4htavus<\/em>\u00a0<\/strong>\u2013 m\u00e4\u00e4rab, kas kursust n\u00e4eb kursuste loetelus (eeldus kursusele registreerumiseks ja \u00f5ppijal ka kursusele sisenemiseks).<\/li>\n<li><em>Kursuse alguskuup\u00e4ev<\/em>\u00a0\u2013 n\u00e4dala formaat seadistatakse sellest kuup\u00e4evast alates.<\/li>\n<li><em>Kursuse l\u00f5ppkuup\u00e4ev<\/em><\/li>\n<li><em>Kursuse ID<\/em>\u00a0\u2013 kursuse numbriline tunnus. Tekib automaatselt.<\/li>\n<li><span data-mce-mark=\"1\"><em>Kursuse kokkuv\u00f5te<\/em><\/span>\u00a0\u2013 kursuse tutvustus, mida n\u00e4idatakse k\u00f5igile kursuste nimekirjast kursuse nimel klikkides (n\u00e4iteks kursuse teema, sihtr\u00fchm, eesm\u00e4rgid, \u00f5ppej\u00f5ud jne). \u00d5ISi kaudu loodud e-kursustele lisatakse automaatselt \u00d5ISis olev tutvustus.<\/li>\n<li><strong>Failid<\/strong> \u2013 sinna lisatud \u00fcks pilt suurusega 185 x 112 pikselit on Moodle\u2019i t\u00f6\u00f6laual viimati k\u00fclastatud kursuste plokis kursuse pisipildiks.<\/li>\n<li><strong><em>Formaat<\/em>\u00a0<\/strong>\u2013 n\u00e4dalad (kursus on jaotatud n\u00e4dalateks), \u00a0teemad (kursus on jaotatud teemade kaupa), kollabeerunud teemad (sektsioone saab avada ja sulgeda, korraga saab n\u00e4idata \u00fchte v\u00f5i rohkemat sektsiooni) ja alamsektsioonid \u00a0(sektsioonide alla saab luua alamsektsioone, igat sektsiooni saab n\u00e4idata avatuna v\u00f5i suletuna).\u00a0Soovi korral v\u00f5ib valitud formaati hiljem muuta.<\/li>\n<li><em>Peidetud plokid<\/em>\u00a0\u2013 peidetud plokke ei n\u00e4idata \u00fcldse v\u00f5i n\u00e4idatakse v\u00e4ikese halli ristk\u00fclikuna.<\/li>\n<li><em>Kursuse jaotamine lehek\u00fclgedele<\/em>\u00a0\u2013 kursuse sisu on v\u00f5imalik paigutada moodulite (st n\u00e4dalate v\u00f5i teemade) kaupa eraldi lehtedele.<\/li>\n<li><em>Sunni keel<\/em>\u00a0\u2013 muudab kursuse keele vastavalt valikule.<\/li>\n<li><em>Mitut uudist n\u00e4idatakse<\/em>\u00a0\u2013 uudiste arv plokis Viimased uudised.<\/li>\n<li><em>N\u00e4ita \u00f5ppijale tema hindeid<\/em>\u00a0\u2013 kas \u00f5ppijale n\u00e4idatakse hindeid (valik\u00a0<em>jah<\/em>) v\u00f5i mitte (valik\u00a0<em>ei<\/em>).<\/li>\n<li><em>N\u00e4ita \u00f5ppijale tegevuse \u00fclevaateid<\/em>\u00a0\u2013 kas \u00f5ppijale n\u00e4idatakse tema tegevuste log-faili.<\/li>\n<li><span data-mce-mark=\"1\"><em>Kursuse failid<\/em><\/span>\u00a0\u2013 jah \u2013 n\u00e4ete vasakus men\u00fc\u00fcs kursuse failide kausta, kuhu on soovitatav k\u00f5ik oma kursuse failid paigutada.<\/li>\n<li><strong><em>Maksimaalne \u00fcleslaadimise suurus<\/em>\u00a0<\/strong>\u2013 millises mahus on v\u00f5imalik \u00fchel korral kursusele faile lisada (soovitatav kuni 2 Mb, vajadusel saab kursuse toimumise ajal suurendada).<\/li>\n<\/ul>\n<h5>Kui Moodle\u2019i teatab teile materjale e-kursusele laadides, et fail on liiga suur, peaksite kursuse seadete lehel maksimaalse \u00fcleslaadimise suurust t\u00f5stma.<\/h5>\n<ul>\n<li><strong><em>L\u00f5petamise j\u00e4lgimine<\/em><\/strong> \u2013 jah \u2013 saate kursusele lisada ploki <em>Edenemise skaala<\/em>.<\/li>\n<li><strong><span data-mce-mark=\"1\"><em>R\u00fchmare\u017eiim\u00a0<\/em><\/span><\/strong>\u00a0m\u00f5jub \u00fcle terve kursuse:\u00a0<em>R\u00fchmi pole<\/em>\u00a0(\u00f5ppijaid pole r\u00fchmadesse jaotatud),\u00a0<em>Eraldatud r\u00fchmad<\/em>\u00a0(eri r\u00fchmade \u00f5ppijad ei n\u00e4e \u00fcksteist ega teise r\u00fchma \u00f5ppijate tegevusi),\u00a0<em>N\u00e4htavad r\u00fchmad<\/em>\u00a0(eri r\u00fchmade \u00f5ppijad n\u00e4evad \u00fcksteise tegevusi, kuid ei saa teise r\u00fchma vahendeid kasutada). Kui \u00f5ppet\u00f6\u00f6 toimub r\u00fchmades ja te soovite vaadata hindetabelit r\u00fchmade kaupa, m\u00e4\u00e4rake kursusele mittesunnitud r\u00fchmare\u017eiim (pole vahet, milline). Siis tekib hindetabelisse rippmen\u00fc\u00fc, kust saab just soovitud r\u00fchma \u00f5ppijad v\u00e4lja filtreerida.<\/li>\n<\/ul>\n<h5>Kui m\u00e4\u00e4rata tervele kursusele mittesunnitud r\u00fchmare\u017eiim, saate kursuse hindetabelit r\u00fchmade j\u00e4rgi filtreerida.<\/h5>\n<ul>\n<li><strong><em>Sunni r\u00fchmare\u017eiimi<\/em>\u00a0<\/strong>\u2013 sunnitud r\u00fchmare\u017eiim m\u00f5jub \u00fcle k\u00f5igi tegevuste \u00fcle terve kursuse. Kui r\u00fchmare\u017eiim pole sunnitud, saab tegevuste juures r\u00fchmare\u017eiimi eraldi m\u00e4\u00e4rata.<\/li>\n<li><em>R\u00fchmitus<\/em>\u00a0\u2013 kursusel saab r\u00fchmadest moodustada omakorda suuremaid r\u00fchmi (<em>Seadistused \u2013 Kasutajad \u2013 R\u00fchmad \u2013 R\u00fchmitused<\/em>) ja nendele siis omakorda vahendite kasutamise tingimusi m\u00e4\u00e4rata.<\/li>\n<li><em>Rolli \u00fcmber nimetamine<\/em>. Kursuse rolle pole m\u00f5tet \u00fcmber nimetada, kuna erinevad nimetused erinevatel kursustel tekitavad \u00f5ppijates vaid segadust.<\/li>\n<li><em>Sildid<\/em> \u2013 m\u00e4rks\u00f5nad, mida saab sisestada nii kursuse, tegevuste kui vahendite seadete lehtedel ja mida kuvatakse p\u00e4rast kursusele lisatud plokis Sildid.<\/li>\n<\/ul>\n","protected":false},"excerpt":{"rendered":"<p>Kursuse \u00fcldisi seadeid saab muuta vasakus plokis\u00a0Seadistused \u2013 Muuda s\u00e4tteid. Kursuse kokkuv\u00f5tte lahtris olev tekst on n\u00e4htav k\u00f5igile Moodle\u2019i k\u00fclastajatele ka keskkonda sisenemata. Seal v\u00f5iks olla kursuse l\u00fchitutvustus. \u00d5ISi kaudu kursuse p\u00f5hja luues v\u00f5i ainekava juures andmeid uuendades, lisatakse kursuse &#8230;<\/p>\n","protected":false},"author":6,"featured_media":0,"parent":0,"menu_order":0,"comment_status":"closed","ping_status":"closed","template":"","meta":{"_acf_changed":false,"inline_featured_image":false,"footnotes":""},"class_list":["post-150","page","type-page","status-publish","hentry"],"acf":[],"_links":{"self":[{"href":"https:\/\/sisu.ut.ee\/juhendid\/wp-json\/wp\/v2\/pages\/150","targetHints":{"allow":["GET"]}}],"collection":[{"href":"https:\/\/sisu.ut.ee\/juhendid\/wp-json\/wp\/v2\/pages"}],"about":[{"href":"https:\/\/sisu.ut.ee\/juhendid\/wp-json\/wp\/v2\/types\/page"}],"author":[{"embeddable":true,"href":"https:\/\/sisu.ut.ee\/juhendid\/wp-json\/wp\/v2\/users\/6"}],"replies":[{"embeddable":true,"href":"https:\/\/sisu.ut.ee\/juhendid\/wp-json\/wp\/v2\/comments?post=150"}],"version-history":[{"count":2,"href":"https:\/\/sisu.ut.ee\/juhendid\/wp-json\/wp\/v2\/pages\/150\/revisions"}],"predecessor-version":[{"id":4732,"href":"https:\/\/sisu.ut.ee\/juhendid\/wp-json\/wp\/v2\/pages\/150\/revisions\/4732"}],"wp:attachment":[{"href":"https:\/\/sisu.ut.ee\/juhendid\/wp-json\/wp\/v2\/media?parent=150"}],"curies":[{"name":"wp","href":"https:\/\/api.w.org\/{rel}","templated":true}]}}