{"id":149,"date":"2024-04-04T02:50:46","date_gmt":"2024-04-03T23:50:46","guid":{"rendered":"https:\/\/sisu.ut.ee\/juhendid\/ruhmatooks-sobivad-tegevused-moodleis\/"},"modified":"2024-04-11T11:28:57","modified_gmt":"2024-04-11T08:28:57","slug":"ruhmatooks-sobivad-tegevused-moodleis","status":"publish","type":"page","link":"https:\/\/sisu.ut.ee\/juhendid\/ruhmatooks-sobivad-tegevused-moodleis\/","title":{"rendered":"R\u00fchmat\u00f6\u00f6ks sobivad tegevused Moodle&#8217;is"},"content":{"rendered":"<p id=\"id-7.R\u00fchmat\u00f6\u00f6Moodle'is-4.R\u00fchmat\u00f6\u00f6kssobivadtegevusedMoodle'is\">\n\tMoodle\u2019is saab r\u00fchmat\u00f6\u00f6ks kasutada j\u00e4rgmisi tegevusi: \u00a0\n<\/p>\n<ul>\n<li>\n\t\t<a href=\"https:\/\/sisu.ut.ee\/juhendid\/foorum\" target=\"_blank\" rel=\"noopener\">foorum\u00a0<\/a>\u2013\u00a0loote foorumi (as\u00fcnkroonseks suhtlemiseks, r\u00fchmat\u00f6\u00f6 esitamiseks) ja m\u00e4\u00e4rate sellele sobiva r\u00fchmare\u017eiimi\n\t<\/li>\n<li>\n\t\t<a href=\"https:\/\/sisu.ut.ee\/juhendid\/viki\" target=\"_blank\" rel=\"noopener\">viki\u00a0<\/a>\u2013 loote viki ja m\u00e4\u00e4rate sellele sobiva r\u00fchmare\u017eiimi (iga r\u00fchma liige saab toimetada vaid enda r\u00fchma faile)\n\t<\/li>\n<li>\n\t\t<a href=\"https:\/\/sisu.ut.ee\/juhendid\/jututuba\" target=\"_blank\" rel=\"noopener\">jututuba\u00a0<\/a>\u2013 s\u00fcnkroonseks suhtlemiseks\n\t<\/li>\n<li>\n\t\t<a href=\"https:\/\/sisu.ut.ee\/juhendid\/m%C3%B5istekaart\" target=\"_blank\" rel=\"noopener\">moistekaart\u00a0<\/a>\u2013 igale r\u00fchmale tuleb luua eraldi moistekaart\n\t<\/li>\n<li>\n\t\t<a href=\"https:\/\/sisu.ut.ee\/juhendid\/r%C3%BChma-valimine\" target=\"_blank\" rel=\"noopener\">r\u00fchmade valimine<\/a>\u00a0\u2013 loote esmalt kursusele t\u00fchjad r\u00fchmad ja lasete \u00f5ppijatel ise sobiva r\u00fchmaga liituda\n\t<\/li>\n<li>\n\t\t<a href=\"https:\/\/sisu.ut.ee\/juhendid\/%C3%BClesanne\" target=\"_blank\" rel=\"noopener\">ulesanne<\/a>\u00a0\u2013\u00a0\u00fcks r\u00fchmaliikmetest (v\u00f5i ka k\u00f5ik) esitab r\u00fchmat\u00f6\u00f6 ja k\u00f5iki r\u00fchmaliikmeid hinnatakse erinevalt v\u00f5i korraga (sama hindega)\u00a0\n\t<\/li>\n<li>\n\t\t<a data-url=\"https:\/\/sisu.ut.ee\/juhendid\/veebiseminarid\" href=\"https:\/\/sisu.ut.ee\/juhendid\/veebiseminarid\" title=\"\">BBB<\/a> (BigBlueButton)\u00a0\u2013 m\u00e4\u00e4rate BBBs k\u00f5ik \u00f5ppijad esitleja rolli, kes saavad siis jagada videot, audiot, slaide, arvutiekraani,\u00a0kasutada jututuba,\u00a0valget tahvlit ja\u00a0kusitlust\u00a0\n\t<\/li>\n<li>\n\t\t<a data-url=\"https:\/\/sisu.ut.ee\/juhendid\/ms-teams\" href=\"https:\/\/sisu.ut.ee\/juhendid\/ms-teams\" title=\"\">MS Teams<\/a>\u00a0\u2013 tellite Microsofti liidestuse ja loote t\u00f6\u00f6r\u00fchma, kus\u00a0saab pidada vestlusi, videokonverentse ning luua ja hallata faile\u00a0\u00a0\n\t<\/li>\n<li>\n\t\t<a data-url=\"https:\/\/sisu.ut.ee\/juhendid\/vastastikhindamine\" href=\"https:\/\/sisu.ut.ee\/juhendid\/vastastikhindamine\" title=\"\">vastastikhindamine<\/a> \u2013 Moodle\u2019i tegevus r\u00fchmat\u00f6\u00f6s r\u00fchmakaaslaste panuse hindamiseks\n\t<\/li>\n<li>\n\t\t<a data-url=\"https:\/\/sisu.ut.ee\/juhendid\/veebitahvel\" href=\"https:\/\/sisu.ut.ee\/juhendid\/veebitahvel\" title=\"\">veebitahvel<\/a> \u2013\u00a0vahend, mis v\u00f5imaldab luua ja l\u00e4bi viia koost\u00f6\u00f6\u00fclesandeid. \u00d5ppej\u00f5ud lisab veebitahvlile veerud, kuhu \u00f5ppijad postitavad teksti, lingi, pildi v\u00f5i YouTube\u2019i video n\u00e4ol oma kaast\u00f6\u00f6d. \u00d5ppijad ei n\u00e4e, kes on mida veebitahvlile postitanud. \u00d5ppej\u00f5ud saab lubada postituste hindamise kas \u00f5ppej\u00f5udude, \u00f5ppija v\u00f5i m\u00f5lemate poolt.\u00a0\n\t<\/li>\n<\/ul>\n<h3 id=\"id-7.R\u00fchmat\u00f6\u00f6Moodle'is-5.N\u00e4ide\">\n\tN\u00e4ide<br>\n<\/h3>\n<ol>\n<li>\n\t\tTeie kursusel toimuvad seminarid, mille r\u00fchmadesse registreeruvad \u00f5ppijad \u00d5ISis. E-kursusel soovite kasutada kahte r\u00fchmat\u00f6\u00f6d.\n\t<\/li>\n<li>\n\t\tEsimene neist toimuks neljastes r\u00fchmades, mille raames peaksid \u00fcli\u00f5pilased teile e-kursusel esitama r\u00fchmana kokkuv\u00f5tte ja teie soovite tervet r\u00fchma tervikuna hinnata. R\u00fchmad \u00fcksteise esitatud t\u00f6id n\u00e4ha ei tohiks.\n\t<\/li>\n<li>\n\t\tTeine r\u00fchmat\u00f6\u00f6 peaks toimuma samades neljastes r\u00fchmades veebip\u00f5hise seminarina, mille raames valib iga r\u00fchma endale ise teema ja milles osalemist soovite hinnata iga \u00f5ppija puhul eraldi ning p\u00e4rast r\u00fchmat\u00f6\u00f6 l\u00f5ppu soovite, et r\u00fchmad saaksid \u00fcksteise kokkuv\u00f5tteid vaadata ja kommenteerida.\n\t<\/li>\n<\/ol>\n<p>\n\t<span>Lahendused:<\/span>\n<\/p>\n<p>\n\t1.\u00a0Kui \u00f5ppijad on registreerunud \u00d5ISis r\u00fchmadesse, kantakse \u00d5ISi kaudu koos \u00f5ppijatega e-kursusele \u00fcle ka r\u00fchmad.\n<\/p>\n<ul>\n<li>\n\t\tEt hindetabelis oleks mugav \u00f5ppijaid r\u00fchmade kaupa filtreerida, seadistage e-kursus r\u00fchmare\u017eiimi:\u00a0<em>seadistuste plokk \u2013 Muuda s\u00e4tteid \u2013 R\u00fchmare\u017eiim<\/em>\u00a0on\u00a0<em>n\u00e4htavad v\u00f5i eraldatud r\u00fchmad \u2013 Sunni r\u00fchmare\u017eiim puudub, R\u00fchmitamine puudub.<\/em>\n\t<\/li>\n<li>\n\t\tLooge k\u00e4sitsi v\u00f5i automaatselt t\u00fchjad r\u00fchmad:\u00a0<em>Seadistused\u00a0\u2013 Kasutajad \u2013 R\u00fchmad \u2013\u00a0Loo r\u00fchmad automaatselt<\/em>\u00a0ning m\u00e4\u00e4rake sobivad seaded. T\u00fchjade r\u00fchmade loomiseks tuleb r\u00fchmaliikmete jaotamise seadeks m\u00e4\u00e4rata \u2013\u00a0<em><em>\u00c4ra lisa \u00f5ppijaid<\/em>.\u00a0<\/em>\n\t<\/li>\n<li>\n\t\tLisate kursusele tegevuse\u00a0<em>R\u00fchma valimine<\/em>, m\u00e4\u00e4rate \u00f5ppijate arvu r\u00fchmades \u2013 vasakus men\u00fc\u00fcs\u00a0<em>R\u00fchmade suuruste m\u00e4\u00e4ramine<\/em>.\n\t<\/li>\n<li>\n\t\tEt eristada kursusel kahte erinevat r\u00fchmas\u00fcsteemi (seminarir\u00fchmad ja r\u00fchmat\u00f6\u00f6de r\u00fchmad), loote r\u00fchmat\u00f6\u00f6de r\u00fchmadest r\u00fchmituse. R\u00fchmituste loomiseks\u00a0minge r\u00fchmade loomise lehele (<em>Seadistused \u2013 Kasutajad \u2013 R\u00fchmad<\/em>), klikkige rippmen\u00fc\u00fcs\u00a0<em>R\u00fchmitused<\/em>, nupul\u00a0<em>Loo r\u00fchmitus<\/em>. R\u00fchmitusse kuuluvate r\u00fchmade m\u00e4\u00e4ramiseks klikkige r\u00fchmituse rea l\u00f5pus olevat\u00a0<em>inimestega nupukest<\/em>.\n\t<\/li>\n<\/ul>\n<p>\n\t2. Lisage kursusele tegevusena ulesanne.\n<\/p>\n<ul>\n<li>\n\t\tM\u00e4\u00e4rake selle\u00a0r\u00fchmaseadetes\u00a0<em>\u00d5ppijad esitavad r\u00fchmades \u2013 Jah<\/em>\u00a0ja\u00a0<em>\u00d5ppijate r\u00fchmade r\u00fchmitus<\/em>\u00a0\u2013 valige r\u00fchmat\u00f6\u00f6de r\u00fchmadest moodustatud r\u00fchmitus.\u00a0\n\t<\/li>\n<li>\n\t\tEt esitatud \u00fclesandeid oleks mugav r\u00fchmade kaudu filtreerida, m\u00e4\u00e4rate r\u00fchmare\u017eiim ka mooduli \u00fcldistes seadetes:\u00a0<em>R\u00fchmare\u017eiim \u2013 eraldatud v\u00f5i n\u00e4htavad r\u00fchmad; R\u00fchmitamine<\/em>\u00a0\u2013\u00a0valige r\u00fchmat\u00f6\u00f6de r\u00fchmadest moodustatud r\u00fchmitus.\n\t<\/li>\n<\/ul>\n<p>\n\t3. Teise r\u00fchmat\u00f6\u00f6 jaoks on r\u00fchmad juba loodud ja \u00f5ppijad on samuti r\u00fchmades.\u00a0\n<\/p>\n<ul>\n<li>\n\t\tSelleks r\u00fchmat\u00f6\u00f6ks sobib eraldatud r\u00fchmade re\u017eiimis foorum, kus \u00f5ppijad saavad teiste r\u00fchmade eest varjatult arutada ning kokkuv\u00f5tte koostada ja teie nende foorumipostitusi hinnata.\u00a0M\u00e4\u00e4rake foorumi seadetes foorum hinnatavaks ning seadistage r\u00fchmareziimi:\u00a0<em>R\u00fchmare\u017eiim \u2013 eraldatud v\u00f5i n\u00e4htavad r\u00fchmad; R\u00fchmitamine<\/em>\u00a0\u2013\u00a0valige r\u00fchmat\u00f6\u00f6de r\u00fchmadest moodustatud r\u00fchmitus.\n\t<\/li>\n<li>\n\t\tTeemade valimiseks sobib n\u00e4iteks viki, mis POLE r\u00fchmare\u017eiimis ja mis sisaldab tabelit teemade nimetuste jaoks, mille j\u00e4rele saavad \u00f5ppijad ise enda r\u00fchma v\u00f5i r\u00fchmaliikmete nimed kirjutada.\n\t<\/li>\n<li>\n\t\tEt r\u00fchmat\u00f6\u00f6de kokkuv\u00f5tted oleksid n\u00e4htavad ja kommenteeritavad teistele r\u00fchmadele, loote veel \u00fche foorumi, mis POLE r\u00fchmare\u017eiimis ja palute iga r\u00fchma esindajal kokkuv\u00f5tte sinna esitada. Kuna r\u00fchmat\u00f6\u00f6s osalemist hindasite eelmise foorumi kaudu, pole antud foorum hinnatavaks seadistatud.\n\t<\/li>\n<\/ul>\n<h5>\n\tNB! Kui soovite, et vastavat tegevust n\u00e4eksid ja saaksid kasutada vaid kindlas r\u00fchmituses olevad \u00f5ppijad, peaks tegevuse seadetes lisaks r\u00fchmitusele olema m\u00e4rgitud linnukesega ka seade <em>N\u00e4htav ainult r\u00fchmaliikmetele<\/em>.<br>\n<\/h5>\n","protected":false},"excerpt":{"rendered":"<p>Moodle\u2019is saab r\u00fchmat\u00f6\u00f6ks kasutada j\u00e4rgmisi tegevusi: \u00a0 foorum\u00a0\u2013\u00a0loote foorumi (as\u00fcnkroonseks suhtlemiseks, r\u00fchmat\u00f6\u00f6 esitamiseks) ja m\u00e4\u00e4rate sellele sobiva r\u00fchmare\u017eiimi viki\u00a0\u2013 loote viki ja m\u00e4\u00e4rate sellele sobiva r\u00fchmare\u017eiimi (iga r\u00fchma liige saab toimetada vaid enda r\u00fchma faile) jututuba\u00a0\u2013 s\u00fcnkroonseks suhtlemiseks moistekaart\u00a0\u2013 igale &#8230;<\/p>\n","protected":false},"author":6,"featured_media":0,"parent":0,"menu_order":0,"comment_status":"closed","ping_status":"closed","template":"","meta":{"_acf_changed":false,"inline_featured_image":false,"footnotes":""},"class_list":["post-149","page","type-page","status-publish","hentry"],"acf":[],"_links":{"self":[{"href":"https:\/\/sisu.ut.ee\/juhendid\/wp-json\/wp\/v2\/pages\/149","targetHints":{"allow":["GET"]}}],"collection":[{"href":"https:\/\/sisu.ut.ee\/juhendid\/wp-json\/wp\/v2\/pages"}],"about":[{"href":"https:\/\/sisu.ut.ee\/juhendid\/wp-json\/wp\/v2\/types\/page"}],"author":[{"embeddable":true,"href":"https:\/\/sisu.ut.ee\/juhendid\/wp-json\/wp\/v2\/users\/6"}],"replies":[{"embeddable":true,"href":"https:\/\/sisu.ut.ee\/juhendid\/wp-json\/wp\/v2\/comments?post=149"}],"version-history":[{"count":1,"href":"https:\/\/sisu.ut.ee\/juhendid\/wp-json\/wp\/v2\/pages\/149\/revisions"}],"predecessor-version":[{"id":1702,"href":"https:\/\/sisu.ut.ee\/juhendid\/wp-json\/wp\/v2\/pages\/149\/revisions\/1702"}],"wp:attachment":[{"href":"https:\/\/sisu.ut.ee\/juhendid\/wp-json\/wp\/v2\/media?parent=149"}],"curies":[{"name":"wp","href":"https:\/\/api.w.org\/{rel}","templated":true}]}}