{"id":146,"date":"2024-04-04T02:50:46","date_gmt":"2024-04-03T23:50:46","guid":{"rendered":"https:\/\/sisu.ut.ee\/juhendid\/moistekaart\/"},"modified":"2024-04-11T10:43:01","modified_gmt":"2024-04-11T07:43:01","slug":"moistekaart","status":"publish","type":"page","link":"https:\/\/sisu.ut.ee\/juhendid\/moistekaart\/","title":{"rendered":"M\u00f5istekaart"},"content":{"rendered":"<p>\n\tM\u00f5istekaart v\u00f5imaldab \u00f5ppej\u00f5ul ja \u00f5ppijatel \u00fchist\u00f6\u00f6na koostada m\u00f5istekaardi. Kui kasutada moistekaarti r\u00fchmat\u00f6\u00f6na, tuleks igale r\u00fchmale eraldi moistekaart luua.\n<\/p>\n<h3>\n\tM\u00f5istekaardi lisamiseks:<br>\n<\/h3>\n<ul>\n<li>\n\t\tvalige lingist\u00a0<em>Lisa vahend v\u00f5i tegevus<\/em>\u00a0avanevast aknast\u00a0<em>M\u00f5istekaart<\/em>\n\t<\/li>\n<li>\n\t\tsisestage nimi ning kirjeldus\n\t<\/li>\n<li>\n\t\tvaikimisi seadetega saavad \u00f5ppijad moistekaarti muuta ja lukustada\n\t<\/li>\n<li>\n\t\tsalvestage seaded ja avage moistekaart\n\t<\/li>\n<li>\n\t\tkeskseks m\u00f5isteks on vaikimisi <em>Moodle<\/em> \u2013 kl\u00f5psake sellel ja muutke sobivaks\n\t<\/li>\n<li>\n\t\tuute l\u00fclide lisamiseks kl\u00f5psake <em>Lisa l\u00fcli <\/em>ning kl\u00f5psake m\u00f5istekaardi ala t\u00fchjal kohal\u00a0v\u00f5i kasutage klaviatuuril <em>Insert-klahvi<\/em>\n\t<\/li>\n<li>\n\t\tl\u00fclisid saab muuta <em>Muuda l\u00fcli <\/em>abil (saab muuta l\u00fcli kujundit, teksti- ja taustav\u00e4rve)\n\t<\/li>\n<li>\n\t\tl\u00fclisid saab \u00fchendada joonega, kl\u00f5psates\u00a0l\u00fclil ja vedades\u00a0joone teise l\u00fclini\n\t<\/li>\n<li>\n\t\tl\u00fclide paindlik joontega \u00fchendamine v\u00f5imaldab m\u00f5istekaardil alustada hargnevusi mitmest kohast\n\t<\/li>\n<li>\n\t\tm\u00f5istekaardi sisu tsentreerimiseks on v\u00f5imalik kasutada vasakul all\u00e4\u00e4res olevat tsentreerimise nuppu\u00a0<img loading=\"lazy\" decoding=\"async\" width=\"66\" height=\"72\" class=\"alignnone wp-image-817\" style=\"width: 20px;height: 22px\" src=\"https:\/\/sisu.ut.ee\/wp-content\/uploads\/sites\/177\/tsentreeri_01.png\" title=\"tsentreeri_01.png\" alt=\"tsentreeri\">\n\t<\/li>\n<\/ul>\n<p style=\"text-align: center\">\n\t<img loading=\"lazy\" decoding=\"async\" width=\"1160\" height=\"680\" class=\"alignnone wp-image-815\" style=\"width: 850px;height: 498px\" src=\"https:\/\/sisu.ut.ee\/wp-content\/uploads\/sites\/177\/moistekaart.png\" title=\"moistekaart.png\" alt=\"moistekaart\" srcset=\"https:\/\/sisu.ut.ee\/wp-content\/uploads\/sites\/177\/moistekaart.png 1160w, https:\/\/sisu.ut.ee\/wp-content\/uploads\/sites\/177\/moistekaart-300x176.png 300w, https:\/\/sisu.ut.ee\/wp-content\/uploads\/sites\/177\/moistekaart-1024x600.png 1024w, https:\/\/sisu.ut.ee\/wp-content\/uploads\/sites\/177\/moistekaart-768x450.png 768w\" sizes=\"auto, (max-width: 1160px) 100vw, 1160px\">\u00a0\u00a0\n<\/p>\n<p style=\"text-align: left\">\n\t<br><strong>\u00d5ppija hindamist<\/strong><span>\u00a0v\u00f5ib korraldada n\u00e4iteks \u00fclesande kaudu. Samas tuleb arvestada sellega, et \u00f5ppijate isikuid ega panust pole v\u00f5imalik m\u00f5istkaardil tuvastada.<\/span>\n<\/p>\n<h2 style=\"text-align: left\">\n\tM\u00f5istekaart on alates 2020. aasta 1. aprillist Javascrpti-p\u00f5hine<br>\n<\/h2>\n<h5>\n\tNB! Varem loodud m\u00f5istekaardid vajavad \u00fcmberkonverteerimist!<br>\n<\/h5>\n<p>\n\tMoodle\u2019i m\u00f5istekaardi vahend oli varem Flashi-p\u00f5hine, kuid kuna Flashi rakenduste tugi varsti kaob ning teatud veebilehitsejates ei t\u00f6\u00f6ta Flashi rakendused juba praegu, siis sai n\u00fc\u00fcd Moodle\u2019i m\u00f5istekaardi vahend arendatud Javascripti-p\u00f5hiseks.\u00a0\n<\/p>\n<h5>\n\tNB! \u00d5ppijad kasutuseloleva m\u00f5istekaardi sisu enne ei n\u00e4e, kui \u00f5ppej\u00f5ud pole moistekaarti Javascripti-p\u00f5hiseks \u00fcmber konverteerinud.<br>\n<\/h5>\n<h3>\n\tVana m\u00f5istekaardi konverteerimiseks Javascripti-p\u00f5hiseks:<br>\n<\/h3>\n<ul>\n<li>\n\t\tavage moistekaart\n\t<\/li>\n<li>\n\t\tkl\u00f5psake vasakul men\u00fc\u00fcs oleval lingil \u201c<em>Konverteeri Flashist<\/em>\u201d (<i>Convert from Flash<\/i>). Seej\u00e4rel kuvatakse teile m\u00f5istekaardi vana Flashi-p\u00f5hine vaade ja uus Javascipti-p\u00f5hine vaade\n\t<\/li>\n<li>\n\t\tvaadake Javascripti-p\u00f5hise m\u00f5istekaardi sisu \u00fcle ning vajadusel muutke\n\t<\/li>\n<li>\n\t\tsalvestage muudatused\n\t<\/li>\n<\/ul>\n<p>\n\tJ\u00e4rgmine kord moistekaarti avades kuvatakse teile vaid Javascripti-p\u00f5hine vaade.<\/p>\n","protected":false},"excerpt":{"rendered":"<p>M\u00f5istekaart v\u00f5imaldab \u00f5ppej\u00f5ul ja \u00f5ppijatel \u00fchist\u00f6\u00f6na koostada m\u00f5istekaardi. Kui kasutada moistekaarti r\u00fchmat\u00f6\u00f6na, tuleks igale r\u00fchmale eraldi moistekaart luua. M\u00f5istekaardi lisamiseks: valige lingist\u00a0Lisa vahend v\u00f5i tegevus\u00a0avanevast aknast\u00a0M\u00f5istekaart sisestage nimi ning kirjeldus vaikimisi seadetega saavad \u00f5ppijad moistekaarti muuta ja lukustada salvestage seaded &#8230;<\/p>\n","protected":false},"author":6,"featured_media":0,"parent":0,"menu_order":0,"comment_status":"closed","ping_status":"closed","template":"","meta":{"_acf_changed":false,"inline_featured_image":false,"footnotes":""},"class_list":["post-146","page","type-page","status-publish","hentry"],"acf":[],"_links":{"self":[{"href":"https:\/\/sisu.ut.ee\/juhendid\/wp-json\/wp\/v2\/pages\/146","targetHints":{"allow":["GET"]}}],"collection":[{"href":"https:\/\/sisu.ut.ee\/juhendid\/wp-json\/wp\/v2\/pages"}],"about":[{"href":"https:\/\/sisu.ut.ee\/juhendid\/wp-json\/wp\/v2\/types\/page"}],"author":[{"embeddable":true,"href":"https:\/\/sisu.ut.ee\/juhendid\/wp-json\/wp\/v2\/users\/6"}],"replies":[{"embeddable":true,"href":"https:\/\/sisu.ut.ee\/juhendid\/wp-json\/wp\/v2\/comments?post=146"}],"version-history":[{"count":1,"href":"https:\/\/sisu.ut.ee\/juhendid\/wp-json\/wp\/v2\/pages\/146\/revisions"}],"predecessor-version":[{"id":1705,"href":"https:\/\/sisu.ut.ee\/juhendid\/wp-json\/wp\/v2\/pages\/146\/revisions\/1705"}],"wp:attachment":[{"href":"https:\/\/sisu.ut.ee\/juhendid\/wp-json\/wp\/v2\/media?parent=146"}],"curies":[{"name":"wp","href":"https:\/\/api.w.org\/{rel}","templated":true}]}}