{"id":145,"date":"2024-04-04T02:50:46","date_gmt":"2024-04-03T23:50:46","guid":{"rendered":"https:\/\/sisu.ut.ee\/juhendid\/kusitlus\/"},"modified":"2024-04-11T10:42:27","modified_gmt":"2024-04-11T07:42:27","slug":"kusitlus","status":"publish","type":"page","link":"https:\/\/sisu.ut.ee\/juhendid\/kusitlus\/","title":{"rendered":"K\u00fcsitlus"},"content":{"rendered":"<p>\n\tK\u00fcsitlusena saab esitada \u00fche k\u00fcsimuse ja anda ette mitu vastusevarianti, millest \u00f5ppija saab valida \u00fche v\u00f5i mitu. Seadete lehel saab m\u00e4\u00e4rata, kas \u00f5ppija saab enda valikut muuta, kas vastajate arv on limiteeritud, kas vastused on anon\u00fc\u00fcmsed v\u00f5i avalikud.\u00a0K\u00fcsitlus sobib n\u00e4iteks tagasiside saamiseks, h\u00e4\u00e4letamiseks, kuup\u00e4evade v\u00f5i teemade valimiseks. \u00d5ppej\u00f5ud saab tulemused endale eksportida.\n<\/p>\n<p>\n\tKui kusitlus panna r\u00fchmare\u017eiimi ja m\u00e4\u00e4rata vastustele limiidid, kehtivad need iga r\u00fchma jaoks (nt kui vastuse limiidiks on 10, saab igas r\u00fchmas 10 \u00f5ppijat seda vastust valida).\u00a0\n<\/p>\n<p>\n\t<img loading=\"lazy\" decoding=\"async\" width=\"737\" height=\"330\" class=\"alignnone wp-image-814\" style=\"border: 1px solid #eeeeee;margin-left: auto;margin-right: auto\" src=\"https:\/\/sisu.ut.ee\/wp-content\/uploads\/sites\/177\/kysitlus.png\" title=\"kysitlus.png\" alt=\"kysitlus.png\" srcset=\"https:\/\/sisu.ut.ee\/wp-content\/uploads\/sites\/177\/kysitlus.png 737w, https:\/\/sisu.ut.ee\/wp-content\/uploads\/sites\/177\/kysitlus-300x134.png 300w\" sizes=\"auto, (max-width: 737px) 100vw, 737px\">\n<\/p>\n<h3>\n\tK\u00fcsitluse lisamiseks kursuse avalehele:<br>\n<\/h3>\n<ul>\n<li>\n\t\tvalige lingist\u00a0<em>Lisa vahend v\u00f5i tegevus<\/em>\u00a0avanevast aknast\u00a0<em>K\u00fcsitlus<\/em>\n\t<\/li>\n<li>\n\t\tsisestage kusitlusele nimi ning kirjeldus\n\t<\/li>\n<li>\n\t\tm\u00e4\u00e4rake seaded (muutmise ja anon\u00fc\u00fcmsuse kohta)\n\t<\/li>\n<li>\n\t\tm\u00e4\u00e4rake vajadusel igale vastusevariandile piirarv: m\u00e4rkige linnukesega\u00a0<em>Vastuste arvu piiramine<\/em>\u00a0ja sisestage iga vastusevariandi piirarv\n\t<\/li>\n<\/ul>\n","protected":false},"excerpt":{"rendered":"<p>K\u00fcsitlusena saab esitada \u00fche k\u00fcsimuse ja anda ette mitu vastusevarianti, millest \u00f5ppija saab valida \u00fche v\u00f5i mitu. Seadete lehel saab m\u00e4\u00e4rata, kas \u00f5ppija saab enda valikut muuta, kas vastajate arv on limiteeritud, kas vastused on anon\u00fc\u00fcmsed v\u00f5i avalikud.\u00a0K\u00fcsitlus sobib n\u00e4iteks &#8230;<\/p>\n","protected":false},"author":6,"featured_media":0,"parent":0,"menu_order":0,"comment_status":"closed","ping_status":"closed","template":"","meta":{"_acf_changed":false,"inline_featured_image":false,"footnotes":""},"class_list":["post-145","page","type-page","status-publish","hentry"],"acf":[],"_links":{"self":[{"href":"https:\/\/sisu.ut.ee\/juhendid\/wp-json\/wp\/v2\/pages\/145","targetHints":{"allow":["GET"]}}],"collection":[{"href":"https:\/\/sisu.ut.ee\/juhendid\/wp-json\/wp\/v2\/pages"}],"about":[{"href":"https:\/\/sisu.ut.ee\/juhendid\/wp-json\/wp\/v2\/types\/page"}],"author":[{"embeddable":true,"href":"https:\/\/sisu.ut.ee\/juhendid\/wp-json\/wp\/v2\/users\/6"}],"replies":[{"embeddable":true,"href":"https:\/\/sisu.ut.ee\/juhendid\/wp-json\/wp\/v2\/comments?post=145"}],"version-history":[{"count":1,"href":"https:\/\/sisu.ut.ee\/juhendid\/wp-json\/wp\/v2\/pages\/145\/revisions"}],"predecessor-version":[{"id":1706,"href":"https:\/\/sisu.ut.ee\/juhendid\/wp-json\/wp\/v2\/pages\/145\/revisions\/1706"}],"wp:attachment":[{"href":"https:\/\/sisu.ut.ee\/juhendid\/wp-json\/wp\/v2\/media?parent=145"}],"curies":[{"name":"wp","href":"https:\/\/api.w.org\/{rel}","templated":true}]}}