{"id":140,"date":"2024-04-04T02:50:46","date_gmt":"2024-04-03T23:50:46","guid":{"rendered":"https:\/\/sisu.ut.ee\/juhendid\/veebitahvel\/"},"modified":"2025-11-13T14:59:56","modified_gmt":"2025-11-13T12:59:56","slug":"veebitahvel","status":"publish","type":"page","link":"https:\/\/sisu.ut.ee\/juhendid\/veebitahvel\/","title":{"rendered":"Veebitahvel"},"content":{"rendered":"<h5>Uuendusena on veebitahvleid v\u00f5imalik luua metoodiliste mallide p\u00f5hjal ning veebitahvli postitustesse saab lisada ka \u00fche PDF-vormingus faili.<\/h5>\n<p>Veebitahvel (<em>Board<\/em>) on Moodle\u2019i tegevus r\u00fchma- v\u00f5i individuaalt\u00f6\u00f6ks. \u00d5ppej\u00f5ud lisab veebitahvlile veerud, kuhu \u00f5ppijad postitavad oma nn m\u00e4rkmelehe teksti, lingi, pildi v\u00f5i YouTube\u2019i videoga (kuni 1000 t\u00e4hem\u00e4rki). Veebitahvlit saavad samal moel kasutada k\u00f5ik rollid \u2013 nii \u00f5ppijad kui \u00f5ppej\u00f5ud.<\/p>\n<p>R\u00fchmat\u00f6\u00f6 veebitahvlil ei n\u00e4e, kes on mida postitanud. \u00d5ppej\u00f5ud n\u00e4eb nimeliselt iga \u00f5ppija sissekandeid veebitahvli eksportfailis. Individuaalsete avalike veebitahvlite puhul saavad k\u00f5ik kasutajad rippmen\u00fc\u00fcst valida, kelle veebitahvlit vaadata. \u00d5ppej\u00f5ud saab lubada postituste t\u00e4rniga hindamise kas \u00f5ppej\u00f5udude, \u00f5ppija v\u00f5i m\u00f5lemate poolt.<\/p>\n<p><img loading=\"lazy\" decoding=\"async\" width=\"2178\" height=\"900\" class=\"alignnone wp-image-812\" style=\"width: 900px; height: 372px;\" title=\"screenshot_2021-10-12_at_15.57.23.png\" src=\"https:\/\/sisu.ut.ee\/wp-content\/uploads\/sites\/177\/screenshot_2021-10-12_at_15.57.23.png\" alt=\"Veebitahvel\" srcset=\"https:\/\/sisu.ut.ee\/wp-content\/uploads\/sites\/177\/screenshot_2021-10-12_at_15.57.23.png 2178w, https:\/\/sisu.ut.ee\/wp-content\/uploads\/sites\/177\/screenshot_2021-10-12_at_15.57.23-300x124.png 300w, https:\/\/sisu.ut.ee\/wp-content\/uploads\/sites\/177\/screenshot_2021-10-12_at_15.57.23-1024x423.png 1024w, https:\/\/sisu.ut.ee\/wp-content\/uploads\/sites\/177\/screenshot_2021-10-12_at_15.57.23-768x317.png 768w, https:\/\/sisu.ut.ee\/wp-content\/uploads\/sites\/177\/screenshot_2021-10-12_at_15.57.23-1536x635.png 1536w, https:\/\/sisu.ut.ee\/wp-content\/uploads\/sites\/177\/screenshot_2021-10-12_at_15.57.23-2048x846.png 2048w, https:\/\/sisu.ut.ee\/wp-content\/uploads\/sites\/177\/screenshot_2021-10-12_at_15.57.23-1920x793.png 1920w\" sizes=\"auto, (max-width: 2178px) 100vw, 2178px\"><\/p>\n<h3>Veebitahvli lisamiseks:<\/h3>\n<ul>\n<li>valige lingist\u00a0<em>Lisa vahend v\u00f5i tegevus<\/em>\u00a0avanevast aknast tegevus\u00a0<em>Veebitahvel<\/em><\/li>\n<li>sisestage veebitahvlile nimi ning kirjeldus<\/li>\n<li>kui kasutate veebitahvli lisamist malli p\u00f5hjal (vt t\u00e4psemad juhised allpool), siis arvestage, et vastava veebitahvli kirjeldus sisestatakse automaatselt peale veebitahvli salvestamist ning saate seda kirjeldust hiljem ise muuta<\/li>\n<\/ul>\n<p>Seadete lehel saab \u00f5ppej\u00f5ud m\u00e4\u00e4rata:<\/p>\n<ul>\n<li>veebitahvli taustaks sobiva v\u00e4rvi v\u00f5i taustapildi (vaikimisi on taust valge)<\/li>\n<li>kes saavad postitusi hinnata (mitte keegi, \u00f5ppijad, \u00f5ppej\u00f5ud, k\u00f5ik). Hindamine t\u00e4hendab t\u00e4rnil kl\u00f5psamist ja tulemuseks on teiste poolt kl\u00f5psatud t\u00e4rnide arv. Tulemus ei kajastu hindetabelis.<\/li>\n<li>kas \u00f5ppijate eest peidetakse veergude pealkirjad<\/li>\n<li>kuidas postitused veebitahvlil sorteeritakse (ei sorteerita, sorteeritakse loomise aja j\u00e4rgi, sorteeritakse hinnangute j\u00e4rgi)<\/li>\n<li>kas veebitahvel luuakse eraldi igale \u00f5ppijale (\u00dche kasutaja re\u017eiim): privaatsena v\u00f5i teistele \u00f5ppijatele n\u00e4htavana (avalik)<\/li>\n<li>kas \u00f5ppijate postitamis\u00f5igust piiratakse mingi kuup\u00e4eva ja kellaajaga (kui piiratakse, siis \u00f5ppijale seda aega ei n\u00e4idata ning vajadusel peab ajalise piirangu sisestama veebitahvli kirjeldusse)<\/li>\n<li>kas \u00f5ppijatel lubatakse muuta oma postituste asukohta (kui on lubatud, siis saab \u00f5ppija postitust lohistada veeru piires ning veergude vahel)<\/li>\n<li>kas veebitahvel avaneb uues aknas v\u00f5i vistutatakse (embeeditakse) kursuse avalehele<\/li>\n<\/ul>\n<h3>Veebitahvli struktuuri loomine<\/h3>\n<p>\u00d5ppej\u00f5ud lisab pluss m\u00e4rgist veebitahvlile veerud. Veeru pealkirja muutmiseks tuleb teha topeltkl\u00f5ps s\u00f5nal \u201cPealkiri\u201d, sisestada vajalik tekst ja vajutada klaviatuuril\u00a0<em>enter<\/em>.<\/p>\n<h3>Veebitahvlile postituste lisamine, muutmine, hindamine ja kommenteerimine<\/h3>\n<p>\u00d5ppej\u00f5ud ja \u00f5ppijad saavad teha veebitahvlile postitusi. \u00d5ppej\u00f5ud saavad \u00f5ppijate tehtud postitusi muuta ja kustutada. Postituse lisamiseks tuleb kl\u00f5psata selle veeru + m\u00e4rgil, kuhu postitust soovitakse lisada. Postitusele tuleb lisada pealkiri ja sisu (tekst). Lisaks sisulahtris olevale tekstile on v\u00f5imalik lisada \u00fcks veebilink, pilt, fail (PDF) v\u00f5i YouTube\u2019i video. Postituse maksimaalne lubatud pikkus on kuni 1000 t\u00e4hem\u00e4rki.<\/p>\n<h5>Postitusi on v\u00f5imalik muuta kui teha topeltkl\u00f5ps postituse pealkirjal. \u00d5ppej\u00f5ud saab muuta k\u00f5iki postitusi ning \u00f5ppija saab muuta ainult enda postitusi.<\/h5>\n<p>\u00d5ppej\u00f5ud saab lohistades muuta postituste asukohta veerus v\u00f5i veergude vahel. \u00d5ppija saab muuta oma postituste asukohta ainult siis, kui \u00f5ppej\u00f5ud on selle s\u00e4tetes v\u00f5imalikuks teinud.<\/p>\n<p>Postitusi saab t\u00e4rniga hinnata, kui see on \u00f5ppej\u00f5u poolt s\u00e4tetes v\u00f5imalikuks tehtud. Hinnata saab lubada \u00f5ppej\u00f5ul, \u00f5ppijatel v\u00f5i k\u00f5ikidel kasutajatel. Hindamisv\u00f5imaluse abil saab veebitahvlit kasutada nt k\u00f5ige meeldivama idee poolt konfidentsiaalseks h\u00e4\u00e4letamiseks, k\u00f5ige parema sissekande valimiseks jms. See tulemus ei kajastu e-kursuse hindetabelis. Keegi ei n\u00e4e, kes on keda hinnanud.<\/p>\n<p>Postitusel 2x kl\u00f5psates avaneb h\u00fcpikaken kommenteerimiseks. Kommenteerida saavad nii \u00f5ppej\u00f5ud kui \u00f5ppijad. Seda, kas postitust on kommenteeritud, n\u00e4eb vaid postitusel kl\u00f5psates. Keegi ei n\u00e4e, kes on keda kommenteerinud.<\/p>\n<h3><img loading=\"lazy\" decoding=\"async\" width=\"526\" height=\"684\" class=\"alignnone wp-image-813\" style=\"width: 230px; height: 299px; float: right;\" title=\"screenshot_2021-10-12_at_16.00.20.png\" src=\"https:\/\/sisu.ut.ee\/wp-content\/uploads\/sites\/177\/screenshot_2021-10-12_at_16.00.20.png\" alt=\"Veebitahvel\" srcset=\"https:\/\/sisu.ut.ee\/wp-content\/uploads\/sites\/177\/screenshot_2021-10-12_at_16.00.20.png 526w, https:\/\/sisu.ut.ee\/wp-content\/uploads\/sites\/177\/screenshot_2021-10-12_at_16.00.20-231x300.png 231w\" sizes=\"auto, (max-width: 526px) 100vw, 526px\">Veebitahvli eksportimine<\/h3>\n<p>\u00d5ppijad ei n\u00e4e, kes kaas\u00f5ppijatest on millise postituse teinud, kuid \u00f5ppej\u00f5ul on v\u00f5imalik veebitahvli postitused eksportida ning n\u00e4ha, kes on nimeliselt millise postituse teinud.<\/p>\n<p>Veebitahvli sisu eksportimiseks on kaks v\u00f5imalust:<\/p>\n<ul>\n<li>seadistuste plokis <em>Ekspordi CSV<\/em>, mis koondab tabelisse terve veebitahvli sisu, kus eraldi veergudes on tahvli veerud ja neisse lisatud postituste sisu anon\u00fc\u00fcmselt;<\/li>\n<li>seadistuste plokis <em>Ekspordi esitused<\/em> koondab faili tabeli, kus eraldi veergudes on \u00f5ppija ees- ja perenimi, e-posti aadress, postituse pealkiri ja sisu ning postitamise aeg.<\/li>\n<\/ul>\n<p>Eksportfailis puudub info kommentaaride kohta ja kes keda hindas.<\/p>\n<p>\u00dche kasutaja re\u017eiimi puhul tuleb iga \u00f5ppija veebitahvel eksportida eraldi.<\/p>\n<h3>Veebitahvli loomine malli p\u00f5hjal<\/h3>\n<p>Kursusele veebitahvlit lisades on v\u00f5imalik veebitahvel luua s\u00fcsteemselt loodud veebitahvli metoodiliste mallide p\u00f5hjal.<\/p>\n<p>Veebitahvli lisamiseks malli p\u00f5hjal:<\/p>\n<ul>\n<li>valige lingist\u00a0<em>Lisa vahend v\u00f5i tegevus<\/em>\u00a0avanevast aknast tegevus\u00a0<em>Veebitahvel<\/em><\/li>\n<li>sisestage veebitahvlile nimi<\/li>\n<li>j\u00e4tke t\u00fchjaks kirjelduse lahter, sest vastava malli p\u00f5hjal loodud veebitahvli kirjeldus sisestatakse automaatselt peale veebitahvli salvestamist ning saate seda kirjeldust hiljem ise muuta<\/li>\n<li>valige veebitahvli s\u00e4tete osas veebitahvli mall, mida soovite kasutada:\n<ul>\n<li>3-2-1 \u2013 Veebitahvel 3-2-1 meetodi kasutamiseks, mille puhul \u00f5ppijatel palutakse postitada: 3 asja, mida nad \u00f5ppisid; 2 asja, mis neile huvi pakkusid; 1 k\u00fcsimus, mis neil veel on.<\/li>\n<li>J\u00e4\u00e4murdja \u2013 Veebitahvel soojendus\u00fclesannete kasutamiseks.<\/li>\n<li>Lootused, hirmud ja ootused \u2013 Veebitahvel, mis aitab \u00f5ppijatel m\u00f5tiskleda selle \u00fcle, mida nad loodavad \u00f5pikogemusest saada ning millised on nende konkreetsed hirmud ja ootused. See on kasulik tegevus \u00f5ppijatele \u00f5pikogemuse alguses ning mille juurde nad saavad kogemuse l\u00f5pus tagasi tulla, et n\u00e4ha, kas nende lootused, hirmud ja ootused on teoks saanud.<\/li>\n<li>Peata, alusta, j\u00e4tka \u2013 Veebitahvel, mis kogub \u00f5ppijatelt tagasisidet selle kohta, mida \u00f5ppej\u00f5ud saab teha \u00f5pikogemuse parandamiseks. \u00d5ppijatel palutakse jagada midagi, mille tegemise peaksid \u00f5ppej\u00f5ud l\u00f5petama, mille tegemist peaksid nad alustama v\u00f5i mille tegemist peaksid nad j\u00e4tkama.<\/li>\n<li>Projekti piletitahvel \u2013 Veebitahvel, kus \u00f5ppijad saavad probleemide lahendamiseks pileteid lisada.<\/li>\n<li>Refleksioon (<em>Rolfe\u2019i mudel<\/em>) \u2013 Veebitahvel \u00f5ppijate rekleksiooni toetamiseks Rolfe\u2019i mudeli j\u00e4rgi.<\/li>\n<li>SWOT \u2013 Veebitahvel SWOT-meetodi kasutamiseks \u00f5ppijar\u00fchmade projektide jaoks.<\/li>\n<li>V\u00e4ikesed projektid \u2013 Veebitahvel aitab hallata v\u00e4ikeseid projekte.<\/li>\n<li>\u00d5ppeleping \u2013 Veebitahvel \u00f5ppimise optimeerimisele kaasaaitavate ideede arutamiseks ja j\u00e4\u00e4dvustamiseks.<\/li>\n<\/ul>\n<\/li>\n<li>salvestage veebitahvel, mille tulemusena lisatakse veebitahvlile vastava malli vaikimisi kirjeldus, mallis m\u00e4\u00e4ratud pealkirjadega veerud ning mallile sobilikud seaded (seadete vaatamiseks kl\u00f5psake <em>Muuda s\u00e4tteid<\/em> ning vajadusel tehke muudatused malli kirjeldused v\u00f5i seadetes)<\/li>\n<li>kui olete veebitahvli loonud konkreetse malli p\u00f5hjal, siis on teil v\u00f5imalik veebitahvli haldamise men\u00fc\u00fcst <em>Rakenda mall<\/em> valikust vastava veebitahvli malli muuta (NB! Uue malli rakendamisel kirjutatakse \u00fcle vastava veebitahvli kirjeldus, veergude pealkirjad ning muud s\u00e4tted)<\/li>\n<li>kui olete veebitahvli loonud varem ilma mallita, siis on sellele v\u00f5imalik tagantj\u00e4rgi rakendada saadaval olev mall<\/li>\n<\/ul>\n<h5>Moodle\u2019is on v\u00f5imalik luua veebitahvli malle juurde ning loodud malle on v\u00f5imalik rakendada s\u00fcsteemselt \u00fcle Moodle\u2019i v\u00f5i konkreetsete valdkondade kategooriate jaoks.<\/h5>\n\n\n<p><\/p>\n","protected":false},"excerpt":{"rendered":"<p>Uuendusena on veebitahvleid v\u00f5imalik luua metoodiliste mallide p\u00f5hjal ning veebitahvli postitustesse saab lisada ka \u00fche PDF-vormingus faili. Veebitahvel (Board) on Moodle\u2019i tegevus r\u00fchma- v\u00f5i individuaalt\u00f6\u00f6ks. \u00d5ppej\u00f5ud lisab veebitahvlile veerud, kuhu \u00f5ppijad postitavad oma nn m\u00e4rkmelehe teksti, lingi, pildi v\u00f5i YouTube\u2019i &#8230;<\/p>\n","protected":false},"author":6,"featured_media":0,"parent":0,"menu_order":0,"comment_status":"closed","ping_status":"closed","template":"","meta":{"_acf_changed":false,"inline_featured_image":false,"footnotes":""},"class_list":["post-140","page","type-page","status-publish","hentry"],"acf":[],"_links":{"self":[{"href":"https:\/\/sisu.ut.ee\/juhendid\/wp-json\/wp\/v2\/pages\/140","targetHints":{"allow":["GET"]}}],"collection":[{"href":"https:\/\/sisu.ut.ee\/juhendid\/wp-json\/wp\/v2\/pages"}],"about":[{"href":"https:\/\/sisu.ut.ee\/juhendid\/wp-json\/wp\/v2\/types\/page"}],"author":[{"embeddable":true,"href":"https:\/\/sisu.ut.ee\/juhendid\/wp-json\/wp\/v2\/users\/6"}],"replies":[{"embeddable":true,"href":"https:\/\/sisu.ut.ee\/juhendid\/wp-json\/wp\/v2\/comments?post=140"}],"version-history":[{"count":12,"href":"https:\/\/sisu.ut.ee\/juhendid\/wp-json\/wp\/v2\/pages\/140\/revisions"}],"predecessor-version":[{"id":4939,"href":"https:\/\/sisu.ut.ee\/juhendid\/wp-json\/wp\/v2\/pages\/140\/revisions\/4939"}],"wp:attachment":[{"href":"https:\/\/sisu.ut.ee\/juhendid\/wp-json\/wp\/v2\/media?parent=140"}],"curies":[{"name":"wp","href":"https:\/\/api.w.org\/{rel}","templated":true}]}}