{"id":137,"date":"2024-04-04T02:50:45","date_gmt":"2024-04-03T23:50:45","guid":{"rendered":"https:\/\/sisu.ut.ee\/juhendid\/kinnituskirja-loomine-ja-saatmine\/"},"modified":"2025-12-30T17:07:11","modified_gmt":"2025-12-30T15:07:11","slug":"kinnituskirja-loomine-ja-saatmine","status":"publish","type":"page","link":"https:\/\/sisu.ut.ee\/juhendid\/kinnituskirja-loomine-ja-saatmine\/","title":{"rendered":"Kinnituskirjade loomine ja saatmine"},"content":{"rendered":"<p>LimeSurvey v\u00f5imaldab saata automaatseid kinnituskirju ka <a href=\"#\" data-bs-toggle=\"modal\" data-bs-target=\"#popup-modal\" data-title=\"anon\u00fc\u00fcmse k\u00fcsimustiku\" data-content=\"Anon\u00fc\u00fcmse k\u00fcsimustiku puhul ei ole loodud vastajate jaoks tunnuskoodide tabelit. Sel juhul tuleb vastajatelt k\u00fcsida e-maili, kuhu k\u00fcsimustikule vastamise teavituskiri saata.&lt;br&gt;Juhul, kui kasutate osalejate tabeleid\/tunnuskoode, siis saate erinevat liiki teavituskirjad seadistada e-posti mallide alt. Tunnuskoodide kasutamisel saavad sellele k\u00fcsimustikule vastata ainult need kasutajad, kes sisestavad tunnuskoodi v\u00f5i klikivad e-maili teel saadetud lingile, kusitlusele anon\u00fc\u00fcmne ligip\u00e4\u00e4s pole v\u00f5imalik.\">anon\u00fc\u00fcmse k\u00fcsimustiku<\/a> vastajate e-mailidele. See v\u00f5imalus eeldab k\u00fcsimustiku seadistuste muutmist vastavalt sellele, millise sisuga kinnituskirju saata soovite.<\/p>\n\n\n\n<p><\/p>\n\n\n\n<h5 class=\"wp-block-heading\">NB! Kindlasti on vajalik p\u00e4rast k\u00fcsimustiku aktiveerimist testida kinnituskirja saatmist oma e-mailile ning vajadusel korrigeerida seadistusi.<\/h5>\n\n\n\n<h3 class=\"wp-block-heading\">K\u00fcsimustiku loomine ja k\u00fcsimuste lisamine<\/h3>\n\n\n\n<p>1. Esmalt tuleb luua k\u00fcsimustik, k\u00fcsimuste r\u00fchm(ad) ning nende alla k\u00fcsimused (vaata juhendeid siit: <a title=\"\" href=\"https:\/\/sisu.ut.ee\/juhendid\/kysimustiku-loomine\" target=\"_blank\" rel=\"noopener\" data-url=\"https:\/\/sisu.ut.ee\/juhendid\/kysimustiku-loomine\">K\u00fcsimustiku loomine<\/a> ja <a title=\"\" href=\"https:\/\/sisu.ut.ee\/juhendid\/kysimuste-lisamine\" target=\"_blank\" rel=\"noopener\" data-url=\"https:\/\/sisu.ut.ee\/juhendid\/kysimuste-lisamine\">K\u00fcsimuste lisamine<\/a>).<\/p>\n\n\n\n<p>Kasutage sobivaid k\u00fcsimuset\u00fc\u00fcpe vastajate andmete kogumiseks. N\u00e4iteks:<\/p>\n\n\n\n<ul class=\"wp-block-list\">\n<li>eesnimi, perenimi, e-mail, aadress jms \u2013 l\u00fchivastusega v\u00f5i mitme l\u00fchivastusega k\u00fcsimuset\u00fc\u00fcp;<\/li>\n\n\n\n<li>vanus \u2013 numbrilise vastuse k\u00fcsimuset\u00fc\u00fcp;<\/li>\n\n\n\n<li>sugu \u2013 soo k\u00fcsimuset\u00fc\u00fcp;<\/li>\n\n\n\n<li>kuup\u00e4ev \u2013 kuup\u00e4eva k\u00fcsimuset\u00fc\u00fcp;<\/li>\n\n\n\n<li>jah\/ei k\u00fcsimus \u2013 jah\/ei k\u00fcsimuset\u00fc\u00fcp.<\/li>\n<\/ul>\n\n\n\n<h5 class=\"wp-block-heading\">NB! Isikuandmete kogumisel juhinduge Tartu \u00dclikooli andmekaitse p\u00f5him\u00f5tetest. V\u00f5imalusel kirjutage k\u00fcsimustiku sissejuhatusse, kuidas andmeid hoitakse ja kasutatakse ning millal andmed kustutatakse.<\/h5>\n\n\n\n<p>2. Muutke \u00e4ra k\u00fcsimuste koodid nendel k\u00fcsimustel, mille vastuseid soovite kasutada kinnituskirja saatmisel. Selleks avage vasakust men\u00fc\u00fcst \u201cStruktuur\u201d, valige k\u00fcsimus ning vajutage ekraani paremas \u00fclaservas nuppu \u201cMuuda\u201d.<\/p>\n\n\n\n<p>N\u00e4iteks e-maili sisestamise k\u00fcsimuse koodiks v\u00f5ib kirjutada automaatse koodi asemele \u201cemail\u201d, ees- ja perenime sisestamise k\u00fcsimuste koodiks vastavalt \u201ceesnimi\u201d ja \u201cperenimi\u201d. Koodi muutmine on vajalik kinnituskirja lihtsamaks seadistamiseks.<\/p>\n\n\n\n<figure class=\"wp-block-image\"><a href=\"https:\/\/sisu.ut.ee\/juhendid\/kinnituskirja-loomine-ja-saatmine\/ls_email\/\" rel=\"attachment wp-att-4354\"><img loading=\"lazy\" decoding=\"async\" width=\"1024\" height=\"494\" src=\"https:\/\/sisu.ut.ee\/wp-content\/uploads\/sites\/177\/LS_email-1024x494.png\" alt=\"\" class=\"wp-image-4354\" srcset=\"https:\/\/sisu.ut.ee\/wp-content\/uploads\/sites\/177\/LS_email-1024x494.png 1024w, https:\/\/sisu.ut.ee\/wp-content\/uploads\/sites\/177\/LS_email-300x145.png 300w, https:\/\/sisu.ut.ee\/wp-content\/uploads\/sites\/177\/LS_email-768x370.png 768w, https:\/\/sisu.ut.ee\/wp-content\/uploads\/sites\/177\/LS_email.png 1076w\" sizes=\"auto, (max-width: 1024px) 100vw, 1024px\"><\/a><\/figure>\n\n\n\n<p><\/p>\n\n\n\n<p>3. Salvestage k\u00fcsimuse koodi muudatus.<\/p>\n\n\n\n<h3 class=\"wp-block-heading\">Kinnituskirja saatmise seadistamine<\/h3>\n\n\n\n<p>4. Kinnituskirjade saatmiseks saab kasutada LimeSurvey teadete saatmise funktsiooni. Selleks avage vasakust seadete men\u00fc\u00fcst men\u00fc\u00fclink \u201cTeated ja andmed\u201d:<\/p>\n\n\n\n<figure class=\"wp-block-image size-full is-resized\"><img loading=\"lazy\" decoding=\"async\" width=\"377\" height=\"707\" src=\"https:\/\/sisu.ut.ee\/wp-content\/uploads\/sites\/177\/LS_teatedjaandmed.png\" alt=\"\" class=\"wp-image-4684\" style=\"width:300px\" srcset=\"https:\/\/sisu.ut.ee\/wp-content\/uploads\/sites\/177\/LS_teatedjaandmed.png 377w, https:\/\/sisu.ut.ee\/wp-content\/uploads\/sites\/177\/LS_teatedjaandmed-160x300.png 160w\" sizes=\"auto, (max-width: 377px) 100vw, 377px\"><\/figure>\n\n\n\n<p>5. Lisage v\u00e4ljale \u201cSaada \u00fcldine teavitus e-postile\u201d e-maili k\u00fcsimuse kood \u201cemail\u201d loogelistes sulgudes sellisel kujul: <strong>{email}<\/strong><\/p>\n\n\n\n<h5 class=\"wp-block-heading\"><figure><a href=\"https:\/\/sisu.ut.ee\/juhendid\/kinnituskirja-loomine-ja-saatmine\/ls_teavitus\/\" rel=\"attachment wp-att-4359\"><img loading=\"lazy\" decoding=\"async\" class=\"alignnone size-full wp-image-4359\" src=\"https:\/\/sisu.ut.ee\/wp-content\/uploads\/sites\/177\/LS_teavitus.png\" alt=\"\" width=\"705\" height=\"110\" srcset=\"https:\/\/sisu.ut.ee\/wp-content\/uploads\/sites\/177\/LS_teavitus.png 705w, https:\/\/sisu.ut.ee\/wp-content\/uploads\/sites\/177\/LS_teavitus-300x47.png 300w\" sizes=\"auto, (max-width: 705px) 100vw, 705px\"><\/a><\/figure><\/h5>\n\n\n\n<h5 class=\"wp-block-heading\">NB! Juhul, kui soovite, et ka kusitluse andmete kogumisega seotud isik saaks oma e-mailile k\u00f5ik saadetavad teavituskirjad, lisage selle isiku e-maili aadress samale v\u00e4ljale, kasutades eraldajana semikoolonit. N\u00e4iteks <strong>{email}; eesnimi.perenimi @ut.ee<\/strong><\/h5>\n\n\n\n<h3 class=\"wp-block-heading\">Kinnituskirja sisu seadistamine<\/h3>\n\n\n\n<p>Kinnituskirja sisu seadistatakse e-posti mallide juurest:<\/p>\n\n\n\n<p>6. Avage vasakust men\u00fc\u00fcst men\u00fc\u00fclink \u201cE-posti mallid\u201d.<\/p>\n\n\n\n<figure class=\"wp-block-image size-full\"><img loading=\"lazy\" decoding=\"async\" width=\"372\" height=\"313\" src=\"https:\/\/sisu.ut.ee\/wp-content\/uploads\/sites\/177\/LS_eposti_mallid.png\" alt=\"\" class=\"wp-image-4687\" srcset=\"https:\/\/sisu.ut.ee\/wp-content\/uploads\/sites\/177\/LS_eposti_mallid.png 372w, https:\/\/sisu.ut.ee\/wp-content\/uploads\/sites\/177\/LS_eposti_mallid-300x252.png 300w\" sizes=\"auto, (max-width: 372px) 100vw, 372px\"><\/figure>\n\n\n\n<p>7. Valige lipik \u201c\u00dcldine administreerimise teavitus\u201d ning sisestage teavituse pealkiri koos k\u00fcsimustiku nimetuse koodiga \u2018{SURVEYNAME}\u2019, n\u00e4iteks: \u201cVastus on edastatud k\u00fcsimustikku {SURVEYNAME}\u00a0\u201c<\/p>\n\n\n\n<figure class=\"wp-block-image aligncenter size-large\"><img loading=\"lazy\" decoding=\"async\" width=\"1024\" height=\"208\" src=\"https:\/\/sisu.ut.ee\/wp-content\/uploads\/sites\/177\/LS_teavitus-1-1024x208.png\" alt=\"\" class=\"wp-image-4689\" srcset=\"https:\/\/sisu.ut.ee\/wp-content\/uploads\/sites\/177\/LS_teavitus-1-1024x208.png 1024w, https:\/\/sisu.ut.ee\/wp-content\/uploads\/sites\/177\/LS_teavitus-1-300x61.png 300w, https:\/\/sisu.ut.ee\/wp-content\/uploads\/sites\/177\/LS_teavitus-1-768x156.png 768w, https:\/\/sisu.ut.ee\/wp-content\/uploads\/sites\/177\/LS_teavitus-1-1536x311.png 1536w, https:\/\/sisu.ut.ee\/wp-content\/uploads\/sites\/177\/LS_teavitus-1.png 1672w\" sizes=\"auto, (max-width: 1024px) 100vw, 1024px\"><\/figure>\n\n\n\n<p>8. Koostage \u00fcldise administreerimise teavituskirja tekst, kasutades k\u00fcsimuste l\u00fchikoode loogelistes sulgudes {\u2026..}.<\/p>\n\n\n\n<p>J\u00e4rgmises n\u00e4ites t\u00e4histab:<\/p>\n\n\n\n<ul class=\"wp-block-list\">\n<li>\u2018{SURVEYNAME}\u2019 \u2013 k\u00fcsimustiku pealkirja;<\/li>\n\n\n\n<li>{sugu} \u2013 soo k\u00fcsimuse vastust (l\u00fchivastusega k\u00fcsimuse t\u00fc\u00fcbi puhul);<\/li>\n\n\n\n<li>{vanus} \u2013 vanuse k\u00fcsimuse vastust (l\u00fchivastusega k\u00fcsimuse t\u00fc\u00fcbi puhul);<\/li>\n\n\n\n<li>{if(rahvus_SQ001 == \u201cY\u201d,rahvus_SQ001.shown,\u201d\u201d)} \u2013 rahvuse vastust <strong>mitmikvaliku k\u00fcsimuse t\u00fc\u00fcbi (<em>Multiple choice<\/em>)<\/strong>\u00a0puhul. SQ001 t\u00e4histab siin rahvuse k\u00fcsimuse esimest valikut \u2013 kui see on valitud, siis kuvatakse teavituskirjas. Iga valiku puhul (SQ002, SQ003 jne) tuleb see if-lause lisaks luua nt kui on kolm valikut, siis peaks olema kirjareal j\u00e4rgmine {if(rahvus_SQ001 == \u201cY\u201d,rahvus_SQ001.shown,\u201d\u201d)} {if(rahvus_SQ002\u00a0== \u201cY\u201d,rahvus_SQ002.shown,\u201d\u201d)} {if(rahvus_SQ003\u00a0== \u201cY\u201d,rahvus_SQ003.shown,\u201d\u201d)};\n<ul class=\"wp-block-list\">\n<li><span style=\"color: #a52a2a;\"><strong><u>NB! \u00dchevalikuga k\u00fcsimuset\u00fc\u00fcbi puhul<\/u>\u00a0(List (Radio))\u00a0<\/strong>piisab kui kirjutada n\u00e4ite k\u00fcsimusekoodiga <u>rahvus<\/u>\u00a0k\u00fcsimuse puhul<strong> {rahvus.shown}<\/strong><\/span><\/li>\n<\/ul>\n<\/li>\n\n\n\n<li>{email} \u2013 e-maili k\u00fcsimuse vastust (l\u00fchivastusega k\u00fcsimuse t\u00fc\u00fcbi puhul).<\/li>\n<\/ul>\n\n\n\n<figure class=\"wp-block-image aligncenter size-large\"><img loading=\"lazy\" decoding=\"async\" width=\"1024\" height=\"337\" src=\"https:\/\/sisu.ut.ee\/wp-content\/uploads\/sites\/177\/LS_teavitus_tekst-1024x337.png\" alt=\"\" class=\"wp-image-4691\" srcset=\"https:\/\/sisu.ut.ee\/wp-content\/uploads\/sites\/177\/LS_teavitus_tekst-1024x337.png 1024w, https:\/\/sisu.ut.ee\/wp-content\/uploads\/sites\/177\/LS_teavitus_tekst-300x99.png 300w, https:\/\/sisu.ut.ee\/wp-content\/uploads\/sites\/177\/LS_teavitus_tekst-768x253.png 768w, https:\/\/sisu.ut.ee\/wp-content\/uploads\/sites\/177\/LS_teavitus_tekst-1536x506.png 1536w, https:\/\/sisu.ut.ee\/wp-content\/uploads\/sites\/177\/LS_teavitus_tekst.png 1637w\" sizes=\"auto, (max-width: 1024px) 100vw, 1024px\"><\/figure>\n\n\n\n<p>9. Salvestage.<\/p>\n\n\n\n<p>Vastajale saadetakse allj\u00e4rgnev teavitus:<\/p>\n\n\n\n<figure class=\"wp-block-image\"><img loading=\"lazy\" decoding=\"async\" width=\"705\" height=\"202\" src=\"https:\/\/sisu.ut.ee\/wp-content\/uploads\/sites\/177\/kirja_naide.png\" alt=\"Teavituskirja n\u00e4ide\" class=\"wp-image-807\" title=\"kirja_naide.png\" srcset=\"https:\/\/sisu.ut.ee\/wp-content\/uploads\/sites\/177\/kirja_naide.png 705w, https:\/\/sisu.ut.ee\/wp-content\/uploads\/sites\/177\/kirja_naide-300x86.png 300w\" sizes=\"auto, (max-width: 705px) 100vw, 705px\"><\/figure>\n\n\n\n<p><\/p>\n","protected":false},"excerpt":{"rendered":"<p>LimeSurvey v\u00f5imaldab saata automaatseid kinnituskirju ka vastajate e-mailidele. See v\u00f5imalus eeldab k\u00fcsimustiku seadistuste muutmist vastavalt sellele, millise sisuga kinnituskirju saata soovite. NB! Kindlasti on vajalik p\u00e4rast k\u00fcsimustiku aktiveerimist testida kinnituskirja saatmist oma e-mailile ning vajadusel korrigeerida seadistusi. K\u00fcsimustiku loomine ja &#8230;<\/p>\n","protected":false},"author":6,"featured_media":0,"parent":0,"menu_order":0,"comment_status":"closed","ping_status":"closed","template":"","meta":{"_acf_changed":false,"inline_featured_image":false,"footnotes":""},"class_list":["post-137","page","type-page","status-publish","hentry"],"acf":[],"_links":{"self":[{"href":"https:\/\/sisu.ut.ee\/juhendid\/wp-json\/wp\/v2\/pages\/137","targetHints":{"allow":["GET"]}}],"collection":[{"href":"https:\/\/sisu.ut.ee\/juhendid\/wp-json\/wp\/v2\/pages"}],"about":[{"href":"https:\/\/sisu.ut.ee\/juhendid\/wp-json\/wp\/v2\/types\/page"}],"author":[{"embeddable":true,"href":"https:\/\/sisu.ut.ee\/juhendid\/wp-json\/wp\/v2\/users\/6"}],"replies":[{"embeddable":true,"href":"https:\/\/sisu.ut.ee\/juhendid\/wp-json\/wp\/v2\/comments?post=137"}],"version-history":[{"count":5,"href":"https:\/\/sisu.ut.ee\/juhendid\/wp-json\/wp\/v2\/pages\/137\/revisions"}],"predecessor-version":[{"id":4959,"href":"https:\/\/sisu.ut.ee\/juhendid\/wp-json\/wp\/v2\/pages\/137\/revisions\/4959"}],"wp:attachment":[{"href":"https:\/\/sisu.ut.ee\/juhendid\/wp-json\/wp\/v2\/media?parent=137"}],"curies":[{"name":"wp","href":"https:\/\/api.w.org\/{rel}","templated":true}]}}