{"id":136,"date":"2024-04-04T02:50:45","date_gmt":"2024-04-03T23:50:45","guid":{"rendered":"https:\/\/sisu.ut.ee\/juhendid\/panopto-video-vaatamine\/"},"modified":"2024-04-05T13:44:33","modified_gmt":"2024-04-05T10:44:33","slug":"panopto-video-vaatamine","status":"publish","type":"page","link":"https:\/\/sisu.ut.ee\/juhendid\/panopto-video-vaatamine\/","title":{"rendered":"Panopto videote vaatamise v\u00f5imalused"},"content":{"rendered":"<p>Panopto videosalvestised v\u00f5imaldavad videosid vaadata vaatajale sobival viisil. Kl\u00f5psake interaktiivsel pildil olevatel infonuppudel, et saada teada m\u00e4rgitud v\u00f5imaluste t\u00e4hendust. Interaktiivse pildi all on need v\u00f5imalused veelkord kirjeldatud.\r\n<\/p><div class=\"h5p-iframe-wrapper\"><div class=\"video-placeholder-wrapper video-placeholder-wrapper--fixed\" style=\"height: 366px;\">\n\t\t\t    <div class=\"video-placeholder d-flex justify-content-center align-items-center\">\n\t\t\t        <div class=\"overlay text-white p-2 w-100 text-center d-block justify-content-center align-items-center\">\n\t\t\t            <div>Kolmandate osapoolte sisu n\u00e4gemiseks palun n\u00f5ustu k\u00fcpsistega.<\/div>\n\t\t\t            <button class=\"btn btn-secondary btn-sm mt-1 consent-change\">Muuda n\u00f5usolekut<\/button>\n\t\t\t        <\/div>\n\t\t\t    <\/div>\n\t\t\t<\/div>\n<\/div>\r\n\r\n<p>\r\n\t1. Video sees saab navigeerida sisukorra pealkirjadel v\u00f5i slaididel\u00a0kl\u00f5psates.\r\n<\/p>\r\n\r\n<p>\r\n\t2. Pealkirjade ja slaidide sisust on v\u00f5imalik otsida m\u00e4rks\u00f5nade ja fraaside abil ning otsingu tulemusi saab sorteerida ajalise j\u00e4rjestuse ja olulisuse j\u00e4rgi. Suulisest k\u00f5nest pole v\u00f5imalik otsida.\r\n<\/p>\r\n\r\n<p>\r\n\t3. Slaidide eelvaate riba saab ka kinni asendisse l\u00fclitada, et slaide kuvataks video k\u00f5rval suuremana.\r\n<\/p>\r\n\r\n<p>\r\n\t4. Videosid saab vaadata erinevate kiirustega (aeglustatult v\u00f5i kuni 2 korda kiirendatult).\r\n<\/p>\r\n\r\n<p>\r\n\t5. Videosid saab vaadata erineva kvaliteediga.\r\n<\/p>\r\n\r\n<p>\r\n\t6. Saab teha \u00fcmberl\u00fclitust erinevate\u00a0voogude vahel\u00a0(nt slaidid ja ekraanisalvestus). Samuti saab kolmest punktist muuta subtiitrite stiile.\r\n<\/p>\r\n\r\n<p>\r\n\t7. Erinevate voogude paigutust saab k\u00f5rvuti paigutuse korral omavahel vahetada. N\u00e4iteks saab soovi korral paigutada slaidid vasakule ja videopildi paremale.\u00a0Samuti saab voo l\u00fclitada\u00a0t\u00e4isekraani suuruseks (nt slaidid v\u00f5i videokaamera pilt) ning tavavaatesse tagasi. Kasutada saab vastavat nuppu v\u00f5i siis topeltkl\u00f5psamist voo peal. T\u00e4isvaatest tagasi saab Esc klahvi kasutades.\r\n<\/p>\r\n\r\n<p>\r\n\t8. Videot saab nupust 10 sekundi kaupa edasi ja tagasi kerida.\r\n<\/p>\r\n\r\n<p>\r\n\t9. Kui videol on subtiitrid, siis saab subtiitreid soovi korral v\u00e4lja l\u00fclitada. Kui on mitmekeelsed subtiitrid, siis saab nende vahel valida vasakus men\u00fc\u00fcribas <em>Captions<\/em> all.\r\n<\/p>\r\n","protected":false},"excerpt":{"rendered":"<p>Panopto videosalvestised v\u00f5imaldavad videosid vaadata vaatajale sobival viisil. Kl\u00f5psake interaktiivsel pildil olevatel infonuppudel, et saada teada m\u00e4rgitud v\u00f5imaluste t\u00e4hendust. Interaktiivse pildi all on need v\u00f5imalused veelkord kirjeldatud. 1. Video sees saab navigeerida sisukorra pealkirjadel v\u00f5i slaididel\u00a0kl\u00f5psates. 2. Pealkirjade ja slaidide &#8230;<\/p>\n","protected":false},"author":6,"featured_media":0,"parent":0,"menu_order":0,"comment_status":"closed","ping_status":"closed","template":"","meta":{"_acf_changed":false,"inline_featured_image":false,"footnotes":""},"class_list":["post-136","page","type-page","status-publish","hentry"],"acf":[],"_links":{"self":[{"href":"https:\/\/sisu.ut.ee\/juhendid\/wp-json\/wp\/v2\/pages\/136","targetHints":{"allow":["GET"]}}],"collection":[{"href":"https:\/\/sisu.ut.ee\/juhendid\/wp-json\/wp\/v2\/pages"}],"about":[{"href":"https:\/\/sisu.ut.ee\/juhendid\/wp-json\/wp\/v2\/types\/page"}],"author":[{"embeddable":true,"href":"https:\/\/sisu.ut.ee\/juhendid\/wp-json\/wp\/v2\/users\/6"}],"replies":[{"embeddable":true,"href":"https:\/\/sisu.ut.ee\/juhendid\/wp-json\/wp\/v2\/comments?post=136"}],"version-history":[{"count":3,"href":"https:\/\/sisu.ut.ee\/juhendid\/wp-json\/wp\/v2\/pages\/136\/revisions"}],"predecessor-version":[{"id":1866,"href":"https:\/\/sisu.ut.ee\/juhendid\/wp-json\/wp\/v2\/pages\/136\/revisions\/1866"}],"wp:attachment":[{"href":"https:\/\/sisu.ut.ee\/juhendid\/wp-json\/wp\/v2\/media?parent=136"}],"curies":[{"name":"wp","href":"https:\/\/api.w.org\/{rel}","templated":true}]}}