{"id":135,"date":"2024-04-04T02:50:45","date_gmt":"2024-04-03T23:50:45","guid":{"rendered":"https:\/\/sisu.ut.ee\/juhendid\/vastastikhindamine\/"},"modified":"2025-12-16T09:54:38","modified_gmt":"2025-12-16T07:54:38","slug":"vastastikhindamine","status":"publish","type":"page","link":"https:\/\/sisu.ut.ee\/juhendid\/vastastikhindamine\/","title":{"rendered":"Vastastikhindamine"},"content":{"rendered":"<p>Vastastikhindamine on m\u00f5eldud r\u00fchmat\u00f6\u00f6ks: r\u00fchmaliikmed hindavad \u00fcksteise ja enda panust r\u00fchmat\u00f6\u00f6s. Lisaks saab lasta r\u00fchmal esitada r\u00fchmat\u00f6\u00f6 kokkuv\u00f5tte faili(d) (ei pea esitama). \u00d5ppijad ei n\u00e4e teiste r\u00fchmade t\u00f6id ega saa hinnata teiste r\u00fchmade \u00f5ppijaid. Vastastikhindamise kasutamiseks peavad \u00f5ppijad e-kursusel olema r\u00fchmades. Kui kursusel on n\u00e4iteks \u00d5ISist tulnud seminari- v\u00f5i praktikumir\u00fchmad ning eraldi r\u00fchmat\u00f6\u00f6r\u00fchmad, tuleb kasutada r\u00fchmade grupeerimiseks ka r\u00fchmitusi. Kui \u00f5ppej\u00f5ud soovib eraldi r\u00fchmat\u00f6\u00f6d (esitatud faili) hinnata, kasutab ta selleks nt ulesannet.<\/p>\n<p>Hindamiseks sisestab \u00f5ppej\u00f5ud kriteeriumid ning m\u00e4\u00e4rab hindeskaalad \u2013 Moodle\u2019i s\u00f5nalised skaalad, millest esimene, k\u00f5ige negatiivsem, annab 0 punkti. Vastastikhindamise jaoks on Moodle\u2019is s\u00f5naline skaala nimega Vastastikhindamine Likert (5-0) 5, 4, 3, 2, 1, 0. Iga \u00f5ppej\u00f5ud saab enda e-kursusel luua uue, talle sobiva s\u00f5nalise skaala. L\u00f5puks arvutatakse automaatselt iga r\u00fchmaliikme l\u00f5plik \u00fcldhinne, mis l\u00e4heb hindetabelisse (vaikimisi seadetega teisendatuna 100-pallilisele skaalale).<\/p>\n<h3>Vastastikhindamise lisamiseks:<\/h3>\n<ul>\n<li>valige lingist\u00a0<em>Lisa vahend v\u00f5i tegevus<\/em>\u00a0avanevast aknast\u00a0<em>Vastastikhindamine<\/em><\/li>\n<li>sisestage nimi ning kirjeldus (nt esitatava \u00fclesande \u00fcksikasjad (s\u00f5nade arv, failide arv, aktsepteeritud failit\u00fc\u00fcbid jm) ning kaaslaste hindamise p\u00f5him\u00f5tted)<\/li>\n<li>m\u00e4\u00e4rake, millal on vastastikhindamine t\u00f6\u00f6 esitamiseks ning \u00fcksteise hindamiseks avatud<\/li>\n<li>m\u00e4\u00e4rake, mitut faili saab r\u00fchm esitada (faili esitamist ei pea n\u00f5udma \u2013 v\u00f5ib kasutada vaid \u00fcksteise panuse hindamiseks)<\/li>\n<li>kui lubate\u00a0salvestada mustandina, saab \u00f5ppija osa hinnanguid \u00e4ra esitada, salvestada ning hiljem hindamist j\u00e4tkata<\/li>\n<li>m\u00e4\u00e4rake, kas \u00f5ppijad peavad lisaks r\u00fchmakaaslastele ka ennast hindama<\/li>\n<li>m\u00e4\u00e4rake vastastikhindamise kaal (max 100 %) ning\u00a0trahv kaas\u00f5ppijate hindamata j\u00e4tmise eest\u00a0(max 100%) \u2013 neid kaale saate igal ajal muuta<\/li>\n<li>seadistage vastastikku antud hinnangute n\u00e4htavus \u2013 kas on peidetud, on n\u00e4ha anon\u00fc\u00fcmselt v\u00f5i nimeliselt<\/li>\n<li>kui m\u00e4\u00e4rate, et p\u00f5hjendus on n\u00f5utud, tuleb igale hinnangule lisada ka kommentaar. Kui p\u00f5hjendus pole n\u00f5utud, siis kommentaari lahtrit pole.<\/li>\n<\/ul>\n<h3>Vastastikhindamise kasutamine:<\/h3>\n<ul>\n<li><strong>Kui hindamise aeg on m\u00f6\u00f6das<\/strong>, kl\u00f5psake r\u00fchma nimel ja vaadake r\u00fchma esitatud faili ning \u00f5ppijate hinnanguid. \u00d5ppej\u00f5ul on v\u00f5imalik \u00fcksiku \u00f5ppija poolt antud hinnanguid ka k\u00e4sitsi muuta ning kommenteerida.<\/li>\n<\/ul>\n<p style=\"text-align: center;\"><img loading=\"lazy\" decoding=\"async\" width=\"1566\" height=\"370\" class=\"alignnone wp-image-797\" style=\"width: 600px; height: 142px;\" title=\"screenshot_2021-10-06_at_14.06.15.png\" src=\"https:\/\/sisu.ut.ee\/wp-content\/uploads\/sites\/177\/screenshot_2021-10-06_at_14.06.15.png\" alt=\"Pilt\" srcset=\"https:\/\/sisu.ut.ee\/wp-content\/uploads\/sites\/177\/screenshot_2021-10-06_at_14.06.15.png 1566w, https:\/\/sisu.ut.ee\/wp-content\/uploads\/sites\/177\/screenshot_2021-10-06_at_14.06.15-300x71.png 300w, https:\/\/sisu.ut.ee\/wp-content\/uploads\/sites\/177\/screenshot_2021-10-06_at_14.06.15-1024x242.png 1024w, https:\/\/sisu.ut.ee\/wp-content\/uploads\/sites\/177\/screenshot_2021-10-06_at_14.06.15-768x181.png 768w, https:\/\/sisu.ut.ee\/wp-content\/uploads\/sites\/177\/screenshot_2021-10-06_at_14.06.15-1536x363.png 1536w\" sizes=\"auto, (max-width: 1566px) 100vw, 1566px\"><\/p>\n<p style=\"text-align: center;\">\n<\/p><p style=\"text-align: center;\"><img loading=\"lazy\" decoding=\"async\" width=\"1218\" height=\"742\" class=\"alignnone wp-image-798\" style=\"width: 500px; height: 305px;\" title=\"screenshot_2021-10-06_at_14.10.40.png\" src=\"https:\/\/sisu.ut.ee\/wp-content\/uploads\/sites\/177\/screenshot_2021-10-06_at_14.10.40.png\" alt=\"pilt\" srcset=\"https:\/\/sisu.ut.ee\/wp-content\/uploads\/sites\/177\/screenshot_2021-10-06_at_14.10.40.png 1218w, https:\/\/sisu.ut.ee\/wp-content\/uploads\/sites\/177\/screenshot_2021-10-06_at_14.10.40-300x183.png 300w, https:\/\/sisu.ut.ee\/wp-content\/uploads\/sites\/177\/screenshot_2021-10-06_at_14.10.40-1024x624.png 1024w, https:\/\/sisu.ut.ee\/wp-content\/uploads\/sites\/177\/screenshot_2021-10-06_at_14.10.40-768x468.png 768w\" sizes=\"auto, (max-width: 1218px) 100vw, 1218px\"><\/p>\n<ul>\n<li>Seej\u00e4rel <strong>sisestage igale r\u00fchmale tulemus<\/strong> (max 100%) ning <strong>vastastikhindamise kaal<\/strong> (max 100%) ja salvestage.<\/li>\n<\/ul>\n<h5>Kui \u00f5ppej\u00f5ud on r\u00fchma tulemuse sisestanud, l\u00e4heb vastastikhindamine \u00f5ppijate jaoks j\u00e4\u00e4davalt lukku \u2013 enam ei saa nad t\u00f6\u00f6d esitada ega \u00fcksteist hinnata!<\/h5>\n<p style=\"text-align: center;\"><img loading=\"lazy\" decoding=\"async\" width=\"2024\" height=\"844\" class=\"alignnone wp-image-799\" style=\"width: 700px; height: 292px;\" title=\"screenshot_2021-10-06_at_14.14.45.png\" src=\"https:\/\/sisu.ut.ee\/wp-content\/uploads\/sites\/177\/screenshot_2021-10-06_at_14.14.45.png\" alt=\"pilt\" srcset=\"https:\/\/sisu.ut.ee\/wp-content\/uploads\/sites\/177\/screenshot_2021-10-06_at_14.14.45.png 2024w, https:\/\/sisu.ut.ee\/wp-content\/uploads\/sites\/177\/screenshot_2021-10-06_at_14.14.45-300x125.png 300w, https:\/\/sisu.ut.ee\/wp-content\/uploads\/sites\/177\/screenshot_2021-10-06_at_14.14.45-1024x427.png 1024w, https:\/\/sisu.ut.ee\/wp-content\/uploads\/sites\/177\/screenshot_2021-10-06_at_14.14.45-768x320.png 768w, https:\/\/sisu.ut.ee\/wp-content\/uploads\/sites\/177\/screenshot_2021-10-06_at_14.14.45-1536x641.png 1536w, https:\/\/sisu.ut.ee\/wp-content\/uploads\/sites\/177\/screenshot_2021-10-06_at_14.14.45-1920x801.png 1920w\" sizes=\"auto, (max-width: 2024px) 100vw, 2024px\"><\/p>\n<ul>\n<li><strong>Avage r\u00fchma leht uuesti <\/strong>ja n\u00e4ete arvutatud tulemuste tabelit, millest hindetabelisse l\u00e4heb kaalutud l\u00f5pptulemus v\u00f5i \u00f5ppej\u00f5u sisestatud \u00fclekirjutatud tulemus. Te saate tulemusi muuta tulbas <em>\u00dclekirjutatud tulemus<\/em>.<\/li>\n<li><strong>Avalikustage tulemused<\/strong> \u00f5ppijatele. Selleks minge vastastikhindamise avalehele ja kl\u00f5psake nupul <em>Avalda k\u00f5igi r\u00fchmade tulemused<\/em>.<br>\n<img loading=\"lazy\" decoding=\"async\" width=\"1566\" height=\"370\" class=\"alignnone wp-image-800\" style=\"width: 700px; height: 165px;\" title=\"screenshot_2021-10-06_at_14.06.15_01.png\" src=\"https:\/\/sisu.ut.ee\/wp-content\/uploads\/sites\/177\/screenshot_2021-10-06_at_14.06.15_01.png\" alt=\"pilt\" srcset=\"https:\/\/sisu.ut.ee\/wp-content\/uploads\/sites\/177\/screenshot_2021-10-06_at_14.06.15_01.png 1566w, https:\/\/sisu.ut.ee\/wp-content\/uploads\/sites\/177\/screenshot_2021-10-06_at_14.06.15_01-300x71.png 300w, https:\/\/sisu.ut.ee\/wp-content\/uploads\/sites\/177\/screenshot_2021-10-06_at_14.06.15_01-1024x242.png 1024w, https:\/\/sisu.ut.ee\/wp-content\/uploads\/sites\/177\/screenshot_2021-10-06_at_14.06.15_01-768x181.png 768w, https:\/\/sisu.ut.ee\/wp-content\/uploads\/sites\/177\/screenshot_2021-10-06_at_14.06.15_01-1536x363.png 1536w\" sizes=\"auto, (max-width: 1566px) 100vw, 1566px\"><br>\nP\u00e4rast seda ei saa \u00f5ppijad enam oma hinnanguid muuta.Soovi korral saate hindetabelis lehel <em>Kategooriad ja objektid<\/em>\u00a0vastastikhindamise seadetes (<em>Muuda \u2013 Muuda s\u00e4tteid<\/em>) m\u00e4\u00e4rata tulemuse komakohtade arvu (vaikimisi on 2) ning teisendada tulemused soovitud skaalale korrutades tulemuse l\u00e4bi vastava arvuga (l\u00e4vendi all link <em>Kuva rohkem<\/em> \u2026 \u2013 <em>Korruta hinne l\u00e4bi<\/em>).<\/li>\n<\/ul>\n<h5>Vaikimisi on vastastikhindamise tulemus teisendatud 100-punktilisele skaalale. Kui soovite, et maksimumpunktid oleks nt 5, korrutage hinne l\u00e4bi 0,05-ga.<\/h5>\n<h3>L\u00f5pptulemuse arvutamise n\u00e4ide<\/h3>\n<ul>\n<li>Kokku on 9 kriteeriumi.<\/li>\n<li>Hinnati skaalal 0-4 punkti.<\/li>\n<li>Trahve mittehindamise eest pole.<\/li>\n<li>Kaas\u00f5ppijate hinnangud annavad 100% l\u00f5pphindest.<\/li>\n<li>Iga kriteeriumi kohta leitakse, kui palju punkte iga hindaja andis ja arvutatakse normaliseeritud hinnangud \u2013 kui suure osa oma kogu hinnangust iga hindaja kellelegi jagas. V\u00f5etakse arvesse, mitu \u00f5ppijat oli r\u00fchmas ja mitu \u00f5ppijat tegelikult hindas. Arvutatakse k\u00f5igi r\u00fchmaliikmete osalused (Web-PA scores), liites kokku k\u00f5ik neile r\u00fchmakaaslaste ja iseenda antud eelpool arvutatud normaliseeritud hinnangud ja vajadusel korrutades korrelatsioonikordajaga. L\u00f5pliku tulemuse jaoks (%) korrutatakse k\u00f5igi osalused \u00f5ppej\u00f5u sisestatud r\u00fchma tulemusega.<\/li>\n<\/ul>\n<p>Mati andis k\u00f5igile kokku 8 punkti ja sellest Marile 3 punkti.<\/p>\n<p style=\"margin-left: 40px;\">3 : 8 = 0,375<\/p>\n<p>Juhan andis k\u00f5igile kokku 66 punkti ja neist Marile 19 punkti.<\/p>\n<p style=\"margin-left: 40px;\">19 : 66 = 0,2878<\/p>\n<p style=\"margin-left: 40px;\">0,375 + 0,2878 = 0,6628<\/p>\n<p>R\u00fchmas oli 5 \u00f5ppijat, kellest 2 hindas Marit.<\/p>\n<p style=\"margin-left: 40px;\">5 : 2 = 2,5 (fufge score)<\/p>\n<p style=\"margin-left: 40px;\">0,6628 x 2,5 = 1,657 (contribution)<\/p>\n<p style=\"margin-left: 40px;\">1,657 x 4 (group grade) = 6,63 (calculated grade) \u2013 see on hindetabelis.<\/p>\n<h5>Vt ingliskeelset selgitust\u00a0<a title=\"\" href=\"http:\/\/webpaproject.com\/webpa_wiki\/index.php?title=The_Scoring_Algorithm&amp;oldid=31\" target=\"_blank\" rel=\"noopener\" data-url=\"http:\/\/webpaproject.com\/webpa_wiki\/index.php?title=The_Scoring_Algorithm&amp;oldid=31\">http:\/\/webpaproject.com\/webpa_wiki\/index.php?title=The_Scoring_Algorithm&amp;oldid=31<\/a><\/h5>\n","protected":false},"excerpt":{"rendered":"<p>Vastastikhindamine on m\u00f5eldud r\u00fchmat\u00f6\u00f6ks: r\u00fchmaliikmed hindavad \u00fcksteise ja enda panust r\u00fchmat\u00f6\u00f6s. Lisaks saab lasta r\u00fchmal esitada r\u00fchmat\u00f6\u00f6 kokkuv\u00f5tte faili(d) (ei pea esitama). \u00d5ppijad ei n\u00e4e teiste r\u00fchmade t\u00f6id ega saa hinnata teiste r\u00fchmade \u00f5ppijaid. Vastastikhindamise kasutamiseks peavad \u00f5ppijad e-kursusel olema &#8230;<\/p>\n","protected":false},"author":6,"featured_media":0,"parent":0,"menu_order":0,"comment_status":"closed","ping_status":"closed","template":"","meta":{"_acf_changed":false,"inline_featured_image":false,"footnotes":""},"class_list":["post-135","page","type-page","status-publish","hentry"],"acf":[],"_links":{"self":[{"href":"https:\/\/sisu.ut.ee\/juhendid\/wp-json\/wp\/v2\/pages\/135","targetHints":{"allow":["GET"]}}],"collection":[{"href":"https:\/\/sisu.ut.ee\/juhendid\/wp-json\/wp\/v2\/pages"}],"about":[{"href":"https:\/\/sisu.ut.ee\/juhendid\/wp-json\/wp\/v2\/types\/page"}],"author":[{"embeddable":true,"href":"https:\/\/sisu.ut.ee\/juhendid\/wp-json\/wp\/v2\/users\/6"}],"replies":[{"embeddable":true,"href":"https:\/\/sisu.ut.ee\/juhendid\/wp-json\/wp\/v2\/comments?post=135"}],"version-history":[{"count":2,"href":"https:\/\/sisu.ut.ee\/juhendid\/wp-json\/wp\/v2\/pages\/135\/revisions"}],"predecessor-version":[{"id":4955,"href":"https:\/\/sisu.ut.ee\/juhendid\/wp-json\/wp\/v2\/pages\/135\/revisions\/4955"}],"wp:attachment":[{"href":"https:\/\/sisu.ut.ee\/juhendid\/wp-json\/wp\/v2\/media?parent=135"}],"curies":[{"name":"wp","href":"https:\/\/api.w.org\/{rel}","templated":true}]}}