{"id":13,"date":"2024-04-04T02:50:36","date_gmt":"2024-04-03T23:50:36","guid":{"rendered":"https:\/\/sisu.ut.ee\/juhendid\/sisu-eksportimine-ja-importimine\/"},"modified":"2024-04-04T02:55:47","modified_gmt":"2024-04-03T23:55:47","slug":"sisu-eksportimine-ja-importimine","status":"publish","type":"page","link":"https:\/\/sisu.ut.ee\/juhendid\/sisu-eksportimine-ja-importimine\/","title":{"rendered":"Sisu eksportimine ja importimine"},"content":{"rendered":"<p>\n\tTeie Mahara konto aegub p\u00e4rast \u00fclikooli l\u00f5petamist v\u00f5i \u00fclikooliga t\u00f6\u00f6lepingu l\u00f5ppemist, kui \u00fclikooli arvutiv\u00f5rgu kasutajatunnus muutub mitteaktiivseks. Soovitame enne \u00fclikoolist lahkumist salvestada e-portfoolio oma isiklikku arvutisse, et saaksite seda ka edaspidi kasutada. Vajadusel paluge enda kasutajatunnuse mitteaktiveerimist T\u00dc arvutiabist <a class=\"external-link\" data-ext-link-init=\"true\" href=\"mailto:itk@ut.ee;%20arvutiabi@ut.ee\" rel=\"nofollow noopener\" target=\"_blank\">arvutiabi@ut.ee<\/a>.\n<\/p>\n<h5>\n\tNB! Otse PDFiks eksportimist Mahara ei toeta. Te saate ise lehek\u00fclgi PDFks salvestada, kui hakata neid printima ning seej\u00e4rel valida PDFi salvestamine. Hiljem saab <em>PDF Merge<\/em> vahendiga eraldi PDF-failid \u00fcheks failiks kokku liita.\u00a0<br>\n<\/h5>\n<h2>\n\tFailide allalaadimine<br>\n<\/h2>\n<p>\n\tKui olete lisanud enda personaalse sisu alla faile, saate need kokkupakitud kaustana endale arvutisse vm salvestada. Kl\u00f5psake \u00fclamen\u00fc\u00fcs <i>Loo\u00a0<\/i>\u2013\u00a0<em>Failid<\/em>\u00a0\u2013\u00a0<em>Lae kausta sisu alla zip-failina (asub lehe allosas)<\/em>.\n<\/p>\n<p style=\"text-align: center\">\n\t<img loading=\"lazy\" decoding=\"async\" width=\"1178\" height=\"947\" class=\"alignnone wp-image-307\" src=\"https:\/\/sisu.ut.ee\/wp-content\/uploads\/sites\/177\/failid_01.png\" title=\"failid_01.png\" alt=\"Mahara failid\" srcset=\"https:\/\/sisu.ut.ee\/wp-content\/uploads\/sites\/177\/failid_01.png 1178w, https:\/\/sisu.ut.ee\/wp-content\/uploads\/sites\/177\/failid_01-300x241.png 300w, https:\/\/sisu.ut.ee\/wp-content\/uploads\/sites\/177\/failid_01-1024x823.png 1024w, https:\/\/sisu.ut.ee\/wp-content\/uploads\/sites\/177\/failid_01-768x617.png 768w\" sizes=\"auto, (max-width: 1178px) 100vw, 1178px\">\n<\/p>\n<h2 id=\"Sisueksportiminejaimportimine-Eksportimine\">\n\tEksportimine<br>\n<\/h2>\n<p class=\"intro\">\n\tEksportida saab kogu oma portfoolio andmed ning lehed ja kollektsioonid v\u00f5i vaid osa neist. Eksportida ei saa r\u00fchmadega seotud andmeid ega sisu. Eksportimiseks kl\u00f5psake \u00fclamen\u00fc\u00fcs\u00a0<em>Portfoolio<\/em>\u00a0\u2013\u00a0<em>Ekspordi<\/em>.\n<\/p>\n<p class=\"intro\" style=\"text-align: center\">\n\t<img loading=\"lazy\" decoding=\"async\" width=\"1184\" height=\"691\" class=\"alignnone wp-image-306\" src=\"https:\/\/sisu.ut.ee\/wp-content\/uploads\/sites\/177\/eksport-import.png\" title=\"eksport-import.png\" alt=\"Ekspordi\" srcset=\"https:\/\/sisu.ut.ee\/wp-content\/uploads\/sites\/177\/eksport-import.png 1184w, https:\/\/sisu.ut.ee\/wp-content\/uploads\/sites\/177\/eksport-import-300x175.png 300w, https:\/\/sisu.ut.ee\/wp-content\/uploads\/sites\/177\/eksport-import-1024x598.png 1024w, https:\/\/sisu.ut.ee\/wp-content\/uploads\/sites\/177\/eksport-import-768x448.png 768w\" sizes=\"auto, (max-width: 1184px) 100vw, 1184px\">\n<\/p>\n<h2 id=\"Sisueksportiminejaimportimine-Importimine\">\n\tImportimine<br>\n<\/h2>\n<p>\n\tImportida saab oma portfoolio andmed ning lehed ja kollektsioonid v\u00f5i vaid osa neist, mis on samas v\u00f5i teises Maharas Leap2A formaadis eksporditud. Importida ei saa r\u00fchmadega seotud andmeid ega sisu. Importimiseks kl\u00f5psake \u00fclamen\u00fc\u00fcs\u00a0<em>Portfoolio<\/em>\u00a0\u2013\u00a0<em>Impordi<\/em>.<\/p>\n","protected":false},"excerpt":{"rendered":"<p>Teie Mahara konto aegub p\u00e4rast \u00fclikooli l\u00f5petamist v\u00f5i \u00fclikooliga t\u00f6\u00f6lepingu l\u00f5ppemist, kui \u00fclikooli arvutiv\u00f5rgu kasutajatunnus muutub mitteaktiivseks. Soovitame enne \u00fclikoolist lahkumist salvestada e-portfoolio oma isiklikku arvutisse, et saaksite seda ka edaspidi kasutada. Vajadusel paluge enda kasutajatunnuse mitteaktiveerimist T\u00dc arvutiabist arvutiabi@ut.ee. &#8230;<\/p>\n","protected":false},"author":6,"featured_media":0,"parent":0,"menu_order":0,"comment_status":"closed","ping_status":"closed","template":"","meta":{"_acf_changed":false,"inline_featured_image":false,"footnotes":""},"class_list":["post-13","page","type-page","status-publish","hentry"],"acf":[],"_links":{"self":[{"href":"https:\/\/sisu.ut.ee\/juhendid\/wp-json\/wp\/v2\/pages\/13","targetHints":{"allow":["GET"]}}],"collection":[{"href":"https:\/\/sisu.ut.ee\/juhendid\/wp-json\/wp\/v2\/pages"}],"about":[{"href":"https:\/\/sisu.ut.ee\/juhendid\/wp-json\/wp\/v2\/types\/page"}],"author":[{"embeddable":true,"href":"https:\/\/sisu.ut.ee\/juhendid\/wp-json\/wp\/v2\/users\/6"}],"replies":[{"embeddable":true,"href":"https:\/\/sisu.ut.ee\/juhendid\/wp-json\/wp\/v2\/comments?post=13"}],"version-history":[{"count":1,"href":"https:\/\/sisu.ut.ee\/juhendid\/wp-json\/wp\/v2\/pages\/13\/revisions"}],"predecessor-version":[{"id":1838,"href":"https:\/\/sisu.ut.ee\/juhendid\/wp-json\/wp\/v2\/pages\/13\/revisions\/1838"}],"wp:attachment":[{"href":"https:\/\/sisu.ut.ee\/juhendid\/wp-json\/wp\/v2\/media?parent=13"}],"curies":[{"name":"wp","href":"https:\/\/api.w.org\/{rel}","templated":true}]}}