{"id":129,"date":"2024-04-04T02:50:45","date_gmt":"2024-04-03T23:50:45","guid":{"rendered":"https:\/\/sisu.ut.ee\/juhendid\/panopto-korduma-kippuvad-kusimused\/"},"modified":"2024-04-04T02:55:41","modified_gmt":"2024-04-03T23:55:41","slug":"panopto-korduma-kippuvad-kusimused","status":"publish","type":"page","link":"https:\/\/sisu.ut.ee\/juhendid\/panopto-korduma-kippuvad-kusimused\/","title":{"rendered":"Panopto korduma kippuvad k\u00fcsimused"},"content":{"rendered":"<h3>\n\tKas Panoptoga saab salvestada ka videosid, mis ei ole seotud Moodle\u2019i kursusega?<br>\n<\/h3>\n<p>\n\tJah, saab. Selleks vajate te Panoptos kausta, kuhu te need videod salvestate. Saatke\u00a0e-kiri eope@ut.ee ning andke\u00a0oma soovist teada. Kirjas kirjeldage, milleks te Panopto salvestamis\u00f5igust vajate ning mis v\u00f5iks olla kausta nimi.\n<\/p>\n<h3>\n\tKas ma saan salvestada proovivideot, enne kui hakkan salvestama l\u00f5plikku videot?<br>\n<\/h3>\n<p>\n\tProovivideosid ongi soovitatav salvestada. Tehke enne loengu salvestamist kindlasti l\u00fchike test, et veenduda, et slaidid on k\u00f5ik korras ning heli ning video ka toimib. Hiljem saate oma proovisalvestuse Panopto serverist kustutada.\n<\/p>\n<h3>\n\tKas ma saan vajadusel salvestatud videod ise serverist \u00e4ra kustutada?<br>\n<\/h3>\n<p>\n\tJah, selleks peate minema oma salvestuste kausta Panoptos. Salvestuse juures olevast valikukastist\u00a0viimane <em>Delete<\/em> annab v\u00f5imaluse salvestatud video kustutada.\n<\/p>\n<h3>\n\tMis formaadis on Panoptoga salvestatud video?\u00a0<br>\n<\/h3>\n<p>\n\tPanopto videod on Panopto eriformaadis, mida oma arvutis avada ei saa. K\u00fcll on aga v\u00f5imalik Panopto programmi seadetest m\u00e4\u00e4rata lisaks MP4-formaadis video salvestamine.\n<\/p>\n<h3>\n\tKas v\u00f5imalik on salvestada ka MP4-formaadis faili?<br>\n<\/h3>\n<p>\n\tJah, selleks tuleb teha linnuke Panopto programmi Settings &gt; Advanced settings seadetes, kus on m\u00e4rgitud MP4- failiformaadis salvestamine.\n<\/p>\n<h3>\n\tKui ma soovin kasutada MP4-formaadis Panoptoga salvestatud faili, siis kas v\u00f5ib j\u00e4tta selle Panopto serverisse \u00fcles laadimata?<br>\n<\/h3>\n<p>\n\tMP4-faile Panoptosse ei laeta. Laetakse \u00fclesse vaid Panopto enda formaadis failid.\n<\/p>\n<h3>\n\tKas salvestatud video laetakse\u00a0automaatselt serverisse \u00fcles? Kas seda ei saa m\u00e4\u00e4rata ise, et ei laetaks?<br>\n<\/h3>\n<p>\n\tJah, videod laetakse automaatselt \u00fclesse. Seadetest saab seda vaikeseadet muuta v\u00f5i v\u00f5ib ka Panopto programmi mitte sisse logida ja tegutseda <em>offline<\/em>.\n<\/p>\n<h3>\n\tMis hetkel \u00f5ppijad Moodle\u2019is kursuse Panopto kausta salvestatud videosid n\u00e4evad?<br>\n<\/h3>\n<p>\n\t\u00d5ppijad n\u00e4evad videosid kursuse Panopto ploki kaudu (sinna tekib nimekiri videote linkidest). Videote lingid v\u00f5ib lisada ka kursuse avalehele Moodle\u2019i URL vahendit kasutades, vistutada <em>embed<\/em> koodi abil kursuse avalehele vaheteksti sisse\u00a0v\u00f5i kursuse lehek\u00fcljele ja raamatusse.\u00a0Kui on soov, et \u00f5ppija kohe ei n\u00e4eks Panopto kausta salvestatud videosid, siis v\u00f5ib kasutada kahte v\u00f5imalust:\n<\/p>\n<ul>\n<li>\n\t\tM\u00e4\u00e4rata Panopto kaustale v\u00f5i kausta \u00fcksikutele videotele eraldi\u00a0kuup\u00e4evaliselt ja kellaajaliselt soovitud k\u00e4ttesaadavuse algus- ja l\u00f5puaeg.\n\t<\/li>\n<li>\n\t\tPeita kursusel Panopto plokk\u00a0\u00f5ppijate eest ja panna salvestatud videote lingid\u00a0kursuse avalehele (NB! sellisel juhul peavad videod olema jagatud<em> Anyone with the link<\/em> \u00f5igusega).\u00a0\n\t<\/li>\n<\/ul>\n<h3>\n\tKas salvestamise ajal n\u00e4eb ainult Powerpointi v\u00f5i ka ennast?<br>\n<\/h3>\n<p>\n\tVaikimisi n\u00e4eb vaid PowerPoint esitlust, kuna PowerPoint avaneb \u00fcle ekraani. Seda on v\u00f5imalik PowerPointi seadetest muuta, et esitlus pannakse k\u00e4ima akna vaates, mis annab v\u00f5imaluse esitluse Panopto k\u00f5rvale lahti v\u00f5tta.\n<\/p>\n<h3>\n\tKui h\u00e4sti toetab Panopto teisi failiformaate peale .ppt?<br>\n<\/h3>\n<p>\n\tKui kasutate teisi esitlustarkvarasid v\u00f5i failiformaate, siis tuleb salvestada ekraani, et slaid p\u00e4rast salvestusel n\u00e4ha oleks. MacOSi kasutajad saavad lisaks PowerPointile kasutada ka Keynote esitlustarkvara.\n<\/p>\n<h3>\n\tKas ma saan Panoptosse laadida ka mujal salvestatud videofaili?<br>\n<\/h3>\n<p>\n\tJah, selleks valige <em>Create<\/em> &gt; <em>Upload media<\/em>\u00a0ja laadige enda fail \u00fcles. Mobiiliseadmes ja veebis vistutatud Panopto video\u00a0vaatamiseks peab ka sellisel juhul muutma antud video seadete alt v\u00e4ljundfaili formaati\u00a0<em>Settings &gt; Outputs &gt; Primary Video Only.<\/em>\n<\/p>\n<h3>\n\tMa ei n\u00e4e mobiilseadmest ega veebis vistutatud\u00a0Panopto videopilti. Mida pean tegema?<br>\n<\/h3>\n<p>\n\tKontrollige, et video v\u00e4ljundformaat (<em>Settings &gt; Outputs<\/em>) on antud video puhul \u00f5ige<em>.\u00a0<\/em>Salvestatud video saab t\u00f6\u00f6delda \u00fcmber viite formaati:\u00a0\n<\/p>\n<ul>\n<li>\n\t\tPrimary Video Only (nt \u00f5ppej\u00f5u kaamerapilt v\u00f5i eraldi \u00fcleslaetud video),\u00a0\n\t<\/li>\n<li>\n\t\tSecondary Video Only (slaidid, ekraanisalvestus),\u00a0\n\t<\/li>\n<li>\n\t\tPicture-in-Picture (\u00f5ppej\u00f5u kaamerapilt v\u00e4ikeselt slaididel\/ekraanisalvestusel),\u00a0\n\t<\/li>\n<li>\n\t\tSide-by-Side (slaidid\/ekraanisalvestus suurelt, \u00f5ppej\u00f5u kaamera pilt paremal v\u00e4ikeselt),\u00a0\n\t<\/li>\n<li>\n\t\tTile All Streams (k\u00f5ik video osad koos).\n\t<\/li>\n<\/ul>\n","protected":false},"excerpt":{"rendered":"<p>Kas Panoptoga saab salvestada ka videosid, mis ei ole seotud Moodle\u2019i kursusega? Jah, saab. Selleks vajate te Panoptos kausta, kuhu te need videod salvestate. Saatke\u00a0e-kiri eope@ut.ee ning andke\u00a0oma soovist teada. Kirjas kirjeldage, milleks te Panopto salvestamis\u00f5igust vajate ning mis v\u00f5iks &#8230;<\/p>\n","protected":false},"author":6,"featured_media":0,"parent":0,"menu_order":0,"comment_status":"closed","ping_status":"closed","template":"","meta":{"_acf_changed":false,"inline_featured_image":false,"footnotes":""},"class_list":["post-129","page","type-page","status-publish","hentry"],"acf":[],"_links":{"self":[{"href":"https:\/\/sisu.ut.ee\/juhendid\/wp-json\/wp\/v2\/pages\/129","targetHints":{"allow":["GET"]}}],"collection":[{"href":"https:\/\/sisu.ut.ee\/juhendid\/wp-json\/wp\/v2\/pages"}],"about":[{"href":"https:\/\/sisu.ut.ee\/juhendid\/wp-json\/wp\/v2\/types\/page"}],"author":[{"embeddable":true,"href":"https:\/\/sisu.ut.ee\/juhendid\/wp-json\/wp\/v2\/users\/6"}],"replies":[{"embeddable":true,"href":"https:\/\/sisu.ut.ee\/juhendid\/wp-json\/wp\/v2\/comments?post=129"}],"version-history":[{"count":1,"href":"https:\/\/sisu.ut.ee\/juhendid\/wp-json\/wp\/v2\/pages\/129\/revisions"}],"predecessor-version":[{"id":1722,"href":"https:\/\/sisu.ut.ee\/juhendid\/wp-json\/wp\/v2\/pages\/129\/revisions\/1722"}],"wp:attachment":[{"href":"https:\/\/sisu.ut.ee\/juhendid\/wp-json\/wp\/v2\/media?parent=129"}],"curies":[{"name":"wp","href":"https:\/\/api.w.org\/{rel}","templated":true}]}}