{"id":126,"date":"2024-04-04T02:50:45","date_gmt":"2024-04-03T23:50:45","guid":{"rendered":"https:\/\/sisu.ut.ee\/juhendid\/ois1-moodlei-liidestus\/"},"modified":"2024-04-10T20:12:59","modified_gmt":"2024-04-10T17:12:59","slug":"ois1-moodlei-liidestus","status":"publish","type":"page","link":"https:\/\/sisu.ut.ee\/juhendid\/ois1-moodlei-liidestus\/","title":{"rendered":"\u00d5IS1-Moodle&#8217;i liidestus \u00d5ISi t\u00e4iendus\u00f5ppemoodulis"},"content":{"rendered":"<p>\u00d5ISi t\u00e4iendus\u00f5ppemoodulis j\u00e4tkub ka peale 20. veebruari 2023 \u00d5IS1 kasutamine ning t\u00f6\u00f6tab varasem \u00d5IS1-Moodle\u2019i liidestus.<\/p>\n","protected":false},"excerpt":{"rendered":"<p>\u00d5ISi t\u00e4iendus\u00f5ppemoodulis j\u00e4tkub ka peale 20. veebruari 2023 \u00d5IS1 kasutamine ning t\u00f6\u00f6tab varasem \u00d5IS1-Moodle\u2019i liidestus.<\/p>\n","protected":false},"author":6,"featured_media":0,"parent":0,"menu_order":0,"comment_status":"closed","ping_status":"closed","template":"","meta":{"_acf_changed":false,"inline_featured_image":false,"footnotes":""},"class_list":["post-126","page","type-page","status-publish","hentry"],"acf":[],"_links":{"self":[{"href":"https:\/\/sisu.ut.ee\/juhendid\/wp-json\/wp\/v2\/pages\/126","targetHints":{"allow":["GET"]}}],"collection":[{"href":"https:\/\/sisu.ut.ee\/juhendid\/wp-json\/wp\/v2\/pages"}],"about":[{"href":"https:\/\/sisu.ut.ee\/juhendid\/wp-json\/wp\/v2\/types\/page"}],"author":[{"embeddable":true,"href":"https:\/\/sisu.ut.ee\/juhendid\/wp-json\/wp\/v2\/users\/6"}],"replies":[{"embeddable":true,"href":"https:\/\/sisu.ut.ee\/juhendid\/wp-json\/wp\/v2\/comments?post=126"}],"version-history":[{"count":1,"href":"https:\/\/sisu.ut.ee\/juhendid\/wp-json\/wp\/v2\/pages\/126\/revisions"}],"predecessor-version":[{"id":1725,"href":"https:\/\/sisu.ut.ee\/juhendid\/wp-json\/wp\/v2\/pages\/126\/revisions\/1725"}],"wp:attachment":[{"href":"https:\/\/sisu.ut.ee\/juhendid\/wp-json\/wp\/v2\/media?parent=126"}],"curies":[{"name":"wp","href":"https:\/\/api.w.org\/{rel}","templated":true}]}}