{"id":123,"date":"2024-04-04T02:50:44","date_gmt":"2024-04-03T23:50:44","guid":{"rendered":"https:\/\/sisu.ut.ee\/juhendid\/bbb-kasutamine-valjaspool-moodleit\/"},"modified":"2025-03-12T15:42:34","modified_gmt":"2025-03-12T13:42:34","slug":"bbb-kasutamine-valjaspool-moodleit","status":"publish","type":"page","link":"https:\/\/sisu.ut.ee\/juhendid\/bbb-kasutamine-valjaspool-moodleit\/","title":{"rendered":"BBB kasutamine v\u00e4ljaspool Moodle&#8217;it"},"content":{"rendered":"<h2><\/h2>\n<p><span style=\"font-size: revert; font-weight: var(--bs-body-font-weight); text-align: var(--bs-body-text-align);\">BigBlueButton on k\u00e4ttesaadav ka aadressilt <\/span><a style=\"font-size: revert; font-weight: var(--bs-body-font-weight); text-align: var(--bs-body-text-align);\" href=\"https:\/\/gl.bbb.ut.ee\/\" target=\"_blank\" rel=\"noopener\">https:\/\/gl.bbb.ut.ee\/<\/a><span style=\"font-size: revert; font-weight: var(--bs-body-font-weight); text-align: var(--bs-body-text-align);\">, kus on v\u00f5imalik luua eraldi veebikonverentsi ruum ning seda lingi kaudu teistega jagada.<\/span><\/p>\n<ul>\n<li>Ruumi loomiseks mine aadressile <a title=\"\" href=\"https:\/\/gl.bbb.ut.ee\/\" target=\"_blank\" rel=\"noopener\" data-url=\"https:\/\/button.ut.ee\/\">https:\/\/gl.bbb.ut.ee\/<\/a>\u00a0ja sisene T\u00dc kasutajakontoga (paremas \u00fclanurgas\u00a0<em>Sign In<\/em>).<\/li>\n<li>Kl\u00f5psa nupul\u00a0<em>+ New Room<br>\n<img loading=\"lazy\" decoding=\"async\" class=\"alignnone size-full wp-image-4167\" src=\"https:\/\/sisu.ut.ee\/wp-content\/uploads\/sites\/177\/new-room-button.png\" alt=\"\" width=\"140\" height=\"55\"><br>\n<\/em>ja sisesta loodava ruumi nimi ning seej\u00e4rel kl\u00f5psa <em>Create Room<\/em>.<\/li>\n<li>Ruumi seadete muutmiseks kl\u00f5psa avalehel ruumi nimel ning liigu \u00fclamen\u00fc\u00fcs <em>Settings<\/em> lehele.<img loading=\"lazy\" decoding=\"async\" class=\"alignnone  wp-image-4173\" src=\"https:\/\/sisu.ut.ee\/wp-content\/uploads\/sites\/177\/ruumi-seaded-300x108.png\" alt=\"\" width=\"761\" height=\"274\" srcset=\"https:\/\/sisu.ut.ee\/wp-content\/uploads\/sites\/177\/ruumi-seaded-300x108.png 300w, https:\/\/sisu.ut.ee\/wp-content\/uploads\/sites\/177\/ruumi-seaded-1024x367.png 1024w, https:\/\/sisu.ut.ee\/wp-content\/uploads\/sites\/177\/ruumi-seaded.png 1289w\" sizes=\"auto, (max-width: 761px) 100vw, 761px\"><\/li>\n<li>Avalehe \u00fclamen\u00fc\u00fc sakist <em>Recordings<\/em> leiad enda ruumide salvestatud veebiseminarid. Salvestatud veebiseminarid ilmuvad nimekirja m\u00f5ni aeg p\u00e4rast salvestamise l\u00f5ppu.<br>\n<img loading=\"lazy\" decoding=\"async\" class=\"alignnone wp-image-4179 size-medium\" src=\"https:\/\/sisu.ut.ee\/wp-content\/uploads\/sites\/177\/recordings-sakk-1-300x136.png\" alt=\"\" width=\"300\" height=\"136\" srcset=\"https:\/\/sisu.ut.ee\/wp-content\/uploads\/sites\/177\/recordings-sakk-1-300x136.png 300w, https:\/\/sisu.ut.ee\/wp-content\/uploads\/sites\/177\/recordings-sakk-1.png 335w\" sizes=\"auto, (max-width: 300px) 100vw, 300px\"><\/li>\n<li>J\u00e4rgmisel korral ruumi sisenemiseks kl\u00f5psa ruumi nimega kastis <em>Start<\/em> nuppu. Osalejatele \u00fchinemislingi saatmiseks kopeeri link kasti vasakus alanurgas olevast nupust.<br>\n<img loading=\"lazy\" decoding=\"async\" class=\"alignnone  wp-image-4171\" src=\"https:\/\/sisu.ut.ee\/wp-content\/uploads\/sites\/177\/ruumi-nupud.png\" alt=\"\" width=\"235\" height=\"227\"><\/li>\n<li>Teised osalejad ei vaja seminariruumi sisenemiseks kasutajakontot \u2013 nemad kirjutavad vastavasse lahtrisse lihtsalt enda nime.<\/li>\n<\/ul>\n<h5>NB! BBB kasutamise juhiseid vaata\u00a0<a title=\"\" href=\"https:\/\/sisu.ut.ee\/juhendid\/bbb\" target=\"_blank\" rel=\"noopener\" data-url=\"https:\/\/sisu.ut.ee\/juhendid\/bbb\">https:\/\/sisu.ut.ee\/juhendid\/bbb<\/a><\/h5>\n<h3>Moderaatorite lisamine<\/h3>\n<p><img loading=\"lazy\" decoding=\"async\" class=\" wp-image-4199 aligncenter\" src=\"https:\/\/sisu.ut.ee\/wp-content\/uploads\/sites\/177\/moderator-code_2-300x144.png\" alt=\"\" width=\"515\" height=\"247\" srcset=\"https:\/\/sisu.ut.ee\/wp-content\/uploads\/sites\/177\/moderator-code_2-300x144.png 300w, https:\/\/sisu.ut.ee\/wp-content\/uploads\/sites\/177\/moderator-code_2.png 625w\" sizes=\"auto, (max-width: 515px) 100vw, 515px\"><\/p>\n<p>Moderaatorite lisamiseks:<\/p>\n<ol>\n<li>minge ruumi seadete lehele,<\/li>\n<li>Generate access code for moderators rea all kl\u00f5psa nuppu <em>Generate,<\/em><\/li>\n<li>lingi kaudu ruumi minnes tekib n\u00fc\u00fcd kasutajatel nime lahtri alla lisalahter <em>Moderator Access Code<\/em>. Genereeritud koodi sinna sisestades<br>\nsaab kasutaja ruumis moderaatori \u00f5igused.<img loading=\"lazy\" decoding=\"async\" class=\" wp-image-4206 aligncenter\" src=\"https:\/\/sisu.ut.ee\/wp-content\/uploads\/sites\/177\/moderator-code_3-1-300x246.png\" alt=\"\" width=\"463\" height=\"380\" srcset=\"https:\/\/sisu.ut.ee\/wp-content\/uploads\/sites\/177\/moderator-code_3-1-300x246.png 300w, https:\/\/sisu.ut.ee\/wp-content\/uploads\/sites\/177\/moderator-code_3-1.png 689w\" sizes=\"auto, (max-width: 463px) 100vw, 463px\"><\/li>\n<\/ol>\n<h3>Salvestamine<\/h3>\n<p>Kui te salvestate BBB ruumi sessiooni, siis salvestused ilmuvad BBB ruumi juurde vaikimisi <em>Published<\/em> olekus. Sellise olekuga salvestust saate levitada salvestuse otselingiga. Salvestuse otselingi saate, kui kl\u00f5psate salvestuste lehel kopeeri URL-i nuppu ning levitate seda.<\/p>\n<p><img loading=\"lazy\" decoding=\"async\" class=\" wp-image-4212 aligncenter\" src=\"https:\/\/sisu.ut.ee\/wp-content\/uploads\/sites\/177\/share-recording-300x60.png\" alt=\"\" width=\"920\" height=\"184\" srcset=\"https:\/\/sisu.ut.ee\/wp-content\/uploads\/sites\/177\/share-recording-300x60.png 300w, https:\/\/sisu.ut.ee\/wp-content\/uploads\/sites\/177\/share-recording.png 1305w\" sizes=\"auto, (max-width: 920px) 100vw, 920px\"><\/p>\n<p>Kui teete salvestuse avalikuks (<em>Public<\/em>) ning saadate vaatajatele BBB ruumi aadressi, siis tekib neile ruumiga liitumisel <em>View Recordings<\/em> nupp. <em>Public<\/em> juurdep\u00e4\u00e4suga salvestust n\u00e4evad vaid need isikud, kes teavad ruumi URL-i. Button.ut.ee avalehel ei ole salvestus n\u00e4htav.<\/p>\n<p><img loading=\"lazy\" decoding=\"async\" class=\" wp-image-4214 aligncenter\" src=\"https:\/\/sisu.ut.ee\/wp-content\/uploads\/sites\/177\/view-recordings-300x230.png\" alt=\"\" width=\"478\" height=\"367\" srcset=\"https:\/\/sisu.ut.ee\/wp-content\/uploads\/sites\/177\/view-recordings-300x230.png 300w, https:\/\/sisu.ut.ee\/wp-content\/uploads\/sites\/177\/view-recordings.png 685w\" sizes=\"auto, (max-width: 478px) 100vw, 478px\"><\/p>\n<p>Lisaks\u00a0<em>Published\u00a0<\/em>ja\u00a0<em>Public\u00a0<\/em>olekule on veel olemas:<\/p>\n<ul>\n<li><strong>Unpublished\u00a0<\/strong><br>\nSalvestust ei n\u00e4e keegi peale omaniku ning seda pole v\u00f5imalik lingiga jagada.<\/li>\n<li><strong>Protected<br>\n<\/strong>Salvestus pole avalikult k\u00e4ttesaadav, kuid seda saab lingiga jagada. URL lingi k\u00fclge lisab see olek tunnuskoodi, ilma milleta video ei avane ehk see avaneb ainult selle lingiga, millel on tunnuskood k\u00fcljes.<\/li>\n<li><strong>Public\/Protected<br>\n<\/strong>Salvestus on avalikult k\u00e4ttesaadav, kuid ainult lingiga, millel on tunnuskood k\u00fcljes.<img loading=\"lazy\" decoding=\"async\" class=\"alignnone size-medium wp-image-4238\" src=\"https:\/\/sisu.ut.ee\/wp-content\/uploads\/sites\/177\/staatused-253x300.png\" alt=\"\" width=\"253\" height=\"300\" srcset=\"https:\/\/sisu.ut.ee\/wp-content\/uploads\/sites\/177\/staatused-253x300.png 253w, https:\/\/sisu.ut.ee\/wp-content\/uploads\/sites\/177\/staatused.png 255w\" sizes=\"auto, (max-width: 253px) 100vw, 253px\"><\/li>\n<\/ul>\n<h5>NB! BigBlueButton\u2019i\u00a0salvestusi ei saa alla laadida ega toimetada.<\/h5>\n<h3>Salvestuste kustutamine<\/h3>\n<p>Salvestusi saab kustutada kl\u00f5psates kopeeri URL nupu k\u00f5rval olevale pr\u00fcgikasti nupule.<\/p>\n","protected":false},"excerpt":{"rendered":"<p>BigBlueButton on k\u00e4ttesaadav ka aadressilt https:\/\/gl.bbb.ut.ee\/, kus on v\u00f5imalik luua eraldi veebikonverentsi ruum ning seda lingi kaudu teistega jagada. Ruumi loomiseks mine aadressile https:\/\/gl.bbb.ut.ee\/\u00a0ja sisene T\u00dc kasutajakontoga (paremas \u00fclanurgas\u00a0Sign In). Kl\u00f5psa nupul\u00a0+ New Room ja sisesta loodava ruumi nimi ning &#8230;<\/p>\n","protected":false},"author":6,"featured_media":0,"parent":0,"menu_order":0,"comment_status":"closed","ping_status":"closed","template":"","meta":{"_acf_changed":false,"inline_featured_image":false,"footnotes":""},"class_list":["post-123","page","type-page","status-publish","hentry"],"acf":[],"_links":{"self":[{"href":"https:\/\/sisu.ut.ee\/juhendid\/wp-json\/wp\/v2\/pages\/123","targetHints":{"allow":["GET"]}}],"collection":[{"href":"https:\/\/sisu.ut.ee\/juhendid\/wp-json\/wp\/v2\/pages"}],"about":[{"href":"https:\/\/sisu.ut.ee\/juhendid\/wp-json\/wp\/v2\/types\/page"}],"author":[{"embeddable":true,"href":"https:\/\/sisu.ut.ee\/juhendid\/wp-json\/wp\/v2\/users\/6"}],"replies":[{"embeddable":true,"href":"https:\/\/sisu.ut.ee\/juhendid\/wp-json\/wp\/v2\/comments?post=123"}],"version-history":[{"count":30,"href":"https:\/\/sisu.ut.ee\/juhendid\/wp-json\/wp\/v2\/pages\/123\/revisions"}],"predecessor-version":[{"id":4250,"href":"https:\/\/sisu.ut.ee\/juhendid\/wp-json\/wp\/v2\/pages\/123\/revisions\/4250"}],"wp:attachment":[{"href":"https:\/\/sisu.ut.ee\/juhendid\/wp-json\/wp\/v2\/media?parent=123"}],"curies":[{"name":"wp","href":"https:\/\/api.w.org\/{rel}","templated":true}]}}