{"id":122,"date":"2024-04-04T02:50:44","date_gmt":"2024-04-03T23:50:44","guid":{"rendered":"https:\/\/sisu.ut.ee\/juhendid\/vastuste-haldamine\/"},"modified":"2025-06-19T14:46:07","modified_gmt":"2025-06-19T11:46:07","slug":"vastuste-haldamine","status":"publish","type":"page","link":"https:\/\/sisu.ut.ee\/juhendid\/vastuste-haldamine\/","title":{"rendered":"Vastuste haldamine"},"content":{"rendered":"<p>K\u00fcsimustike nimekirjas kuvatakse iga k\u00fcsimustiku juures laekunud vastuste arvu.<\/p>\n\n\n\n<figure class=\"wp-block-image aligncenter size-large\"><img loading=\"lazy\" decoding=\"async\" width=\"1024\" height=\"277\" src=\"https:\/\/sisu.ut.ee\/wp-content\/uploads\/sites\/177\/LS_rida-2-1024x277.png\" alt=\"\" class=\"wp-image-4677\" srcset=\"https:\/\/sisu.ut.ee\/wp-content\/uploads\/sites\/177\/LS_rida-2-1024x277.png 1024w, https:\/\/sisu.ut.ee\/wp-content\/uploads\/sites\/177\/LS_rida-2-300x81.png 300w, https:\/\/sisu.ut.ee\/wp-content\/uploads\/sites\/177\/LS_rida-2-768x207.png 768w, https:\/\/sisu.ut.ee\/wp-content\/uploads\/sites\/177\/LS_rida-2-1536x415.png 1536w, https:\/\/sisu.ut.ee\/wp-content\/uploads\/sites\/177\/LS_rida-2.png 1625w\" sizes=\"auto, (max-width: 1024px) 100vw, 1024px\"><\/figure>\n\n\n\n<h3 class=\"wp-block-heading\">Kirjeldava statistika vaatamiseks:<\/h3>\n\n\n\n<ul class=\"wp-block-list\">\n<li>kl\u00f5psake k\u00fcsimustike nimekirjas k\u00fcsimustiku rea l\u00f5pus ikoonile <em>Statistika \u2013\u00a0<\/em>avaneb leht, kus n\u00e4idatakse k\u00f5igi k\u00fcsimuste (mille kohta on v\u00f5imalik) tulpdiagramme (kui k\u00fcsimustiku seadete lehel pole m\u00e4\u00e4ratud teist diagrammit\u00fc\u00fcpi),<\/li>\n\n\n\n<li>laiendatud statistika vaatamiseks on lehe paremas \u00fclanurgas nupp <em>Eksperdi vaade.<\/em><\/li>\n<\/ul>\n\n\n\n<h3 class=\"wp-block-heading\">Vastuste ja statistika vaatamine k\u00fcsimustiku seest<\/h3>\n\n\n\n<p class=\"has-text-align-left\">Kui kl\u00f5psata k\u00fcsimustike nimekirjas <strong>k\u00fcsimustiku nimel<\/strong>, siis vasakul k\u00fcsimustiku men\u00fc\u00fcs on\u00a0<em>Vastused <\/em>ja <em>Statistika.\u00a0<\/em><\/p>\n\n\n\n<figure class=\"wp-block-image size-large\"><img loading=\"lazy\" decoding=\"async\" width=\"1024\" height=\"43\" src=\"https:\/\/sisu.ut.ee\/wp-content\/uploads\/sites\/177\/LS_vastused-1024x43.png\" alt=\"\" class=\"wp-image-4679\" srcset=\"https:\/\/sisu.ut.ee\/wp-content\/uploads\/sites\/177\/LS_vastused-1024x43.png 1024w, https:\/\/sisu.ut.ee\/wp-content\/uploads\/sites\/177\/LS_vastused-300x13.png 300w, https:\/\/sisu.ut.ee\/wp-content\/uploads\/sites\/177\/LS_vastused-768x32.png 768w, https:\/\/sisu.ut.ee\/wp-content\/uploads\/sites\/177\/LS_vastused-1536x64.png 1536w, https:\/\/sisu.ut.ee\/wp-content\/uploads\/sites\/177\/LS_vastused.png 1751w\" sizes=\"auto, (max-width: 1024px) 100vw, 1024px\"><\/figure>\n\n\n\n<ul class=\"wp-block-list\">\n<li>Lehel<em> Vastuste kokkuv\u00f5te<\/em>\u00a0n\u00e4ete, palju on k\u00fcsimustikule kokku vastatud, palju on l\u00f5petatud ja palju poolikuid vastuseid.<\/li>\n\n\n\n<li><em>K\u00f5ik vastused<\/em> lehel n\u00e4ete tabelina vastuste \u00fcldinfot, sealhulgas seda, kas k\u00fcsimustik on l\u00f5petatud ja millal.<\/li>\n\n\n\n<li>Lehel <em>Andmesisestus<\/em>\u00a0saate ise k\u00fcsimustikule vastata.<\/li>\n\n\n\n<li><em>Statistika<\/em> lehel\u00a0saab valida \u00fcldised ja vastuste filtrid, v\u00e4ljundformaadi ning v\u00e4ljundi valikuv\u00f5imalused.\u00a0Kl\u00f5psates nupul\u00a0<em>Vaata statitikat<\/em>\u00a0kuvatakse lisaks diagrammidele valitud k\u00fcsimuste vastuste arvud ning protsendid.\u00a0LimeSurvey pakub ainult k\u00fcsimuste kaupa kirjeldavat statistikat. Kui on vaja midagi enamat, siis peab vastused eksportima sobivasse andmet\u00f6\u00f6tlusprogrammi (<em>Ekspordi<\/em>).<\/li>\n<\/ul>\n\n\n\n<figure class=\"wp-block-image aligncenter size-full\"><img loading=\"lazy\" decoding=\"async\" width=\"697\" height=\"72\" src=\"https:\/\/sisu.ut.ee\/wp-content\/uploads\/sites\/177\/LS_statistika-2.png\" alt=\"\" class=\"wp-image-4681\" srcset=\"https:\/\/sisu.ut.ee\/wp-content\/uploads\/sites\/177\/LS_statistika-2.png 697w, https:\/\/sisu.ut.ee\/wp-content\/uploads\/sites\/177\/LS_statistika-2-300x31.png 300w\" sizes=\"auto, (max-width: 697px) 100vw, 697px\"><\/figure>\n\n\n\n<ul class=\"wp-block-list\">\n<li><em>Ajastustega statistika <\/em>lehel n\u00e4ete, kui palju aega (sekundites) igal vastajsl igale k\u00fcsimusele vastamiseks aega kulus.<\/li>\n\n\n\n<li>Lehel <em>Ekspordi<\/em> saate vastused sobivas failiformaadis enda arvutisse salvestada.<\/li>\n<\/ul>\n\n\n\n<h3 class=\"wp-block-heading\">Vastuste eksportimiseks:<\/h3>\n\n\n\n<ul class=\"wp-block-list\">\n<li>kl\u00f5psake k\u00fcsimustike nimekirjas k\u00fcsimustiku nimel<\/li>\n\n\n\n<li>kl\u00f5psake vasakpoolses men\u00fc\u00fcs lingil\u00a0<em>Vastused<\/em><\/li>\n\n\n\n<li>valige sealt\u00a0<em>Eksport \u2013 Ekspordi vastused<\/em><\/li>\n<\/ul>\n\n\n\n<h3 class=\"wp-block-heading\">Kogutud failide allalaadimine<\/h3>\n\n\n\n<ul class=\"wp-block-list\">\n<li>kl\u00f5psake vasakpoolses men\u00fc\u00fcs lingil\u00a0<em>Vastused<\/em><\/li>\n\n\n\n<li>valige rohkemate vastuste kuvamiseks lehel filtrist suurem arv<\/li>\n\n\n\n<li>m\u00e4rkige eksporditavad\u00a0failide vastused korraga tabeli p\u00e4ises olevast linnukesest<\/li>\n\n\n\n<li>nupust <i>Valitud vastus(ed)\u2026\u00a0<\/i>valige <i>Laadige failid alla<\/i><\/li>\n\n\n\n<li>avage arvutis kokkupakitud .zip fail<\/li>\n<\/ul>\n\n\n\n<figure class=\"wp-block-image\"><a href=\"https:\/\/sisu.ut.ee\/juhendid\/vastuste-haldamine\/ls_vastusefailid\/\" rel=\"attachment wp-att-4350\"><img loading=\"lazy\" decoding=\"async\" width=\"339\" height=\"519\" src=\"https:\/\/sisu.ut.ee\/wp-content\/uploads\/sites\/177\/LS_vastusefailid.png\" alt=\"\" class=\"wp-image-4350\" srcset=\"https:\/\/sisu.ut.ee\/wp-content\/uploads\/sites\/177\/LS_vastusefailid.png 339w, https:\/\/sisu.ut.ee\/wp-content\/uploads\/sites\/177\/LS_vastusefailid-196x300.png 196w\" sizes=\"auto, (max-width: 339px) 100vw, 339px\"><\/a><\/figure>\n\n\n\n<p><\/p>\n","protected":false},"excerpt":{"rendered":"<p>K\u00fcsimustike nimekirjas kuvatakse iga k\u00fcsimustiku juures laekunud vastuste arvu. Kirjeldava statistika vaatamiseks: Vastuste ja statistika vaatamine k\u00fcsimustiku seest Kui kl\u00f5psata k\u00fcsimustike nimekirjas k\u00fcsimustiku nimel, siis vasakul k\u00fcsimustiku men\u00fc\u00fcs on\u00a0Vastused ja Statistika.\u00a0 Vastuste eksportimiseks: Kogutud failide allalaadimine<\/p>\n","protected":false},"author":6,"featured_media":0,"parent":0,"menu_order":0,"comment_status":"closed","ping_status":"closed","template":"","meta":{"_acf_changed":false,"inline_featured_image":false,"footnotes":""},"class_list":["post-122","page","type-page","status-publish","hentry"],"acf":[],"_links":{"self":[{"href":"https:\/\/sisu.ut.ee\/juhendid\/wp-json\/wp\/v2\/pages\/122","targetHints":{"allow":["GET"]}}],"collection":[{"href":"https:\/\/sisu.ut.ee\/juhendid\/wp-json\/wp\/v2\/pages"}],"about":[{"href":"https:\/\/sisu.ut.ee\/juhendid\/wp-json\/wp\/v2\/types\/page"}],"author":[{"embeddable":true,"href":"https:\/\/sisu.ut.ee\/juhendid\/wp-json\/wp\/v2\/users\/6"}],"replies":[{"embeddable":true,"href":"https:\/\/sisu.ut.ee\/juhendid\/wp-json\/wp\/v2\/comments?post=122"}],"version-history":[{"count":4,"href":"https:\/\/sisu.ut.ee\/juhendid\/wp-json\/wp\/v2\/pages\/122\/revisions"}],"predecessor-version":[{"id":4683,"href":"https:\/\/sisu.ut.ee\/juhendid\/wp-json\/wp\/v2\/pages\/122\/revisions\/4683"}],"wp:attachment":[{"href":"https:\/\/sisu.ut.ee\/juhendid\/wp-json\/wp\/v2\/media?parent=122"}],"curies":[{"name":"wp","href":"https:\/\/api.w.org\/{rel}","templated":true}]}}