{"id":121,"date":"2024-04-04T02:50:44","date_gmt":"2024-04-03T23:50:44","guid":{"rendered":"https:\/\/sisu.ut.ee\/juhendid\/ruhma-valimine\/"},"modified":"2024-04-11T11:29:52","modified_gmt":"2024-04-11T08:29:52","slug":"ruhma-valimine","status":"publish","type":"page","link":"https:\/\/sisu.ut.ee\/juhendid\/ruhma-valimine\/","title":{"rendered":"R\u00fchma valimine"},"content":{"rendered":"<p>Kui e-kursusel on k\u00e4sitsi v\u00f5i automaatselt loodud t\u00fchjad r\u00fchmad, saate lasta \u00f5ppijatel endil soovitud r\u00fchmaga liituda.<\/p>\n<h5>NB! R\u00fchma valimise tegevus ise ei tohi r\u00fchmare\u017eiimis olla.<\/h5>\n<h3>Selleks tuleb e-kursusele lisada tegevus <em>R\u00fchma valimine<\/em>:<\/h3>\n<ul>\n<li>valige lingist\u00a0<em>Lisa vahend v\u00f5i tegevus<\/em>\u00a0avanevast aknast\u00a0<em>R\u00fchma valimine<\/em><\/li>\n<li>sisestage tegevusele nimi ning kirjeldus<\/li>\n<li>valige vajadusel r\u00fchmitus (kui r\u00fchmadest on muudustatud r\u00fchmitused)<\/li>\n<li>m\u00e4\u00e4rake maksimaalne \u00f5ppijate arv r\u00fchmas<\/li>\n<li>m\u00e4\u00e4rake, kas \u00f5ppija saab valida \u00fche v\u00f5i mitu r\u00fchma<\/li>\n<li>kui \u00f5ppijate maksimaalne arv r\u00fchmades on erinev, saate seda m\u00e4\u00e4rata tegevuse seadistuste plokis lingist\u00a0<em>R\u00fchmade suuruste m\u00e4\u00e4ramine<\/em><\/li>\n<\/ul>\n","protected":false},"excerpt":{"rendered":"<p>Kui e-kursusel on k\u00e4sitsi v\u00f5i automaatselt loodud t\u00fchjad r\u00fchmad, saate lasta \u00f5ppijatel endil soovitud r\u00fchmaga liituda. NB! R\u00fchma valimise tegevus ise ei tohi r\u00fchmare\u017eiimis olla. Selleks tuleb e-kursusele lisada tegevus R\u00fchma valimine: valige lingist\u00a0Lisa vahend v\u00f5i tegevus\u00a0avanevast aknast\u00a0R\u00fchma valimine sisestage &#8230;<\/p>\n","protected":false},"author":6,"featured_media":0,"parent":0,"menu_order":0,"comment_status":"closed","ping_status":"closed","template":"","meta":{"_acf_changed":false,"inline_featured_image":false,"footnotes":""},"class_list":["post-121","page","type-page","status-publish","hentry"],"acf":[],"_links":{"self":[{"href":"https:\/\/sisu.ut.ee\/juhendid\/wp-json\/wp\/v2\/pages\/121","targetHints":{"allow":["GET"]}}],"collection":[{"href":"https:\/\/sisu.ut.ee\/juhendid\/wp-json\/wp\/v2\/pages"}],"about":[{"href":"https:\/\/sisu.ut.ee\/juhendid\/wp-json\/wp\/v2\/types\/page"}],"author":[{"embeddable":true,"href":"https:\/\/sisu.ut.ee\/juhendid\/wp-json\/wp\/v2\/users\/6"}],"replies":[{"embeddable":true,"href":"https:\/\/sisu.ut.ee\/juhendid\/wp-json\/wp\/v2\/comments?post=121"}],"version-history":[{"count":1,"href":"https:\/\/sisu.ut.ee\/juhendid\/wp-json\/wp\/v2\/pages\/121\/revisions"}],"predecessor-version":[{"id":1730,"href":"https:\/\/sisu.ut.ee\/juhendid\/wp-json\/wp\/v2\/pages\/121\/revisions\/1730"}],"wp:attachment":[{"href":"https:\/\/sisu.ut.ee\/juhendid\/wp-json\/wp\/v2\/media?parent=121"}],"curies":[{"name":"wp","href":"https:\/\/api.w.org\/{rel}","templated":true}]}}