{"id":120,"date":"2024-04-04T02:50:44","date_gmt":"2024-04-03T23:50:44","guid":{"rendered":"https:\/\/sisu.ut.ee\/juhendid\/kkk\/"},"modified":"2025-06-16T09:19:29","modified_gmt":"2025-06-16T06:19:29","slug":"kkk","status":"publish","type":"page","link":"https:\/\/sisu.ut.ee\/juhendid\/kkk\/","title":{"rendered":"BBB korduma kippuvad k\u00fcsimused"},"content":{"rendered":"<h2>\u00dcldine korraldus<\/h2>\n<h3>Kui v\u00e4ike\/suur peaks olema r\u00fchm, et k\u00f5ik osalejad saaksid veebikaamera pilti jagada ning kaasa r\u00e4\u00e4kida, ilma et see mingeid tehnilisi probleeme tekitaks?<\/h3>\n<p>Veebikaamera pildi jagamisel tuleks m\u00f5elda, kui pisikesi pilte tasuks veel n\u00e4idata. Pigem n\u00e4itab oma pilti see, kes r\u00e4\u00e4gib, teised l\u00fclitavad kaamera v\u00e4lja. Samuti v\u00f5iks mikrofoni l\u00fclitada sisse ainult see, kes r\u00e4\u00e4gib. Paljude kaamerate jagamiselt peab arvestama, et iga lisaekraan vajab lisaressurssi. Kogemused \u00fctlevad, et optimaalne on 20, kuid see number oleneb paljudest n\u00e4itajatest. Seoses serveri ressursi suurendamisega v\u00f5ib see number olla suurenenud.<\/p>\n<h3>Kas v\u00e4ljaspool Moodle\u2019it ei saa BBBd kasutada?<\/h3>\n<p>Saab. Selleks on vaja minna aadressile\u00a0<a href=\"https:\/\/gl.bbb.ut.ee\/\" target=\"_blank\" rel=\"noreferrer noopener\">https:\/\/gl.bbb.ut.ee\/<\/a>\u00a0ning logida sisse Tartu \u00dclikooli kasutajatunnusega ning parooliga. Juhendi kuidas seda teha leiab\u00a0<a href=\"https:\/\/sisu.ut.ee\/juhendid\/bbb\" rel=\"noreferrer noopener\">https:\/\/sisu.ut.ee\/juhendid\/bbb<\/a>.<\/p>\n<h3>Kas BBB-d saab kasutada nt magistrit\u00f6\u00f6 kaitsmise korraldamiseks?<\/h3>\n<p>Jah, kaitsmiseks saab kasutada BBB-d. Kui kaitsmisel osalevad inimesed pole seotud \u00fchegi e-kursusega, saate luua kaitsmiseks seminariruumi aadressil <a href=\"https:\/\/gl.bbb.ut.ee\/\" target=\"_blank\" rel=\"noreferrer noopener\">https:\/\/gl.bbb.ut.ee\/<\/a>\u00a0v\u00f5i lubada Moodle\u2019is loodud BBB seadetes k\u00fclalise juurdep\u00e4\u00e4s ja saata osalejatele BBB ruumi link ning parool.\u00a0Sel juhul ei vaja osalejad Moodle\u2019i kasutajatunnuseid.<\/p>\n<h3>Kui kursusel mitu \u00f5ppej\u00f5udu, kas peab lisama kursusele eraldi BBB-d v\u00f5i v\u00f5ib panna \u00fcks BBB r\u00fchmare\u017eiimi?<\/h3>\n<p>Kui eri \u00f5ppej\u00f5udude veebiseminarid ei toimu samal ajal, piisab \u00fchest BBB-st. Kui veebiseminarid toimuvad samal ajal erinevatele r\u00fchmadele, piisab samuti \u00fchest BBB-st, mis on pandud r\u00fchmare\u017eiimi. \u00d5ppej\u00f5ud peab lihtsalt ruumi sisenedes \u00f5ige r\u00fchma valima. R\u00fchma salvestused on n\u00e4htavad ainult konkreetse r\u00fchma jaoks.<\/p>\n<h3>Kas BBB pakub v\u00f5imalust saada \u00fclevaade ka seminaris osalenud \u00fcli\u00f5pilastest v\u00f5i peavad tudengid ennast iga kord ise kirja panema?<\/h3>\n<p>Moderaator saab\u00a0<em>Save user names<\/em>\u00a0abil salvestada osalejate nimekirja (hammasratta ikoon <em>USERS<\/em> juures).<\/p>\n<h3>Kas valge tahvli joonistused kogu seminari salvestamisel ka salvestuvad?<\/h3>\n<p>Jah, joonistused salvestuvad koos slaididega.<\/p>\n<h3>Kuidas muuta oma BBB eestikeelseks?<\/h3>\n<p>Kui olete\u00a0sisenenud\u00a0veebiseminari ruumi, siis kl\u00f5psake \u00fclal paremal kolmel t\u00e4pil (Options) \u2013\u00a0settings ja sealt leiate v\u00f5imaluse valida sobiv keel.<\/p>\n<h2>Audio- ja video<\/h2>\n<h3>Kui sisenesin \u201cvaid audio kuulamisega\u201d, kuidas hiljem mikrofoni j\u00e4rgi l\u00fclitada?<\/h3>\n<p>Selleks tuleb kl\u00f5psata uuesti k\u00f5rvaklappide ikoonil ning teha uuesti l\u00e4bi audioga liitumine. Seekord siis valida \u00fchendamiseks mikrofon.<\/p>\n<h3>Kuidas saada t\u00f6\u00f6le\u00a0BBB-s helifail\u00a0(n\u00e4iteks kui ettekandes on videolink \u2013 siis kuidas kuuleks videofailis olevat heli)?<\/h3>\n<p>BBBs ei kuule t\u00f5epoolest slaididele lisatud heli, sest slaidid konverteeritakse PDF-formaati. Proovida v\u00f5iks ekraanijagamise kaudu oma helifaili jagada. Ekraanijagamisel ei kanta niisama heli \u00fcle, vaid ainult ekraani. Seega heli jagamisel on oluline veenduda, et teie arvutist tulev audio j\u00f5uab osalejateni \u2013 seda siis kas k\u00f5larite kaudu l\u00e4bi mikrofoni v\u00f5i muutes arvuti seadeid.<\/p>\n<h3>Kuidas jagada BBB sessiooni ajal v\u00e4list videot?<\/h3>\n<p>V\u00e4lise video jagamiseks tuleb valida Action men\u00fc\u00fcst (sinine + nupp parema ekraaniosa allosas) <strong><em>Share an external video<\/em><\/strong>, kleepida v\u00e4lise video lahrisse selle video URL ning jagada video (<strong><em>Share a new video<\/em><\/strong>).<\/p>\n<h5>NB! V\u00e4lise videona saab n\u00e4idata ka Panopto videot. Toetatud on Panopto, YouTube\u2019i, Vimeo, Instructure Media, Twitch ja Daily Motion URLid.<\/h5>\n<p>Panopto video puhul veenduge, et video on avalikult (<em>Public<\/em>) v\u00f5i lingiga (<em>Anyone with the link<\/em>) k\u00e4ttesaadav. Rangema\u00a0k\u00e4ttesaadavuse piiranguga (nt ainult kursusel osalejatele) ei pruugi vaataja videot n\u00e4ha, kuna ta ei ole Panoptosse sisse logitud.<\/p>\n<p>Kui BBB sessioon salvestatakse, siis BBB sessiooni ajal v\u00e4lise\u00a0video n\u00e4itamist\u00a0ei salvestata BBB sessiooni salvestusse. Salvestuses on n\u00e4ha viimane n\u00e4idatud slaid ning seega on v\u00e4lise video n\u00e4itamise eel soovitatav lisada esitlusse slaid Video ning edastada video link ka vestlusaknasse, kust salvestuse vaatamisel saab seda linki avada.<\/p>\n<h3>Kas BBB v\u00f5imaldab osalejaid, kes\u00a0saavad kuulata, kuid ei r\u00e4\u00e4kida\u00a0ega vestluses kirjutada ei saa?<\/h3>\n<p>BBB-s on v\u00f5imalik blokeerida korraga k\u00f5ikide osalejate audio jagamine ning vestluses kirjutamine. \u00dche isiku kaupa keelamist teha ei saa.<\/p>\n<h2>Slaidid<\/h2>\n<h3>Miks peaks esitlus olema PDF-formaadis, mitte PPT-formaadis?<\/h3>\n<p>PDF-formaati\u00a0kasutades ei teki hiljem slaidide avaldamisel probleeme. PPT-formaadi puhul v\u00f5ivad probleemid tekkida\u00a0v\u00f5\u00f5raste kirjastiilide, animatsioonide ning muude objektide p\u00e4rast.<\/p>\n<h3>Kas \u00f5pijad saavad ka oma faile jagada\/n\u00e4idata?<\/h3>\n<p>Faile (nt slaide) saab n\u00e4idata presenteri rollis olev osaleja. \u00d5ppej\u00f5ud saab anda igal hetkel igale osalejale presenteri\/esitleja \u00f5iguse ja selle j\u00e4lle endale tagasi v\u00f5tta. Presenteri \u00f5igus on korraga vaid \u00fchel inimesel.<\/p>\n<h3>Kas saab mitut faili \u00fchte seminari \u00fcles laadida?<\/h3>\n<p>Soovitav olekski kohe enne seminari laadida \u00fcles (pluss-nupp ja <em>Manage presentations<\/em>) k\u00f5ik n\u00e4itamiseks m\u00f5eldud failid ja siis seminari k\u00e4igus saate valida, millist n\u00e4idata. Seda saab teha pluss-m\u00e4rgist valides kl\u00f5psates\u00a0faili, mida n\u00e4idata.<\/p>\n<p style=\"text-align: center;\"><img loading=\"lazy\" decoding=\"async\" width=\"504\" height=\"558\" class=\"alignnone wp-image-687\" style=\"width: 252px; height: 279px;\" title=\"screenshot_2021-08-27_at_09.42.42.png\" src=\"https:\/\/sisu.ut.ee\/wp-content\/uploads\/sites\/177\/screenshot_2021-08-27_at_09.42.42.png\" alt=\"pilt\" srcset=\"https:\/\/sisu.ut.ee\/wp-content\/uploads\/sites\/177\/screenshot_2021-08-27_at_09.42.42.png 504w, https:\/\/sisu.ut.ee\/wp-content\/uploads\/sites\/177\/screenshot_2021-08-27_at_09.42.42-271x300.png 271w\" sizes=\"auto, (max-width: 504px) 100vw, 504px\"><\/p>\n<h3>Kuidas valget tahvlit sisse-v\u00e4lja l\u00fclitada?<\/h3>\n<p>Tahvlile kirjutamist saab \u00f5ppijatele lubada presenter, kellel on valge tahvli t\u00f6\u00f6riistariba alati ekraani paremas servas. Konkreetsele osalejale saab valge tahvli \u00f5iguse anda kl\u00f5psates tema nimel ja <em>Give whiteboard access<\/em>. K\u00f5igile osalejatele \u00f5iguse jagamise nupp on valge tahvli t\u00f6\u00f6riistaribal k\u00f5ige alumine. Valge tahvli kasutamiseks peab olema ruumis jagatud mingi fail (nt slaid), aga v\u00f5ib kasutada ka t\u00fchja slaidi, mis tekib BBB enda avaslaidi edasi liikumise noolenupul kl\u00f5psates.<\/p>\n<p><img loading=\"lazy\" decoding=\"async\" class=\"alignnone  wp-image-3678 aligncenter\" src=\"https:\/\/sisu.ut.ee\/wp-content\/uploads\/sites\/177\/valget2.png\" alt=\"\" width=\"400\" height=\"254\" srcset=\"https:\/\/sisu.ut.ee\/wp-content\/uploads\/sites\/177\/valget2.png 894w, https:\/\/sisu.ut.ee\/wp-content\/uploads\/sites\/177\/valget2-300x191.png 300w, https:\/\/sisu.ut.ee\/wp-content\/uploads\/sites\/177\/valget2-768x488.png 768w\" sizes=\"auto, (max-width: 400px) 100vw, 400px\"><\/p>\n<p><img loading=\"lazy\" decoding=\"async\" class=\"alignnone  wp-image-3676 aligncenter\" src=\"https:\/\/sisu.ut.ee\/wp-content\/uploads\/sites\/177\/valget1.png\" alt=\"\" width=\"562\" height=\"39\" srcset=\"https:\/\/sisu.ut.ee\/wp-content\/uploads\/sites\/177\/valget1.png 1116w, https:\/\/sisu.ut.ee\/wp-content\/uploads\/sites\/177\/valget1-300x21.png 300w, https:\/\/sisu.ut.ee\/wp-content\/uploads\/sites\/177\/valget1-1024x72.png 1024w, https:\/\/sisu.ut.ee\/wp-content\/uploads\/sites\/177\/valget1-768x54.png 768w\" sizes=\"auto, (max-width: 562px) 100vw, 562px\"><\/p>\n<h2>K\u00fcsitlus\/Poll<\/h2>\n<h3>Kas vastaja saab valida \u00fche korra\u00a0v\u00f5i kui vastab mitu korda, milline siis arvesse l\u00e4heb?<\/h3>\n<p>Arvesse l\u00e4heb viimane vastus. K\u00fcsitluste tulemused avaldab presenter.<\/p>\n<h2>Eraldatud ruumid\/r\u00fchmad<\/h2>\n<h3>Kas suur ruum t\u00f6\u00f6tab samal ajal kui eraldatud ruumid on tehtud?<\/h3>\n<p>Jah, pearuum j\u00e4\u00e4b avatuks ning sinna suunatakse peale eraldatud r\u00fchmade ruumi l\u00f5ppemist osalejad tagasi. Keda eraldatud r\u00fchmadesse ja pandud, saavad p\u00f5hiruumis edasi toimetada.<\/p>\n<h3>Kui terve seminar salvestatakse, kas r\u00fchmat\u00f6\u00f6d eraldatud ruumides ka salvestatakse?<\/h3>\n<p>Eraldatud ruumides toimuvat\u00a0ei salvestata. Salvestada saab\u00a0vaid p\u00f5hiruumis toimuvat. Seega kogu tegevus, mis toimub eraldatud ruumides, kustutatakse.<\/p>\n<h3>Kui ruumid on loodud, siis kas saab sinna lisada veel inimesi? N\u00e4iteks, alustan seminariga, jagan tudengid \u00e4ra gruppidesse ja siis liitus \u00fcks hilineja, kes polnud kohal jagamise ajal.<\/h3>\n<p>Jah, hiljem liitujaid saab moderaator kutsuda m\u00f5ne r\u00fchmat\u00f6\u00f6 ruumiga \u00fchinema,\u00a0kui kl\u00f5psata\u00a0vasakus paanis\u00a0<em>USERS\/KASUTAJAD<\/em> (x) j\u00e4rel oleval hammasratta nupul\u00a0<img loading=\"lazy\" decoding=\"async\" width=\"270\" height=\"45\" class=\"alignnone wp-image-727\" title=\"users.jpg\" src=\"https:\/\/sisu.ut.ee\/wp-content\/uploads\/sites\/177\/users.jpg\" alt=\"users\"> ja valida\u00a0sealt <em>Breakout room invitation\/Eraldatud ruumi kutse<\/em>. Seej\u00e4rel saab moderaator liituja t\u00f5sta m\u00f5nda ruumi ja saata talle kutse (sinine nupp <em>Invite\/Kutsu<\/em>). Hiljem liitujale kuvatakse seepeale kutse, mille ta peab vastu v\u00f5tma.<\/p>\n<h3>Kas eraldatud ruumidesse saab moderaator ka m\u00e4\u00e4rata presenteri, kes sinna oma faili \u00fcles laeb?<\/h3>\n<p>Eraldatud ruumides on k\u00f5ik osalejad moderaatorid ja\u00a0saavad ise valida, kes esitleb. Esimesena eraldatud ruumi sisenenu saab automaatselt presenteriks.<\/p>\n<h3>Kuidas p\u00e4\u00e4seb moderaator tagasi \u00fchisruumi, kui ta on liitunud m\u00f5ne r\u00fchmaruumiga?<\/h3>\n<p>Kui moderaator \u00fchineb m\u00f5ne r\u00fchmaruumiga, siis see r\u00fchmaruum avatakse talle eraldi veebilehitseja vahelehel. Kui moderaator soovib r\u00fchmaruumist v\u00e4ljuda, siis v\u00f5ib ta lihtsalt sulgeda r\u00fchmaruumi vahelehe kl\u00f5psates ekraani \u00fclemises reas oleva vahelehe x-m\u00e4rgil.<\/p>\n<h2>Salvestamine ja salvestused<\/h2>\n<h3>Kuidas saab Moodle\u2019i kursusel BBB salvestusi \u00f5ppijatele k\u00e4ttesaadavaks teha ja peita?<\/h3>\n<p>Salvestused tekivad BBB sessiooni juurde ning neid on v\u00f5imalik silma ikoonist peita ja peidetud salvestusi on v\u00f5imalik j\u00e4lle avalikustada. Salvestused asuvad BBB serveris ning avalikustatud salvestused on salvestuse linki teades n\u00e4htavad ka ilma Moodle\u2019isse sisselogimata. Kui salvestus on peidetud (privaatseks tehtud), siis ei ole v\u00f5imalik salvestuse lingi abil salvestust n\u00e4ha.<\/p>\n<h3>Kui seminari salvestus tuleb Moodle\u2019isse, kas salvestuses on lisaks videole ja slaididele ka <em>Chat<\/em> ja <em>Shared notes<\/em>?<\/h3>\n<p>Jah, salvestub veebikaamera video, slaidid, jagatud ekraan, <em>Shared notes<\/em>\u00a0ja <em>Public Chat<\/em>. Osalejate nimekiri ei tule. Salvestused paiknevad BBB serveris ning Moodle\u2019ist on tegelikult lingid BBB serverisse.<\/p>\n<h3>Kui veebiseminar\u00a0salvestatakse, kuidas ja kuhu saab salvestist oma arvutisse salvestada\/\u00fcle kanda?<\/h3>\n<p>Oma arvutisse salvestust laadida ei saa, kuna salvestus koosneb mitmest osast nagu kommentaarid, veebikaamera pilt, slaidid, ekraanijagamine. Serveris pannakse need osad kokku, et neid oleks v\u00f5imalik veebilehtisejast vaadata. Vajadusel on v\u00f5imalik veebikaamera pilti ning ekraanijagamist salvestada (salvestus peab olema eraldi avatud), kasutades selleks video peal parema hiirekl\u00f5psuga men\u00fc\u00fc avamist ning valides\u00a0<em>Save video as<\/em>. Slaidide jagamise osa eraldi videona ei salvestada ning seega pole seda osa v\u00f5imalik oma arvutisse salvestada.<\/p>\n<h3>Kas salvestusi on v\u00f5imalik kustutada?<\/h3>\n<p>\u00d5ppej\u00f5ud saab salvestusi BBB ruumis olles kustutada <em>Kustuta<\/em> ikooni abil.<\/p>\n<h3>Kas Moodle\u2019i kursust t\u00fchjendades kustutatakse BBB ruumid ja seal olevad salvestused?<\/h3>\n<p>Kursuse t\u00fchjendamise vaikimisi seaded ei kustuta BBB ruume ning nendes toimunud sessioonide salvestusi.<\/p>\n<p style=\"text-align: center;\"><img loading=\"lazy\" decoding=\"async\" width=\"1110\" height=\"450\" class=\"alignnone wp-image-728\" style=\"width: 300px; height: 122px;\" title=\"screenshot_2020-11-20_at_09.56.26.png\" src=\"https:\/\/sisu.ut.ee\/wp-content\/uploads\/sites\/177\/screenshot_2020-11-20_at_09.56.26.png\" alt=\"BBB_kustuta\" srcset=\"https:\/\/sisu.ut.ee\/wp-content\/uploads\/sites\/177\/screenshot_2020-11-20_at_09.56.26.png 1110w, https:\/\/sisu.ut.ee\/wp-content\/uploads\/sites\/177\/screenshot_2020-11-20_at_09.56.26-300x122.png 300w, https:\/\/sisu.ut.ee\/wp-content\/uploads\/sites\/177\/screenshot_2020-11-20_at_09.56.26-1024x415.png 1024w, https:\/\/sisu.ut.ee\/wp-content\/uploads\/sites\/177\/screenshot_2020-11-20_at_09.56.26-768x311.png 768w\" sizes=\"auto, (max-width: 1110px) 100vw, 1110px\"><\/p>\n<p>Kui teil on soov, et salvestused kustutatakse, siis peaksite kursuse t\u00fchjendamise ajal seadetest kustutamise valiku tegema (<em>Kustuta salvestused<\/em>). <em>Kustuta kohandatud logid<\/em> valik v\u00f5imaldab salvestused alles j\u00e4tta, kuid kaotab viited salvestustele.<\/p>\n<h3>Kas BBB ruumi kustutamise j\u00e4rel Moodle\u2019i kursuselt kustutatakse ka selle ruumi sessioonide salvestused?<\/h3>\n<p>Kui kustutate kursuselt BBB ruumi, kuid ei kustuta eelnevalt seal ruumis olevaid salvestusi, siis salvestused BBB serverist ei kustu ning salvestuse lingi teadmise korral on v\u00f5imalik neid salvestusi ruumi kustutamise j\u00e4rel vaadata. Seega enne BBB ruumi kustutamist m\u00f5elge, kas peaksite enne salvestused kustutama. Kui soovite BBB ruumi mitte kasutada ja kustutate BBB ruumi, kuid soovite salvestuse linki jagada, siis kopeerige endale enne BBB ruumi kustutamist salvestuse link ja lisage see nt URLina kursuse avalehele.<\/p>\n<h3>Kustutasin kursuselt BBB ruumi, kuid ei kustutanud eelnevalt seal ruumis olevaid salvestusi.\u00a0Kas mul on v\u00f5imalik kuidagi teada saada salvestuste linke?<\/h3>\n<p>Kui kursuse BBB ruum\u00a0kustutati, kuid salvestused j\u00e4eti alles, siis lisage kursusele BBB ruum t\u00fc\u00fcbiga <em>Ainult salvestused<\/em> ning teile tekitatakse kursusel BBB ruum, kus on varasemate salevstuste lingid.<\/p>\n<p style=\"text-align: center;\"><img loading=\"lazy\" decoding=\"async\" width=\"1208\" height=\"256\" class=\"alignnone wp-image-729\" style=\"width: 300px; height: 64px;\" title=\"screenshot_2020-11-20_at_10.18.51.png\" src=\"https:\/\/sisu.ut.ee\/wp-content\/uploads\/sites\/177\/screenshot_2020-11-20_at_10.18.51.png\" alt=\"salvestused\" srcset=\"https:\/\/sisu.ut.ee\/wp-content\/uploads\/sites\/177\/screenshot_2020-11-20_at_10.18.51.png 1208w, https:\/\/sisu.ut.ee\/wp-content\/uploads\/sites\/177\/screenshot_2020-11-20_at_10.18.51-300x64.png 300w, https:\/\/sisu.ut.ee\/wp-content\/uploads\/sites\/177\/screenshot_2020-11-20_at_10.18.51-1024x217.png 1024w, https:\/\/sisu.ut.ee\/wp-content\/uploads\/sites\/177\/screenshot_2020-11-20_at_10.18.51-768x163.png 768w\" sizes=\"auto, (max-width: 1208px) 100vw, 1208px\"><\/p>\n","protected":false},"excerpt":{"rendered":"<p>\u00dcldine korraldus Kui v\u00e4ike\/suur peaks olema r\u00fchm, et k\u00f5ik osalejad saaksid veebikaamera pilti jagada ning kaasa r\u00e4\u00e4kida, ilma et see mingeid tehnilisi probleeme tekitaks? Veebikaamera pildi jagamisel tuleks m\u00f5elda, kui pisikesi pilte tasuks veel n\u00e4idata. Pigem n\u00e4itab oma pilti see, &#8230;<\/p>\n","protected":false},"author":6,"featured_media":0,"parent":0,"menu_order":0,"comment_status":"closed","ping_status":"closed","template":"","meta":{"_acf_changed":false,"inline_featured_image":false,"footnotes":""},"class_list":["post-120","page","type-page","status-publish","hentry"],"acf":[],"_links":{"self":[{"href":"https:\/\/sisu.ut.ee\/juhendid\/wp-json\/wp\/v2\/pages\/120","targetHints":{"allow":["GET"]}}],"collection":[{"href":"https:\/\/sisu.ut.ee\/juhendid\/wp-json\/wp\/v2\/pages"}],"about":[{"href":"https:\/\/sisu.ut.ee\/juhendid\/wp-json\/wp\/v2\/types\/page"}],"author":[{"embeddable":true,"href":"https:\/\/sisu.ut.ee\/juhendid\/wp-json\/wp\/v2\/users\/6"}],"replies":[{"embeddable":true,"href":"https:\/\/sisu.ut.ee\/juhendid\/wp-json\/wp\/v2\/comments?post=120"}],"version-history":[{"count":4,"href":"https:\/\/sisu.ut.ee\/juhendid\/wp-json\/wp\/v2\/pages\/120\/revisions"}],"predecessor-version":[{"id":4555,"href":"https:\/\/sisu.ut.ee\/juhendid\/wp-json\/wp\/v2\/pages\/120\/revisions\/4555"}],"wp:attachment":[{"href":"https:\/\/sisu.ut.ee\/juhendid\/wp-json\/wp\/v2\/media?parent=120"}],"curies":[{"name":"wp","href":"https:\/\/api.w.org\/{rel}","templated":true}]}}