{"id":118,"date":"2024-04-04T02:50:44","date_gmt":"2024-04-03T23:50:44","guid":{"rendered":"https:\/\/sisu.ut.ee\/juhendid\/veebiseminarid\/"},"modified":"2025-12-31T10:06:14","modified_gmt":"2025-12-31T08:06:14","slug":"veebiseminarid","status":"publish","type":"page","link":"https:\/\/sisu.ut.ee\/juhendid\/veebiseminarid\/","title":{"rendered":"Veebiseminarid"},"content":{"rendered":"<p>Veebiseminaride pidamiseks pakub \u00fclikool rakendusi\u00a0BigBlueButton (BBB), Zoom Meetings, MS Teams Meeting ja MS Teams Live Event. Rakenduste dokumentatsioonis toodud osalejate soovituslikud piirarvud:<\/p>\n<ul>\n<li>BigBlueButton \u2013 kuni 100<\/li>\n<li>Zoom Meetings \u2013 kuni 300 (<strong>NB!<\/strong> \u00dchel moderaatoril saab samaaegselt toimuvalt kasutusel olla maksimaalselt kaks tema loodud Zoomi sessiooni)<\/li>\n<li>Zoom Webinar \u2013\u00a0<span style=\"line-height: normal;\">\u00fclikool omab lisaks Zoom Meetings litsentsidele kahte Zoom Webinar litsentsi 500 osalejale ja \u00fchte Zoom Webinars <span class=\"TextRun SCXW170150770 BCX0\" lang=\"ET-EE\" xml:lang=\"ET-EE\" data-contrast=\"none\"><span class=\"NormalTextRun SCXW170150770 BCX0\">&amp;<\/span><\/span> Events litsentsi 1000 osalejale (nende kasutamiseks p\u00f6\u00f6rduda arvutiabi@ut.ee)<\/span><\/li>\n<li>MS Teams Meeting \u2013 kuni 300<\/li>\n<li>MS Teams Live Event \u2013 kuni 10 000<\/li>\n<\/ul>\n<h5>NB! Vaata ka metoodilist juhendit\u00a0<a title=\"\" href=\"https:\/\/sisu.ut.ee\/metoodika\/book\/kontaktope\" target=\"_blank\" rel=\"noopener\" data-url=\"https:\/\/sisu.ut.ee\/metoodika\/book\/kontaktope\">kontakt\u00f5ppe stsenaariumid<\/a>.<\/h5>\n<p>J\u00e4rgnevas tabelis on toodud veebiseminari vahendite v\u00f5rdlus, mis on abiks teile valiku tegemisel, milline vahend vastab teie vajadustele.<\/p>\n<table class=\"table table-hover\" style=\"width: 100%;\" cellpadding=\"5\" align=\"center\">\n<tbody>\n<tr>\n<td><\/td>\n<td>\n<p style=\"text-align: center;\"><strong>BigBlueButton<\/strong><\/p>\n<\/td>\n<td>\n<p style=\"text-align: center;\"><strong>Zoom Meetings<\/strong><\/p>\n<\/td>\n<td>\n<p style=\"text-align: center;\"><strong>Teams<\/strong><\/p>\n<\/td>\n<\/tr>\n<tr>\n<td><strong>Kes saavad autenditult kasutada<\/strong><\/td>\n<td>\u00dcli\u00f5pilased ja t\u00f6\u00f6tajad<\/td>\n<td>\u00dcli\u00f5pilased ja t\u00f6\u00f6tajad<\/td>\n<td>\u00dcli\u00f5pilased ja t\u00f6\u00f6tajad<\/td>\n<\/tr>\n<tr>\n<td><strong>K\u00fclaliste osalemine<\/strong><\/td>\n<td>Moodle\u2019i kaudu loodud ruumis ei saa k\u00fclalised osaleda\n<p>Moodle\u2019i v\u00e4list BBB-d saavad kasutada k\u00f5ik, sisestades enne sisenemist nimelahtrisse oma nime<\/p><\/td>\n<td>K\u00fclalised on lubatud<\/td>\n<td>K\u00fclalised on lubatud (kutsuda osalema e-posti aadressiga v\u00f5i saates Teams Meeting lingi)\n<p>Moodle\u2019i kursuse ja Teamsi liidestuse puhul eemaldatakse k\u00fclalised kasutajate s\u00fcnkroonimisel<\/p><\/td>\n<\/tr>\n<tr>\n<td><strong>Kasutajate rollid<\/strong><\/td>\n<td>Moderaator, esitleja, vaataja<\/td>\n<td>Moderaator, kaasmoderaator, osaleja, salvestaja<\/td>\n<td>Moderaator, esitleja, osaleja<\/td>\n<\/tr>\n<tr>\n<td><strong>\u00c4pi olemasolu<\/strong><\/td>\n<td>Puudub<\/td>\n<td>+<\/td>\n<td>+<\/td>\n<\/tr>\n<tr>\n<td><strong>Sessiooni osalejate arv<\/strong><\/td>\n<td>&lt;100<\/td>\n<td>&lt;300 (\u00fclikooli litsentsiga)<\/td>\n<td>&lt;300<\/td>\n<\/tr>\n<tr>\n<td><strong>Samaaegsete sessioonide arv<\/strong><\/td>\n<td>K\u00f5ik Moodle\u2019i kursuse \u00f5ppej\u00f5ud saavad ruumis moderaatori \u00f5igused. \u00dche \u00f5ppej\u00f5u poolt loodud ruumide samaaegsel kasutamisel ei ole arvulist piirangut.<\/td>\n<td>\n<h5>NB! <strong>\u00dchel moderaatoril saab samaaegselt toimuvalt kasutusel olla maksimaalselt kaks tema loodud Zoomi sessiooni.\u00a0<\/strong><\/h5>\n<p>Seega ei toimi variant, et korraldaja teeb oma kontoga rohkem kui kaks samaaegset Zoomi sessiooni valmis ja jagab lektoritele kaasmoderaatori \u00f5igused.<\/p><\/td>\n<td>Kui \u00f5ppej\u00f5ud on omanik mitmes MS Teamsi t\u00f6\u00f6r\u00fchmas, siis sessioonide samaaegsel kasutamisel ei ole arvulist piirangut.<\/td>\n<\/tr>\n<tr>\n<td><strong>Osalejate videopiltide maksimaalne arv<\/strong><\/td>\n<td>&lt;16\n<p>(eksamite j\u00e4lgimisel keelata vaatajatel \u00fcksteise videopiltide n\u00e4gemine)<\/p><\/td>\n<td>&lt;300 (\u00e4pis kuvatakse korraga maksimaalselt 49 ehk 7\u00d77, j\u00e4rgnevad kuvatakse lehtedel, veebirakenduses kuvatakse korraga &lt;25, j\u00e4rgnevad kuvatakse lehtedel)<\/td>\n<td>&lt;9, galerii vaates kuni 49 ehk 7\u00d77, klassiruumi vaade<\/td>\n<\/tr>\n<tr>\n<td><strong>Eraldatud ruumide olemasolu<\/strong><\/td>\n<td>Kuni 16<\/td>\n<td>Kuni 50<\/td>\n<td>Kuni 50<\/td>\n<\/tr>\n<tr>\n<td><strong>Moodle\u2019iga liidestus<\/strong><\/td>\n<td>Moodle\u2019is BBB vahend, mis v\u00f5imaldab luua \u00fcldisi sessioone ja r\u00fchmare\u017eiimis sessioone<\/td>\n<td>Moodle\u2019is Zoomi vahend, mis v\u00f5imaldab \u00f5ppej\u00f5ul luua kursuselt Zoomi sessioone ning osalejad saavad mugavalt sessiooniga liituda<\/td>\n<td>Moodle\u2019i kursuselt saab \u00f5ppej\u00f5ud taotleda Teamsiga liidestatust. Liidestatud kursusele luuakse Teamsis t\u00f6\u00f6r\u00fchm ja r\u00fchmakanalid ning s\u00fcnkroonitakse kasutajad<\/td>\n<\/tr>\n<tr>\n<td><strong>Sessiooni aja lisamine kalendritesse<\/strong><\/td>\n<td>Ajaliselt m\u00e4\u00e4ratletud sessioon lisatakse Moodle\u2019i kalendrisse<\/td>\n<td>Sessiooni algusaeg lisatakse Moodle\u2019i kalendrisse. Sessiooni juures on v\u00f5imalik iCal formaadis alla laadida (teistesse kalendritesse importimiseks).\n<p>Saab keskselt liidestada Outlooki kalendriga<\/p><\/td>\n<td>\u00a0Outlooki kalendrisse<\/td>\n<\/tr>\n<tr>\n<td><strong>Salvestuse tekkimise koht<\/strong><\/td>\n<td>\u00dclikooli BBB server\n<p>Salvestuste link on Moodle\u2019i kursuse v\u00f5i Moodle\u2019i v\u00e4lise BBB ruumis. Salvestust ei ole v\u00f5imalik t\u00e4ielikult alla laadida (v\u00f5imalik ainult esineja veebikaamera video+heli mp4-na).<\/p><\/td>\n<td>Moderaatori ja salvestaja arvuti (sama sessiooni saavad salvestada nii moderaator kui ka salvestaja, kellele moderaator on salvestaja rolli andnud)\n<p>Salvestuse jagamiseks peab selle kuskile \u00fcles laadima (nt YouTube, Panopto, OneDrive)<\/p><\/td>\n<td>Microsofti server\n<p>Salvestuse jagamine toimub MS Streamis v\u00f5i OneDrive for Business piiratud \u00f5igustega videokooslolekul osalejatele.\u00a0Allalaadimise v\u00f5imalus (mp4).<\/p><\/td>\n<\/tr>\n<tr>\n<td><strong>Esitluse jagamine<\/strong><\/td>\n<td>V\u00f5imalus laadida fail \u00fclesse BBBsse, Moodle\u2019is BBB seadetesse. Esitlust saab jagada ka erkaanijagamise abil.<\/td>\n<td>Saab\u00a0jagada ekraani v\u00f5i rakendust.<\/td>\n<td>V\u00f5imalus jagada pilvedokumente, mille puhul on igal osalejal v\u00f5imalus esitlust omal soovil vaadata. Esitlust saab jagada PowerPoint rakendust ning arvuti ekraani jagades.<\/td>\n<\/tr>\n<tr>\n<td><strong>V\u00e4liste videote n\u00e4itamine<\/strong><\/td>\n<td>YouTube, Panopto, Vimeo, Twitch (ei salvestu salvestuses)<\/td>\n<td>L\u00e4bi ekraani- ja arvuti heli jagamise\n<p>Eelistatult jagada osalejatele video link<\/p><\/td>\n<td>L\u00e4bi ekraani- ja arvuti heli jagamise<\/td>\n<\/tr>\n<tr>\n<td><strong>Arvuti heli jagamine<\/strong><\/td>\n<td>Arvuti heli pole v\u00f5imalik jagada, kui ei muuda s\u00fcsteemi tasemel seaded v\u00f5i ei suuna tarkvaraliselt arvuti heli mikrofoni.<\/td>\n<td>Ekraani jagamisel tuleb valida \u201cShare sound\u201d v\u00f5i valida Advanced ja ainult heli jagamiseks \u201cComputer Audio\u201d<\/td>\n<td>Ekraani jagamisel on v\u00f5imalus valida linnuke \u201cShare computer audio\u201d<\/td>\n<\/tr>\n<tr>\n<td><strong>Polli olemasolu<\/strong><\/td>\n<td>Plussiga nupust on v\u00f5imalik luua poll (<em>Start a poll<\/em>).<\/td>\n<td>Polli kasutamine on v\u00f5imalik Zoomi sisse logides seadetest lubada (<em>Settings<\/em>, <em>Meeting<\/em> lipik, <em>Meetings polls\u00a0<\/em>nupp sisse l\u00fclitada).\n<p>K\u00fcsimusi on v\u00f5imalik enne sessiooni algust ruumi valmis luua.<\/p>\n<p>V\u00f5imalik on teha ka \u00f5igete vastustega teste (Quiz).<\/p><\/td>\n<td>T\u00f6\u00f6r\u00fchma omanik saab vestlusakna p\u00e4ises + m\u00e4rgist lisada polli \u00e4pi (MS Forms v\u00f5i Polly)\u00a0ja luua selle abil polle (sh enne koosolekut ette).\n<p><img loading=\"lazy\" decoding=\"async\" width=\"450\" height=\"50\" class=\"alignnone wp-image-721\" style=\"width: 150px; height: 17px;\" title=\"screenshot_2021-01-26_at_20.46.04.png\" src=\"https:\/\/sisu.ut.ee\/wp-content\/uploads\/sites\/177\/screenshot_2021-01-26_at_20.46.04.png\" alt=\"poll\" srcset=\"https:\/\/sisu.ut.ee\/wp-content\/uploads\/sites\/177\/screenshot_2021-01-26_at_20.46.04.png 450w, https:\/\/sisu.ut.ee\/wp-content\/uploads\/sites\/177\/screenshot_2021-01-26_at_20.46.04-300x33.png 300w\" sizes=\"auto, (max-width: 450px) 100vw, 450px\"><\/p><\/td>\n<\/tr>\n<tr>\n<td><strong>Valge tahvli olemasolu<\/strong><\/td>\n<td>Valge tahvel dokumendi jagamise ajal esitleja rollis v\u00f5i k\u00f5igil.<\/td>\n<td>Valge tahvel ekraani jagamise ajal (<em>Annotate<\/em> nupp).<\/td>\n<td>Valge tahvel Microsoft Whiteboard rakenduse jagamisel.<\/td>\n<\/tr>\n<\/tbody>\n<\/table>\n<p><\/p><div class=\"accordion mb-3\">\n        <div class=\"accordion-item accordion-item--white\">\n        <h2 class=\"accordion-header\" id=\"accordion-69d20892acb5a-heading\">\n            <button class=\"accordion-button collapsed\" type=\"button\" data-bs-toggle=\"collapse\" data-bs-target=\"#accordion-69d20892acb5a-collapse\" aria-expanded=\"true\" aria-controls=\"accordion-69d20892acb5a-collapse\">Seminari \u201cMillist veebiseminari vahendit kasutada?\u201d videosalvestus (27.01.2022)<\/button>\n        <\/h2>\n        <div id=\"accordion-69d20892acb5a-collapse\" class=\"accordion-collapse collapse\" aria-labelledby=\"accordion-69d20892acb5a-heading\">\n            <div class=\"accordion-body\">\n<p><\/p><div class=\"ratio ratio-16x9 mb-3\"><div class=\"video-placeholder-wrapper video-placeholder-wrapper--16x9\">\n\t\t\t    <div class=\"video-placeholder d-flex justify-content-center align-items-center\">\n\t\t\t        <div class=\"overlay text-white p-2 w-100 text-center d-block justify-content-center align-items-center\">\n\t\t\t            <div>Kolmandate osapoolte sisu n\u00e4gemiseks palun n\u00f5ustu k\u00fcpsistega.<\/div>\n\t\t\t            <button class=\"btn btn-secondary btn-sm mt-1 consent-change\">Muuda n\u00f5usolekut<\/button>\n\t\t\t        <\/div>\n\t\t\t    <\/div>\n\t\t\t<\/div>\n<\/div>\n<p><\/p><\/div>\n        <\/div>\n        <\/div>\n    <\/div>\n<h2>BigBlueButton (BBB)<\/h2>\n<p>BigBlueButton on vabavaraline veebiseminari l\u00e4biviimise vahend, mis on \u00fchendatud Moodle\u2019i \u00f5pikeskkonnaga, kuid on kasutatav ka aadressilt <a href=\"https:\/\/button.ut.ee\" target=\"_blank\" rel=\"noopener\">https:\/\/button.ut.ee<\/a>.<\/p>\n<p>BBB v\u00f5imaldab reaalajas\u00a0jagada videot, audiot, slaide, arvutiekraani,\u00a0kasutada jututuba, jagatud m\u00e4rkmeid, valget tahvlit, kusitlust ning eraldatud ruume. BBB sessiooni salvestamisel salvestatakse k\u00f5ik sessiooni tegevused (esitlus, jututoa vestlus, jagatud m\u00e4rkmed, veebikaamera pilt, arvutiekraani pilt jne).\u00a0Te saate enda salvestusi kustutada. Salvestusi toimetada\/l\u00f5igata ei saa.<\/p>\n<p>Vaata <a title=\"\" href=\"https:\/\/sisu.ut.ee\/juhendid\/bbb-yldine\" data-url=\"https:\/\/sisu.ut.ee\/juhendid\/bbb-yldine\">BBB juhendit<\/a>.<\/p>\n<h2>Zoom Meetings<\/h2>\n<p>Zoom on populaarne ja v\u00f5imekas videokonverentside lahendus.<\/p>\n<p>Tartu \u00dclikoolil on haridusasutustele m\u00f5eldud Zoom Meetings litsents, mida saavad kasutada k\u00f5ik, kellel on \u00fclikooli e-posti aadress (Zoomi ruumiga saab liituda kuni 300 inimest).<\/p>\n<p><span style=\"line-height: normal;\">P.S.\u00a0\u00dclikool omab lisaks Zoom Meetings litsentsidele kahte Zoom Webinar litsentsi 500 osalejale ja \u00fchte Zoom Webinar litsentsi 1000 osalejale (nende kasutamiseks p\u00f6\u00f6rduda arvutiabi@ut.ee)<\/span><\/p>\n<p>Vaata <a title=\"\" href=\"https:\/\/wiki.ut.ee\/pages\/viewpage.action?pageId=90695802\" target=\"_blank\" rel=\"noopener\" data-url=\"https:\/\/wiki.ut.ee\/pages\/viewpage.action?pageId=90695802\">Zoomi juhendit<\/a> \u00fclikooli vikis.<\/p>\n<h2>MS Teams<\/h2>\n<p>V\u00f5imalik on kasutada ka MS Teamsi. Microsoft Teams v\u00f5imaldab korraldada videokoosolekuid, kus saavad osaleda lisaks \u00fclikooli t\u00f6\u00f6tajatele ka k\u00fclaliskasutajad. Koosoleku kutses on k\u00fclaliste jaoks viide videokoosolekuga liitumiseks ilma lisatarkvara paigaldamata \u2013 k\u00f5ik toimub veebibrauseris.<\/p>\n<p>Vaata <a title=\"\" href=\"https:\/\/wiki.ut.ee\/pages\/viewpage.action?pageId=90693829\" target=\"_blank\" rel=\"noopener\" data-url=\"https:\/\/wiki.ut.ee\/pages\/viewpage.action?pageId=90693829\">MS Teams kasutamise juhendit<\/a>.<\/p>\n<p>Vaata <a title=\"\" href=\"https:\/\/sisu.ut.ee\/juhendid\/ms-teams\" data-url=\"https:\/\/sisu.ut.ee\/juhendid\/ms-teams\">MS Teamsi ja Moodle\u2019i kursuse liidestamise juhendit<\/a>.<\/p>\n<h2>Teams Live Event<\/h2>\n<p>Teams Live Event on videokonverentsi lahendus suurtele auditooriumitele (kuni 10 000 osalejat).<\/p>\n<p>Vt.\u00a0<a title=\"\" href=\"https:\/\/wiki.ut.ee\/display\/AA\/Videokonverents+suurele+auditooriumile.+Teams+Live+Event\" target=\"_blank\" rel=\"noopener\" data-url=\"https:\/\/wiki.ut.ee\/display\/AA\/Videokonverents+suurele+auditooriumile.+Teams+Live+Event\">Teams Live Event kasutamise juhend<\/a><\/p>\n","protected":false},"excerpt":{"rendered":"<p>Veebiseminaride pidamiseks pakub \u00fclikool rakendusi\u00a0BigBlueButton (BBB), Zoom Meetings, MS Teams Meeting ja MS Teams Live Event. Rakenduste dokumentatsioonis toodud osalejate soovituslikud piirarvud: BigBlueButton \u2013 kuni 100 Zoom Meetings \u2013 kuni 300 (NB! \u00dchel moderaatoril saab samaaegselt toimuvalt kasutusel olla maksimaalselt &#8230;<\/p>\n","protected":false},"author":6,"featured_media":0,"parent":0,"menu_order":0,"comment_status":"closed","ping_status":"closed","template":"","meta":{"_acf_changed":false,"inline_featured_image":false,"footnotes":""},"class_list":["post-118","page","type-page","status-publish","hentry"],"acf":[],"_links":{"self":[{"href":"https:\/\/sisu.ut.ee\/juhendid\/wp-json\/wp\/v2\/pages\/118","targetHints":{"allow":["GET"]}}],"collection":[{"href":"https:\/\/sisu.ut.ee\/juhendid\/wp-json\/wp\/v2\/pages"}],"about":[{"href":"https:\/\/sisu.ut.ee\/juhendid\/wp-json\/wp\/v2\/types\/page"}],"author":[{"embeddable":true,"href":"https:\/\/sisu.ut.ee\/juhendid\/wp-json\/wp\/v2\/users\/6"}],"replies":[{"embeddable":true,"href":"https:\/\/sisu.ut.ee\/juhendid\/wp-json\/wp\/v2\/comments?post=118"}],"version-history":[{"count":2,"href":"https:\/\/sisu.ut.ee\/juhendid\/wp-json\/wp\/v2\/pages\/118\/revisions"}],"predecessor-version":[{"id":4961,"href":"https:\/\/sisu.ut.ee\/juhendid\/wp-json\/wp\/v2\/pages\/118\/revisions\/4961"}],"wp:attachment":[{"href":"https:\/\/sisu.ut.ee\/juhendid\/wp-json\/wp\/v2\/media?parent=118"}],"curies":[{"name":"wp","href":"https:\/\/api.w.org\/{rel}","templated":true}]}}