{"id":117,"date":"2024-04-04T02:50:44","date_gmt":"2024-04-03T23:50:44","guid":{"rendered":"https:\/\/sisu.ut.ee\/juhendid\/vastuste-arvu-piiramine\/"},"modified":"2025-06-19T11:49:40","modified_gmt":"2025-06-19T08:49:40","slug":"vastuste-arvu-piiramine","status":"publish","type":"page","link":"https:\/\/sisu.ut.ee\/juhendid\/vastuste-arvu-piiramine\/","title":{"rendered":"Vastuste arvu piiramine"},"content":{"rendered":"<p>LimeSurveys on v\u00f5imalik:<\/p>\n\n\n\n<ul class=\"wp-block-list\">\n<li>piirata kvootidega k\u00fcsitlusele kogutavate vastuste arvu mingi omaduse alusel (nt sugu, rass, vanusevahemik vms) v\u00f5i vastuste koguarvu alusel;<\/li>\n\n\n\n<li>seadistada k\u00fcsimuse sees \u00fche v\u00f5i mitme vastusevariandi valimise piirarv\u00a0ja kuvada hetkeseisu vastusevariandi juures\u00a0(nt \u00fcritustele v\u00f5i\u00a0t\u00f6\u00f6tubadesse registreerumine jm)<\/li>\n<\/ul>\n\n\n\n<h2 class=\"wp-block-heading\">K\u00fcsitluse vastuste piirarvu ehk kvoodi\u00a0seadistamine<\/h2>\n\n\n\n<p>Kvoote\u00a0kasutatakse aktiivses kusitluses vastuste piirarvu seadistamiseks. Kvoodipiirang on seotud mingi konkreetse konkreetsele k\u00fcsimusele antud vastuste arvuga. N\u00e4iteks, kui soovite, et k\u00fcsimustikule vastaks 50 meest ja 50 naist, siis saab kvooti rakendada k\u00fcsimusele vastaja soo kohta, kus valikvastustele\u00a0\u201colen mees\u201d ja \u201colen naine\u201d m\u00e4\u00e4ratakse kummalegi vastuste kvoodiks 50. Teine n\u00e4ide: kui on vaja, et kusitlusele vastajad oleksid vanusevahemikus 20-25 aastat, siis saab k\u00fcsimuse algusesse lisada k\u00fcsimuse vastaja vanuse kohta, kus vanusevahemikule \u201c20-25 aastane\u201d j\u00e4tta kvoot seadistamata, kuid k\u00f5igi \u00fclej\u00e4\u00e4nud vanusevahemikele seadistada kvoodiks 0. Sel juhul p\u00e4\u00e4sevad j\u00e4rgmiste k\u00fcsimuste juurde need, kes on m\u00e4rkinud \u00f5ige vanusevahemiku.<\/p>\n\n\n\n<h5 class=\"wp-block-heading\">NB! Kvootidega kusitluste puhul on vajalik, et k\u00fcsimused paikneksid eraldi lehtedel k\u00fcsimuste v\u00f5i k\u00fcsimuste gruppide kaupa, sest kvoodi kontrollimine toimub alles peale k\u00fcsimustiku\u00a0 j\u00e4rgmisele lehek\u00fcljele liikumist. Kvoodiga k\u00fcsimused on soovitav panna esimesele lehele, et vastaja saaks kiiresti teada, kui ta k\u00fcsitlusel osalejaks ei sobi v\u00f5i kui vastajate limiit on t\u00e4itunud.\u00a0 Kvoodi kontrollimise k\u00fcsimus tuleks m\u00e4\u00e4rata kohustuslikuks k\u00fcsimuseks.<\/h5>\n\n\n\n<h2 class=\"wp-block-heading\">Kvoodi lisamine<\/h2>\n\n\n\n<h3 class=\"wp-block-heading\">1. Kl\u00f5psake k\u00fcsimustiku\u00a0men\u00fc\u00fcs nupule \u201cKvoodid\u201d:<\/h3>\n\n\n\n<figure class=\"wp-block-image size-full is-resized\"><img loading=\"lazy\" decoding=\"async\" width=\"386\" height=\"758\" src=\"https:\/\/sisu.ut.ee\/wp-content\/uploads\/sites\/177\/LS_kvoodid-1.png\" alt=\"\" class=\"wp-image-4617\" style=\"width:300px\" srcset=\"https:\/\/sisu.ut.ee\/wp-content\/uploads\/sites\/177\/LS_kvoodid-1.png 386w, https:\/\/sisu.ut.ee\/wp-content\/uploads\/sites\/177\/LS_kvoodid-1-153x300.png 153w\" sizes=\"auto, (max-width: 386px) 100vw, 386px\"><\/figure>\n\n\n\n<h3 class=\"wp-block-heading\">2. Vajutage akna \u00fclemises osas nupule \u201cLisa uus kvoot\u201d<\/h3>\n\n\n\n<figure class=\"wp-block-image size-large\"><img loading=\"lazy\" decoding=\"async\" width=\"1024\" height=\"51\" src=\"https:\/\/sisu.ut.ee\/wp-content\/uploads\/sites\/177\/LS_kvoot_riba-1024x51.png\" alt=\"\" class=\"wp-image-4620\" srcset=\"https:\/\/sisu.ut.ee\/wp-content\/uploads\/sites\/177\/LS_kvoot_riba-1024x51.png 1024w, https:\/\/sisu.ut.ee\/wp-content\/uploads\/sites\/177\/LS_kvoot_riba-300x15.png 300w, https:\/\/sisu.ut.ee\/wp-content\/uploads\/sites\/177\/LS_kvoot_riba-768x38.png 768w, https:\/\/sisu.ut.ee\/wp-content\/uploads\/sites\/177\/LS_kvoot_riba.png 1490w\" sizes=\"auto, (max-width: 1024px) 100vw, 1024px\"><\/figure>\n\n\n\n<h3 class=\"wp-block-heading\">3. T\u00e4itke iga lisatava kvoodi kohta andmed: kvoodi nimi, piirarv, kvoodi toiming\u00a0ja kvoodi t\u00e4itumisel kuvatav s\u00f5num vastajale. Salvestage.<\/h3>\n\n\n\n<figure class=\"wp-block-image aligncenter size-large\"><img loading=\"lazy\" decoding=\"async\" width=\"1024\" height=\"648\" src=\"https:\/\/sisu.ut.ee\/wp-content\/uploads\/sites\/177\/LS_uuskvoot-1024x648.png\" alt=\"\" class=\"wp-image-4622\" srcset=\"https:\/\/sisu.ut.ee\/wp-content\/uploads\/sites\/177\/LS_uuskvoot-1024x648.png 1024w, https:\/\/sisu.ut.ee\/wp-content\/uploads\/sites\/177\/LS_uuskvoot-300x190.png 300w, https:\/\/sisu.ut.ee\/wp-content\/uploads\/sites\/177\/LS_uuskvoot-768x486.png 768w, https:\/\/sisu.ut.ee\/wp-content\/uploads\/sites\/177\/LS_uuskvoot-1536x972.png 1536w, https:\/\/sisu.ut.ee\/wp-content\/uploads\/sites\/177\/LS_uuskvoot.png 1576w\" sizes=\"auto, (max-width: 1024px) 100vw, 1024px\"><\/figure>\n\n\n\n<h3 class=\"wp-block-heading\">4. Vajutage kvoodi juures nupule \u201cLisa vastus\u201d ning valige loetelust olemasolev k\u00fcsimus ning vastus, mida see kvoot kontrollib.<\/h3>\n\n\n\n<p>Kui soovite erinevatele vastusevariantidele seadistada kvoote, siis peate looma kvoodid\u00a0igale vastusevariandile eraldi, n\u00e4iteks kvoot nimega \u201cMees\u201d kontrollib soo k\u00fcsimuse vastusevariandi \u201cMees\u201d piirarvu ja kvoot nimega \u201cNaine\u201d :<\/p>\n\n\n\n<figure class=\"wp-block-image aligncenter size-large\"><img loading=\"lazy\" decoding=\"async\" width=\"1024\" height=\"536\" src=\"https:\/\/sisu.ut.ee\/wp-content\/uploads\/sites\/177\/LS_kvoot_meesnaine-1024x536.png\" alt=\"\" class=\"wp-image-4624\" srcset=\"https:\/\/sisu.ut.ee\/wp-content\/uploads\/sites\/177\/LS_kvoot_meesnaine-1024x536.png 1024w, https:\/\/sisu.ut.ee\/wp-content\/uploads\/sites\/177\/LS_kvoot_meesnaine-300x157.png 300w, https:\/\/sisu.ut.ee\/wp-content\/uploads\/sites\/177\/LS_kvoot_meesnaine-768x402.png 768w, https:\/\/sisu.ut.ee\/wp-content\/uploads\/sites\/177\/LS_kvoot_meesnaine-1536x803.png 1536w, https:\/\/sisu.ut.ee\/wp-content\/uploads\/sites\/177\/LS_kvoot_meesnaine.png 1887w\" sizes=\"auto, (max-width: 1024px) 100vw, 1024px\"><\/figure>\n\n\n\n<h5 class=\"wp-block-heading\">NB! Kvoodis\u00fcsteemi saab hetkel rakendada ainult j\u00e4rgmist t\u00fc\u00fcpi k\u00fcsimustele: <em>sugu<\/em>, <em>maatriks<\/em>\u00a0(5-ne v\u00f5i 10-ne \u00fcksikvalik), <em>keelevahetus<\/em>, <em>Jah\/Ei<\/em>, <em>valikvastused<\/em> (raadionupp ja rippmen\u00fc\u00fc), <em>valikvastused koos kommenteerimise v\u00f5imalusega<\/em>, <em>mitu valikut<\/em> ja\u00a0<em>valem<\/em>.<\/h5>\n\n\n\n<h3 class=\"wp-block-heading\">5. Lisatud kvoodid hakkavad kehtima kohe, kui k\u00fcsimustik on aktiveeritud.<\/h3>\n\n\n\n<p>Kvoote saab vajadusel jooksvalt muuta, kui k\u00fcsimustiku kvootide nimekirjas vajutada tegevuste tulbas kolme punktiga nupule ja valida \u201cMuuda kvoote\u201d:<\/p>\n\n\n\n<figure class=\"wp-block-image size-full\"><img loading=\"lazy\" decoding=\"async\" width=\"231\" height=\"208\" src=\"https:\/\/sisu.ut.ee\/wp-content\/uploads\/sites\/177\/LS_muudakvoote.png\" alt=\"\" class=\"wp-image-4626\"><\/figure>\n\n\n\n<h2 class=\"wp-block-heading\">K\u00fcsitluste vastuste summaarse arvu kvoot<\/h2>\n\n\n\n<p>Kui soovite tervele k\u00fcsimustikule lisada vastuste arvu summaarset kvooti, siis lisage k\u00fcsimustiku algusesse eraldi k\u00fcsimuse r\u00fchm \u00fche k\u00fcsimusega (nt: k\u00fcsitlusele vastamise n\u00f5ustumine: Olen n\u00f5us\/Ei ole n\u00f5us) ning seadistage kvoodid l\u00e4htuvalt vastusest (nt Olen n\u00f5us \u2013 kvoot 100 ja Ei ole n\u00f5us \u2013 kvoot 0).<\/p>\n\n\n\n<p><em>Rohkem infot kvootide kohta:\u00a0<\/em><a href=\"https:\/\/manual.limesurvey.org\/Survey_quotas\" target=\"_blank\" rel=\"noopener\">https:\/\/manual.limesurvey.org\/Survey_quotas<\/a><\/p>\n\n\n\n<h2 class=\"wp-block-heading\">Vastusevariantide valiku piirarvu seadistamine maatriks-t\u00fc\u00fcpi k\u00fcsimustel<\/h2>\n\n\n\n<p>Maatriks-t\u00fc\u00fcpi k\u00fcsimuste puhul saab alamk\u00fcsimuste vastusevariantidele seadistada piirarvu. Seda v\u00f5imalust saab kasutada n\u00e4iteks \u00fcritustele registreerumise puhul.<\/p>\n\n\n\n<h3 class=\"wp-block-heading\">1. Lisage k\u00fcsimustikku maatriks-t\u00fc\u00fcpi k\u00fcsimus.<\/h3>\n\n\n\n<figure class=\"wp-block-image aligncenter size-large\"><img loading=\"lazy\" decoding=\"async\" width=\"1024\" height=\"457\" src=\"https:\/\/sisu.ut.ee\/wp-content\/uploads\/sites\/177\/LS_maatrikskysimus-1024x457.png\" alt=\"\" class=\"wp-image-4629\" srcset=\"https:\/\/sisu.ut.ee\/wp-content\/uploads\/sites\/177\/LS_maatrikskysimus-1024x457.png 1024w, https:\/\/sisu.ut.ee\/wp-content\/uploads\/sites\/177\/LS_maatrikskysimus-300x134.png 300w, https:\/\/sisu.ut.ee\/wp-content\/uploads\/sites\/177\/LS_maatrikskysimus-768x343.png 768w, https:\/\/sisu.ut.ee\/wp-content\/uploads\/sites\/177\/LS_maatrikskysimus.png 1154w\" sizes=\"auto, (max-width: 1024px) 100vw, 1024px\"><\/figure>\n\n\n\n<h3 class=\"wp-block-heading\">2. Lisage sobiv arv alamk\u00fcsimusi\u00a0\u00fcrituste nimetuste, kuup\u00e4evade jm infoga.<\/h3>\n\n\n\n<figure class=\"wp-block-image aligncenter size-large\"><img loading=\"lazy\" decoding=\"async\" width=\"1024\" height=\"381\" src=\"https:\/\/sisu.ut.ee\/wp-content\/uploads\/sites\/177\/LS_alamkusimused_yritus-1024x381.png\" alt=\"\" class=\"wp-image-4631\" srcset=\"https:\/\/sisu.ut.ee\/wp-content\/uploads\/sites\/177\/LS_alamkusimused_yritus-1024x381.png 1024w, https:\/\/sisu.ut.ee\/wp-content\/uploads\/sites\/177\/LS_alamkusimused_yritus-300x112.png 300w, https:\/\/sisu.ut.ee\/wp-content\/uploads\/sites\/177\/LS_alamkusimused_yritus-768x286.png 768w, https:\/\/sisu.ut.ee\/wp-content\/uploads\/sites\/177\/LS_alamkusimused_yritus.png 1302w\" sizes=\"auto, (max-width: 1024px) 100vw, 1024px\"><\/figure>\n\n\n\n<h3 class=\"wp-block-heading\">3. Lisage maatriksk\u00fcsimuse vastusevariandid koos koodidega:<\/h3>\n\n\n\n<figure class=\"wp-block-image aligncenter size-large\"><img loading=\"lazy\" decoding=\"async\" width=\"1024\" height=\"228\" src=\"https:\/\/sisu.ut.ee\/wp-content\/uploads\/sites\/177\/LS_maatrikskysimus_vastusevariandid-1024x228.png\" alt=\"\" class=\"wp-image-4634\" srcset=\"https:\/\/sisu.ut.ee\/wp-content\/uploads\/sites\/177\/LS_maatrikskysimus_vastusevariandid-1024x228.png 1024w, https:\/\/sisu.ut.ee\/wp-content\/uploads\/sites\/177\/LS_maatrikskysimus_vastusevariandid-300x67.png 300w, https:\/\/sisu.ut.ee\/wp-content\/uploads\/sites\/177\/LS_maatrikskysimus_vastusevariandid-768x171.png 768w, https:\/\/sisu.ut.ee\/wp-content\/uploads\/sites\/177\/LS_maatrikskysimus_vastusevariandid.png 1305w\" sizes=\"auto, (max-width: 1024px) 100vw, 1024px\"><\/figure>\n\n\n\n<h3 class=\"wp-block-heading\">4. Seadistage iga alamk\u00fcsimuse puhul n\u00e4htavuse piirarv, kasutades j\u00e4rgmist funktsiooni:<\/h3>\n\n\n\n<pre class=\"wp-block-preformatted\">10 - statCountIf(G01Q01_SQ001.sgqa,'jah')<\/pre>\n\n\n\n<p>kus:<\/p>\n\n\n\n<ul class=\"wp-block-list\">\n<li><strong>10<\/strong>\u00a0t\u00e4histab\u00a0vastuse piirarvu, st antud alamk\u00fcsimuse vastust saab valida kuni 10 korda;<\/li>\n\n\n\n<li><strong>statCountIf<\/strong> on funktsioon, mis kontrollib maatriksk\u00fcsimuse alamk\u00fcsimusele antud vastuste arvu;<\/li>\n\n\n\n<li><strong>G01Q01_SQ001<\/strong> t\u00e4histab konkreetse k\u00fcsimuster\u00fchma (G01) k\u00fcsimuse (Q01) ja selle alamk\u00fcsimuse (SQ001) koode;<\/li>\n\n\n\n<li><strong>sgqa<\/strong> on k\u00fcsimuse vastuse identifikaator;<\/li>\n\n\n\n<li><strong>\u2019jah\u2019<\/strong> on k\u00fcsimuse vastuse kood (seda saab muuta, see v\u00f5ib olla number, t\u00e4ht v\u00f5i nende kombinatsioon).<\/li>\n<\/ul>\n\n\n\n<h5 class=\"wp-block-heading\">NB! Teiste alamk\u00fcsimuste n\u00e4htavuse tingimuse lahtrid on enne k\u00fcsimuse salvestamist lukus. Salvestage k\u00fcsimus ning seej\u00e4rel saate n\u00e4htavuse tingimust muuta ka teistel alamk\u00fcsimustel.<\/h5>\n\n\n\n<figure class=\"wp-block-image\"><a href=\"https:\/\/sisu.ut.ee\/juhendid\/vastuste-arvu-piiramine\/tingimus_maatriks-2\/\" rel=\"attachment wp-att-4296\"><img loading=\"lazy\" decoding=\"async\" width=\"1002\" height=\"311\" src=\"https:\/\/sisu.ut.ee\/wp-content\/uploads\/sites\/177\/tingimus_maatriks-1.png\" alt=\"\" class=\"wp-image-4296\" srcset=\"https:\/\/sisu.ut.ee\/wp-content\/uploads\/sites\/177\/tingimus_maatriks-1.png 1002w, https:\/\/sisu.ut.ee\/wp-content\/uploads\/sites\/177\/tingimus_maatriks-1-300x93.png 300w, https:\/\/sisu.ut.ee\/wp-content\/uploads\/sites\/177\/tingimus_maatriks-1-768x238.png 768w\" sizes=\"auto, (max-width: 1002px) 100vw, 1002px\"><\/a><\/figure>\n\n\n\n<p><\/p>\n\n\n\n<h3 class=\"wp-block-heading\">5. Kui soovite, et kasutajale kuvataks alamk\u00fcsimuste juures piirarvude hetkev\u00e4\u00e4rtused, siis lisage alamk\u00fcsimuse teksti juurde n\u00e4htavuse tingimuse funktsioon loogeliste sulgudega:<\/h3>\n\n\n\n<pre class=\"wp-block-preformatted\"><span style=\"font-size: 16px;\">{10 - statCountIf(G01Q01_SQ001.sgqa,'jah')}<\/span><\/pre>\n\n\n\n<p><span style=\"font-size: 16px;\">N\u00e4iteks:<\/span><\/p>\n\n\n\n<pre class=\"wp-block-preformatted\"><span style=\"font-size: 16px;\">(j\u00e4\u00e4nud \u00a0{10 - statCountIf(G01Q01_SQ001.sgqa,'jah')} vaba kohta)<\/span><\/pre>\n\n\n\n<figure class=\"wp-block-image\"><a href=\"https:\/\/sisu.ut.ee\/juhendid\/vastuste-arvu-piiramine\/tingimus2_maatriks-2\/\" rel=\"attachment wp-att-4294\"><img loading=\"lazy\" decoding=\"async\" width=\"816\" height=\"331\" src=\"https:\/\/sisu.ut.ee\/wp-content\/uploads\/sites\/177\/tingimus2_maatriks-1.png\" alt=\"\" class=\"wp-image-4294\" srcset=\"https:\/\/sisu.ut.ee\/wp-content\/uploads\/sites\/177\/tingimus2_maatriks-1.png 816w, https:\/\/sisu.ut.ee\/wp-content\/uploads\/sites\/177\/tingimus2_maatriks-1-300x122.png 300w, https:\/\/sisu.ut.ee\/wp-content\/uploads\/sites\/177\/tingimus2_maatriks-1-768x312.png 768w\" sizes=\"auto, (max-width: 816px) 100vw, 816px\"><\/a><\/figure>\n\n\n\n<p><\/p>\n\n\n\n<p>Vastuste piirarvuga maatriksk\u00fcsimus n\u00e4eb k\u00fcsitluse eelvaates v\u00e4lja selline:<\/p>\n\n\n\n<figure class=\"wp-block-image\"><a href=\"https:\/\/sisu.ut.ee\/juhendid\/vastuste-arvu-piiramine\/maatriks_kuva\/\" rel=\"attachment wp-att-4292\"><img loading=\"lazy\" decoding=\"async\" width=\"1024\" height=\"266\" src=\"https:\/\/sisu.ut.ee\/wp-content\/uploads\/sites\/177\/maatriks_kuva-1024x266.png\" alt=\"\" class=\"wp-image-4292\" srcset=\"https:\/\/sisu.ut.ee\/wp-content\/uploads\/sites\/177\/maatriks_kuva-1024x266.png 1024w, https:\/\/sisu.ut.ee\/wp-content\/uploads\/sites\/177\/maatriks_kuva-300x78.png 300w, https:\/\/sisu.ut.ee\/wp-content\/uploads\/sites\/177\/maatriks_kuva-768x199.png 768w, https:\/\/sisu.ut.ee\/wp-content\/uploads\/sites\/177\/maatriks_kuva.png 1330w\" sizes=\"auto, (max-width: 1024px) 100vw, 1024px\"><\/a><\/figure>\n\n\n\n<p><\/p>\n","protected":false},"excerpt":{"rendered":"<p>LimeSurveys on v\u00f5imalik: K\u00fcsitluse vastuste piirarvu ehk kvoodi\u00a0seadistamine Kvoote\u00a0kasutatakse aktiivses kusitluses vastuste piirarvu seadistamiseks. Kvoodipiirang on seotud mingi konkreetse konkreetsele k\u00fcsimusele antud vastuste arvuga. N\u00e4iteks, kui soovite, et k\u00fcsimustikule vastaks 50 meest ja 50 naist, siis saab kvooti rakendada k\u00fcsimusele &#8230;<\/p>\n","protected":false},"author":6,"featured_media":0,"parent":0,"menu_order":0,"comment_status":"closed","ping_status":"closed","template":"","meta":{"_acf_changed":false,"inline_featured_image":false,"footnotes":""},"class_list":["post-117","page","type-page","status-publish","hentry"],"acf":[],"_links":{"self":[{"href":"https:\/\/sisu.ut.ee\/juhendid\/wp-json\/wp\/v2\/pages\/117","targetHints":{"allow":["GET"]}}],"collection":[{"href":"https:\/\/sisu.ut.ee\/juhendid\/wp-json\/wp\/v2\/pages"}],"about":[{"href":"https:\/\/sisu.ut.ee\/juhendid\/wp-json\/wp\/v2\/types\/page"}],"author":[{"embeddable":true,"href":"https:\/\/sisu.ut.ee\/juhendid\/wp-json\/wp\/v2\/users\/6"}],"replies":[{"embeddable":true,"href":"https:\/\/sisu.ut.ee\/juhendid\/wp-json\/wp\/v2\/comments?post=117"}],"version-history":[{"count":12,"href":"https:\/\/sisu.ut.ee\/juhendid\/wp-json\/wp\/v2\/pages\/117\/revisions"}],"predecessor-version":[{"id":4636,"href":"https:\/\/sisu.ut.ee\/juhendid\/wp-json\/wp\/v2\/pages\/117\/revisions\/4636"}],"wp:attachment":[{"href":"https:\/\/sisu.ut.ee\/juhendid\/wp-json\/wp\/v2\/media?parent=117"}],"curies":[{"name":"wp","href":"https:\/\/api.w.org\/{rel}","templated":true}]}}