{"id":116,"date":"2024-04-04T02:50:44","date_gmt":"2024-04-03T23:50:44","guid":{"rendered":"https:\/\/sisu.ut.ee\/juhendid\/salvestusoigus-oppijatele\/"},"modified":"2024-04-04T02:55:41","modified_gmt":"2024-04-03T23:55:41","slug":"salvestusoigus-oppijatele","status":"publish","type":"page","link":"https:\/\/sisu.ut.ee\/juhendid\/salvestusoigus-oppijatele\/","title":{"rendered":"Salvestamis\u00f5igus \u00f5ppijatele"},"content":{"rendered":"<p>\n\tPanoptos on v\u00f5imalik anda salvestus\u00f5igused ka \u00fcli\u00f5pilastele. \u00dcldjuhul on vajadus selline, et \u00f5ppijatel soovitakse lasta salvestada ulesannete vastused.\n<\/p>\n<h3>\n\t\u00dclesannete alamkausta loomine Panopto kaustas<br>\n<\/h3>\n<p>\n\tSisenege Panoptos\u00a0vastava\u00a0Panopto kursuse kausta ning kausta seadete <em>Overview<\/em> lipikul\u00a0looge ulesannete alamkaust\u00a0(<em>Create Assignment Folder<\/em>).\n<\/p>\n<p>\n\t<img loading=\"lazy\" decoding=\"async\" width=\"1366\" height=\"876\" class=\"alignnone wp-image-707\" style=\"width: 550px;height: 353px\" src=\"https:\/\/sisu.ut.ee\/wp-content\/uploads\/sites\/177\/screen_shot_2020-04-07_at_10.41.58.png\" title=\"screen_shot_2020-04-07_at_10.41.58.png\" alt=\"kaust\" srcset=\"https:\/\/sisu.ut.ee\/wp-content\/uploads\/sites\/177\/screen_shot_2020-04-07_at_10.41.58.png 1366w, https:\/\/sisu.ut.ee\/wp-content\/uploads\/sites\/177\/screen_shot_2020-04-07_at_10.41.58-300x192.png 300w, https:\/\/sisu.ut.ee\/wp-content\/uploads\/sites\/177\/screen_shot_2020-04-07_at_10.41.58-1024x657.png 1024w, https:\/\/sisu.ut.ee\/wp-content\/uploads\/sites\/177\/screen_shot_2020-04-07_at_10.41.58-768x493.png 768w\" sizes=\"auto, (max-width: 1366px) 100vw, 1366px\">\n<\/p>\n<h5>\n\t<strong>NB! <\/strong>\u00dclesannete (<em>Assignment<\/em>) kaust annab k\u00f5igile vaataja (<em>Viewer)<\/em>\u00a0\u00f5igusega \u00fclemkausta kasutajale (kursuse \u00f5ppijad) \u00f5iguse ulesannete kausta salvestada. \u00dclesannete kausta salvestusi n\u00e4eb vaikimisi vaid\u00a0\u00f5ppej\u00f5ud ning \u00f5ppija n\u00e4eb vaid oma salvestust. \u00d5ppija teiste \u00f5ppijate ulesannete kausta videosid ei n\u00e4e. Kui on soov, et \u00f5ppijate poolt salvestatud videosid\u00a0n\u00e4eksid ka teised \u00f5ppijad, siis\u00a0tuleb muuta selle kausta \u00f5igusi (<em>Allow viewres to see each other\u2019s sessions<\/em>)<br>\n<\/h5>\n<p>\n\t<img loading=\"lazy\" decoding=\"async\" width=\"808\" height=\"201\" class=\"alignnone wp-image-710\" src=\"https:\/\/sisu.ut.ee\/wp-content\/uploads\/sites\/177\/assignment_kaust_settings.jpg\" title=\"assignment_kaust_settings.jpg\" alt=\"assignment settings\" srcset=\"https:\/\/sisu.ut.ee\/wp-content\/uploads\/sites\/177\/assignment_kaust_settings.jpg 808w, https:\/\/sisu.ut.ee\/wp-content\/uploads\/sites\/177\/assignment_kaust_settings-300x75.jpg 300w, https:\/\/sisu.ut.ee\/wp-content\/uploads\/sites\/177\/assignment_kaust_settings-768x191.jpg 768w\" sizes=\"auto, (max-width: 808px) 100vw, 808px\">\n<\/p>\n<p>\n\tKui on soov, et e-kursuse k\u00fclaline peaks saama vaadata \u00f5ppijate salvestatud videosid, siis peaks videod liigutama kursuse p\u00f5hikausta ning tegema lingiga k\u00e4ttesaadavaks (<em>Anyone with the link<\/em>).\n<\/p>\n<h3>\n\tSalvestamis\u00f5iguse jagamine \u00f5ppijatele kursuse p\u00f5hikaustas<br>\n<\/h3>\n<p>\n\tKui soovite, et \u00f5ppijad saaksid salvestus\u00f5iguse teie Moodle\u2019i kursuse Panopto p\u00f5hikaustas, siis andke Moodle\u2019i kursuse Panopto plokis \u00f5ppijatele salvestus\u00f5igused. Selleks avage kursuse muutmisre\u017eiimis Panopto ploki seadistused, m\u00e4rkige <em>Creator<\/em> rolli \u00f5igused ka \u00d5ppija rollile ning salvetsage seadete muudatused.\n<\/p>\n<p>\n\t<img loading=\"lazy\" decoding=\"async\" width=\"886\" height=\"514\" class=\"alignnone wp-image-708\" style=\"width: 550px;height: 319px\" src=\"https:\/\/sisu.ut.ee\/wp-content\/uploads\/sites\/177\/screen_shot_2020-04-03_at_09.31.53.png\" title=\"screen_shot_2020-04-03_at_09.31.53.png\" alt=\"roll\" srcset=\"https:\/\/sisu.ut.ee\/wp-content\/uploads\/sites\/177\/screen_shot_2020-04-03_at_09.31.53.png 886w, https:\/\/sisu.ut.ee\/wp-content\/uploads\/sites\/177\/screen_shot_2020-04-03_at_09.31.53-300x174.png 300w, https:\/\/sisu.ut.ee\/wp-content\/uploads\/sites\/177\/screen_shot_2020-04-03_at_09.31.53-768x446.png 768w\" sizes=\"auto, (max-width: 886px) 100vw, 886px\"><\/p>\n","protected":false},"excerpt":{"rendered":"<p>Panoptos on v\u00f5imalik anda salvestus\u00f5igused ka \u00fcli\u00f5pilastele. \u00dcldjuhul on vajadus selline, et \u00f5ppijatel soovitakse lasta salvestada ulesannete vastused. \u00dclesannete alamkausta loomine Panopto kaustas Sisenege Panoptos\u00a0vastava\u00a0Panopto kursuse kausta ning kausta seadete Overview lipikul\u00a0looge ulesannete alamkaust\u00a0(Create Assignment Folder). NB! \u00dclesannete (Assignment) kaust &#8230;<\/p>\n","protected":false},"author":6,"featured_media":0,"parent":0,"menu_order":0,"comment_status":"closed","ping_status":"closed","template":"","meta":{"_acf_changed":false,"inline_featured_image":false,"footnotes":""},"class_list":["post-116","page","type-page","status-publish","hentry"],"acf":[],"_links":{"self":[{"href":"https:\/\/sisu.ut.ee\/juhendid\/wp-json\/wp\/v2\/pages\/116","targetHints":{"allow":["GET"]}}],"collection":[{"href":"https:\/\/sisu.ut.ee\/juhendid\/wp-json\/wp\/v2\/pages"}],"about":[{"href":"https:\/\/sisu.ut.ee\/juhendid\/wp-json\/wp\/v2\/types\/page"}],"author":[{"embeddable":true,"href":"https:\/\/sisu.ut.ee\/juhendid\/wp-json\/wp\/v2\/users\/6"}],"replies":[{"embeddable":true,"href":"https:\/\/sisu.ut.ee\/juhendid\/wp-json\/wp\/v2\/comments?post=116"}],"version-history":[{"count":1,"href":"https:\/\/sisu.ut.ee\/juhendid\/wp-json\/wp\/v2\/pages\/116\/revisions"}],"predecessor-version":[{"id":1735,"href":"https:\/\/sisu.ut.ee\/juhendid\/wp-json\/wp\/v2\/pages\/116\/revisions\/1735"}],"wp:attachment":[{"href":"https:\/\/sisu.ut.ee\/juhendid\/wp-json\/wp\/v2\/media?parent=116"}],"curies":[{"name":"wp","href":"https:\/\/api.w.org\/{rel}","templated":true}]}}