{"id":114,"date":"2024-04-04T02:50:44","date_gmt":"2024-04-03T23:50:44","guid":{"rendered":"https:\/\/sisu.ut.ee\/juhendid\/settings-publishing-website\/"},"modified":"2024-04-10T19:58:47","modified_gmt":"2024-04-10T16:58:47","slug":"settings-publishing-website","status":"publish","type":"page","link":"https:\/\/sisu.ut.ee\/juhendid\/settings-publishing-website\/?lang=en","title":{"rendered":"Settings, publishing the website"},"content":{"rendered":"<h5>\n\tBy default the created website is private \u2013 visible only for the site ownerr when signed in to Sisu@UT.<br>\n<\/h5>\n<h2>\n\tPublishing the website<br>\n<\/h2>\n<h3>\n\t<img loading=\"lazy\" decoding=\"async\" width=\"336\" height=\"724\" class=\"alignnone wp-image-706\" style=\"float:right\" src=\"https:\/\/sisu.ut.ee\/wp-content\/uploads\/sites\/177\/visibility-seo.png\" title=\"visibility-seo.png\" alt=\"Site visibility and SEO\" srcset=\"https:\/\/sisu.ut.ee\/wp-content\/uploads\/sites\/177\/visibility-seo.png 336w, https:\/\/sisu.ut.ee\/wp-content\/uploads\/sites\/177\/visibility-seo-139x300.png 139w\" sizes=\"auto, (max-width: 336px) 100vw, 336px\">Site Visibility:<br>\n<\/h3>\n<ul>\n<li>\n\t\tchoose\u00a0<em>Settings &gt; Global Settings &gt; <strong>Site Visibility<\/strong>\u00a0<\/em>from the left menu\u00a0\n\t<\/li>\n<li>\n\t\tdefine the website as public (<em>Public on the web<\/em>)\n\t<\/li>\n<li>\n\t\tother options are\u00a0<em>Site members only\u00a0<\/em>and\u00a0<em>Anyone with the link.<\/em>\n\t<\/li>\n<\/ul>\n<h3>\n\tSearch Engine Optimization (SEO):<br>\n<\/h3>\n<ul>\n<li>\n\t\t<strong><em>Site title<\/em><\/strong>\u00a0is the title of the website that is visible to everyone.\n\t<\/li>\n<li>\n\t\t<em>Site visible on system frontpage<\/em><em>\u00a0\u2013\u00a0<\/em>if ticked, the logo of the website and part of its title is shown on Sisu@UT front page.\n\t<\/li>\n<li>\n\t\t<em>Site abstract<\/em>\u00a0could include a brief introduction of the website (a longer version of\u00a0<em>Site description<\/em>).\n\t<\/li>\n<li>\n\t\t<em>Site author<\/em>\u00a0\u2013 author(s) of the site.\n\t<\/li>\n<li>\n\t\t<em>Site keywords<\/em>\u00a0are the website\u2019s keywords, separated by commas.\n\t<\/li>\n<li>\n\t\t<em>Site category<\/em>\u00a0\u2013 enables to choose a category and theme, under which your website is placed (using the CTRL key you can choose several themes at a time).\n\t<\/li>\n<li>\n\t\t<em>Navigation links<\/em>\u00a0\u2013 arrow keys are created at the bottom of the pages for navigation.\n\t<\/li>\n<li>\n\t\t<em>Multilanguage<\/em>\u00a0\u2013 enables to create and use a multilingual website (Estonian and English).\n\t<\/li>\n<li>\n\t\t<em>Default language<\/em>\n<ul>\n<li>\n\t\t\t\t<strong>NB<\/strong> If you want to create a website in English (so that the user sees, e.g. quiz buttons also in English), the website should be defined as multilanguage and English should be chosen the default language.\n\t\t\t<\/li>\n<\/ul>\n<\/li>\n<li>\n\t\tSite description \u2013\u00a0A brief summary to appear in search results for your site\u2019s home page. Ideally 155 characters or less.\n\t<\/li>\n<li>\n\t\tSite category \u2013 select categories your site belongs to. While holding\u00a0CTRL key you can select more than one category.\n\t<\/li>\n<li>\n\t\tPublisher URL\n\t<\/li>\n<li>\n\t\tAuthor URL\n\t<\/li>\n<\/ul>\n<p>\n\tAfter the website is published the entered information is visible in the list of websites on the page of the respective category\/topic.\n<\/p>\n<h3>\n\t<img loading=\"lazy\" decoding=\"async\" width=\"384\" height=\"324\" class=\"alignnone wp-image-705\" style=\"float: right\" src=\"https:\/\/sisu.ut.ee\/wp-content\/uploads\/sites\/177\/sisu-ut-domain.png\" title=\"sisu-ut-domain.png\" alt=\"UT Domain Request\" srcset=\"https:\/\/sisu.ut.ee\/wp-content\/uploads\/sites\/177\/sisu-ut-domain.png 384w, https:\/\/sisu.ut.ee\/wp-content\/uploads\/sites\/177\/sisu-ut-domain-300x253.png 300w\" sizes=\"auto, (max-width: 384px) 100vw, 384px\">Custom UT domain:<br>\n<\/h3>\n<p>\n\tGo to <strong>Appearence &gt; UT Domain<\/strong> and fill in the request for UT domain. You can request for a domain websitename.ut.ee for your Sisu@UT website.\u00a0\n<\/p>\n<p>\n\tNB! Request the domain if there is essential need (for example for projects, conferences websites etc). For thematic learning package the necessity of requesting a domain is not justified.<br>Please make sure the requested domain name is not already taken!<br>Please make sure the requested domain name does not include any special characters(\u00f5\u00fc\u00e4\u00f6..) or signs(!?\u201d$#..)!<br>Don\u00b4t choose too ambitious domain names (for example research.ut.ee) because university may need them for other purposes.\n<\/p>\n<h2>\n\tAdding logo to the website<br>\n<\/h2>\n<p>\n\tIt is useful to add a small characteristic image or logo to the website\/content package. The logo is shown on the front page of Sisu and in the list of websites besides other information. For that purpose, prepare the image in your computer (size 180\u00d7140 pixels).\n<\/p>\n<h3>\n\tTo add the logo:<br>\n<\/h3>\n<ul>\n<li>\n\t\tchoose <em>Build \u2013\u00a0<\/em><em>Manage \u2013 Layout<\/em>\u00a0in the top menu\n\t<\/li>\n<li>\n\t\tin the list of widgets click on the gear icon next to\u00a0<em>Site Logo<\/em>\u00a0(<em>Edit widget<\/em>). Upload the file and if necessary, cut a suitable part of it for the logo.\n\t<\/li>\n<li>\n\t\tsave the logo with the\u00a0<em>Save<\/em>\u00a0button.\n\t<\/li>\n<\/ul>\n<p>\n\t<img loading=\"lazy\" decoding=\"async\" width=\"746\" height=\"239\" class=\"alignnone wp-image-702\" style=\"margin-left: auto;margin-right: auto\" src=\"https:\/\/sisu.ut.ee\/wp-content\/uploads\/sites\/177\/site_logo.png\" title=\"site_logo.png\" alt=\"Site-logo\" srcset=\"https:\/\/sisu.ut.ee\/wp-content\/uploads\/sites\/177\/site_logo.png 746w, https:\/\/sisu.ut.ee\/wp-content\/uploads\/sites\/177\/site_logo-300x96.png 300w\" sizes=\"auto, (max-width: 746px) 100vw, 746px\">\n<\/p>\n<p>\n\t\u00a0\n<\/p>\n<h2>\n\tAdding members<br>\n<\/h2>\n<p>\n\tYour website may be created and edited in cooperation with another Sisu@UT user. The other person (who has a UT username and is a staff member or doctorate student) has to enter Sisu@UT once, so that they can be found in the user database.\n<\/p>\n<h3>\n\tTo add a co-editor:<br>\n<\/h3>\n<ul>\n<li>\n\t\tchoose\u00a0<em>People\u00a0<\/em>in the top menu\n\t<\/li>\n<li>\n\t\tclick\u00a0<em>Add a member<\/em>\n\t<\/li>\n<li>\n\t\tthe other user can be most easily found according to their username or name\n\t<\/li>\n<li>\n\t\tafter adding, you can designate a suitable role to the user (link <em>Edit<\/em>):\n<ul>\n<li>\n\t\t\t\t<em>Administrator \u00a0<\/em>has full rights on the website\n\t\t\t<\/li>\n<li>\n\t\t\t\t<em>Basic member \u00a0<\/em>can only view but not change the private website\n\t\t\t<\/li>\n<li>\n\t\t\t\t<em>Content editor \u00a0<\/em>can only add and edit content, but not change website settings and design or add other users\n\t\t\t<\/li>\n<\/ul>\n<\/li>\n<\/ul>\n<p>\n\t<img loading=\"lazy\" decoding=\"async\" width=\"753\" height=\"319\" class=\"alignnone wp-image-703\" style=\"margin-left: auto;margin-right: auto\" src=\"https:\/\/sisu.ut.ee\/wp-content\/uploads\/sites\/177\/members.png\" title=\"members.png\" alt=\"Adding members\" srcset=\"https:\/\/sisu.ut.ee\/wp-content\/uploads\/sites\/177\/members.png 753w, https:\/\/sisu.ut.ee\/wp-content\/uploads\/sites\/177\/members-300x127.png 300w\" sizes=\"auto, (max-width: 753px) 100vw, 753px\"><\/p>\n","protected":false},"excerpt":{"rendered":"<p>By default the created website is private \u2013 visible only for the site ownerr when signed in to Sisu@UT. Publishing the website Site Visibility: choose\u00a0Settings &gt; Global Settings &gt; Site Visibility\u00a0from the left menu\u00a0 define the website as public (Public &#8230;<\/p>\n","protected":false},"author":6,"featured_media":0,"parent":0,"menu_order":0,"comment_status":"closed","ping_status":"closed","template":"","meta":{"_acf_changed":false,"inline_featured_image":false,"footnotes":""},"class_list":["post-114","page","type-page","status-publish","hentry"],"acf":[],"_links":{"self":[{"href":"https:\/\/sisu.ut.ee\/juhendid\/wp-json\/wp\/v2\/pages\/114","targetHints":{"allow":["GET"]}}],"collection":[{"href":"https:\/\/sisu.ut.ee\/juhendid\/wp-json\/wp\/v2\/pages"}],"about":[{"href":"https:\/\/sisu.ut.ee\/juhendid\/wp-json\/wp\/v2\/types\/page"}],"author":[{"embeddable":true,"href":"https:\/\/sisu.ut.ee\/juhendid\/wp-json\/wp\/v2\/users\/6"}],"replies":[{"embeddable":true,"href":"https:\/\/sisu.ut.ee\/juhendid\/wp-json\/wp\/v2\/comments?post=114"}],"version-history":[{"count":1,"href":"https:\/\/sisu.ut.ee\/juhendid\/wp-json\/wp\/v2\/pages\/114\/revisions"}],"predecessor-version":[{"id":1737,"href":"https:\/\/sisu.ut.ee\/juhendid\/wp-json\/wp\/v2\/pages\/114\/revisions\/1737"}],"wp:attachment":[{"href":"https:\/\/sisu.ut.ee\/juhendid\/wp-json\/wp\/v2\/media?parent=114"}],"curies":[{"name":"wp","href":"https:\/\/api.w.org\/{rel}","templated":true}]}}