{"id":113,"date":"2024-04-04T02:50:44","date_gmt":"2024-04-03T23:50:44","guid":{"rendered":"https:\/\/sisu.ut.ee\/juhendid\/korduma-kippuvad-kusimused-1\/"},"modified":"2024-04-04T02:55:42","modified_gmt":"2024-04-03T23:55:42","slug":"korduma-kippuvad-kusimused-1","status":"publish","type":"page","link":"https:\/\/sisu.ut.ee\/juhendid\/korduma-kippuvad-kusimused-1\/","title":{"rendered":"Korduma kippuvad k\u00fcsimused"},"content":{"rendered":"<p>\n\t<\/p><div class=\"accordion mb-3\">\n        <div class=\"accordion-item accordion-item--white\">\n        <h2 class=\"accordion-header\" id=\"accordion-69e6660351b2e-heading\">\n            <button class=\"accordion-button collapsed\" type=\"button\" data-bs-toggle=\"collapse\" data-bs-target=\"#accordion-69e6660351b2e-collapse\" aria-expanded=\"true\" aria-controls=\"accordion-69e6660351b2e-collapse\">1. Mul on vaja saata Moodle\u2019i kursuselt \u00f5ppijatele kiiresti teade. Kuidas on k\u00f5ige \u00f5igem seda teha?<\/button>\n        <\/h2>\n        <div id=\"accordion-69e6660351b2e-collapse\" class=\"accordion-collapse collapse\" aria-labelledby=\"accordion-69e6660351b2e-heading\">\n            <div class=\"accordion-body\">\n\n<ul>\n<li>\n\t\tPostitage teade <strong>Teadete foorumisse.\u00a0<\/strong>Selleks valige postituse sisestamiseks s\u00f5numikasti alt valik T\u00e4psem ning seejrel\u00a0m\u00e4rkige \u00e4ra s\u00f5numilahtri all olev valik <strong><em>Saada postitus kohe<\/em><\/strong>. Sellisel juhul saadetakse teade \u00f5ppijate e-posti aadressile hiljemalt 3 minuti jooksul. Kui te ei m\u00e4rgi \u00e4ra Saada kohe valikut, siis saadetakse postitus e-postiga edasi 30 minuti p\u00e4rast.\n\t<\/li>\n<li>\n\t\tSaatke teade <strong>kiirposti vahendiga<\/strong>. Kiirposti on v\u00f5imalik lisada kursusele plokina.\n\t<\/li>\n<li>\n\t\tSaatke osalejate nimekirjast \u00f5ppijatele <strong>s\u00f5num<\/strong>. Selleks m\u00e4rkige \u00f5ppijad \u00e4ra ning valige alumisest rippmen\u00fc\u00fcst <em>Saada s\u00f5num<\/em>.\n\t<\/li>\n<\/ul>\n<p>\n\tNB! Arvestama peate aga sellega, et kui \u00f5ppijal on oma Moodle\u2019i profiili teavituste eelistustes\u00a0k\u00f5ikide teavituste saamine v\u00f5i teatud t\u00fc\u00fcpi teavituste\u00a0e-postile saamine v\u00e4lja l\u00fclitatud, siis ta seda teavitust e-postile\u00a0ei saa.\n<\/p>\n<p>\n\t<\/p><\/div>\n        <\/div>\n        <\/div>\n    <\/div>\n\n<p>\n\t<\/p><div class=\"accordion mb-3\">\n        <div class=\"accordion-item accordion-item--white\">\n        <h2 class=\"accordion-header\" id=\"accordion-69e6660351b35-heading\">\n            <button class=\"accordion-button collapsed\" type=\"button\" data-bs-toggle=\"collapse\" data-bs-target=\"#accordion-69e6660351b35-collapse\" aria-expanded=\"true\" aria-controls=\"accordion-69e6660351b35-collapse\">2. Soovin lisada kursusele uut plokki (nt Panopto). Kuidas seda teha?<\/button>\n        <\/h2>\n        <div id=\"accordion-69e6660351b35-collapse\" class=\"accordion-collapse collapse\" aria-labelledby=\"accordion-69e6660351b35-heading\">\n            <div class=\"accordion-body\">Ploki lisamiseks kursusele l\u00fclituge kursus muutmise re\u017eiimi ning seej\u00e4rel lisage vasaku men\u00fc\u00fcriba alumisest servast kursusele uus plokk.\n\n<p>\n\t<img loading=\"lazy\" decoding=\"async\" width=\"410\" height=\"170\" class=\"alignnone wp-image-699\" src=\"https:\/\/sisu.ut.ee\/wp-content\/uploads\/sites\/177\/screen_shot_2020-04-08_at_17.40.58.png\" title=\"screen_shot_2020-04-08_at_17.40.58.png\" alt=\"plokk\" srcset=\"https:\/\/sisu.ut.ee\/wp-content\/uploads\/sites\/177\/screen_shot_2020-04-08_at_17.40.58.png 410w, https:\/\/sisu.ut.ee\/wp-content\/uploads\/sites\/177\/screen_shot_2020-04-08_at_17.40.58-300x124.png 300w\" sizes=\"auto, (max-width: 410px) 100vw, 410px\"><img loading=\"lazy\" decoding=\"async\" width=\"312\" height=\"178\" class=\"alignnone wp-image-700\" style=\"width: 150px;height: 86px\" src=\"https:\/\/sisu.ut.ee\/wp-content\/uploads\/sites\/177\/screen_shot_2020-04-08_at_17.42.15.png\" title=\"screen_shot_2020-04-08_at_17.42.15.png\" alt=\"Panopto\" srcset=\"https:\/\/sisu.ut.ee\/wp-content\/uploads\/sites\/177\/screen_shot_2020-04-08_at_17.42.15.png 312w, https:\/\/sisu.ut.ee\/wp-content\/uploads\/sites\/177\/screen_shot_2020-04-08_at_17.42.15-300x171.png 300w\" sizes=\"auto, (max-width: 312px) 100vw, 312px\">\n<\/p>\n<p>\n\t<\/p><\/div>\n        <\/div>\n        <\/div>\n    <\/div>\n\n<p>\n\t<\/p><div class=\"accordion mb-3\">\n        <div class=\"accordion-item accordion-item--white\">\n        <h2 class=\"accordion-header\" id=\"accordion-69e6660351b38-heading\">\n            <button class=\"accordion-button collapsed\" type=\"button\" data-bs-toggle=\"collapse\" data-bs-target=\"#accordion-69e6660351b38-collapse\" aria-expanded=\"true\" aria-controls=\"accordion-69e6660351b38-collapse\">3. Mul on Wordi fail Moodle\u2019i testik\u00fcsimustega. Kas mul on v\u00f5imalus, et saan need testik\u00fcsimused korraga Moodle\u2019i kursusele lisada?<\/button>\n        <\/h2>\n        <div id=\"accordion-69e6660351b38-collapse\" class=\"accordion-collapse collapse\" aria-labelledby=\"accordion-69e6660351b38-heading\">\n            <div class=\"accordion-body\">Teil on v\u00f5imalik kasutada veebip\u00f5hist XML-generaatorit aadressil <a data-url=\"http:\/\/www.ut.ee\/moodletestixml\" href=\"http:\/\/www.ut.ee\/moodletestixml\" target=\"_blank\" title=\"\" rel=\"noopener\">http:\/\/www.ut.ee\/moodletestixml<\/a>, mis lihtsustab teil Moodle\u2019i testik\u00fcsimuste loomist.\u00a0\n\n<p>\n\tXML-generaator konverteerib tekstifailid (sh Wordi fail) Moodle\u2019i XML-formaati ning selles formaadis saab testik\u00fcsimused importida Moodle\u2019i k\u00fcsimustepanka. Vt <a data-url=\"https:\/\/sisu.ut.ee\/juhendid\/2-k%C3%BCsimuste-koostamine\" href=\"https:\/\/sisu.ut.ee\/juhendid\/2-k%C3%BCsimuste-koostamine\" target=\"_blank\" title=\"\" rel=\"noopener\">juhend<\/a>. <\/p><\/div>\n        <\/div>\n        <\/div>\n    <\/div>\n\n<p>\n\t\u00a0\n<\/p>\n<p>\n\t\u00a0\n<\/p>\n<p>\n\t\u00a0<\/p>\n","protected":false},"excerpt":{"rendered":"<p>1. Mul on vaja saata Moodle\u2019i kursuselt \u00f5ppijatele kiiresti teade. Kuidas on k\u00f5ige \u00f5igem seda teha? Postitage teade Teadete foorumisse.\u00a0Selleks valige postituse sisestamiseks s\u00f5numikasti alt valik T\u00e4psem ning seejrel\u00a0m\u00e4rkige \u00e4ra s\u00f5numilahtri all olev valik Saada postitus kohe. Sellisel juhul saadetakse &#8230;<\/p>\n","protected":false},"author":6,"featured_media":0,"parent":0,"menu_order":0,"comment_status":"closed","ping_status":"closed","template":"","meta":{"_acf_changed":false,"inline_featured_image":false,"footnotes":""},"class_list":["post-113","page","type-page","status-publish","hentry"],"acf":[],"_links":{"self":[{"href":"https:\/\/sisu.ut.ee\/juhendid\/wp-json\/wp\/v2\/pages\/113","targetHints":{"allow":["GET"]}}],"collection":[{"href":"https:\/\/sisu.ut.ee\/juhendid\/wp-json\/wp\/v2\/pages"}],"about":[{"href":"https:\/\/sisu.ut.ee\/juhendid\/wp-json\/wp\/v2\/types\/page"}],"author":[{"embeddable":true,"href":"https:\/\/sisu.ut.ee\/juhendid\/wp-json\/wp\/v2\/users\/6"}],"replies":[{"embeddable":true,"href":"https:\/\/sisu.ut.ee\/juhendid\/wp-json\/wp\/v2\/comments?post=113"}],"version-history":[{"count":1,"href":"https:\/\/sisu.ut.ee\/juhendid\/wp-json\/wp\/v2\/pages\/113\/revisions"}],"predecessor-version":[{"id":1738,"href":"https:\/\/sisu.ut.ee\/juhendid\/wp-json\/wp\/v2\/pages\/113\/revisions\/1738"}],"wp:attachment":[{"href":"https:\/\/sisu.ut.ee\/juhendid\/wp-json\/wp\/v2\/media?parent=113"}],"curies":[{"name":"wp","href":"https:\/\/api.w.org\/{rel}","templated":true}]}}