{"id":111,"date":"2024-04-04T02:50:43","date_gmt":"2024-04-03T23:50:43","guid":{"rendered":"https:\/\/sisu.ut.ee\/juhendid\/interaktiivne-sisu\/"},"modified":"2024-04-11T10:41:36","modified_gmt":"2024-04-11T07:41:36","slug":"interaktiivne-sisu","status":"publish","type":"page","link":"https:\/\/sisu.ut.ee\/juhendid\/interaktiivne-sisu\/","title":{"rendered":"Interaktiivne sisu"},"content":{"rendered":"<p>Moodle\u2019isse on integreeritud H5P sisuloomevahend (vt\u00a0<a href=\"https:\/\/h5p.org\/\" target=\"_blank\" rel=\"noopener\">https:\/\/h5p.org\/<\/a>), mis v\u00f5imaldab \u00f5ppej\u00f5ul tegevuse <em>Interaktiivne sisu<\/em> abil luua e-kursusele erinevat t\u00fc\u00fcpi interaktiivseid harjutusi v\u00f5i \u00fcles laadida mujal loodud interaktiivse sisu faile.<\/p>\n<p>Enda kursusel loodud k\u00f5igi interaktiivse sisu t\u00fc\u00fcpide puhul tekib hindetabelisse hindetulp. Hinnatavad (tulemus l\u00e4heb hindetabelisse) on aga vaid osa t\u00fc\u00fcpe.<\/p>\n<ol>\n<li><strong>Course presentation<\/strong> (hinnatav) v\u00f5imaldab luua slaididest koosnevat interaktiivset esitlust tekstist, audio- ja helifailidest, piltidest, interaktiivsetest harjutustest.<\/li>\n<li><strong>Image Slider<\/strong>\u00a0on pildiesitlus, mis koosneb v\u00e4hemalt kahest \u00fcleslaetud pildist. Igale pildile tuleb lisada pealkiri, alternatiivne tekst (kui pilti mingil p\u00f5hjusel ei kuvata) ja saab lisada ka teksti (Hover text), mida n\u00e4idatakse \u00f5ppijale kursoriga pildile liikudes. Soovitatav on kasutada pilte, mis on v\u00e4hemalt 1000px laiad.<\/li>\n<li><strong>Timeline\u00a0<\/strong>v\u00f5imaldab esitada s\u00fcndmusi (Date) konkreetsel kuup\u00e4eval ja perioode (Era) kronoloogilises j\u00e4rjestuses.\u00a0Igale s\u00fcndmusele saab lisada teksti, pilte, sisu\u00a0Twitterist, YouTube\u2019ist, Flickrist, Vimeost, Google Mapsist ja SoundCloudist. Perioode kuvatakse ajajoonel v\u00e4rvilise alana koos pealkirjaga (Headline). Ajavahemiku teksti (Text,\u00a0Era body) \u00f5ppijale ei kuvata.<\/li>\n<li><strong>iFrame<\/strong>\u00a0v\u00f5imaldab Moodle\u2019i lehele, raamatusse, tegevuste\/vahendite kirjeldustesse, avalehele vistutada (embeedida) teisi veebilehek\u00fclgi. Sisestada tuleb vistutatava veebilehe pealkiri, veebiaadress ning akna suuruse parameetrid.<\/li>\n<li><strong>Chart\u00a0<\/strong>v\u00f5imaldab sisestaud andmete baasil luua sektor- v\u00f5i tulpdiagrammi. Iga elemendi kohta tuleb sisestada nimi ja v\u00e4\u00e4rtus (ainult number), teksti- ning taustav\u00e4rv. Diagrammi kuvatakse s\u00f5ltumatult elementide arvust 100% akna laiusest. V\u00f5imalik pole lisada legendi ega\u00a0telgedele nimetusi.<\/li>\n<li><strong>Accordion\u00a0<\/strong>v\u00f5imaldab esitada pikka teksti, mis avaneb selle pealkirjal (Title) kl\u00f5psates.<\/li>\n<li><strong>Memory Game<\/strong> (hinnatav)\u00a0v\u00f5imaldab luua m\u00e4ngu, kus \u00f5ppija peab leidma sobivate piltide paarid. Kui paare on rohkem kui 2, saab m\u00e4\u00e4rata v\u00e4iksema paaride arvu, mis \u00f5ppijale juhuslikult esitatakse.<\/li>\n<li><strong>Collage\u00a0<\/strong>abil saab luua etteantud mallide (Layout) p\u00f5hjal pildikollaa\u017ei. Mida suuremad pildid, seda parem, sest kollaa\u017e on alati veebilehitsejaakna laiune.<\/li>\n<li><strong>Column<\/strong> (hinnatav)\u00a0v\u00f5imaldab luua lehe, mis sisaldab \u00fcksteisele j\u00e4rgnevaid H5P sisuelemente: teksti, interaktiivset videot v\u00f5i esitlust ning harjutusi.<\/li>\n<li><strong>Dialog Cards<\/strong>\u00a0abil saab luua kaarte, mille m\u00f5lemal k\u00fcljel on tekst. Lisaks saab lisada kaardile pildi, mida kuvatakse m\u00f5lemal k\u00fcljel ning esimesele k\u00fcljele audiofaili.<\/li>\n<li><strong>Documentation Tool<\/strong>\u00a0v\u00f5imaldab luua sisukorraga seotud lehek\u00fcljed, millele saab lisada teksti, teksti sisestamise v\u00e4lju, nende v\u00e4ljade sisu 3-pallilisel skaalal hinnata ja kogu sisu koondada \u00fchele lehele ja eksportida doc-failina. Eksportfailis kuvatakse v\u00e4ljadele sisestatud tekst hinnangute j\u00e4rjekorras, alates parimast.<\/li>\n<li><strong>Drag and Drop<\/strong> (hinnatav) on harjutus, kus taustapildile m\u00e4\u00e4ratud kohtadesse tuleb lohistada \u00f5ige tekst v\u00f5i pilt. Harjutuse loomise sammud on:\n<ul>\n<li>Taustapildi lisamine ja selle \u00f5igete m\u00f5\u00f5tude m\u00e4\u00e4ramine (lehel Settings).<\/li>\n<li>Alade lisamine, kuhu tekst tuleb lohistada (lehel Task). Lohista alad taustapildil \u00f5igesse kohta.<\/li>\n<li>Lohistatavate tekstide v\u00f5i piltide lisamine (lehel Task). Tekstide\/piltide seadetes peavad olema k\u00f5ik lisatud tekstid\/pildid valitud (k\u00f5igi tekstide\/piltide m\u00e4rkeruutudes linnukesed).<\/li>\n<li>P\u00e4rast lohistatavate tekstide\/piltide lisamist tuleb iga ala seadetes linnuksega m\u00e4rkima \u00f5ige teksti\/pildi m\u00e4rkeruudu.<\/li>\n<li>\u00dcldiste seadete m\u00e4\u00e4ramine lehel Behavioural settings.<\/li>\n<\/ul>\n<\/li>\n<li><strong>Drag the Words<\/strong> (hinnatav) on interaktiivne harjutus, kus etteantud s\u00f5nad tuleb lohistada \u00f5igetesse l\u00fcnkadesse.\n<ul>\n<li>Harjutuse loomisel sisestatakse terve tekst ja lisatakse l\u00fcnka minevate s\u00f5nade ette ja j\u00e4rele t\u00e4rnid (*).<\/li>\n<li>Lisaks \u00f5igele vastusele, mida saab iga l\u00fcnga jaoks olla vaid \u00fcks, v\u00f5ib t\u00e4rnide vahele lisada vihje, tagagside \u00f5igele ja valele vastusele.<\/li>\n<li>Vihje ette m\u00e4rgitakse koolon.<\/li>\n<li>Tagasiside \u00f5ige vastuse puhul m\u00e4rgitakse\u00a0+\u00a0 Tagasiside ja vale vastuse puhul \u2013\u00a0 Tagasiside.<\/li>\n<\/ul>\n<p>N\u00e4ide:\u00a0Eesti pealinn on *Tallinn:Linna\u00f5igused sai 1248. aastal.* ja L\u00e4ti pealinn on *Riia:Asub Daugava j\u00f5e alamjooksul.+\u00d5ige, Riia on Baltimaade suurim linn.-Vale, proovi uuesti*.<\/p><\/li>\n<li><strong>Fill in the Blanks<\/strong> (hinnatav) on interaktiivne harjutus, kus \u00f5ppija peab l\u00fcnkadesse kirjutama \u00f5iged vastused.\n<ul>\n<li>Teksti sees pannakse l\u00fcnka minevad s\u00f5nad t\u00e4rnide (*) vahele.<\/li>\n<li>Iga l\u00fcnga jaoks v\u00f5ib anda mitu \u00f5iget vastust, mis eraldatakse \u00fcksteisest kaldkriipsuga (\/).<\/li>\n<li>Iga l\u00fcnga jaoks v\u00f5ib lisada vihje, mis eraldatakse vastusest kooloniga (:).<\/li>\n<\/ul>\n<p>N\u00e4ide:\u00a0Eesti pealinn on *Tallinn* ja L\u00e4ti pealinn on *Riia:Baltimaade\u00a0suurim linn.*. M\u00f5lemad on v\u00e4ga *ilusad\/kaunid\/toredad* linnad.<\/p><\/li>\n<li><strong>Find the Hotspot<\/strong> (hinnatav)\u00a0on interaktiivne harjutus, kus taustapildile m\u00e4rgitakse klikitavad alad. \u00d5igeks m\u00e4rgitud alasid v\u00f5ib olla ka mitu, kuid harjutus on positiivselt sooritatud kohe p\u00e4rast esimesel \u00f5igel alal klikkimist.<\/li>\n<li><strong>Guess the Answer<\/strong>\u00a0on interaktiivne harjutus, mille\u00a0p\u00f5hjaks v\u00f5ib olla pilt v\u00f5i video. \u00d5ppija peab m\u00f5ttes vastama ja kontrollima enda vastust pildi\/video all oleval nupul kl\u00f5psates.<\/li>\n<li><strong>Interactive Video<\/strong> (hinnatav)\u00a0abil saab lisada \u00fcleslaetud v\u00f5i YouTube\u2019i videole teksti, pilti, tabelit ning interaktiivseid harjutusi.<\/li>\n<li><strong>Mark the Words<\/strong> (hinnatav) on interaktiivne harjutus, kus \u00f5ppija peab lauses\/l\u00f5igus kl\u00f5psama \u00f5igetel s\u00f5nadel.<\/li>\n<li><strong>Personality Quiz<\/strong> on interaktiivne k\u00fcsimustik, mille l\u00e4bimise teekond ja tulemus s\u00f5ltub \u00f5ppija vastustest.<\/li>\n<li><strong>Multiple Choice<\/strong> (hinnatav)\u00a0on interaktiivne harjutus, kus \u00f5ppija peab valikvastuste hulgast m\u00e4rkima \u00e4ra \u00f5iged vastused, mida v\u00f5ib olla \u00fcks kuni k\u00f5ik).<\/li>\n<li><strong>Quiz<\/strong> (hinnatav)\u00a0on interaktiivsete harjutuste komplekt, kuhu saab lisada 6 eri t\u00fc\u00fcpi harjutust: valikvastustega (\u00f5igeid vastuseid v\u00f5ib olla 1 v\u00f5i mitu), s\u00f5nade lohistamine pildile, l\u00fcnktekst, s\u00f5nade m\u00e4rkimine tekstis, s\u00f5nade lohistamine l\u00fcnka, t\u00f5ene\/v\u00e4\u00e4r. Saab ette anda harjutuste arvu, mis tervest komplektist \u00f5ppijale vastamiseks esitatakse.<\/li>\n<li><strong>Find Multiple Hotspots<\/strong> (hinnatav)\u00a0on interaktiivne harjutus, kus antakse ette pilt, selle kohta k\u00e4iv k\u00fcsimus ning pildil m\u00e4rgitakse \u00e4ra vastuseteks kl\u00f5psatavad alad ja \u00f5igete vastuste arv. Pildil v\u00f5ib \u00e4ra m\u00e4rkida ka valed alad, millel kl\u00f5psates esitatakse \u00f5ppijale tagasisidet.<\/li>\n<li><strong>Single Choice Set<\/strong> (hinnatav)\u00a0on valikvastustega harjutuste kogum. Igal harjutusel on ainult \u00fcks \u00f5ige vastus, mis tuleb harjutust luues sisestada esimesena.<\/li>\n<li><strong>Summary<\/strong> (hinnatav)\u00a0on interaktiivne harjutus, kus \u00f5ppija peab kl\u00f5psama \u00f5igel v\u00e4itel\/kokkuv\u00f5ttel. Harjutust luues tuleb \u00f5ige v\u00e4ide sisestada esimesena.<\/li>\n<li><strong>True\/False Question<\/strong> (hinnatav)\u00a0on harjutus, kus vastamiseks on ette antud nupud\u00a0True ja False, mille saab harjutust luues ise \u00e4ra t\u00f5lkida.<\/li>\n<li><strong>Image Hotspots<\/strong> abil saab suurele taustapildile m\u00e4rkida kl\u00f5psatavad alad, millest avaneb h\u00fcpikaken tekstiga, pildiga v\u00f5i videoga.<\/li>\n<li><strong>Image Juxtaposition<\/strong> v\u00f5imaldab \u00f5ppijal interaktiivselt v\u00f5rrelda kahte k\u00f5rvuti pilti liigutades vertikaalset v\u00f5i horisontaalset joont nende vahel.<\/li>\n<li><strong>Agamotto (Image Blender)\u00a0<\/strong>v\u00f5imaldab nagu pildiesitlus (slider) kuvada pilte, kusjuures pildid muutuvad \u00fcksteiseks sujuvalt. Pildi kohta lisatud kirjeldust kuvatakse pildi all.<\/li>\n<li><strong>Image Sequencing\u00a0<\/strong>on interaktiivne harjutus, kus \u00f5ppija peab etteantud pildid lohistama \u00f5igesse j\u00e4rjekorda.<\/li>\n<li><strong>Flashcards<\/strong> (hinnatav)\u00a0on interaktiivne harjutus, kus k\u00fcsimus esitatakse kaardil pildina v\u00f5i tekstina ning \u00f5ppija peab kirjutama kaardile \u00f5ige vastuse.<\/li>\n<li><strong>Essay\u00a0<\/strong>v\u00f5imaldab \u00f5ppijal sisestada pikka teksti, mida kontrollitakse harjutuse looja poolt ette antud kohustuslike s\u00f5nade (Keywords) esinemise j\u00e4rgi.<\/li>\n<li><strong>Image Pairing<\/strong> (hinnatav)\u00a0on interaktiivne harjutus, kus \u00f5ppija peab lohistama pildid vasakult \u00f5ige pildi juurde paremal. Pildid peaks olema k\u00f5ik \u00fchesuurused ja v\u00e4hemalt 120 x 120 px.<\/li>\n<li><strong>Greeting Card<\/strong>\u00a0on vahend lihtsa kaardi loomiseks. Selleks laete \u00fcles kaardi pildi ja sisestate teksti. Teksti fonti, suurust, v\u00e4rvi, paigutust jm muuta ei saa.<\/li>\n<\/ol>\n<h5>NB! Interaktiivse sisu n\u00e4iteid saab vaadata e-kursusel:\u00a0 <a title=\"\" href=\"https:\/\/moodle.ut.ee\/course\/view.php?id=8237\" target=\"_blank\" rel=\"noopener\" data-url=\"https:\/\/moodle.ut.ee\/course\/view.php?id=8237\">https:\/\/moodle.ut.ee\/course\/view.php?id=8237<\/a><\/h5>\n<h3>Interaktiivse sisu lisamiseks e-kursusele:<\/h3>\n<ul>\n<li>valige lingist\u00a0<em>Lisa vahend v\u00f5i tegevus<\/em>\u00a0avanevast aknast\u00a0<em>Interaktiivne sisu<\/em><\/li>\n<li>sisestage kirjeldus<\/li>\n<li>valige aknas <em>Redaktor<\/em> sobiv interaktiivse sisu t\u00fc\u00fcp<\/li>\n<li>sisestage valitud t\u00fc\u00fcbile pealkiri ja \u00f5pijuhis\/kirjeldus<\/li>\n<li>vaadake n\u00e4idet kl\u00f5psates\u00a0<img loading=\"lazy\" decoding=\"async\" width=\"99\" height=\"21\" class=\"alignnone wp-image-698\" title=\"example.png\" src=\"https:\/\/sisu.ut.ee\/wp-content\/uploads\/sites\/177\/example.png\" alt=\"example.png\"><\/li>\n<li>avage ja t\u00e4itke k\u00f5ik n\u00f5utud v\u00e4ljad (need on interaktiivse sisu eri t\u00fc\u00fcpide puhul erinevad)<\/li>\n<li>m\u00e4\u00e4rake sobiv koondhinne (vaikimisi on see 10 punkti)<\/li>\n<li>r\u00fchmare\u017eiim interaktiivse sisu puhul midagi ei muuda ja seda pole m\u00f5tet m\u00e4\u00e4rata<\/li>\n<\/ul>\n<h3>Interaktiivse sisu vistutamiseks (manustamiseks, embeedimiseks):<\/h3>\n<ul>\n<li>m\u00e4rkige linnukesega interaktiivse sisu seadete lehe kuvamiss\u00e4tete all <em>Kuva toiminguriba ja raam<\/em> (siis kuvatakse interaktiivse sisu all vistutamise koodi link)<\/li>\n<li>kl\u00f5psake interaktiivse sisu all linki <em>Manusta<\/em><\/li>\n<li>kopeerige vastav kood (CTRL C)<\/li>\n<li>avage leht, raamat vm Moodle\u2019i vahendi v\u00f5i tegevuse tekstitoimeti ja l\u00fclituge html-re\u017eiimi nupust &lt;&gt;<\/li>\n<li>kleepige kood (CTRL V)<\/li>\n<\/ul>\n<h3>\u00d5ppija tulemused:<\/h3>\n<p>Avades hindetabelis konkreetse \u00f5ppija \u00f5ppijaraporti ja kl\u00f5psates interaktiivse sisu t\u00fc\u00fcbi nimetusel (mille tulemused on punktidena hindetabelis), n\u00e4eb \u00f5ppej\u00f5ud enamiku puhul \u00f5ppija sooritust \u2013 \u00f5igeid ja valesid vastuseid.<\/p>\n<p>Viie t\u00fc\u00fcbi puhul <strong>ei n\u00e4e<\/strong> \u00f5ppej\u00f5ud \u00f5ppija sooritust:<\/p>\n<ol>\n<li>Find Multiple Hotspots<\/li>\n<li>Find the Hotspot<\/li>\n<li>Flashcards<\/li>\n<li>Memory Game<\/li>\n<li>Image Pairing<\/li>\n<\/ol>\n","protected":false},"excerpt":{"rendered":"<p>Moodle\u2019isse on integreeritud H5P sisuloomevahend (vt\u00a0https:\/\/h5p.org\/), mis v\u00f5imaldab \u00f5ppej\u00f5ul tegevuse Interaktiivne sisu abil luua e-kursusele erinevat t\u00fc\u00fcpi interaktiivseid harjutusi v\u00f5i \u00fcles laadida mujal loodud interaktiivse sisu faile. Enda kursusel loodud k\u00f5igi interaktiivse sisu t\u00fc\u00fcpide puhul tekib hindetabelisse hindetulp. Hinnatavad (tulemus &#8230;<\/p>\n","protected":false},"author":6,"featured_media":0,"parent":0,"menu_order":0,"comment_status":"closed","ping_status":"closed","template":"","meta":{"_acf_changed":false,"inline_featured_image":false,"footnotes":""},"class_list":["post-111","page","type-page","status-publish","hentry"],"acf":[],"_links":{"self":[{"href":"https:\/\/sisu.ut.ee\/juhendid\/wp-json\/wp\/v2\/pages\/111","targetHints":{"allow":["GET"]}}],"collection":[{"href":"https:\/\/sisu.ut.ee\/juhendid\/wp-json\/wp\/v2\/pages"}],"about":[{"href":"https:\/\/sisu.ut.ee\/juhendid\/wp-json\/wp\/v2\/types\/page"}],"author":[{"embeddable":true,"href":"https:\/\/sisu.ut.ee\/juhendid\/wp-json\/wp\/v2\/users\/6"}],"replies":[{"embeddable":true,"href":"https:\/\/sisu.ut.ee\/juhendid\/wp-json\/wp\/v2\/comments?post=111"}],"version-history":[{"count":2,"href":"https:\/\/sisu.ut.ee\/juhendid\/wp-json\/wp\/v2\/pages\/111\/revisions"}],"predecessor-version":[{"id":3218,"href":"https:\/\/sisu.ut.ee\/juhendid\/wp-json\/wp\/v2\/pages\/111\/revisions\/3218"}],"wp:attachment":[{"href":"https:\/\/sisu.ut.ee\/juhendid\/wp-json\/wp\/v2\/media?parent=111"}],"curies":[{"name":"wp","href":"https:\/\/api.w.org\/{rel}","templated":true}]}}