{"id":11,"date":"2024-04-04T02:50:36","date_gmt":"2024-04-03T23:50:36","guid":{"rendered":"https:\/\/sisu.ut.ee\/juhendid\/ryhmad-ja-sobrad\/"},"modified":"2024-04-04T02:55:47","modified_gmt":"2024-04-03T23:55:47","slug":"ryhmad-ja-sobrad","status":"publish","type":"page","link":"https:\/\/sisu.ut.ee\/juhendid\/ryhmad-ja-sobrad\/","title":{"rendered":"R\u00fchmad ja s\u00f5brad"},"content":{"rendered":"<h2 id=\"R\u00fchmadjas\u00f5brad-R\u00fchmad\">\n\tR\u00fchmad<br>\n<\/h2>\n<p>\n\tIga Mahara kasutaja saab luua ning kustutada enda r\u00fchmi ja seadistada, kes ja mil moel saavad tema r\u00fchmaga liituda.\n<\/p>\n<p>\n\tR\u00fchmadel on j\u00e4rgmised v\u00f5imalused:\n<\/p>\n<ul class=\"simple\">\n<li>\n\t\tarutleda r\u00fchmafoorumis\n\t<\/li>\n<li>\n\t\tluua \u00fchiseid lehti ja kollektsioone\n\t<\/li>\n<li>\n\t\tjagada r\u00fchmas faile (r\u00fchmal on mahupiirang 500,0 MB)\n\t<\/li>\n<li>\n\t\tavalikustada r\u00fchma lehti\n\t<\/li>\n<\/ul>\n<p>\n\tValides \u00fclamen\u00fc\u00fcst\u00a0<em>R\u00fchmad<\/em>, saate nupust\u00a0<em>Loo r\u00fchm<\/em>\u00a0ise r\u00fchmi luua ja seadistada.\n<\/p>\n<h5>\n\tNB! Kuna kasutajate loodud r\u00fchmad v\u00f5ivad olla samasuguste nimedega, on kasulik r\u00fchmade eristamiseks lisada r\u00fchma kohta kirjeldus.\u00a0<br>\n<\/h5>\n<p>\n\tMen\u00fc\u00fclingist\u00a0<em>Minu r\u00fchmad\u00a0<\/em>n\u00e4ete enda r\u00fchmade (mille olete ise loonud, millega olete liitunud ja kuhu olete kutsutud) nimekirja. R\u00fchma nimel klikkides n\u00e4ete r\u00fchma p\u00f5hiinfot. Samas alamen\u00fc\u00fcs saab otsida r\u00fchmi, millega liituda, Mahara kasutajaid, keda s\u00f5pradeks lisada ja r\u00fchmafoorumi arutelusid (<em>Teemad<\/em>).\n<\/p>\n<p>\n\t<img loading=\"lazy\" decoding=\"async\" width=\"1166\" height=\"467\" class=\"alignnone wp-image-301\" src=\"https:\/\/sisu.ut.ee\/wp-content\/uploads\/sites\/177\/ruhmad.png\" title=\"ruhmad.png\" alt=\"R\u00fchmad\" srcset=\"https:\/\/sisu.ut.ee\/wp-content\/uploads\/sites\/177\/ruhmad.png 1166w, https:\/\/sisu.ut.ee\/wp-content\/uploads\/sites\/177\/ruhmad-300x120.png 300w, https:\/\/sisu.ut.ee\/wp-content\/uploads\/sites\/177\/ruhmad-1024x410.png 1024w, https:\/\/sisu.ut.ee\/wp-content\/uploads\/sites\/177\/ruhmad-768x308.png 768w\" sizes=\"auto, (max-width: 1166px) 100vw, 1166px\">\n<\/p>\n<p>\n\tKui olete klikkinud r\u00fchma nimel, avaneb uus alamen\u00fc\u00fc.\n<\/p>\n<ul>\n<li>\n\t\t<em>Info\u00a0<\/em>lehel n\u00e4ete r\u00fchmaga seotud p\u00f5hiinformatsiooni.\u00a0\n\t<\/li>\n<li>\n\t\tLehel\u00a0<em>Liikmed\u00a0<\/em>on r\u00fchmaliikmete nimekiri, kus saate ka r\u00fchmaliikmeid enda loodud r\u00fchmast eemaldada.\u00a0\n\t<\/li>\n<li>\n\t\tLehel\u00a0<em>Foorumid\u00a0<\/em>n\u00e4ete r\u00fchmafoorumi arutelusid (foorumipostitusi).\u00a0\n\t<\/li>\n<li>\n\t\tMen\u00fc\u00fclingist\u00a0<em>Lehed\u00a0<\/em>avaneb r\u00fchmas loodud v\u00f5i r\u00fchmaliikmete poolt r\u00fchmaga jagatud lehtede nimekiri, kus pliiatsi-nupul klikkides saab minna lehti muutma. Samas saavad r\u00fchmaliikmed luua uusi lehti v\u00f5i olemasolevaid kopeerida.\u00a0\n\t<\/li>\n<li>\n\t\tMen\u00fc\u00fclingist\u00a0<em>Kollektsioonid\u00a0<\/em>avaneb r\u00fchmas loodud kollektsioonide nimekiri, mida r\u00fchmaliikmed saavad muuta, saab luua uusi kollektsioone ning neid kopeerida.\u00a0\n\t<\/li>\n<li>\n\t\tLehel\u00a0<em>Jaga\u00a0<\/em>on n\u00e4ha r\u00fchma kollektsioonid ja r\u00fchma lehed, mis ei kuulu hetkel \u00fchtegi kollektsiooni.\u00a0\n\t<\/li>\n<li>\n\t\tLehel\u00a0<em>Failid\u00a0<\/em>n\u00e4ete k\u00f5iki r\u00fchma alla laetud faile, saate luua kaustu ning laadida neisse uusi faile (kuni\u00a0500,0 MB kokku).\n\t<\/li>\n<\/ul>\n<h5>\n\tNB! Maharas pole v\u00f5imalik tuvastada, kes viimasena r\u00fchma lehti v\u00f5i kollektsioone muutis ja mil moel. Kui keegi r\u00fchmast kustutab r\u00fchma lehe, kollektsiooni, postituse v\u00f5i faili, on see J\u00c4\u00c4DAVALT kustutatud.<br>\n<\/h5>\n<p style=\"text-align: center\">\n\t<img loading=\"lazy\" decoding=\"async\" width=\"900\" height=\"508\" class=\"alignnone wp-image-302\" src=\"https:\/\/sisu.ut.ee\/wp-content\/uploads\/sites\/177\/ruhm-maharas.png\" title=\"ruhm-maharas.png\" alt=\"R\u00fchm Maharas\" srcset=\"https:\/\/sisu.ut.ee\/wp-content\/uploads\/sites\/177\/ruhm-maharas.png 900w, https:\/\/sisu.ut.ee\/wp-content\/uploads\/sites\/177\/ruhm-maharas-300x169.png 300w, https:\/\/sisu.ut.ee\/wp-content\/uploads\/sites\/177\/ruhm-maharas-768x433.png 768w\" sizes=\"auto, (max-width: 900px) 100vw, 900px\">\n<\/p>\n<h5>\n\tNB! Kui te kustutate r\u00fchma, kustutatakse J\u00c4\u00c4DAVALT k\u00f5ik r\u00fchma lehed ning kollektsioonid, foorumiarutelud ja failid. R\u00fchmat\u00f6\u00f6 s\u00e4ilitamiseks peaks k\u00f5ik r\u00fchmaliikmed r\u00fchma lehtedest v\u00f5i kollektsioonidest enda portfooliosse koopiad tegema.<br>\n<\/h5>\n<h2 id=\"R\u00fchmadjas\u00f5brad-S\u00f5brad\">\n\tKasutajad<br>\n<\/h2>\n<p>\n\tS\u00f5pru saate endale lisada \u00fclamen\u00fc\u00fcst <em>Suhtle<\/em> \u2013\u00a0<em>Kasutajad<\/em>. Seal saate s\u00f5brakutseid saata, s\u00f5brataotlusi kinnitada v\u00f5i keelduda, s\u00f5numeid saata, s\u00f5prade hulgast eemaldada, kutsuda teie loodud r\u00fchma (et luua lehti, kollektsioone, kasutada foorumit ja jagada faile).\u00a0\n<\/p>\n<p style=\"text-align: center\">\n\t<img loading=\"lazy\" decoding=\"async\" width=\"1175\" height=\"494\" class=\"alignnone wp-image-300\" src=\"https:\/\/sisu.ut.ee\/wp-content\/uploads\/sites\/177\/ryhmad5.png\" title=\"ryhmad5.png\" alt=\"Kasutajad\" srcset=\"https:\/\/sisu.ut.ee\/wp-content\/uploads\/sites\/177\/ryhmad5.png 1175w, https:\/\/sisu.ut.ee\/wp-content\/uploads\/sites\/177\/ryhmad5-300x126.png 300w, https:\/\/sisu.ut.ee\/wp-content\/uploads\/sites\/177\/ryhmad5-1024x431.png 1024w, https:\/\/sisu.ut.ee\/wp-content\/uploads\/sites\/177\/ryhmad5-768x323.png 768w\" sizes=\"auto, (max-width: 1175px) 100vw, 1175px\"><\/p>\n","protected":false},"excerpt":{"rendered":"<p>R\u00fchmad Iga Mahara kasutaja saab luua ning kustutada enda r\u00fchmi ja seadistada, kes ja mil moel saavad tema r\u00fchmaga liituda. R\u00fchmadel on j\u00e4rgmised v\u00f5imalused: arutleda r\u00fchmafoorumis luua \u00fchiseid lehti ja kollektsioone jagada r\u00fchmas faile (r\u00fchmal on mahupiirang 500,0 MB) avalikustada &#8230;<\/p>\n","protected":false},"author":6,"featured_media":0,"parent":0,"menu_order":0,"comment_status":"closed","ping_status":"closed","template":"","meta":{"_acf_changed":false,"inline_featured_image":false,"footnotes":""},"class_list":["post-11","page","type-page","status-publish","hentry"],"acf":[],"_links":{"self":[{"href":"https:\/\/sisu.ut.ee\/juhendid\/wp-json\/wp\/v2\/pages\/11","targetHints":{"allow":["GET"]}}],"collection":[{"href":"https:\/\/sisu.ut.ee\/juhendid\/wp-json\/wp\/v2\/pages"}],"about":[{"href":"https:\/\/sisu.ut.ee\/juhendid\/wp-json\/wp\/v2\/types\/page"}],"author":[{"embeddable":true,"href":"https:\/\/sisu.ut.ee\/juhendid\/wp-json\/wp\/v2\/users\/6"}],"replies":[{"embeddable":true,"href":"https:\/\/sisu.ut.ee\/juhendid\/wp-json\/wp\/v2\/comments?post=11"}],"version-history":[{"count":1,"href":"https:\/\/sisu.ut.ee\/juhendid\/wp-json\/wp\/v2\/pages\/11\/revisions"}],"predecessor-version":[{"id":1840,"href":"https:\/\/sisu.ut.ee\/juhendid\/wp-json\/wp\/v2\/pages\/11\/revisions\/1840"}],"wp:attachment":[{"href":"https:\/\/sisu.ut.ee\/juhendid\/wp-json\/wp\/v2\/media?parent=11"}],"curies":[{"name":"wp","href":"https:\/\/api.w.org\/{rel}","templated":true}]}}