{"id":103,"date":"2024-04-04T02:50:43","date_gmt":"2024-04-03T23:50:43","guid":{"rendered":"https:\/\/sisu.ut.ee\/juhendid\/wordpress-sisu\/"},"modified":"2025-09-16T11:14:34","modified_gmt":"2025-09-16T08:14:34","slug":"wordpress-multisite","status":"publish","type":"page","link":"https:\/\/sisu.ut.ee\/juhendid\/wordpress-multisite\/","title":{"rendered":"\u00dclikool kasutab veebilehestike loomiseks keskkonda WordPress Multisite"},"content":{"rendered":"<h5>\u00dclikool v\u00f5ttis veebilehestike loomiseks Sisu@UT-s OpenScholari platvormi asemel kasutusele WordPress Multisite platvormi. \u00dcleminek WordPress Multisite platvormile toimus 16. aprillil 2024. a.<\/h5>\n<p>WordPress Multisite v\u00f5imaldab Sisu@UT keskkonnaga sarnaselt hallata mitut veebilehestikku \u00fchelt t\u00f6\u00f6laualt. Sisu@UT varasemal OpenScholar platvormil loodud veebilehestikud, kanti koos endiste funktsioonidega WordPress Multisite\u2019i \u00fcle.<\/p>\n<p>WordPress Multisite platvorm paikneb veebiaadressil https:\/\/sisu.ut.ee ning veebilehestikud on \u00fchtse kujundusega, mis vastab \u00fclikooli stiiliraamatule.<\/p>\n<h3>Korduma kippuvad k\u00fcsimused seoses WordPressile \u00fcleminekuga<\/h3>\n<p><\/p><div class=\"accordion mb-3\">\n        <div class=\"accordion-item accordion-item--white\">\n        <h2 class=\"accordion-header\" id=\"accordion-69e66604b5074-heading\">\n            <button class=\"accordion-button collapsed\" type=\"button\" data-bs-toggle=\"collapse\" data-bs-target=\"#accordion-69e66604b5074-collapse\" aria-expanded=\"true\" aria-controls=\"accordion-69e66604b5074-collapse\">Millal algab WordPress Multisite keskkonnale \u00fcleminek?<\/button>\n        <\/h2>\n        <div id=\"accordion-69e66604b5074-collapse\" class=\"accordion-collapse collapse\" aria-labelledby=\"accordion-69e66604b5074-heading\">\n            <div class=\"accordion-body\">\u00dcleminek algab 25. m\u00e4rtsil\u00a02024. a.<\/div>\n        <\/div>\n        <\/div>\n    <\/div>\n<p><\/p><div class=\"accordion mb-3\">\n        <div class=\"accordion-item accordion-item--white\">\n        <h2 class=\"accordion-header\" id=\"accordion-69e66604b507e-heading\">\n            <button class=\"accordion-button collapsed\" type=\"button\" data-bs-toggle=\"collapse\" data-bs-target=\"#accordion-69e66604b507e-collapse\" aria-expanded=\"true\" aria-controls=\"accordion-69e66604b507e-collapse\">Kuidas \u00fcleminek 25. m\u00e4rtsil \u2013 9. aprillil 2024 toimub?<\/button>\n        <\/h2>\n        <div id=\"accordion-69e66604b507e-collapse\" class=\"accordion-collapse collapse\" aria-labelledby=\"accordion-69e66604b507e-heading\">\n            <div class=\"accordion-body\">Seoses platvormivahetusega on Sisu@UT alates 25. m\u00e4rtsist 2024 lehestike muutmiseks ning uute lehestike loomiseks suletud, kuid varem loodud veebilehestikke on endiselt v\u00f5imalik vaadata ja kasutada.\n<p>Uuele platvormile \u00fclemineku esimeses etapis toimub Sisu@UT keskkonnas loodud lehestike \u00fcleviimine WordPress Multisite platvormi esialgsele domeenile. Lehestike omanikega v\u00f5etakse \u00fchendust ja palutakse neil oma lehestikud esialgsel domeenil korrastada. Lehestike korrastamiseks WordPress Multisite\u2019is on veebilehestike haldajatele abiks juhend <a title=\"\" href=\"https:\/\/sisu.ut.ee\/juhendid\/wp-korrastamine\" target=\"_blank\" rel=\"noopener\" data-url=\"https:\/\/sisu.ut.ee\/juhendid\/wp-korrastamine\">https:\/\/sisu.ut.ee\/juhendid\/wp-korrastamine<\/a> ning pakume abi ja tuge.<\/p>\n<p>16. aprillil 2024 toimub Sisu@UT-s platvormivahetus \u2013 esialgsel domeenil korrastatud lehestikud tarnitakse <a href=\"https:\/\/sisu.ut.ee\/\" target=\"_blank\" rel=\"noreferrer noopener\">https:\/\/sisu.ut.ee<\/a> domeenile ning uuel platvormil on v\u00f5imalik hakata looma ka uusi veebilehestikke.\u00a0<\/p><\/div>\n        <\/div>\n        <\/div>\n    <\/div>\n<p><\/p><div class=\"accordion mb-3\">\n        <div class=\"accordion-item accordion-item--white\">\n        <h2 class=\"accordion-header\" id=\"accordion-69e66604b5084-heading\">\n            <button class=\"accordion-button collapsed\" type=\"button\" data-bs-toggle=\"collapse\" data-bs-target=\"#accordion-69e66604b5084-collapse\" aria-expanded=\"true\" aria-controls=\"accordion-69e66604b5084-collapse\">Milline on WordPressis \u00fclikooli stiiliraamatule vastav kujundus?<\/button>\n        <\/h2>\n        <div id=\"accordion-69e66604b5084-collapse\" class=\"accordion-collapse collapse\" aria-labelledby=\"accordion-69e66604b5084-heading\">\n            <div class=\"accordion-body\">WordPressi lehestikud luuakse \u00fclikooli stiiliraamatule vastava kujundusega.\n<ul>\n<li>\u00dclemises vasakus nurgas on sinisele kolmnurksele alale paigutatud \u00fclikooli logo, mida on v\u00f5imalik teise logo vastu v\u00e4lja vahetada.<\/li>\n<li>Lehestiku p\u00e4ises on p\u00e4iseala, kuhu on v\u00f5imalik paigutada kahe suurusega\u00a0p\u00e4isepilti ning p\u00e4isepildil on lehestiku pealkiri.<\/li>\n<li>V\u00f5imalik on kasutada \u00fclemist ja k\u00fclgriba men\u00fc\u00fcd.<\/li>\n<li>Jaluses on \u00fclikooli ringlogo ja teksti ning linkide lisamise alad.<\/li>\n<\/ul>\n<p><img loading=\"lazy\" decoding=\"async\" width=\"802\" height=\"474\" class=\"alignnone wp-image-659\" title=\"wp-pilt.png\" src=\"https:\/\/sisu.ut.ee\/wp-content\/uploads\/sites\/177\/wp-pilt.png\" alt=\"Wordpress Multisite kujundus\" srcset=\"https:\/\/sisu.ut.ee\/wp-content\/uploads\/sites\/177\/wp-pilt.png 802w, https:\/\/sisu.ut.ee\/wp-content\/uploads\/sites\/177\/wp-pilt-300x177.png 300w, https:\/\/sisu.ut.ee\/wp-content\/uploads\/sites\/177\/wp-pilt-768x454.png 768w\" sizes=\"auto, (max-width: 802px) 100vw, 802px\"><\/p>\n<p><img loading=\"lazy\" decoding=\"async\" width=\"802\" height=\"227\" class=\"alignnone wp-image-661\" title=\"jalus.jpg\" src=\"https:\/\/sisu.ut.ee\/wp-content\/uploads\/sites\/177\/jalus.jpg\" alt=\"jalus\" srcset=\"https:\/\/sisu.ut.ee\/wp-content\/uploads\/sites\/177\/jalus.jpg 802w, https:\/\/sisu.ut.ee\/wp-content\/uploads\/sites\/177\/jalus-300x85.jpg 300w, https:\/\/sisu.ut.ee\/wp-content\/uploads\/sites\/177\/jalus-768x217.jpg 768w\" sizes=\"auto, (max-width: 802px) 100vw, 802px\"><\/p>\n<p><\/p><\/div>\n        <\/div>\n        <\/div>\n    <\/div>\n<p><\/p><div class=\"accordion mb-3\">\n        <div class=\"accordion-item accordion-item--white\">\n        <h2 class=\"accordion-header\" id=\"accordion-69e66604b5087-heading\">\n            <button class=\"accordion-button collapsed\" type=\"button\" data-bs-toggle=\"collapse\" data-bs-target=\"#accordion-69e66604b5087-collapse\" aria-expanded=\"true\" aria-controls=\"accordion-69e66604b5087-collapse\">Kui mul on vajalik WordPressi lehel erikujundust, siis kas erikujunduse lisamine on v\u00f5imalik?<\/button>\n        <\/h2>\n        <div id=\"accordion-69e66604b5087-collapse\" class=\"accordion-collapse collapse\" aria-labelledby=\"accordion-69e66604b5087-heading\">\n            <div class=\"accordion-body\">Erikujunduse lisamise jaoks on vajalik turundus- ja kommunikatsiooniosakonna n\u00f5usolek. Erikujundust saab WordPressi lehestikule lisada vaid WordPress Multisite \u00fcldadministraator.<\/div>\n        <\/div>\n        <\/div>\n    <\/div>\n<p><\/p><div class=\"accordion mb-3\">\n        <div class=\"accordion-item accordion-item--white\">\n        <h2 class=\"accordion-header\" id=\"accordion-69e66604b508b-heading\">\n            <button class=\"accordion-button collapsed\" type=\"button\" data-bs-toggle=\"collapse\" data-bs-target=\"#accordion-69e66604b508b-collapse\" aria-expanded=\"true\" aria-controls=\"accordion-69e66604b508b-collapse\">Millised Sisu@UT veebilehestikud kantakse \u00fcle WordPress Multisite keskkonda?<\/button>\n        <\/h2>\n        <div id=\"accordion-69e66604b508b-collapse\" class=\"accordion-collapse collapse\" aria-labelledby=\"accordion-69e66604b508b-heading\">\n            <div class=\"accordion-body\">WordPressi kantakse \u00fcle lehestikud, mida on vaja ka edaspidi kasutada ja uuendada. Tuleb arvestada, et Sisu@UT veebilehestiku erikujundus \u00fclekandmisel ei s\u00e4ili, vaid kasutusele v\u00f5etakse WordPressi kujundusmall, mis vastab \u00fclikooli stiiliraamatule.<\/div>\n        <\/div>\n        <\/div>\n    <\/div>\n<p><\/p><div class=\"accordion mb-3\">\n        <div class=\"accordion-item accordion-item--white\">\n        <h2 class=\"accordion-header\" id=\"accordion-69e66604b5093-heading\">\n            <button class=\"accordion-button collapsed\" type=\"button\" data-bs-toggle=\"collapse\" data-bs-target=\"#accordion-69e66604b5093-collapse\" aria-expanded=\"true\" aria-controls=\"accordion-69e66604b5093-collapse\">Kas WordPressi Multisite keskkonda kantakse \u00fcle ka varem eraldi WordPressis\u00a0loodud lehestikud?<\/button>\n        <\/h2>\n        <div id=\"accordion-69e66604b5093-collapse\" class=\"accordion-collapse collapse\" aria-labelledby=\"accordion-69e66604b5093-heading\">\n            <div class=\"accordion-body\">Varem eraldi loodud WordPressi lehestikke Multisite\u2019i keskkonda \u00fcle ei kanta.<\/div>\n        <\/div>\n        <\/div>\n    <\/div>\n","protected":false},"excerpt":{"rendered":"<p>\u00dclikool v\u00f5ttis veebilehestike loomiseks Sisu@UT-s OpenScholari platvormi asemel kasutusele WordPress Multisite platvormi. \u00dcleminek WordPress Multisite platvormile toimus 16. aprillil 2024. a. WordPress Multisite v\u00f5imaldab Sisu@UT keskkonnaga sarnaselt hallata mitut veebilehestikku \u00fchelt t\u00f6\u00f6laualt. Sisu@UT varasemal OpenScholar platvormil loodud veebilehestikud, kanti koos &#8230;<\/p>\n","protected":false},"author":6,"featured_media":0,"parent":0,"menu_order":0,"comment_status":"closed","ping_status":"closed","template":"","meta":{"_acf_changed":false,"inline_featured_image":false,"footnotes":""},"class_list":["post-103","page","type-page","status-publish","hentry"],"acf":[],"_links":{"self":[{"href":"https:\/\/sisu.ut.ee\/juhendid\/wp-json\/wp\/v2\/pages\/103","targetHints":{"allow":["GET"]}}],"collection":[{"href":"https:\/\/sisu.ut.ee\/juhendid\/wp-json\/wp\/v2\/pages"}],"about":[{"href":"https:\/\/sisu.ut.ee\/juhendid\/wp-json\/wp\/v2\/types\/page"}],"author":[{"embeddable":true,"href":"https:\/\/sisu.ut.ee\/juhendid\/wp-json\/wp\/v2\/users\/6"}],"replies":[{"embeddable":true,"href":"https:\/\/sisu.ut.ee\/juhendid\/wp-json\/wp\/v2\/comments?post=103"}],"version-history":[{"count":4,"href":"https:\/\/sisu.ut.ee\/juhendid\/wp-json\/wp\/v2\/pages\/103\/revisions"}],"predecessor-version":[{"id":4806,"href":"https:\/\/sisu.ut.ee\/juhendid\/wp-json\/wp\/v2\/pages\/103\/revisions\/4806"}],"wp:attachment":[{"href":"https:\/\/sisu.ut.ee\/juhendid\/wp-json\/wp\/v2\/media?parent=103"}],"curies":[{"name":"wp","href":"https:\/\/api.w.org\/{rel}","templated":true}]}}