{"id":101,"date":"2024-04-04T02:50:43","date_gmt":"2024-04-03T23:50:43","guid":{"rendered":"https:\/\/sisu.ut.ee\/juhendid\/meeldetuletused\/"},"modified":"2024-04-04T02:55:42","modified_gmt":"2024-04-03T23:55:42","slug":"meeldetuletused","status":"publish","type":"page","link":"https:\/\/sisu.ut.ee\/juhendid\/meeldetuletused\/","title":{"rendered":"Meeldetuletused"},"content":{"rendered":"<p>\n\tMoodle saadab kursuse \u00f5ppej\u00f5ududele ning \u00f5ppijatele meeldetuletusi ajaliselt seadistatud tegevuste (testid, \u00fclesanded jm) avanemise ja sulgumise t\u00e4htaegade kohta \u2013\u00a0<strong>24 tundi enne t\u00e4htaja saabumist<\/strong>. Meeldetuletuse toimimiseks peab v\u00e4hemalt 24 tundi enne t\u00e4htaega olema tegevus loodud ja ajaliselt seadistatud ning \u00f5ppijatele n\u00e4htav. Iga kasutaja saab ise enda s\u00f5numivahetuse lehel m\u00e4\u00e4rata\u00a0<span data-mce-mark=\"1\">(<em>Enda nimi \u2013 Eelistused\u00a0<em>\u2013 \u00a0Teavituste eelistused<\/em><\/em><\/span><span data-mce-mark=\"1\"><em>)<\/em><\/span>, kas ja millises vormis ta neid meeldetuletusi saada soovib. Need seaded kehtivad \u00fcle terve Moodle\u2019i, mitte ainult konkreetsel kursusel.\u00a0\n<\/p>\n<p>\n\t<span style=\"color:#ff0000\"><strong>\u00d5ppej\u00f5ud saab enda kursusel ise m\u00e4\u00e4rata<\/strong><\/span>, kas antud kursuselt saadetakse meeldetuletusi (plokk <em>Kursuse haldamine \u2013<\/em>\u00a0<em>Meeldetuletused<\/em>). Kui soovitakse, et meeldetuletusi ei saadeta, siis tuleb eemaldada m\u00e4rgistus <em>Lubatud <\/em>eest.\n<\/p>\n<p>\n\t<img loading=\"lazy\" decoding=\"async\" width=\"486\" height=\"188\" class=\"alignnone wp-image-647\" src=\"https:\/\/sisu.ut.ee\/wp-content\/uploads\/sites\/177\/meeldetuletus1.png\" title=\"meeldetuletus1.png\" alt=\"meeldetuletused\" srcset=\"https:\/\/sisu.ut.ee\/wp-content\/uploads\/sites\/177\/meeldetuletus1.png 486w, https:\/\/sisu.ut.ee\/wp-content\/uploads\/sites\/177\/meeldetuletus1-300x116.png 300w\" sizes=\"auto, (max-width: 486px) 100vw, 486px\">\n<\/p>\n<p>\n\tSamuti on v\u00f5imalik meeldetuletuste saatmine iga konkreetse t\u00e4htajalise tegevuse kaupa v\u00e4lja l\u00fclitada,\u00a0eemaldades m\u00e4rgistuse\u00a0<em>Lubatud <\/em>eest.\n<\/p>\n<p>\n\t<img loading=\"lazy\" decoding=\"async\" width=\"559\" height=\"207\" class=\"alignnone wp-image-648\" src=\"https:\/\/sisu.ut.ee\/wp-content\/uploads\/sites\/177\/meeldetuletus2.png\" title=\"meeldetuletus2.png\" alt=\"tegevuse meeldetuletuse v\u00e4ljal\u00fclitamine\" srcset=\"https:\/\/sisu.ut.ee\/wp-content\/uploads\/sites\/177\/meeldetuletus2.png 559w, https:\/\/sisu.ut.ee\/wp-content\/uploads\/sites\/177\/meeldetuletus2-300x111.png 300w\" sizes=\"auto, (max-width: 559px) 100vw, 559px\">\n<\/p>\n<h5>\n\tMeeldetuletusi ei saadeta nende tegevuste kohta, mis on \u00f5ppijal l\u00f5petatud, kuid selle toimimise eelduseks on see, et tegevuse l\u00f5petamist j\u00e4lgitakse.<br>\n<\/h5>\n<p>\n\tN\u00e4iteks kui \u00f5ppej\u00f5ul on seadistatud testi l\u00f5petamise j\u00e4lgimine (nt Testi l\u00f5petamiseks peab \u00f5ppija saama hinde) ning kui \u00f5ppija on testi 1 p\u00e4ev (24 tundi)\u00a0enne testi sulgumise aega sooritanud, siis testi sulgumise teadet \u00f5ppijale ei saadeta.\n<\/p>\n<h5>\n\tKursuse sees lubatud meeldetuletused saadetakse \u00f5ppijatele ja \u00f5ppej\u00f5ududele. Rollip\u00f5hiselt ei ole kursuse sees meeldetuletuste saatmist v\u00f5imalik v\u00e4lja l\u00fclitada.<br>\n<\/h5>\n","protected":false},"excerpt":{"rendered":"<p>Moodle saadab kursuse \u00f5ppej\u00f5ududele ning \u00f5ppijatele meeldetuletusi ajaliselt seadistatud tegevuste (testid, \u00fclesanded jm) avanemise ja sulgumise t\u00e4htaegade kohta \u2013\u00a024 tundi enne t\u00e4htaja saabumist. Meeldetuletuse toimimiseks peab v\u00e4hemalt 24 tundi enne t\u00e4htaega olema tegevus loodud ja ajaliselt seadistatud ning \u00f5ppijatele n\u00e4htav. &#8230;<\/p>\n","protected":false},"author":6,"featured_media":0,"parent":0,"menu_order":0,"comment_status":"closed","ping_status":"closed","template":"","meta":{"_acf_changed":false,"inline_featured_image":false,"footnotes":""},"class_list":["post-101","page","type-page","status-publish","hentry"],"acf":[],"_links":{"self":[{"href":"https:\/\/sisu.ut.ee\/juhendid\/wp-json\/wp\/v2\/pages\/101","targetHints":{"allow":["GET"]}}],"collection":[{"href":"https:\/\/sisu.ut.ee\/juhendid\/wp-json\/wp\/v2\/pages"}],"about":[{"href":"https:\/\/sisu.ut.ee\/juhendid\/wp-json\/wp\/v2\/types\/page"}],"author":[{"embeddable":true,"href":"https:\/\/sisu.ut.ee\/juhendid\/wp-json\/wp\/v2\/users\/6"}],"replies":[{"embeddable":true,"href":"https:\/\/sisu.ut.ee\/juhendid\/wp-json\/wp\/v2\/comments?post=101"}],"version-history":[{"count":1,"href":"https:\/\/sisu.ut.ee\/juhendid\/wp-json\/wp\/v2\/pages\/101\/revisions"}],"predecessor-version":[{"id":1750,"href":"https:\/\/sisu.ut.ee\/juhendid\/wp-json\/wp\/v2\/pages\/101\/revisions\/1750"}],"wp:attachment":[{"href":"https:\/\/sisu.ut.ee\/juhendid\/wp-json\/wp\/v2\/media?parent=101"}],"curies":[{"name":"wp","href":"https:\/\/api.w.org\/{rel}","templated":true}]}}