{"id":145,"date":"2024-04-07T23:00:01","date_gmt":"2024-04-07T20:00:01","guid":{"rendered":"https:\/\/sisu.ut.ee\/jooksmine\/?page_id=145"},"modified":"2024-04-07T23:00:01","modified_gmt":"2024-04-07T20:00:01","slug":"sonastik","status":"publish","type":"page","link":"https:\/\/sisu.ut.ee\/jooksmine\/sonastik\/","title":{"rendered":"S\u00f5nastik"},"content":{"rendered":"<a name=\"name_directory_position1\"><\/a><div class=\"name_directory_index\"><a class=\"name_directory_startswith\" href=\"https:\/\/sisu.ut.ee\/jooksmine\/sonastik\/?dir=1&amp;name_directory_startswith=\">All<\/a> | <a class=\"name_directory_startswith \" href=\"https:\/\/sisu.ut.ee\/jooksmine\/sonastik\/?dir=1&amp;name_directory_startswith=A\">A<\/a>  <a class=\"name_directory_startswith \" href=\"https:\/\/sisu.ut.ee\/jooksmine\/sonastik\/?dir=1&amp;name_directory_startswith=H\">H<\/a>  <a class=\"name_directory_startswith \" href=\"https:\/\/sisu.ut.ee\/jooksmine\/sonastik\/?dir=1&amp;name_directory_startswith=K\">K<\/a>  <a class=\"name_directory_startswith \" href=\"https:\/\/sisu.ut.ee\/jooksmine\/sonastik\/?dir=1&amp;name_directory_startswith=L\">L<\/a>  <a class=\"name_directory_startswith \" href=\"https:\/\/sisu.ut.ee\/jooksmine\/sonastik\/?dir=1&amp;name_directory_startswith=M\">M<\/a>  <a class=\"name_directory_startswith \" href=\"https:\/\/sisu.ut.ee\/jooksmine\/sonastik\/?dir=1&amp;name_directory_startswith=P\">P<\/a>  <a class=\"name_directory_startswith \" href=\"https:\/\/sisu.ut.ee\/jooksmine\/sonastik\/?dir=1&amp;name_directory_startswith=R\">R<\/a>  <a class=\"name_directory_startswith \" href=\"https:\/\/sisu.ut.ee\/jooksmine\/sonastik\/?dir=1&amp;name_directory_startswith=S\">S<\/a>  <a class=\"name_directory_startswith \" href=\"https:\/\/sisu.ut.ee\/jooksmine\/sonastik\/?dir=1&amp;name_directory_startswith=V\">V<\/a> <\/div><div class=\"name_directory_total\"><\/div><div class=\"name_directory_names\"><div class=\"name_directory_column name_directory_nr1\"><div class=\"name_directory_name_box\"><a name=\"namedirectory_ATP\"><\/a><strong role=\"term\">ATP<\/strong><br><div role=\"definition\"><p>Energiarikas \u00fchend adenosiintrifosfaat, millest saab\u00a0energiat ja mille abil toimub energiatootmine organismis.<\/p><\/div><\/div><div class=\"name_directory_name_box\"><a name=\"namedirectory_Aeroobnelvi\"><\/a><strong role=\"term\">Aeroobne l\u00e4vi<\/strong><br><div role=\"definition\"><p>Jooksukiiruse tase, millega treenides arendatakse eelk\u00f5ige rasvade ainevahetust, selle intnesiivsuse taseme \u00fcletamisel hakatakse kasutama suuremas mahus ka gl\u00fckogeeni ning vere laktaaditase \u00fcletab m\u00f5ningal m\u00e4\u00e4ral puhkeoleku taseme. See on eelk\u00f5ige baasvastupidavusele suunatud kestev treening, mille kestus on 1 \u2013 3 tundi v\u00f5i enam.<\/p><\/div><\/div><div class=\"name_directory_name_box\"><a name=\"namedirectory_Aeroobnetreening\"><\/a><strong role=\"term\">Aeroobne treening<\/strong><br><div role=\"definition\"><p class=\"MsoNormal\"><span class=\"n\"><em><span style=\"font-family: 'Arial Unicode MS','sans-serif';color: black\"><\/span><\/em><\/span><span class=\"apple-converted-space\"><span style=\"font-family: 'Arial Unicode MS','sans-serif';color: black\"><\/span><\/span>Treening, mille k\u00e4igus kulutatav ja saadav hapnik on tasakaalus.<\/p><\/div><\/div><div class=\"name_directory_name_box\"><a name=\"namedirectory_Anaeroobnelaktaatne\"><\/a><strong role=\"term\">Anaeroobne laktaatne<\/strong><br><div role=\"definition\"><p>ATP taastootmine toimub gl\u00fckogeeni ja gl\u00fckoosi anaeroobse lagundamise teel, millega kaasneb piimhappe ehk laktaadi kuhjumine lihasrakus ja mille tulemuseks on t\u00f6\u00f6v\u00f5ime langus.<\/p><\/div><\/div><div class=\"name_directory_name_box\"><a name=\"namedirectory_Anaeroobnelvi\"><\/a><strong role=\"term\">Anaeroobne l\u00e4vi<\/strong><br><div role=\"definition\"><p>Suurim jooksukiiruse tase, millega treenides, saab k\u00f5ige paremini m\u00f5jutada aeroobseid protsesse. \u00dcletades seda taset, hakkab lihastesse kuhjuma laktaat, mis p\u00f5hjustab sellega lihasv\u00e4simust. Anaeroobne l\u00e4vi n\u00e4itab eelk\u00f5ige laktaasi eemaldamise mehhanismide v\u00f5imsust.<\/p><\/div><\/div><div class=\"name_directory_name_box\"><a name=\"namedirectory_Anaeroobnetreening\"><\/a><strong role=\"term\">Anaeroobne treening<\/strong><br><div role=\"definition\"><p class=\"MsoNormal\">Treening, mille k\u00e4igus vajamineva hapniku hulk \u00fcletab saadaoleva hapniku hulga.<span style=\"font-family: 'Arial Unicode MS','sans-serif';color: black\"><span class=\"n\"><em><br><\/em><\/span><\/span><\/p><\/div><\/div><div class=\"name_directory_name_box\"><a name=\"namedirectory_Hingamiskoefitsent\"><\/a><strong role=\"term\">Hingamiskoefitsent<\/strong><br><div role=\"definition\"><p>Hingamise ahelas osaleva hapniku (O<sub>2<\/sub>) ja s\u00fcsihappegaasi (CO<sub>2<\/sub>) omavaheline mahuline suhe.<\/p><\/div><\/div><div class=\"name_directory_name_box\"><a name=\"namedirectory_Kiiruslikvastupidavus\"><\/a><strong role=\"term\">Kiiruslik vastupidavus<\/strong><br><div role=\"definition\"><p>Kiiruse s\u00e4ilitamisele suunatud treening, mis eelk\u00f5ige toimub anaeoobses tsoonis. Jookusl\u00f5ikude ketus on 10 sekundit kuni 2 minutit. Treeningu toime on suunatud laktaadi maksimaalsele tootmisele ja organismi kohanemisele k\u00f5rge laktaadi tasemega.\u00a0<\/p><\/div><\/div><div class=\"name_directory_name_box\"><a name=\"namedirectory_KrP\"><\/a><strong role=\"term\">KrP<\/strong><br><div role=\"definition\"><p>Energiarikas \u00fchend kreatiinfosfaat, mille abil toimub ATP taastootmine anaeroobsel teel, l\u00fchiajalistel (kuni 10 sek) maksimaalse pingutusega lihast\u00f6\u00f6l.<\/p><\/div><\/div><div class=\"name_directory_name_box\"><a name=\"namedirectory_Laktaat\"><\/a><strong role=\"term\">Laktaat<\/strong><br><div role=\"definition\"><p>S\u00fcsivesikute ainevahetuse produkt, mis moodustub gl\u00fckoosi anaeroobsel lagunemisel eelk\u00f5ige lihastes.<\/p><\/div><\/div><div class=\"name_directory_name_box\"><a name=\"namedirectory_MHT\"><\/a><strong role=\"term\">MHT<\/strong><br><div role=\"definition\"><p>Maksimaalne hapnikutarbimine - suurim hapniku hulk, mida organism suudab intensiivsel lihast\u00f6\u00f6l tarbida ning sellele intensiivsusele vastavat jooksukiirust nimetatakse kriitiliseks kiiruseks.<\/p><\/div><\/div><div class=\"name_directory_name_box\"><a name=\"namedirectory_Plomeetrilisedharjutused\"><\/a><strong role=\"term\">Pl\u00fcomeetrilised harjutused<\/strong><br><div role=\"definition\"><p class=\"MsoNormal\">Harjutused, mille sooritamisel teeb lihas l\u00e4bi ekstsentrilise faasi (lihas pikeneb), millele j\u00e4rgneb v\u00f5imas kontsentriline faas (lihas l\u00fcheneb), n\u00e4iteks s\u00fcgavush\u00fcpped, h\u00fcplemised jne.<\/p><\/div><\/div><div class=\"name_directory_name_box\"><a name=\"namedirectory_RQ\"><\/a><strong role=\"term\">RQ<\/strong><br><div role=\"definition\"><p>Hingamise ahelas osaleva hapniku (O<sub>2<\/sub>) ja s\u00fcsihappegaasi (CO<sub>2<\/sub>) omavaheline mahuline suhe.<\/p><\/div><\/div><div class=\"name_directory_name_box\"><a name=\"namedirectory_SLS\"><\/a><strong role=\"term\">SLS<\/strong><br><div role=\"definition\"><p>Erutuse tekkimise r\u00fctmi siinuss\u00f5lmes nimetatakse s\u00fcdame l\u00f6\u00f6gisageduseks e. pulsiks. S\u00fcdame l\u00f6\u00f6gisagedus n\u00e4itab meie organismi reaktsioon kehalisele koormusele S\u00fcdame l\u00f6\u00f6gisagedus on objektiivne orientiir koormuste doseerimisel ja taastumisprotsesside hindamisel.<\/p><\/div><\/div><div class=\"name_directory_name_box\"><a name=\"namedirectory_Sega\"><\/a><strong role=\"term\">Sega<\/strong><br><div role=\"definition\"><p>Treeningute intensiivsuse tase, mille juures aeroobsed ja anaeroobsed protsessid on tasakaalus.<\/p><\/div><\/div><div class=\"name_directory_name_box\"><a name=\"namedirectory_Superkompensatsioon\"><\/a><strong role=\"term\">Superkompensatsioon<\/strong><br><div role=\"definition\"><p>Treeningj\u00e4rgse t\u00f6\u00f6v\u00f5ime \u00fcletaastumise faas, mille v\u00e4ltel organismi saavutusv\u00f5ime ja energiavarud on suuremad, kui enne treeningtegevuse algust. Taastumisperioodil organismis tekkinud muutused on aluseks treenituse t\u00f5usule.<\/p><\/div><\/div><div class=\"name_directory_name_box\"><a name=\"namedirectory_Sdamelgimaht\"><\/a><strong role=\"term\">S\u00fcdame l\u00f6\u00f6gimaht<\/strong><br><div role=\"definition\"><p>\u00dche s\u00fcdamel\u00f6\u00f6giga s\u00fcdame \u00fchest vatsakesest v\u00e4ljapaisatud vere hulk.<span style=\"color: #666666;font-family: verdana, arial, sans-serif;font-size: 11.199999809265137px;line-height: normal;text-align: justify\"><br><\/span><\/p><\/div><\/div><div class=\"name_directory_name_box\"><a name=\"namedirectory_Sdamelgisagedus\"><\/a><strong role=\"term\">S\u00fcdame l\u00f6\u00f6gisagedus<\/strong><br><div role=\"definition\"><p>Erutuse tekkimise r\u00fctmi siinuss\u00f5lmes nimetatakse s\u00fcdame l\u00f6\u00f6gisageduseks e. pulsiks. S\u00fcdame l\u00f6\u00f6gisagedus n\u00e4itab meie organismi reaktsioon kehalisele koormusele S\u00fcdame l\u00f6\u00f6gisagedus on objektiivne orientiir koormuste doseerimisel ja taastumisprotsesside hindamisel.<\/p><\/div><\/div><div class=\"name_directory_name_box\"><a name=\"namedirectory_VE\"><\/a><strong role=\"term\">VE<\/strong><br><div role=\"definition\"><p>Ventilatsioon.<\/p><\/div><\/div><div class=\"name_directory_name_box\"><a name=\"namedirectory_VO2max\"><\/a><strong role=\"term\">VO2 max<\/strong><br><div role=\"definition\"><p>Maksimaalne hapnikutarbimine - suurim hapniku hulk, mida organism suudab intensiivsel lihast\u00f6\u00f6l tarbida ning sellele intensiivsusele vastavat jooksukiirust nimetatakse kriitiliseks kiiruseks.<\/p><\/div><\/div><\/div><\/div><style>\n            .name_directory_readmore_state ~ .name_directory_readmore_trigger:before {\n                content: '... Show more';\n            }\n\n            .name_directory_readmore_state:checked ~ .name_directory_readmore_trigger:before {\n                content: 'Show less';\n            }\n            <\/style>\n","protected":false},"excerpt":{"rendered":"","protected":false},"author":280,"featured_media":0,"parent":0,"menu_order":0,"comment_status":"closed","ping_status":"closed","template":"","meta":{"_acf_changed":false,"inline_featured_image":false,"footnotes":""},"class_list":["post-145","page","type-page","status-publish","hentry"],"acf":[],"_links":{"self":[{"href":"https:\/\/sisu.ut.ee\/jooksmine\/wp-json\/wp\/v2\/pages\/145","targetHints":{"allow":["GET"]}}],"collection":[{"href":"https:\/\/sisu.ut.ee\/jooksmine\/wp-json\/wp\/v2\/pages"}],"about":[{"href":"https:\/\/sisu.ut.ee\/jooksmine\/wp-json\/wp\/v2\/types\/page"}],"author":[{"embeddable":true,"href":"https:\/\/sisu.ut.ee\/jooksmine\/wp-json\/wp\/v2\/users\/280"}],"replies":[{"embeddable":true,"href":"https:\/\/sisu.ut.ee\/jooksmine\/wp-json\/wp\/v2\/comments?post=145"}],"version-history":[{"count":1,"href":"https:\/\/sisu.ut.ee\/jooksmine\/wp-json\/wp\/v2\/pages\/145\/revisions"}],"predecessor-version":[{"id":146,"href":"https:\/\/sisu.ut.ee\/jooksmine\/wp-json\/wp\/v2\/pages\/145\/revisions\/146"}],"wp:attachment":[{"href":"https:\/\/sisu.ut.ee\/jooksmine\/wp-json\/wp\/v2\/media?parent=145"}],"curies":[{"name":"wp","href":"https:\/\/api.w.org\/{rel}","templated":true}]}}