{"id":13,"date":"2024-04-04T03:56:26","date_gmt":"2024-04-04T00:56:26","guid":{"rendered":"https:\/\/sisu.ut.ee\/janeklavan\/presentations-0\/"},"modified":"2024-04-04T03:56:35","modified_gmt":"2024-04-04T00:56:35","slug":"presentations-0","status":"publish","type":"page","link":"https:\/\/sisu.ut.ee\/janeklavan\/presentations-0\/","title":{"rendered":"Presentations"},"content":{"rendered":"<p>\r\n\t<span style=\"color:#008080\"><strong>2023<\/strong><\/span>\r\n<\/p>\r\n\r\n<p>\r\n\tICLC-16\r\n<\/p>\r\n\r\n<p>\r\n\t2023.\u00a0Klavan, Jane, Katri K\u00fctt, Airi Niilo.\u00a0<a data-url=\"https:\/\/sisu.ut.ee\/wp-content\/uploads\/sites\/256\/oppekava_arendus_kui_lego_maja_ehitamine_8.41_x_11.89_cm_841_x_1189_mm.pdf\" href=\"https:\/\/sisu.ut.ee\/wp-content\/uploads\/sites\/256\/oppekava_arendus_kui_lego_maja_ehitamine_8.41_x_11.89_cm_841_x_1189_mm.pdf\" target=\"_blank\" title=\"\" rel=\"noopener\">\u00d5ppekava arendus kui LEGO maja ehitamine \u2013 programmijuhi vaade T\u00dc inglise keele ja kirjanduse \u00f5ppekava (BA) arendusprotsessile<\/a>. (19\/01\/2023, T\u00dc \u00f5ppej\u00f5udude konverents \u201cM\u00e4\u00e4ramatuse ilu \u00f5petamises\u201d, Tartu).\r\n<\/p>\r\n\r\n<p>\r\n\t<span style=\"color:#008080\"><strong>2021<\/strong><\/span>\r\n<\/p>\r\n\r\n<p>\r\n\t2021. Klavan, Jane.\u00a0<a data-url=\"https:\/\/www.canva.com\/design\/DAEnebssdCE\/zo2x3Y_u5bALzkzpvsMKtQ\/view?utm_content=DAEnebssdCE&amp;utm_campaign=designshare&amp;utm_medium=link&amp;utm_source=sharebutton\" href=\"https:\/\/www.canva.com\/design\/DAEnebssdCE\/zo2x3Y_u5bALzkzpvsMKtQ\/view?utm_content=DAEnebssdCE&amp;utm_campaign=designshare&amp;utm_medium=link&amp;utm_source=sharebutton\" target=\"_blank\" title=\"\" rel=\"noopener\">Comprehending and producing morphosyntactic alternations<\/a>. (paper presented at\u00a011th International Conference on Construction Grammar (ICCG11),\u00a0University of Antwerp, 18-20 August 2021).\r\n<\/p>\r\n\r\n<p>\r\n\t2021. Klavan, Jane &amp; Sandra-Leele Toom.\u00a0<a data-url=\"https:\/\/www.canva.com\/design\/DAElkanrPAI\/Ao0-AkbGp4b38hy7NuL0tg\/view?utm_content=DAElkanrPAI&amp;utm_campaign=designshare&amp;utm_medium=link&amp;utm_source=sharebutton\" href=\"https:\/\/www.canva.com\/design\/DAElkanrPAI\/Ao0-AkbGp4b38hy7NuL0tg\/view?utm_content=DAElkanrPAI&amp;utm_campaign=designshare&amp;utm_medium=link&amp;utm_source=sharebutton\" target=\"_blank\" title=\"\" rel=\"noopener\">The use of phrasal verbs by Estonian-speaking EFL learners<\/a>.\u00a0(paper presented at the ICAME-42\u00a0conference\u00a0\u201cCrossing Boundaries Through Corpora\u201d, TU Dortmund University, August 18-21, 2021). Recorded presentation is available <a data-url=\"https:\/\/drive.google.com\/file\/d\/1UKKl6svZdfh30NI4Ot53lKNnkt25FnQB\/view?usp=sharing\" href=\"https:\/\/drive.google.com\/file\/d\/1UKKl6svZdfh30NI4Ot53lKNnkt25FnQB\/view?usp=sharing\" target=\"_blank\" title=\"\" rel=\"noopener\">here<\/a>.\r\n<\/p>\r\n\r\n<p>\r\n\t2021. Klavan, Jane.\u00a0<a data-url=\"https:\/\/drive.google.com\/file\/d\/1JH1MfXGk7MnGz9Uo-643wWgnXpw3lBPD\/view?usp=sharing\" href=\"https:\/\/drive.google.com\/file\/d\/1JH1MfXGk7MnGz9Uo-643wWgnXpw3lBPD\/view?usp=sharing\" target=\"_blank\" title=\"\" rel=\"noopener\">A multifactorial learner corpus study of the genitive alternation in Estonian EFL learners<\/a>. (paper presented at online conference ISLE 6, the University of Eastern Finland, 2-5 June\u00a02021).\r\n<\/p>\r\n\r\n<p>\r\n\t<span style=\"color:#008080\"><strong>2020<\/strong><\/span>\r\n<\/p>\r\n\r\n<p>\r\n\t2020. Klavan, Jane &amp;\u00a0Ole Sch\u00fctzler.\u00a0<a data-url=\"https:\/\/drive.google.com\/file\/d\/160Z6rYNqlun5Bn3JptFPXaLxGor5nUMz\/view?usp=sharing\" href=\"https:\/\/drive.google.com\/file\/d\/160Z6rYNqlun5Bn3JptFPXaLxGor5nUMz\/view?usp=sharing\" target=\"_blank\" title=\"\" rel=\"noopener\">A Probabilistic Grammar approach to morphosyntactic alternations: Exterior locative constructions in Estonian<\/a>. (paper presented at Virtual UK-CLC 2020, Birmingham University, UK, 28 July\u00a02020)\r\n<\/p>\r\n\r\n<p>\r\n\t2020. Klavan, Jane, K\u00e4rt Room\u00e4e &amp; Denys Savchenko.\u00a0<a data-url=\"https:\/\/drive.google.com\/file\/d\/17oVtY7LWwYRs7XGPO995iev1y5fOH3U2\/view?usp=sharing\" href=\"https:\/\/drive.google.com\/file\/d\/17oVtY7LWwYRs7XGPO995iev1y5fOH3U2\/view?usp=sharing\" target=\"_blank\" title=\"\" rel=\"noopener\">A corpus study of intensifiers in Estonian learners\u2019 spoken English<\/a>.\u00a0(paper presented at the ICAME-41 Digital\u00a0conference\u00a0\u201cLanguage and Linguistics in a Complex World: Data, Interdisciplinarity, Transfer, and the Next Generation\u00a0\u201c, Heidelberg, May 20\u201323, 2020). Recorded presentation is available <a data-url=\"https:\/\/drive.google.com\/file\/d\/1h-3YtjkiSAjtylXBBYi1ObauX6tDkOCD\/view?usp=sharing\" href=\"https:\/\/drive.google.com\/file\/d\/1h-3YtjkiSAjtylXBBYi1ObauX6tDkOCD\/view?usp=sharing\" target=\"_blank\" title=\"\" rel=\"noopener\">here<\/a>.\r\n<\/p>\r\n\r\n<p>\r\n\t<span style=\"color:#008080\"><strong>2019<\/strong><\/span>\r\n<\/p>\r\n\r\n<p>\r\n\t2019. Klavan, Jane.\u00a0Korpusp\u00f5histe ja katseliste meetodite kombineerimine keeleteaduses (Combining corpus-based and experimental methods in linguistics; invited talk presented at the KFSDK doctoral school seminar \u201cLanguage and Technology\u201d, EKI s\u00fcgiskool, Taagepera, 12\u00a0September 2019)\r\n<\/p>\r\n\r\n<p>\r\n\t2019. Klavan, Jane.\u00a0Linguistic representations of constructional alternations: A case study from Estonian.\u00a0(paper presented at ICLC-15, Kwansei Gakuin University, Japan, 9\u00a0August 2019)\r\n<\/p>\r\n\r\n<p>\r\n\t2019. Tragel, Ilona &amp; Jane Klavan.\u00a0Draw free, think aloud: The image schematic representation of Estonian abstract verbs.\u00a0(paper presented at ICLC-15, Kwansei Gakuin University, Japan, 6 August 2019)\r\n<\/p>\r\n\r\n<p>\r\n\t2019. Klavan, Jane. The genitive alternation in EFL: A forced choice task with Estonian learners of English as a Foreign Language.\u00a0(paper presented at the ICAME-40 conference\u00a0\u201cLanguage in Time, Time in Language\u201d, Universit\u00e9 de Neuch\u00e2tel, Switzerland, June 1\u20135, 2019)\r\n<\/p>\r\n\r\n<p>\r\n\t2019. Klavan, Jane, Alice Blumenthal-Dram\u00e9, Ann Veismann.\u00a0Predicting native speaker choice: the role of frequency in morpho-syntactic alternations.\u00a0(paper presented at the 7th conference of the Scandinavian Association for Language and Cognition, Aarhus University, Denmark, 23 May 2019)\r\n<\/p>\r\n\r\n<p>\r\n\t2019. Klavan, Jane, Dagmar Divjak &amp; Petar Milin.\u00a0Tracking choice: An eye movement study of the dative alternation in English.\u00a0(paper presented at the 7th conference of the Scandinavian Association for Language and Cognition, Aarhus University, Denmark, 24 May 2019)\r\n<\/p>\r\n\r\n<p>\r\n\t2019. Klavan, Jane, Arvi Tavast &amp; Tanel Alum\u00e4e.\u00a0Poolspontaanse k\u00f5ne morfos\u00fcntaksi uurimine automaatse transkriptsiooni p\u00f5hjal ja v\u00f5rdlus kirjaliku keelega.\u00a0<span>(paper presented at the conference \u201c<\/span>18. rakenduslingvistika kevadkonverents<span>\u201d in Tallinn, Estonia, 25 April 2019)<\/span>\r\n<\/p>\r\n\r\n<p>\r\n\t2019. Klavan, Jane &amp; Ann Veismann.\u00a0Sageduse roll eesti keele morfos\u00fcntaktiliste alternatsioonide vastuv\u00f5etavuse hindamisel.\u00a0<span>(paper presented at the conference \u201c<\/span>18. rakenduslingvistika kevadkonverents<span>\u201d in Tallinn, Estonia, 25 April 2019)<\/span>\r\n<\/p>\r\n\r\n<p>\r\n\t2019. Klavan, Jane.\u00a0Eesti keele v\u00e4liskohak\u00e4\u00e4nete ja kaass\u00f5nade\u00a0<em>peal<\/em>,\u00a0<em>peale<\/em>,\u00a0<em>pealt<\/em>\u00a0kasutus eestikeelses veebis<span>. (paper presented at the conference \u201c<\/span>Grammatikat l\u00fcpsmas \/ Kielioppia lyps\u00e4m\u00e4ss\u00e4<span>\u201d at the University of Tartu, Estonia, 11 April 2019)<\/span>\r\n<\/p>\r\n\r\n<p>\r\n\t<span style=\"line-height:normal\"><span lang=\"ET\" style=\",serif\">2019. Klavan, Jane. Combining corpus-linguistic and experimental methods for the study of constructional alternations. (invited talk at the QLVL research group, KU Leuven, Belgium, 13 March 2019)<\/span><\/span>\r\n<\/p>\r\n\r\n<p>\r\n\t<span style=\"color: #008080\"><strong>2018<\/strong><\/span>\r\n<\/p>\r\n\r\n<p>\r\n\t2018. Klavan, Jane, Arvi Tavast, &amp; Aleksei Kelli. The Legal Aspects of Using Data from Linguistic Experiments for Creating Language Resources.\u00a0(paper presented at the 8th conference \u201cHuman Language Technologies: The Baltic Perspective\u201d, Tartu, Estonia, September\u00a027-29, 2018)\r\n<\/p>\r\n\r\n<p>\r\n\t2018. Klavan, Jane &amp; Alice Blumenthal-Dram\u00e9. <a href=\"https:\/\/sisu.ut.ee\/wp-content\/uploads\/sites\/256\/klavanblumenthaldrame_sle18_slides.pdf\" target=\"_blank\" rel=\"noopener\">The role of frequency in morpho-syntactic alternations: An experimental study from Estonian.<\/a> (paper presented at the 51st Annual Meeting of Societas Linguistica Europaea, Tallinn, Estonia, 29 August 2018)\r\n<\/p>\r\n\r\n<p>\r\n\t2018. Klavan, Jane. The genitive alternation in Estonian EFL learners. (paper presented at the conference \u201cThe Perspective of Applied Linguistics\u201d, the 17th Annual Conference of the Estonian Association of Applied Linguistics, Tallinn, Estonia, 20 April 2018)\r\n<\/p>\r\n\r\n<p>\r\n\t2018. Klavan, Jane.\u00a0<span id=\"docs-internal-guid-d4801dbc-5671-17eb-8889-fb6fca471a5e\"><a href=\"https:\/\/sisu.ut.ee\/wp-content\/uploads\/sites\/256\/estdiasyn_klavan_slides.pdf\" target=\"_blank\" rel=\"noopener\">A multivariate analysis of the alternation between the adessive case and postposition peal \u2018on\u2019 in Estonian dialectal data.<\/a> (paper presented at the conference \u201cGrammar of non-standard varieties in the East of the Circum-Baltic area\u201d at the University of Tartu, Estonia, 2 February 2018)<\/span>\r\n<\/p>\r\n\r\n<p>\r\n\t<span style=\"color: #008080\"><strong>2017<\/strong><\/span>\r\n<\/p>\r\n\r\n<p>\r\n\t2017. Klavan, Jane. Kognitiivne keeleteadus arvude r\u00e4gastikus. (paper presented at the conference\u00a0\u201cKvantitatiivne p\u00f6\u00f6re keeleteaduses \u2014 mis saab teooriast?\u201d V konverents sarjas \u201cTeoreetiline keeleteadus Eestis\u201d at the University of Tartu, Estonia, 24 November 2017)\r\n<\/p>\r\n\r\n<p>\r\n\t2017. Klavan, Jane.\u00a0<a href=\"https:\/\/sisu.ut.ee\/wp-content\/uploads\/sites\/256\/clexperiments.pdf\" target=\"_blank\" rel=\"noopener\">Combining corpus-linguistic and experimental methods for the study of constructional alternations<\/a>. (invited talk at the HumLab, University of Sheffield, UK, 8 November 2017)\r\n<\/p>\r\n\r\n<p>\r\n\t2017. Klavan, Jane, Merli Kirsim\u00e4e &amp; Aare Undo.\u00a0Pitting automated part-of-speech tagging against manual tagging: a case study of Estonian Learner English data. (paper presented at the conference \u201cOpen licences, open content, open data: tools for developing digital humanities\u201d at Estonian National Museum \/ Estonian Literary Museum, Estonia, 2 November 2017)\r\n<\/p>\r\n\r\n<p>\r\n\t2017. Kirsim\u00e4e, Merli &amp; Jane Klavan.\u00a0Do Estonian ELF speakers follow similar patterns of article use as identified for English as a lingua franca? (paper presented at the 4th Learner Corpus Research Conference, Bolzano \/ Bozen, Italy, 5 October 2017)\r\n<\/p>\r\n\r\n<p>\r\n\t2017. Tragel, Ilona, Jane Klavan &amp; Mariann Proos.\u00a0Circular thinking and zig -zag living: Estonian verbs in a free form drawing task (<a href=\"https:\/\/sisu.ut.ee\/sites\/default\/files\/proovin\/files\/tragel.pdf\" target=\"_blank\" rel=\"noopener\">Abstract<\/a>). (paper presented at ICLC-14, Tartu, Estonia, 12 July 2017)\r\n<\/p>\r\n\r\n<h3>\r\n\t\u00a0\r\n<\/h3>\r\n\r\n<p>\r\n\t\u00a0\r\n<\/p>\r\n<br><div class=\"wp-block-group attached-files-group is-layout-constrained wp-block-group-is-layout-constrained\"><div class=\"wp-block-file\"><a href=\"https:\/\/sisu.ut.ee\/wp-content\/uploads\/sites\/256\/clexperiments.pdf\" target=\"_blank\" rel=\"noreferrer noopener\">clexperiments.pdf<\/a><\/div><div class=\"wp-block-file\"><a href=\"https:\/\/sisu.ut.ee\/wp-content\/uploads\/sites\/256\/estdiasyn_klavan_slides.pdf\" target=\"_blank\" rel=\"noreferrer noopener\">estdiasyn_klavan_slides.pdf<\/a><\/div><div class=\"wp-block-file\"><a href=\"https:\/\/sisu.ut.ee\/wp-content\/uploads\/sites\/256\/klavanblumenthaldrame_sle18_slides.pdf\" target=\"_blank\" rel=\"noreferrer noopener\">klavanblumenthaldrame_sle18_slides.pdf<\/a><\/div><div class=\"wp-block-file\"><a href=\"https:\/\/sisu.ut.ee\/wp-content\/uploads\/sites\/256\/653_klavantaremaaveismann.pdf\" target=\"_blank\" rel=\"noreferrer noopener\">653_klavantaremaaveismann.pdf<\/a><\/div><div class=\"wp-block-file\"><a href=\"https:\/\/sisu.ut.ee\/wp-content\/uploads\/sites\/256\/oppekava_arendus_kui_lego_maja_ehitamine_8.41_x_11.89_cm_841_x_1189_mm.pdf\" target=\"_blank\" rel=\"noreferrer noopener\">oppekava_arendus_kui_lego_maja_ehitamine<\/a><\/div><\/div>","protected":false},"excerpt":{"rendered":"<p>2023 ICLC-16 2023.\u00a0Klavan, Jane, Katri K\u00fctt, Airi Niilo.\u00a0\u00d5ppekava arendus kui LEGO maja ehitamine \u2013 programmijuhi vaade T\u00dc inglise keele ja kirjanduse \u00f5ppekava (BA) arendusprotsessile. (19\/01\/2023, T\u00dc \u00f5ppej\u00f5udude konverents \u201cM\u00e4\u00e4ramatuse ilu \u00f5petamises\u201d, Tartu). 2021 2021. Klavan, Jane.\u00a0Comprehending and producing morphosyntactic alternations. &#8230;<\/p>\n","protected":false},"author":132,"featured_media":0,"parent":0,"menu_order":0,"comment_status":"closed","ping_status":"closed","template":"","meta":{"_acf_changed":false,"inline_featured_image":false,"footnotes":""},"class_list":["post-13","page","type-page","status-publish","hentry"],"acf":[],"_links":{"self":[{"href":"https:\/\/sisu.ut.ee\/janeklavan\/wp-json\/wp\/v2\/pages\/13","targetHints":{"allow":["GET"]}}],"collection":[{"href":"https:\/\/sisu.ut.ee\/janeklavan\/wp-json\/wp\/v2\/pages"}],"about":[{"href":"https:\/\/sisu.ut.ee\/janeklavan\/wp-json\/wp\/v2\/types\/page"}],"author":[{"embeddable":true,"href":"https:\/\/sisu.ut.ee\/janeklavan\/wp-json\/wp\/v2\/users\/132"}],"replies":[{"embeddable":true,"href":"https:\/\/sisu.ut.ee\/janeklavan\/wp-json\/wp\/v2\/comments?post=13"}],"version-history":[{"count":2,"href":"https:\/\/sisu.ut.ee\/janeklavan\/wp-json\/wp\/v2\/pages\/13\/revisions"}],"predecessor-version":[{"id":62,"href":"https:\/\/sisu.ut.ee\/janeklavan\/wp-json\/wp\/v2\/pages\/13\/revisions\/62"}],"wp:attachment":[{"href":"https:\/\/sisu.ut.ee\/janeklavan\/wp-json\/wp\/v2\/media?parent=13"}],"curies":[{"name":"wp","href":"https:\/\/api.w.org\/{rel}","templated":true}]}}