{"id":10,"date":"2024-04-04T03:56:25","date_gmt":"2024-04-04T00:56:25","guid":{"rendered":"https:\/\/sisu.ut.ee\/janeklavan\/publications-0\/"},"modified":"2024-04-04T03:56:35","modified_gmt":"2024-04-04T00:56:35","slug":"publications-0","status":"publish","type":"page","link":"https:\/\/sisu.ut.ee\/janeklavan\/publications-0\/","title":{"rendered":"Publications"},"content":{"rendered":"<h4>\n\tSelected publications<br>\n<\/h4>\n<p>\n\t<span><em>Monographs<\/em><\/span>\n<\/p>\n<ul>\n<li>\n\t\tKlavan, Jane. 2022. <a data-url=\"https:\/\/www.degruyter.com\/view\/title\/560942?language=en\" href=\"https:\/\/www.degruyter.com\/view\/title\/560942?language=en\" target=\"_blank\" title=\"\" rel=\"noopener\">The Making and Breaking of Classification Models in Linguistics. A Multimethod Perspective on Constructional Alternations.<\/a> Cognitive Linguistics Research [CLR], 66.\u00a0De Gruyter Mouton.\u00a0\n\t<\/li>\n<li>\n\t\tKlavan, Jane. 2012.\u00a0<a href=\"http:\/\/citeseerx.ist.psu.edu\/viewdoc\/download?doi=10.1.1.980.102&amp;rep=rep1&amp;type=pdf\" target=\"_blank\" rel=\"noopener\">Evidence in linguistics: corpus-linguistic and experimental methods for studying grammatical synonymy.<\/a>\u00a0(Dissertationes Linguisticae Universitatis Tartuensis). Tartu: University of Tartu Press.\n\t<\/li>\n<\/ul>\n<p>\n\t<span><em>Selected peer-rev<\/em><\/span><span><em>iewed\u00a0<\/em><\/span><span><em>journal articles<\/em><\/span>\n<\/p>\n<ul>\n<li>\n\t\tTinits, Peeter, Jane\u00a0Klavan, &amp; Liina Lindstr\u00f6m. 2021. Digihumanitaaria Eestis [Digital humanities in Estonia]. Keel ja Kirjandus, 64 (8-9), 667\u2212677. DOI: <a data-url=\"https:\/\/doi.org\/10.54013\/kk764a1\" href=\"https:\/\/doi.org\/10.54013\/kk764a1\" target=\"_blank\" title=\"\" rel=\"noopener\">10.54013\/kk764a1.<\/a>\n\t<\/li>\n<li>\n\t\tKlavan, Jane. 2021. The alternation between exterior locative cases and postpositions in Estonian web texts. ESUKA-JEFUL, 12 (1), 153\u2212188. DOI: <a data-url=\"https:\/\/doi.org\/10.12697\/jeful.2021.12.1.05\" href=\"https:\/\/doi.org\/10.12697\/jeful.2021.12.1.05\" target=\"_blank\" title=\"\" rel=\"noopener\">10.12697\/jeful.2021.12.1.05.<\/a>\n\t<\/li>\n<li>\n\t\tKlavan, Jane. 2020.\u00a0<span>Pitting corpus-based classification models against each other: a case study for predicting constructional choice in written Estonian. Corpus Linguistics and Linguistic Theory, 16 (2), 363\u2212391. DOI: <\/span><a data-url=\"https:\/\/doi.org\/10.1515\/cllt-2016-0010\" href=\"https:\/\/doi.org\/10.1515\/cllt-2016-0010\" target=\"_blank\" title=\"\" rel=\"noopener\">10.1515\/cllt-2016-0010.<\/a><span>\u00a0<\/span>\n\t<\/li>\n<li>\n\t\tKlavan, Jane, Tanel Alum\u00e4e ja Arvi\u00a0Tavast.\u00a02020. <a data-url=\"https:\/\/keeljakirjandus.ee\/wp-content\/uploads\/2020\/09\/J.KLAVAN-T.ALUM%C3%84E-A.TAVAST.pdf\" href=\"https:\/\/keeljakirjandus.ee\/wp-content\/uploads\/2020\/09\/J.KLAVAN-T.ALUM%C3%84E-A.TAVAST.pdf\" target=\"_blank\" title=\"\" rel=\"noopener\">Eesti keele v\u00e4liskohak\u00e4\u00e4nete kasutus poolspontaanses k\u00f5nes automaatse transkriptsiooni p\u00f5hjal<\/a>\u00a0[Analysis of Estonian external locative cases in semispontaneous speech using an automatic transcription system]. Keel ja Kirjandus, 63 (8-9), 757\u2212774.\n\t<\/li>\n<li>\n\t\tKlavan, Jane. 2020. <a data-url=\"http:\/\/www.emakeeleselts.ee\/omakeel\/2020_1\/OK-1-2020_4.pdf\" href=\"http:\/\/www.emakeeleselts.ee\/omakeel\/2020_1\/OK-1-2020_4.pdf\" target=\"_blank\" title=\"\" rel=\"noopener\">Keeleteadus ja katsed<\/a> [Linguistics and experiments]. Oma Keel, 40, 20-29.\n\t<\/li>\n<li>\n\t\tVeismann, Ann, Jane Klavan, &amp; Haldur \u00d5im. 2018.\u00a0<a data-url=\"https:\/\/keeljakirjandus.ee\/ee\/uncategorized\/teoreetiline-keeleteadus-ja-kvantitatiivsed-meetodid\/\" href=\"https:\/\/keeljakirjandus.ee\/ee\/uncategorized\/teoreetiline-keeleteadus-ja-kvantitatiivsed-meetodid\/\" target=\"_blank\" title=\"\" rel=\"noopener\">Teoreetiline keeleteadus ja kvantitatiivsed meetodid<\/a> [Theoretical linguistics and quantitative methods]. Keel ja Kirjandus, 8-9, 609\u2212621.\u00a0\n\t<\/li>\n<li>\n\t\tKlavan, Jane. 2018.\u00a0<a data-url=\"https:\/\/keeljakirjandus.ee\/ee\/uncategorized\/kognitiivne-keeleteadus-arvude-ragastikus\/\" href=\"https:\/\/keeljakirjandus.ee\/ee\/uncategorized\/kognitiivne-keeleteadus-arvude-ragastikus\/\" target=\"_blank\" title=\"\" rel=\"noopener\">Kognitiivne keeleteadus arvude r\u00e4gastikus<\/a> [Doing numbers and Cognitive Linguistics]. Keel ja Kirjandus, 8-9, 697\u2212712.\n\t<\/li>\n<li>\n\t\tKlavan, Jane, Arvi Tavast, &amp; Aleksei Kelli. 2018.\u00a0<span>The Legal Aspects of Using Data from Linguistic Experiments for Creating Language Resources.\u00a0<span>Frontiers in Artificial Intelligence and Applications, 307, 71 \u221278.<\/span><a href=\"http:\/\/doi.org\/10.3233\/978-1-61499-912-6-71\" target=\"_blank\" rel=\"noopener\">10.3233\/978-1-61499-912-6-71<\/a><span>.<\/span><\/span>\n\t<\/li>\n<li>\n\t\tKlavan, Jane &amp; Ann Veismann. 2017.\u00a0Are corpus-based predictions mirrored in the preferential choices and ratings of native speakers? Predicting the alternation between the Estonian adessive case and the adposition peal \u2018on\u2019.\u00a0Eesti ja soome-ugri keeleteaduse ajakiri. Journal of Estonian and Finno-Ugric Linguistics (ESUKA \u2013 JEFUL), 8 (2), 59\u221291.\u00a0<a data-url=\"https:\/\/doi.org\/10.12697\/jeful.2017.8.2.03\" href=\"https:\/\/doi.org\/10.12697\/jeful.2017.8.2.03\" target=\"_blank\" title=\"\" rel=\"noopener\">https:\/\/doi.org\/10.12697\/jeful.2017.8.2.03<\/a>\n\t<\/li>\n<li>\n\t\tDivjak, Dagmar, Natalia Levshina, &amp; Jane Klavan. 2016.\u00a0Cognitive Linguistics: Looking back, looking forward. Cognitive Linguistics, 27 (4), 1\u221217.\u00a0<a data-url=\"https:\/\/doi.org\/10.1515\/cog-2016-0095\" href=\"https:\/\/doi.org\/10.1515\/cog-2016-0095\" target=\"_blank\" title=\"\" rel=\"noopener\">https:\/\/doi.org\/10.1515\/cog-2016-0095<\/a>\n\t<\/li>\n<li>\n\t\tKlavan, Jane &amp; Dagmar Divjak, Dagmar. 2016. The Cognitive Plausibility of Statistical Classification Models: Comparing Textual and Behavioral Evidence.\u00a0Folia Linguistica, 50 (2), 355\u2212384.\u00a0<a data-url=\"https:\/\/doi.org\/10.1515\/flin-2016-0014\" href=\"https:\/\/doi.org\/10.1515\/flin-2016-0014\" target=\"_blank\" title=\"\" rel=\"noopener\">https:\/\/doi.org\/10.1515\/flin-2016-0014<\/a>\n\t<\/li>\n<li>\n\t\tKlavan, Jane, Maarja-Liisa Pilvik &amp; Kristel Uiboaed. 2015.\u00a0<a href=\"http:\/\/www.linguistics.fi\/julkaisut\/SKY2015\/SKYJoL28_Klavan.pdf\" target=\"_blank\" rel=\"noopener\">The Use of Multivariate Statistical Classification Models for Predicting Constructional Choice in Spoken, Non-Standard Varieties of Estonian<\/a>. SKY Journal of Linguistics, 28, 187\u2212224.\n\t<\/li>\n<li>\n\t\tKlavan, Jane. 2014.\u00a0A multifactorial corpus analysis of grammatical synonymy: The Estonian adessive and adposition peal \u2018on\u2019.\u00a0In Dylan Glynn and Justyna A. Robinson (eds.). Corpus Methods for Semantics: Quantitative studies in polysemy and synonymy, 253\u2212278. John Benjamins. (Human Cognitive Processing ; 43).\u00a0<a data-url=\"https:\/\/doi.org\/10.1075\/hcp.43.10kla\" href=\"https:\/\/doi.org\/10.1075\/hcp.43.10kla\" target=\"_blank\" title=\"\" rel=\"noopener\">https:\/\/doi.org\/10.1075\/hcp.43.10kla<\/a>\n\t<\/li>\n<li>\n\t\tJ\u00fcrine, Anni, Jane Klavan &amp; Ann Veismann. 2013.\u00a0Katseline semantika: planeerimine ja teostus. [Experimental semantics: design and implementation].\u00a0Eesti Rakenduslingvistika \u00dchingu aastaraamat, 9, 85\u2212100.\u00a0<a data-url=\"http:\/\/dx.doi.org\/10.5128\/ERYa9.06\" href=\"http:\/\/dx.doi.org\/10.5128\/ERYa9.06\" target=\"_blank\" title=\"\" rel=\"noopener\">http:\/\/dx.doi.org\/10.5128\/ERYa9.06<\/a>\n\t<\/li>\n<li>\n\t\tKlavan, Jane, Ann Veismann &amp; Anni J\u00fcrine. 2013.\u00a0Katselised meetodid t\u00e4henduse uurimisel [Experimental methods in studying semantics]. Eesti ja soome-ugri keeleteaduse ajakiri. Journal of Estonian and Finno-Ugric Linguistics, 4-1, 17\u221234.\u00a0<a data-url=\"https:\/\/doi.org\/10.12697\/jeful.2013.4.1.02\" href=\"https:\/\/doi.org\/10.12697\/jeful.2013.4.1.02\" target=\"_blank\" title=\"\" rel=\"noopener\">https:\/\/doi.org\/10.12697\/jeful.2013.4.1.02<\/a>\u00a0\n\t<\/li>\n<\/ul>\n","protected":false},"excerpt":{"rendered":"<p>Selected publications Monographs Klavan, Jane. 2022. The Making and Breaking of Classification Models in Linguistics. A Multimethod Perspective on Constructional Alternations. Cognitive Linguistics Research [CLR], 66.\u00a0De Gruyter Mouton.\u00a0 Klavan, Jane. 2012.\u00a0Evidence in linguistics: corpus-linguistic and experimental methods for studying grammatical &#8230;<\/p>\n","protected":false},"author":132,"featured_media":0,"parent":0,"menu_order":0,"comment_status":"closed","ping_status":"closed","template":"","meta":{"_acf_changed":false,"inline_featured_image":false,"footnotes":""},"class_list":["post-10","page","type-page","status-publish","hentry"],"acf":[],"_links":{"self":[{"href":"https:\/\/sisu.ut.ee\/janeklavan\/wp-json\/wp\/v2\/pages\/10","targetHints":{"allow":["GET"]}}],"collection":[{"href":"https:\/\/sisu.ut.ee\/janeklavan\/wp-json\/wp\/v2\/pages"}],"about":[{"href":"https:\/\/sisu.ut.ee\/janeklavan\/wp-json\/wp\/v2\/types\/page"}],"author":[{"embeddable":true,"href":"https:\/\/sisu.ut.ee\/janeklavan\/wp-json\/wp\/v2\/users\/132"}],"replies":[{"embeddable":true,"href":"https:\/\/sisu.ut.ee\/janeklavan\/wp-json\/wp\/v2\/comments?post=10"}],"version-history":[{"count":1,"href":"https:\/\/sisu.ut.ee\/janeklavan\/wp-json\/wp\/v2\/pages\/10\/revisions"}],"predecessor-version":[{"id":56,"href":"https:\/\/sisu.ut.ee\/janeklavan\/wp-json\/wp\/v2\/pages\/10\/revisions\/56"}],"wp:attachment":[{"href":"https:\/\/sisu.ut.ee\/janeklavan\/wp-json\/wp\/v2\/media?parent=10"}],"curies":[{"name":"wp","href":"https:\/\/api.w.org\/{rel}","templated":true}]}}