{"id":8,"date":"2024-04-04T09:11:55","date_gmt":"2024-04-04T06:11:55","guid":{"rendered":"https:\/\/sisu.ut.ee\/jaljeloendusetalgud2024\/jalgede-pildistamise-abc\/"},"modified":"2024-04-19T15:42:33","modified_gmt":"2024-04-19T12:42:33","slug":"jalgede-pildistamise-abc","status":"publish","type":"page","link":"https:\/\/sisu.ut.ee\/jaljeloendusetalgud2024\/jalgede-pildistamise-abc\/","title":{"rendered":"J\u00c4LGEDE PILDISTAMISE ABC"},"content":{"rendered":"<p style=\"text-align: justify;\">Siit leiab soovitusi, kuidas teha j\u00e4ljest pilti nii, et see hiljem m\u00e4\u00e4ratav oleks.<\/p>\n<p style=\"text-align: justify;\">J\u00e4lgede\u00a0pildistamisel on <b>vajalik m\u00f5\u00f5tskaala<\/b>, kas <b>joonlaud v\u00f5i m\u00f5\u00f5dulint<\/b>, mis tuleb asetada j\u00e4lje\u00a0k\u00f5rvale nende m\u00f5\u00f5distamisteks (muid<b> <\/b>objekte nagu sendid, v\u00f5tmed, puuoksad, kaardid vms. mitte kasutada m\u00f5\u00f5tskaalana).<\/p>\n<p style=\"text-align: justify;\">Leidnud sobiva j\u00e4lje, <b>fikseerige asukoha koordinaadid nutitelefoni rakenduses (PLUTOF GO) v\u00f5i GPSis\u00a0<\/b>ja asetage j\u00e4lje\u00a0k\u00f5rvale <b>m\u00f5\u00f5tskaalana joonlaud v\u00f5i m\u00f5\u00f5dulint<\/b>. Seej\u00e4rel tehke <b>mitu pilti alati koos m\u00f5\u00f5tskaalaga<\/b> ning <b>m\u00f5\u00f5tke j\u00e4lje\u00a0pikkus ja laius<\/b>. <b>Veenduge, et j\u00e4lg ei oleks pildil liiga tume, vajadusel korrigeerige manuaalselt s\u00e4riaega +0,5 kuni +1 astme v\u00f5rra v\u00f5i proovige pilti teha v\u00e4lguga. Veenduge, et saite igast j\u00e4ljest\u00a0v\u00e4hemalt \u00fche kvaliteetse foto.<\/b> Lisaks on hea uurida ulukiliikide <strong>kulgemisteekonda <\/strong>ja seda samuti pildistada, kuna <strong>v\u00f5ib aidata oluliselt liiki paremini m\u00e4\u00e4rata<\/strong> (nt j\u00e4lje vaheline kaugus).<\/p>\n<p style=\"text-align: justify;\"><img loading=\"lazy\" decoding=\"async\" width=\"684\" height=\"909\" class=\"wp-image-25 alignleft\" style=\"width: 593px; height: 788px; float: left;\" title=\"H\u00e4sti pildistatud metssea j\u00e4lg, kus on selgesti eristatavad tagumised s\u00f5rgatsid ja eesmised s\u00f5rad ehk j\u00e4ljep\u00f5hi on n\u00e4htav.\" src=\"https:\/\/sisu.ut.ee\/wp-content\/uploads\/sites\/673\/metssea_jalg1_eeskujulik.png\" alt=\"Metssea j\u00e4lg\" srcset=\"https:\/\/sisu.ut.ee\/wp-content\/uploads\/sites\/673\/metssea_jalg1_eeskujulik.png 684w, https:\/\/sisu.ut.ee\/wp-content\/uploads\/sites\/673\/metssea_jalg1_eeskujulik-226x300.png 226w\" sizes=\"auto, (max-width: 684px) 100vw, 684px\"><\/p>\n<p style=\"text-align: justify;\"><img loading=\"lazy\" decoding=\"async\" width=\"676\" height=\"901\" class=\"wp-image-26 alignleft\" style=\"width: 591px; height: 788px; float: left;\" title=\"J\u00e4ljerida aitab kaasa ulukiliigi tuvastamisel. Pildil on metssea j\u00e4ljerida: esimene j\u00e4lg on selgelt terav ning j\u00e4ljep\u00f5hi on n\u00e4htav. J\u00e4ljerea k\u00f5rvale on asetatud korralik m\u00f5\u00f5tskaala.\" src=\"https:\/\/sisu.ut.ee\/wp-content\/uploads\/sites\/673\/metssea_jaljerida2_eeskujulik.png\" alt=\"Metssea j\u00e4ljerida\" srcset=\"https:\/\/sisu.ut.ee\/wp-content\/uploads\/sites\/673\/metssea_jaljerida2_eeskujulik.png 676w, https:\/\/sisu.ut.ee\/wp-content\/uploads\/sites\/673\/metssea_jaljerida2_eeskujulik-225x300.png 225w\" sizes=\"auto, (max-width: 676px) 100vw, 676px\"><\/p>\n<p style=\"text-align: justify;\"><img loading=\"lazy\" decoding=\"async\" width=\"544\" height=\"726\" class=\"wp-image-27 alignleft\" style=\"width: 514px; height: 686px; float: left;\" title=\"Ehkki m\u00f5\u00f5tskaala on juurde lisatud, siis on j\u00e4lg kokku sulanud, j\u00e4ljep\u00f5hi pole n\u00e4htav ja on seega mittem\u00e4\u00e4ratav.\" src=\"https:\/\/sisu.ut.ee\/wp-content\/uploads\/sites\/673\/halb_jalg.png\" alt=\"Mittem\u00e4\u00e4ratav j\u00e4lg.\" srcset=\"https:\/\/sisu.ut.ee\/wp-content\/uploads\/sites\/673\/halb_jalg.png 544w, https:\/\/sisu.ut.ee\/wp-content\/uploads\/sites\/673\/halb_jalg-225x300.png 225w\" sizes=\"auto, (max-width: 544px) 100vw, 544px\"><\/p>\n<p style=\"text-align: justify;\"><img loading=\"lazy\" decoding=\"async\" width=\"696\" height=\"521\" class=\"wp-image-28 alignleft\" style=\"width: 633px; height: 474px; float: left;\" title=\"J\u00e4ljerea pildistamisel on oluline esimene j\u00e4lg teravalt pildile saada ehk j\u00e4ljep\u00f5hi peab olema n\u00e4htav ning juurde lisada j\u00e4lgede vahele m\u00f5\u00f5tskaala.\" src=\"https:\/\/sisu.ut.ee\/wp-content\/uploads\/sites\/673\/halb_kvaliteet.png\" alt=\"J\u00e4ljerea pildistamisel on oluline esimene j\u00e4lg teravalt pildile saada ning juurde lisada m\u00f5\u00f5tskaala.\" srcset=\"https:\/\/sisu.ut.ee\/wp-content\/uploads\/sites\/673\/halb_kvaliteet.png 696w, https:\/\/sisu.ut.ee\/wp-content\/uploads\/sites\/673\/halb_kvaliteet-300x225.png 300w\" sizes=\"auto, (max-width: 696px) 100vw, 696px\"><\/p>\n<p style=\"text-align: justify;\">\n<\/p>","protected":false},"excerpt":{"rendered":"<p>Siit leiab soovitusi, kuidas teha j\u00e4ljest pilti nii, et see hiljem m\u00e4\u00e4ratav oleks. J\u00e4lgede\u00a0pildistamisel on vajalik m\u00f5\u00f5tskaala, kas joonlaud v\u00f5i m\u00f5\u00f5dulint, mis tuleb asetada j\u00e4lje\u00a0k\u00f5rvale nende m\u00f5\u00f5distamisteks (muid objekte nagu sendid, v\u00f5tmed, puuoksad, kaardid vms. mitte kasutada m\u00f5\u00f5tskaalana). Leidnud sobiva &#8230;<\/p>\n","protected":false},"author":332,"featured_media":0,"parent":0,"menu_order":0,"comment_status":"closed","ping_status":"closed","template":"","meta":{"_acf_changed":false,"inline_featured_image":false,"footnotes":""},"class_list":["post-8","page","type-page","status-publish","hentry"],"acf":[],"_links":{"self":[{"href":"https:\/\/sisu.ut.ee\/jaljeloendusetalgud2024\/wp-json\/wp\/v2\/pages\/8","targetHints":{"allow":["GET"]}}],"collection":[{"href":"https:\/\/sisu.ut.ee\/jaljeloendusetalgud2024\/wp-json\/wp\/v2\/pages"}],"about":[{"href":"https:\/\/sisu.ut.ee\/jaljeloendusetalgud2024\/wp-json\/wp\/v2\/types\/page"}],"author":[{"embeddable":true,"href":"https:\/\/sisu.ut.ee\/jaljeloendusetalgud2024\/wp-json\/wp\/v2\/users\/332"}],"replies":[{"embeddable":true,"href":"https:\/\/sisu.ut.ee\/jaljeloendusetalgud2024\/wp-json\/wp\/v2\/comments?post=8"}],"version-history":[{"count":9,"href":"https:\/\/sisu.ut.ee\/jaljeloendusetalgud2024\/wp-json\/wp\/v2\/pages\/8\/revisions"}],"predecessor-version":[{"id":93,"href":"https:\/\/sisu.ut.ee\/jaljeloendusetalgud2024\/wp-json\/wp\/v2\/pages\/8\/revisions\/93"}],"wp:attachment":[{"href":"https:\/\/sisu.ut.ee\/jaljeloendusetalgud2024\/wp-json\/wp\/v2\/media?parent=8"}],"curies":[{"name":"wp","href":"https:\/\/api.w.org\/{rel}","templated":true}]}}