{"id":7,"date":"2024-04-04T09:11:55","date_gmt":"2024-04-04T06:11:55","guid":{"rendered":"https:\/\/sisu.ut.ee\/jaljeloendusetalgud2024\/andmete-edastamine\/"},"modified":"2024-04-19T15:27:35","modified_gmt":"2024-04-19T12:27:35","slug":"andmete-edastamine","status":"publish","type":"page","link":"https:\/\/sisu.ut.ee\/jaljeloendusetalgud2024\/andmete-edastamine\/","title":{"rendered":"ANDMETE EDASTAMINE"},"content":{"rendered":"<p>Andmeid on v\u00f5imalik sisestada l\u00e4bi:<\/p>\n<ol>\n<li>nutiseadme rakenduse <a title=\"app.plutof.ut.ee\/register\" href=\"https:\/\/app.plutof.ut.ee\/register\" target=\"_blank\" rel=\"noopener\" data-url=\"https:\/\/app.plutof.ut.ee\/register\">PlutoF GO<\/a>\u00a0(<a title=\"\" href=\"https:\/\/plutof.ut.ee\/et\/go\" target=\"_blank\" rel=\"noopener\" data-url=\"https:\/\/plutof.ut.ee\/et\/go\">RAKENDUSE ALLALAADIMINE NUTISEADMELE<\/a>), valides rakenduse kaudu projekti \u201cJ\u00e4ljed lumel 2024\u201d<br>\nv\u00f5i<\/li>\n<li>Lime Survey keskkond (<a style=\"font-size: revert; font-weight: var(--bs-body-font-weight); text-align: var(--bs-body-text-align);\" title=\"Imetajatejaljeloendus2024\" href=\"https:\/\/survey.ut.ee\/index.php\/Imetajatejaljeloendus2024\" target=\"_blank\" rel=\"noopener\" data-url=\"https:\/\/survey.ut.ee\/index.php\/Imetajatejaljeloendus2024\">Lime Survey<\/a><span style=\"font-size: revert; font-weight: var(--bs-body-font-weight); text-align: var(--bs-body-text-align);\">)<\/span><\/li>\n<\/ol>\n<p>Andmete puhul on oluline j\u00e4rgnev:<\/p>\n<ol>\n<li>loenduse kuup\u00e4ev, piirkond (k\u00fcla t\u00e4psusega), mitu p\u00e4eva on m\u00f6\u00f6dunud lumesajust;<\/li>\n<li>marsruut (lisada kaardi kuvat\u00f5mmis koos m\u00f5\u00f5detud teepikkusega);<\/li>\n<li>ulukiliik ja j\u00e4ljeridade arv transektil;<\/li>\n<li>inimese kontakt<\/li>\n<\/ol>\n<p>N\u00e4iteks rakendus PlutoF\u00a0GO v\u00f5imaldab asukoha, kuup\u00e4eva ja koordinaadid m\u00e4\u00e4rata automaatselt, mis lihtsustab oluliselt andmete sisestamist ja edastamist.<\/p>\n<p><strong><span lang=\"ET\"><span style=\"line-height: 107%;\">PlutoF GO juhend<\/span><\/span><\/strong><\/p>\n<p><strong><span lang=\"ET\"><span style=\"line-height: 107%;\"><span style=\"font-weight: normal;\">Vaatluste tegemiseks ja edastamiseks sobib v\u00e4ga h\u00e4sti PlutoF GO nutirakendus, mida saab alla laadida nii App Store\u2019st kui Google Play\u2019st. Vaatlus<\/span><\/span><\/span><\/strong><span lang=\"ET\"><span style=\"line-height: 107%;\">andmete saatmiseks PlutoF elurikkuse t\u00f6\u00f6lauale on vajalik sisse logimine PlutoF kontoga. PlutoF konto saab registreerida siin: <\/span><\/span><a href=\"https:\/\/app.plutof.ut.ee\/register\" target=\"_blank\" rel=\"noopener\"><span style=\"line-height: 107%;\">https:\/\/app.plutof.ut.ee\/register<\/span><\/a><span lang=\"ET\"><span style=\"line-height: 107%;\"> v\u00f5i PlutoF GO rakenduses.<\/span><\/span><\/p>\n<p><span lang=\"ET\"><span style=\"line-height: 107%;\">Vaatluse saatmiseks projekti raames peab t\u00e4idetud olema projektiv\u00e4li: \u201cJ\u00e4ljed lumel 2024\u201d. Projekt leitakse otsingu kaudu, selleks peaks olema seade internetis.<\/span><\/span> <span style=\"line-height: 107%;\">Soovitame transekti l\u00e4bimise ajaks seada see projekt vaikimisi projektiks (Seaded-&gt;Vaatlus-&gt;vaikimisi projekt), siis on uue vaatluse sisestamisel see projekti juba eelt\u00e4idetud ja internetist otsima ei pea. <\/span><\/p>\n<p><span style=\"line-height: normal;\">M\u00e4\u00e4rangu lisamisel tuleb liiki otsida taksoni men\u00fc\u00fcst. Selleks, et seda toimingut saaks ka ilma internetita teha, soovitame seadetest alla laadida Eesti liikide nimekiri.<\/span><\/p>\n<p><span style=\"line-height: normal;\"><b>Vaatluse lisamine<\/b><\/span><\/p>\n<ol>\n<li><span style=\"line-height: normal;\">Asukoht: asukoha m\u00e4\u00e4ramist lubavas telefonis ilmub automaatselt. Asukohta saab valida v\u00f5i t\u00e4psustada ka kaardil.<\/span><\/li>\n<li><span style=\"line-height: normal;\">Kuup\u00e4ev ja kellaaeg ilmub automaatselt. Kui sisestad vaatlusi hiljem, siis muuda vastavalt kuup\u00e4eva ja kellaaega.<\/span><\/li>\n<li><span style=\"line-height: normal;\">Projekt: J\u00e4ljed lumel 2024.<\/span><\/li>\n<li><span style=\"line-height: normal;\">Takson: kirjuta liigi nimi v\u00f5i kui liigini ise m\u00e4\u00e4rata ei oska, siis k\u00f5rgema taksoni nimi (nagu n\u00e4itek imetaja).<\/span><\/li>\n<li><span style=\"line-height: normal;\">Isendite arvuks m\u00e4rgi iga vaatluse puhul vaatluskohas transektiga ristuvate liigi j\u00e4ljeridade arv (vt. allpool olevat juhendit). Kui u. 10 m sisse j\u00e4\u00e4b mitu sama liigi tehtud j\u00e4ljerida, sisesta need \u00fche vaatlusena ning j\u00e4ljeridade arv m\u00e4rgi isendite arvuna.<\/span><\/li>\n<li><span style=\"line-height: normal;\">Vaatluse alus: Vaikimisi loeme, et sisestatud vaatlused on j\u00e4ljeread; kui soovid sisestada ka muid imetajate vaatlusi transektil (nt.isendi vaatlus), siis m\u00e4rgi see \u201cvaatluse alus\u201d-e lahtrisse. <\/span><\/li>\n<li><span style=\"line-height: normal;\">Lisa vaatlusele ka foto v\u00f5i video, eriti kui kahtled oma m\u00e4\u00e4rangus. Selleks vajaliku nupu leiad kohe vaatluse lisamise lehe \u00fclemises servas.<\/span><\/li>\n<li><span style=\"line-height: normal;\">Salvesta vaatlus ja saada see pilvekujulisele nupule vajutades \u00e4ra. Saadetud vaatlus pole enam loendis n\u00e4htav. Transektil tehtud vaatluseid ei pea kohe \u00fcles laadima \u2013 v\u00f5id seda teha nt. \u00f5htul kodus v\u00f5i mujal kus on parem interneti leviala.<\/span><\/li>\n<\/ol>\n<p><span style=\"line-height: normal;\">NB! Kui teed vaatlusi suurema seltskonnaga v\u00f5i juhendad vaatlusretke, palun loetle vaatlejatena \u00fcles k\u00f5ik inimesed, kellel on PlutoF kasutajanimi. V\u00f5imalusel v\u00e4ldi olukorda, kus sama liigivaatluse sisestavad k\u00f5ik vaatlusseltskonna inimesed eraldi. <\/span><\/p>\n<p><img loading=\"lazy\" decoding=\"async\" width=\"689\" height=\"480\" class=\"alignnone wp-image-24\" title=\"Ilves. Foto: Eleri Lopp\" src=\"https:\/\/sisu.ut.ee\/wp-content\/uploads\/sites\/673\/ilves_eleri_1.jpg\" alt=\"Ilves\" srcset=\"https:\/\/sisu.ut.ee\/wp-content\/uploads\/sites\/673\/ilves_eleri_1.jpg 689w, https:\/\/sisu.ut.ee\/wp-content\/uploads\/sites\/673\/ilves_eleri_1-300x209.jpg 300w\" sizes=\"auto, (max-width: 689px) 100vw, 689px\"><\/p>\n","protected":false},"excerpt":{"rendered":"<p>Andmeid on v\u00f5imalik sisestada l\u00e4bi: nutiseadme rakenduse PlutoF GO\u00a0(RAKENDUSE ALLALAADIMINE NUTISEADMELE), valides rakenduse kaudu projekti \u201cJ\u00e4ljed lumel 2024\u201d v\u00f5i Lime Survey keskkond (Lime Survey) Andmete puhul on oluline j\u00e4rgnev: loenduse kuup\u00e4ev, piirkond (k\u00fcla t\u00e4psusega), mitu p\u00e4eva on m\u00f6\u00f6dunud lumesajust; marsruut &#8230;<\/p>\n","protected":false},"author":332,"featured_media":0,"parent":0,"menu_order":0,"comment_status":"closed","ping_status":"closed","template":"","meta":{"_acf_changed":false,"inline_featured_image":false,"footnotes":""},"class_list":["post-7","page","type-page","status-publish","hentry"],"acf":[],"_links":{"self":[{"href":"https:\/\/sisu.ut.ee\/jaljeloendusetalgud2024\/wp-json\/wp\/v2\/pages\/7","targetHints":{"allow":["GET"]}}],"collection":[{"href":"https:\/\/sisu.ut.ee\/jaljeloendusetalgud2024\/wp-json\/wp\/v2\/pages"}],"about":[{"href":"https:\/\/sisu.ut.ee\/jaljeloendusetalgud2024\/wp-json\/wp\/v2\/types\/page"}],"author":[{"embeddable":true,"href":"https:\/\/sisu.ut.ee\/jaljeloendusetalgud2024\/wp-json\/wp\/v2\/users\/332"}],"replies":[{"embeddable":true,"href":"https:\/\/sisu.ut.ee\/jaljeloendusetalgud2024\/wp-json\/wp\/v2\/comments?post=7"}],"version-history":[{"count":2,"href":"https:\/\/sisu.ut.ee\/jaljeloendusetalgud2024\/wp-json\/wp\/v2\/pages\/7\/revisions"}],"predecessor-version":[{"id":79,"href":"https:\/\/sisu.ut.ee\/jaljeloendusetalgud2024\/wp-json\/wp\/v2\/pages\/7\/revisions\/79"}],"wp:attachment":[{"href":"https:\/\/sisu.ut.ee\/jaljeloendusetalgud2024\/wp-json\/wp\/v2\/media?parent=7"}],"curies":[{"name":"wp","href":"https:\/\/api.w.org\/{rel}","templated":true}]}}