{"id":6,"date":"2024-04-04T09:11:55","date_gmt":"2024-04-04T06:11:55","guid":{"rendered":"https:\/\/sisu.ut.ee\/jaljeloendusetalgud2024\/kuidas-ja-kus-loendada\/"},"modified":"2024-04-19T15:39:49","modified_gmt":"2024-04-19T12:39:49","slug":"kuidas-ja-kus-loendada","status":"publish","type":"page","link":"https:\/\/sisu.ut.ee\/jaljeloendusetalgud2024\/kuidas-ja-kus-loendada\/","title":{"rendered":"KUIDAS, KUS JA KEDA LOENDADA?"},"content":{"rendered":"<p style=\"text-align: justify;\">Siinkohal kutsume kaasa l\u00f6\u00f6ma k\u00f5iki Eesti inimesi alates algklassilastest (koos oma \u00f5petajaga) kuni spetsialistide ja jahimeesteni. M\u00f5ne j\u00e4ljerea m\u00e4\u00e4ramisel h\u00e4tta j\u00e4\u00e4des saab meile saata sellest pildi, mille p\u00f5hjal saame aidata \u00f5ige liigini j\u00f5uda. Loendus algab selle aasta 25. jaanuarist ning kestab sobivate lumeolude korral 31. m\u00e4rtsini. Kui soovid Eesti imetajate talvise j\u00e4ljeloenduse vaatluse tegemiseks kaasa l\u00fc\u00fca, k\u00e4itu nii:<\/p>\n<ol>\n<li dir=\"ltr\">\n<p dir=\"ltr\" role=\"presentation\">vali selline p\u00e4ev, kui viimasest lumesajust on m\u00f6\u00f6dunud eelistatult \u00fcks-kaks\u00a0\u00f6\u00f6p\u00e4eva, et loomad j\u00f5uaksid juba parasjagu lumele j\u00e4lgi teha. Nii on imetajate j\u00e4ljed v\u00e4rsked ja neid on ka kergem m\u00e4\u00e4rata;<\/p>\n<\/li>\n<li dir=\"ltr\">\n<p dir=\"ltr\" role=\"presentation\">v\u00f5imalusel vali ka selline piirkond, kus v\u00e4hem inimesi, et hajutatust ja katvust tagada;<\/p>\n<\/li>\n<li dir=\"ltr\">\n<p dir=\"ltr\" role=\"presentation\">vali selline vaatluse teekond, mis oleks v\u00f5imalikult sirgjooneline ning vastab j\u00e4rgmistele kriteeriumitele: paikneb nii p\u00f5ldude vahel kui ka metsas (vahekord v\u00f5iks peegeldada erinevate elupaikade levikut piirkonnas, et m\u00e4rgataks nii metsas kui ka avamaal tegutsevaid loomi) ning oleks ka piisavalt kaugel suurematest asulatest (v\u00e4hemalt 300 m);<\/p>\n<\/li>\n<li dir=\"ltr\">\n<p dir=\"ltr\" role=\"presentation\">l\u00e4bitava teekonna pikkuseks v\u00f5iks olla 2-15 km.\u00a0Mida rohkem,\u00a0seda parem, sest rohkem t\u00e4psemaid andmeid \u00f5nnestub nii \u00fcheskoos koguda!<\/p>\n<\/li>\n<li dir=\"ltr\">\n<p dir=\"ltr\" role=\"presentation\">endale valitud transektil (vaatluse teekond) tuleb \u00fcles m\u00e4rkida k\u00f5ik v\u00e4rsked (s.t. lund mitte t\u00e4is sadanud) transektiga ristuvad<strong> p\u00f5dra, metskitse, metssea, hirve, hundi, ilvese, metsnugise, j\u00e4neste<\/strong> (liigini m\u00e4\u00e4rama ei pea, kuid v\u00f5ib proovida) ning <strong>orava <\/strong>j\u00e4ljeread.<\/p>\n<\/li>\n<li dir=\"ltr\">\n<p dir=\"ltr\" role=\"presentation\">edasta vaatlused kohe kas (1) PlutoF GO \u00e4ppi vahendusel valides projektiks \u201cJ\u00e4ljed lumel 2024\u201d (<a title=\"\" href=\"https:\/\/sisu.ut.ee\/jaljeloendusetalgud2024\/andmete-edastamine\" target=\"_blank\" rel=\"noopener\" data-url=\"https:\/\/sisu.ut.ee\/jaljeloendusetalgud2024\/andmete-edastamine\">juhend<\/a>)\u00a0v\u00f5i kui pole soovi telefoni eraldi \u00e4ppi selleks t\u00f5mmata, saad edastada oma vaatluste kokkuv\u00f5tte koos transekti pikkuse, vaatluse kuup\u00e4eva ja muu vajalikuga \u201csiin asuva\u201d\u00a0vormi abil: <a href=\"https:\/\/survey.ut.ee\/Imetajatejaljeloendus2024\" target=\"_blank\" rel=\"noopener\">https:\/\/survey.ut.ee\/Imetajatejaljeloendus2024<\/a>; (3) GPS-i kasutajad v\u00f5ivad meile edastada ka lihtsalt oma teekonna gpx faili, kus j\u00e4ljeread on m\u00e4rgitud punktidena koos vastava liigiinfoga (nt. punkt 1: 2 kitse, punkt 2: 4 p\u00f5tra vmt). Kindlasti m\u00e4rgi \u00e4ra ka vaatluse jooksul n\u00e4htud loomade liik ja arv (n\u00e4iteks metskitsed karjas jne). See on meie jaoks v\u00e4ga v\u00e4\u00e4rtuslik info.<\/p>\n<\/li>\n<\/ol>\n<p dir=\"ltr\" role=\"presentation\">NB! Kui l\u00e4hed metsa loendust tegema, v\u00f5ta akupank ka kaasa, sest k\u00fclma ilmaga saavad nutiseadmete akud ootamatult kiiresti t\u00fchjaks!<\/p>\n<p dir=\"ltr\" role=\"presentation\"><img loading=\"lazy\" decoding=\"async\" width=\"2560\" height=\"1707\" class=\"alignnone wp-image-23\" title=\"Hunt. Foto: Eleri Lopp\" src=\"https:\/\/sisu.ut.ee\/wp-content\/uploads\/sites\/673\/hunt_eleri_1-scaled.jpg\" alt=\"Hunt\" srcset=\"https:\/\/sisu.ut.ee\/wp-content\/uploads\/sites\/673\/hunt_eleri_1-scaled.jpg 2560w, https:\/\/sisu.ut.ee\/wp-content\/uploads\/sites\/673\/hunt_eleri_1-300x200.jpg 300w, https:\/\/sisu.ut.ee\/wp-content\/uploads\/sites\/673\/hunt_eleri_1-1024x683.jpg 1024w, https:\/\/sisu.ut.ee\/wp-content\/uploads\/sites\/673\/hunt_eleri_1-768x512.jpg 768w, https:\/\/sisu.ut.ee\/wp-content\/uploads\/sites\/673\/hunt_eleri_1-1536x1024.jpg 1536w, https:\/\/sisu.ut.ee\/wp-content\/uploads\/sites\/673\/hunt_eleri_1-2048x1365.jpg 2048w, https:\/\/sisu.ut.ee\/wp-content\/uploads\/sites\/673\/hunt_eleri_1-1920x1280.jpg 1920w\" sizes=\"auto, (max-width: 2560px) 100vw, 2560px\"><\/p>\n","protected":false},"excerpt":{"rendered":"<p>Siinkohal kutsume kaasa l\u00f6\u00f6ma k\u00f5iki Eesti inimesi alates algklassilastest (koos oma \u00f5petajaga) kuni spetsialistide ja jahimeesteni. M\u00f5ne j\u00e4ljerea m\u00e4\u00e4ramisel h\u00e4tta j\u00e4\u00e4des saab meile saata sellest pildi, mille p\u00f5hjal saame aidata \u00f5ige liigini j\u00f5uda. Loendus algab selle aasta 25. jaanuarist ning &#8230;<\/p>\n","protected":false},"author":332,"featured_media":0,"parent":0,"menu_order":0,"comment_status":"closed","ping_status":"closed","template":"","meta":{"_acf_changed":false,"inline_featured_image":false,"footnotes":""},"class_list":["post-6","page","type-page","status-publish","hentry"],"acf":[],"_links":{"self":[{"href":"https:\/\/sisu.ut.ee\/jaljeloendusetalgud2024\/wp-json\/wp\/v2\/pages\/6","targetHints":{"allow":["GET"]}}],"collection":[{"href":"https:\/\/sisu.ut.ee\/jaljeloendusetalgud2024\/wp-json\/wp\/v2\/pages"}],"about":[{"href":"https:\/\/sisu.ut.ee\/jaljeloendusetalgud2024\/wp-json\/wp\/v2\/types\/page"}],"author":[{"embeddable":true,"href":"https:\/\/sisu.ut.ee\/jaljeloendusetalgud2024\/wp-json\/wp\/v2\/users\/332"}],"replies":[{"embeddable":true,"href":"https:\/\/sisu.ut.ee\/jaljeloendusetalgud2024\/wp-json\/wp\/v2\/comments?post=6"}],"version-history":[{"count":3,"href":"https:\/\/sisu.ut.ee\/jaljeloendusetalgud2024\/wp-json\/wp\/v2\/pages\/6\/revisions"}],"predecessor-version":[{"id":90,"href":"https:\/\/sisu.ut.ee\/jaljeloendusetalgud2024\/wp-json\/wp\/v2\/pages\/6\/revisions\/90"}],"wp:attachment":[{"href":"https:\/\/sisu.ut.ee\/jaljeloendusetalgud2024\/wp-json\/wp\/v2\/media?parent=6"}],"curies":[{"name":"wp","href":"https:\/\/api.w.org\/{rel}","templated":true}]}}