{"id":5,"date":"2024-04-04T09:11:55","date_gmt":"2024-04-04T06:11:55","guid":{"rendered":"https:\/\/sisu.ut.ee\/jaljeloendusetalgud2024\/abimaterjal\/"},"modified":"2024-04-04T09:12:31","modified_gmt":"2024-04-04T06:12:31","slug":"abimaterjal","status":"publish","type":"page","link":"https:\/\/sisu.ut.ee\/jaljeloendusetalgud2024\/abimaterjal\/","title":{"rendered":"ABIMATERJAL"},"content":{"rendered":"<p>\n\t1. Hundi j\u00e4lje m\u00e4\u00e4ramine\n<\/p>\n<p>\n\t<img loading=\"lazy\" decoding=\"async\" width=\"1554\" height=\"1137\" class=\"alignnone wp-image-20\" src=\"https:\/\/sisu.ut.ee\/wp-content\/uploads\/sites\/673\/hundi_ja_koera_jalje_eristamine2.jpg\" title=\"HUNDI JA KOERA J\u00c4LJE ERISTAMINE\" alt=\"HUNT VS KOER\" srcset=\"https:\/\/sisu.ut.ee\/wp-content\/uploads\/sites\/673\/hundi_ja_koera_jalje_eristamine2.jpg 1554w, https:\/\/sisu.ut.ee\/wp-content\/uploads\/sites\/673\/hundi_ja_koera_jalje_eristamine2-300x219.jpg 300w, https:\/\/sisu.ut.ee\/wp-content\/uploads\/sites\/673\/hundi_ja_koera_jalje_eristamine2-1024x749.jpg 1024w, https:\/\/sisu.ut.ee\/wp-content\/uploads\/sites\/673\/hundi_ja_koera_jalje_eristamine2-768x562.jpg 768w, https:\/\/sisu.ut.ee\/wp-content\/uploads\/sites\/673\/hundi_ja_koera_jalje_eristamine2-1536x1124.jpg 1536w\" sizes=\"auto, (max-width: 1554px) 100vw, 1554px\">\n<\/p>\n<p>\n\t\u00a0\n<\/p>\n<p>\n\t<img loading=\"lazy\" decoding=\"async\" width=\"1207\" height=\"2048\" class=\"alignnone wp-image-21\" src=\"https:\/\/sisu.ut.ee\/wp-content\/uploads\/sites\/673\/sugv_ja_kerge_lumi_hunt.jpg\" title=\"S\u00dcGAVAS JA KERGES LUMES ON HUNDIJ\u00c4LJED EBASELGEMAD. ESIK\u00c4PA J\u00c4LJED ON N\u00c4HTAVAD NING J\u00c4LG ON PIKLIK.\" alt=\"HUNDIJ\u00c4LJED S\u00dcGAVAS JA KERGES LUMES\" srcset=\"https:\/\/sisu.ut.ee\/wp-content\/uploads\/sites\/673\/sugv_ja_kerge_lumi_hunt.jpg 1207w, https:\/\/sisu.ut.ee\/wp-content\/uploads\/sites\/673\/sugv_ja_kerge_lumi_hunt-177x300.jpg 177w, https:\/\/sisu.ut.ee\/wp-content\/uploads\/sites\/673\/sugv_ja_kerge_lumi_hunt-604x1024.jpg 604w, https:\/\/sisu.ut.ee\/wp-content\/uploads\/sites\/673\/sugv_ja_kerge_lumi_hunt-768x1303.jpg 768w, https:\/\/sisu.ut.ee\/wp-content\/uploads\/sites\/673\/sugv_ja_kerge_lumi_hunt-905x1536.jpg 905w\" sizes=\"auto, (max-width: 1207px) 100vw, 1207px\">\n<\/p>\n<p>\n\t\u00a0\n<\/p>\n<p>\n\t\u00a0\n<\/p>\n<p>\n\t\u00a0<\/p>\n","protected":false},"excerpt":{"rendered":"<p>1. Hundi j\u00e4lje m\u00e4\u00e4ramine \u00a0 \u00a0 \u00a0 \u00a0<\/p>\n","protected":false},"author":332,"featured_media":0,"parent":0,"menu_order":0,"comment_status":"closed","ping_status":"closed","template":"","meta":{"_acf_changed":false,"inline_featured_image":false,"footnotes":""},"class_list":["post-5","page","type-page","status-publish","hentry"],"acf":[],"_links":{"self":[{"href":"https:\/\/sisu.ut.ee\/jaljeloendusetalgud2024\/wp-json\/wp\/v2\/pages\/5","targetHints":{"allow":["GET"]}}],"collection":[{"href":"https:\/\/sisu.ut.ee\/jaljeloendusetalgud2024\/wp-json\/wp\/v2\/pages"}],"about":[{"href":"https:\/\/sisu.ut.ee\/jaljeloendusetalgud2024\/wp-json\/wp\/v2\/types\/page"}],"author":[{"embeddable":true,"href":"https:\/\/sisu.ut.ee\/jaljeloendusetalgud2024\/wp-json\/wp\/v2\/users\/332"}],"replies":[{"embeddable":true,"href":"https:\/\/sisu.ut.ee\/jaljeloendusetalgud2024\/wp-json\/wp\/v2\/comments?post=5"}],"version-history":[{"count":1,"href":"https:\/\/sisu.ut.ee\/jaljeloendusetalgud2024\/wp-json\/wp\/v2\/pages\/5\/revisions"}],"predecessor-version":[{"id":69,"href":"https:\/\/sisu.ut.ee\/jaljeloendusetalgud2024\/wp-json\/wp\/v2\/pages\/5\/revisions\/69"}],"wp:attachment":[{"href":"https:\/\/sisu.ut.ee\/jaljeloendusetalgud2024\/wp-json\/wp\/v2\/media?parent=5"}],"curies":[{"name":"wp","href":"https:\/\/api.w.org\/{rel}","templated":true}]}}