{"id":3,"date":"2024-04-04T09:11:55","date_gmt":"2024-04-04T06:11:55","guid":{"rendered":"https:\/\/sisu.ut.ee\/jaljeloendusetalgud2024\/tahad-rohkem-teada-meediakajastused\/"},"modified":"2024-04-04T09:12:31","modified_gmt":"2024-04-04T06:12:31","slug":"tahad-rohkem-teada-meediakajastused","status":"publish","type":"page","link":"https:\/\/sisu.ut.ee\/jaljeloendusetalgud2024\/tahad-rohkem-teada-meediakajastused\/","title":{"rendered":"Tahad rohkem teada? Meediakajastused"},"content":{"rendered":"<p>\n\t\u00a0\n<\/p>\n<p>\n\t<img loading=\"lazy\" decoding=\"async\" width=\"742\" height=\"823\" class=\"alignnone wp-image-18\" src=\"https:\/\/sisu.ut.ee\/wp-content\/uploads\/sites\/673\/kuvatommis_2024-02-20_101854.png\" title=\"kuvatommis_2024-02-20_101854.png\" alt=\"Postimehes ilmunud artikkel j\u00e4ljeloenduse projektist\" srcset=\"https:\/\/sisu.ut.ee\/wp-content\/uploads\/sites\/673\/kuvatommis_2024-02-20_101854.png 742w, https:\/\/sisu.ut.ee\/wp-content\/uploads\/sites\/673\/kuvatommis_2024-02-20_101854-270x300.png 270w\" sizes=\"auto, (max-width: 742px) 100vw, 742px\">\n<\/p>\n<p>\n\tEdasi loe siit: https:\/\/arvamus.postimees.ee\/7945562\/tartu-ulikooli-terioloogid-koik-appi-metsloomi-kokku-lugema\n<\/p>\n<p>\n\tTutvustasime oma projekti\u00a0ka Vikerraadios:\n<\/p>\n<p>\n\t<img loading=\"lazy\" decoding=\"async\" width=\"1585\" height=\"615\" class=\"alignnone wp-image-17\" src=\"https:\/\/sisu.ut.ee\/wp-content\/uploads\/sites\/673\/kuvatommis_2024-02-20_101716.png\" title=\"kuvatommis_2024-02-20_101716.png\" alt=\"Maris Hindrikson Vikerraadios\" srcset=\"https:\/\/sisu.ut.ee\/wp-content\/uploads\/sites\/673\/kuvatommis_2024-02-20_101716.png 1585w, https:\/\/sisu.ut.ee\/wp-content\/uploads\/sites\/673\/kuvatommis_2024-02-20_101716-300x116.png 300w, https:\/\/sisu.ut.ee\/wp-content\/uploads\/sites\/673\/kuvatommis_2024-02-20_101716-1024x397.png 1024w, https:\/\/sisu.ut.ee\/wp-content\/uploads\/sites\/673\/kuvatommis_2024-02-20_101716-768x298.png 768w, https:\/\/sisu.ut.ee\/wp-content\/uploads\/sites\/673\/kuvatommis_2024-02-20_101716-1536x596.png 1536w\" sizes=\"auto, (max-width: 1585px) 100vw, 1585px\">\n<\/p>\n<p>\n\tKuula saadet siin: https:\/\/vikerraadio.err.ee\/1609222322\/labor-kiud-teras-jaljed-lumel\/63fb12f531453c90720b0b8acec92785\n<\/p>\n<p>\n\tEgle Tammeleht tutvustas meie tegemisi Terevisioonis:\n<\/p>\n<p>\n\t<img loading=\"lazy\" decoding=\"async\" width=\"1680\" height=\"805\" class=\"alignnone wp-image-15\" src=\"https:\/\/sisu.ut.ee\/wp-content\/uploads\/sites\/673\/kuvatommis_2024-02-20_100855.png\" title=\"kuvatommis_2024-02-20_100855.png\" alt=\"Egle Tammeleht Terevisioonis\" srcset=\"https:\/\/sisu.ut.ee\/wp-content\/uploads\/sites\/673\/kuvatommis_2024-02-20_100855.png 1680w, https:\/\/sisu.ut.ee\/wp-content\/uploads\/sites\/673\/kuvatommis_2024-02-20_100855-300x144.png 300w, https:\/\/sisu.ut.ee\/wp-content\/uploads\/sites\/673\/kuvatommis_2024-02-20_100855-1024x491.png 1024w, https:\/\/sisu.ut.ee\/wp-content\/uploads\/sites\/673\/kuvatommis_2024-02-20_100855-768x368.png 768w, https:\/\/sisu.ut.ee\/wp-content\/uploads\/sites\/673\/kuvatommis_2024-02-20_100855-1536x736.png 1536w\" sizes=\"auto, (max-width: 1680px) 100vw, 1680px\">\n<\/p>\n<p>\n\tTervet saatel\u00f5iku on v\u00f5imalik n\u00e4ha siin:\u00a0Terevisioon (alates 1:42:36) \u2013 https:\/\/etv.err.ee\/1609233413\/terevisioon (saade oli eetris 8.02.2024)\n<\/p>\n<p>\n\tMeeskonna tegemisi kajastas ka Aktuaalne kaamera:\n<\/p>\n<p>\n\t<img loading=\"lazy\" decoding=\"async\" width=\"1693\" height=\"822\" class=\"alignnone wp-image-16\" src=\"https:\/\/sisu.ut.ee\/wp-content\/uploads\/sites\/673\/kuvatommis_2024-02-20_101411.png\" title=\"kuvatommis_2024-02-20_101411.png\" alt=\"Urmas Roht tutvustamas Aktuaalses kaameras j\u00e4ljeloendust\" srcset=\"https:\/\/sisu.ut.ee\/wp-content\/uploads\/sites\/673\/kuvatommis_2024-02-20_101411.png 1693w, https:\/\/sisu.ut.ee\/wp-content\/uploads\/sites\/673\/kuvatommis_2024-02-20_101411-300x146.png 300w, https:\/\/sisu.ut.ee\/wp-content\/uploads\/sites\/673\/kuvatommis_2024-02-20_101411-1024x497.png 1024w, https:\/\/sisu.ut.ee\/wp-content\/uploads\/sites\/673\/kuvatommis_2024-02-20_101411-768x373.png 768w, https:\/\/sisu.ut.ee\/wp-content\/uploads\/sites\/673\/kuvatommis_2024-02-20_101411-1536x746.png 1536w\" sizes=\"auto, (max-width: 1693px) 100vw, 1693px\">\n<\/p>\n<p>\n\tKogu saatel\u00f5iku vaata siit:\u00a0Aktuaalne kaamera- (alates 31:08) \u2013 https:\/\/etv.err.ee\/1609240145\/aktuaalne-kaamera-ilm (saade oli eetris 16.02.2024)\u00a0\n<\/p>\n<p>\n\t\u00a0\n<\/p>\n<p>\n\t\u00a0<\/p>\n","protected":false},"excerpt":{"rendered":"<p>\u00a0 Edasi loe siit: https:\/\/arvamus.postimees.ee\/7945562\/tartu-ulikooli-terioloogid-koik-appi-metsloomi-kokku-lugema Tutvustasime oma projekti\u00a0ka Vikerraadios: Kuula saadet siin: https:\/\/vikerraadio.err.ee\/1609222322\/labor-kiud-teras-jaljed-lumel\/63fb12f531453c90720b0b8acec92785 Egle Tammeleht tutvustas meie tegemisi Terevisioonis: Tervet saatel\u00f5iku on v\u00f5imalik n\u00e4ha siin:\u00a0Terevisioon (alates 1:42:36) \u2013 https:\/\/etv.err.ee\/1609233413\/terevisioon (saade oli eetris 8.02.2024) Meeskonna tegemisi kajastas ka Aktuaalne kaamera: Kogu &#8230;<\/p>\n","protected":false},"author":332,"featured_media":0,"parent":0,"menu_order":0,"comment_status":"closed","ping_status":"closed","template":"","meta":{"_acf_changed":false,"inline_featured_image":false,"footnotes":""},"class_list":["post-3","page","type-page","status-publish","hentry"],"acf":[],"_links":{"self":[{"href":"https:\/\/sisu.ut.ee\/jaljeloendusetalgud2024\/wp-json\/wp\/v2\/pages\/3","targetHints":{"allow":["GET"]}}],"collection":[{"href":"https:\/\/sisu.ut.ee\/jaljeloendusetalgud2024\/wp-json\/wp\/v2\/pages"}],"about":[{"href":"https:\/\/sisu.ut.ee\/jaljeloendusetalgud2024\/wp-json\/wp\/v2\/types\/page"}],"author":[{"embeddable":true,"href":"https:\/\/sisu.ut.ee\/jaljeloendusetalgud2024\/wp-json\/wp\/v2\/users\/332"}],"replies":[{"embeddable":true,"href":"https:\/\/sisu.ut.ee\/jaljeloendusetalgud2024\/wp-json\/wp\/v2\/comments?post=3"}],"version-history":[{"count":1,"href":"https:\/\/sisu.ut.ee\/jaljeloendusetalgud2024\/wp-json\/wp\/v2\/pages\/3\/revisions"}],"predecessor-version":[{"id":71,"href":"https:\/\/sisu.ut.ee\/jaljeloendusetalgud2024\/wp-json\/wp\/v2\/pages\/3\/revisions\/71"}],"wp:attachment":[{"href":"https:\/\/sisu.ut.ee\/jaljeloendusetalgud2024\/wp-json\/wp\/v2\/media?parent=3"}],"curies":[{"name":"wp","href":"https:\/\/api.w.org\/{rel}","templated":true}]}}