{"id":13,"date":"2024-04-04T09:11:56","date_gmt":"2024-04-04T06:11:56","guid":{"rendered":"https:\/\/sisu.ut.ee\/jaljeloendusetalgud2024\/andmekaitsetingimused\/"},"modified":"2024-04-19T15:26:32","modified_gmt":"2024-04-19T12:26:32","slug":"andmekaitsetingimused","status":"publish","type":"page","link":"https:\/\/sisu.ut.ee\/jaljeloendusetalgud2024\/andmekaitsetingimused\/","title":{"rendered":"Andmekaitsetingimused"},"content":{"rendered":"<ol>\n<li><span style=\"background: white;\"><span style=\"line-height: normal;\"><span lang=\"ET\" style=\"border: nonewindowtext1.0pt; padding: 0cm;\"><span style=\"color: #3f3f3f;\">Kampaanias osalemine on vabatahtlik<\/span><\/span><\/span><\/span><\/li>\n<li><span lang=\"ET\" style=\"border: nonewindowtext1.0pt; padding: 0cm;\"><span style=\"color: black;\">Kui te olete ankeedis sisestanud oma e-posti aadressi, siis <\/span><\/span><span lang=\"ET\" style=\"border: nonewindowtext1.0pt; padding: 0cm;\"><span style=\"color: #3f3f3f;\">kasutab Tartu \u00dclikool seda ainult tagasiside andmiseks. <\/span><\/span><span lang=\"ET\" style=\"border: nonewindowtext1.0pt; padding: 0cm;\"><span style=\"color: black;\">Peale projekti l\u00f5ppu teie e-posti aadress kustutatakse.<\/span><\/span><\/li>\n<li><span style=\"color: #3f3f3f;\">Kui <\/span><span lang=\"ET\" style=\"border: nonewindowtext1.0pt; padding: 0cm;\"><span style=\"color: black;\">te jagate <\/span><\/span><span lang=\"ET\" style=\"border: nonewindowtext1.0pt; padding: 0cm;\"><span style=\"color: #3f3f3f;\">vaatlusvormi kaudu enda hetke asukohta (GPS-koordinaatidega), siis kasutame seda infot Eesti imetajate vaatluste asukoha <\/span><\/span><span lang=\"ET\" style=\"border: nonewindowtext1.0pt; padding: 0cm;\">m\u00e4\u00e4ramiseks ning teie isikuga seoseid ei loo.<\/span><\/li>\n<li>Teie esitatud vaatlusandmeid edastame teadust\u00f6\u00f6ks anon\u00fc\u00fcmsel kujul ning selle eesm\u00e4rk on hinnata Eesti imetajate talvise j\u00e4ljeloenduse vaatlustel sisestatud imetajaliikide arvukusindeksi m\u00e4\u00e4ramisel. Andmet\u00f6\u00f6tlust teevad Tartu \u00dclikooli teadlased.<\/li>\n<li><span lang=\"ET\" style=\"border: nonewindowtext1.0pt; padding: 0cm;\"><span style=\"color: black;\">Kui olete meiega jaganud oma e-posti aadressi, l\u00e4htume <\/span><\/span><a style=\"font-size: revert; font-weight: var(--bs-body-font-weight); text-align: var(--bs-body-text-align);\" href=\"https:\/\/ut.ee\/et\/sisu\/andmekaitsetingimused\" target=\"_blank\" rel=\"noopener\"><span style=\"border: nonewindowtext1.0pt; padding: 0cm;\">\u00fclikooli andmekaitsetingimustest<\/span><\/a><\/li>\n<\/ol>\n","protected":false},"excerpt":{"rendered":"<p>Kampaanias osalemine on vabatahtlik Kui te olete ankeedis sisestanud oma e-posti aadressi, siis kasutab Tartu \u00dclikool seda ainult tagasiside andmiseks. Peale projekti l\u00f5ppu teie e-posti aadress kustutatakse. Kui te jagate vaatlusvormi kaudu enda hetke asukohta (GPS-koordinaatidega), siis kasutame seda infot &#8230;<\/p>\n","protected":false},"author":332,"featured_media":0,"parent":0,"menu_order":0,"comment_status":"closed","ping_status":"closed","template":"","meta":{"_acf_changed":false,"inline_featured_image":false,"footnotes":""},"class_list":["post-13","page","type-page","status-publish","hentry"],"acf":[],"_links":{"self":[{"href":"https:\/\/sisu.ut.ee\/jaljeloendusetalgud2024\/wp-json\/wp\/v2\/pages\/13","targetHints":{"allow":["GET"]}}],"collection":[{"href":"https:\/\/sisu.ut.ee\/jaljeloendusetalgud2024\/wp-json\/wp\/v2\/pages"}],"about":[{"href":"https:\/\/sisu.ut.ee\/jaljeloendusetalgud2024\/wp-json\/wp\/v2\/types\/page"}],"author":[{"embeddable":true,"href":"https:\/\/sisu.ut.ee\/jaljeloendusetalgud2024\/wp-json\/wp\/v2\/users\/332"}],"replies":[{"embeddable":true,"href":"https:\/\/sisu.ut.ee\/jaljeloendusetalgud2024\/wp-json\/wp\/v2\/comments?post=13"}],"version-history":[{"count":3,"href":"https:\/\/sisu.ut.ee\/jaljeloendusetalgud2024\/wp-json\/wp\/v2\/pages\/13\/revisions"}],"predecessor-version":[{"id":78,"href":"https:\/\/sisu.ut.ee\/jaljeloendusetalgud2024\/wp-json\/wp\/v2\/pages\/13\/revisions\/78"}],"wp:attachment":[{"href":"https:\/\/sisu.ut.ee\/jaljeloendusetalgud2024\/wp-json\/wp\/v2\/media?parent=13"}],"curies":[{"name":"wp","href":"https:\/\/api.w.org\/{rel}","templated":true}]}}