{"id":12,"date":"2024-04-04T09:11:56","date_gmt":"2024-04-04T06:11:56","guid":{"rendered":"https:\/\/sisu.ut.ee\/jaljeloendusetalgud2024\/janeselised-ja-narilised\/"},"modified":"2024-04-04T09:12:30","modified_gmt":"2024-04-04T06:12:30","slug":"janeselised-ja-narilised","status":"publish","type":"page","link":"https:\/\/sisu.ut.ee\/jaljeloendusetalgud2024\/janeselised-ja-narilised\/","title":{"rendered":"J\u00e4neselised ja n\u00e4rilised"},"content":{"rendered":"<p>\n\t<strong>1. J\u00e4nesed<\/strong>\n<\/p>\n<p style=\"text-align: justify\">\n\t<span lang=\"ET\"><span style=\"line-height:107%\"><span style=\",serif\">J\u00e4neste tagak\u00e4paj\u00e4ljendid asuvad esik\u00e4paj\u00e4ljenditest eespool, paiknevad k\u00f5rvuti ning on m\u00e4rgatavalt (valgej\u00e4nes) v\u00f5i veidi suuremad (hallj\u00e4nes) kui esik\u00e4pa j\u00e4ljendid. Esik\u00e4pa j\u00e4ljendid ei ole k\u00f5rvuti vaid sirgelt v\u00f5i veidi viltu ridamisi. <\/span><\/span><\/span>\n<\/p>\n<p style=\"text-align: justify\">\n\t<span lang=\"ET\"><span style=\"line-height:107%\"><span style=\",serif\">Valgej\u00e4nese k\u00e4paj\u00e4ljed on \u00fcmarad, hallj\u00e4nesel piklikumad, kuid j\u00e4ljeloenduse raames pole h\u00e4davajalik j\u00e4neseliike eristada. \u00dcksikut valgej\u00e4nese tagak\u00e4paj\u00e4lge v\u00f5ib segamini ajada ilvese k\u00e4paj\u00e4ljega, kuna on suur ja \u00fcmar, kuid j\u00e4nese \u00fcksikus j\u00e4ljes v\u00f5iks t\u00e4helepanelikul vaatlemisel m\u00e4rgata ka k\u00fc\u00fcnise j\u00e4lgi. Kahtluse puhul tuleb otsida ka j\u00e4ljerea j\u00e4rgmisi j\u00e4lgi \u2013 ilvese j\u00e4ljed on reas \u00fcksikult, j\u00e4nesel neljakaupa grupis.<\/span><\/span><\/span>\n<\/p>\n<p style=\"text-align: justify\">\n\t<img loading=\"lazy\" decoding=\"async\" width=\"1365\" height=\"2048\" class=\"alignnone wp-image-42\" src=\"https:\/\/sisu.ut.ee\/wp-content\/uploads\/sites\/673\/janes.jpg\" title=\"janes.jpg\" alt=\"J\u00e4nes\" srcset=\"https:\/\/sisu.ut.ee\/wp-content\/uploads\/sites\/673\/janes.jpg 1365w, https:\/\/sisu.ut.ee\/wp-content\/uploads\/sites\/673\/janes-200x300.jpg 200w, https:\/\/sisu.ut.ee\/wp-content\/uploads\/sites\/673\/janes-683x1024.jpg 683w, https:\/\/sisu.ut.ee\/wp-content\/uploads\/sites\/673\/janes-768x1152.jpg 768w, https:\/\/sisu.ut.ee\/wp-content\/uploads\/sites\/673\/janes-1024x1536.jpg 1024w\" sizes=\"auto, (max-width: 1365px) 100vw, 1365px\">\n<\/p>\n<p style=\"text-align: justify\">\n\t<strong>2. Orav<\/strong>\n<\/p>\n<p style=\"text-align: justify\">\n\tOrava tagak\u00e4ppade j\u00e4ljed on esik\u00e4pa omadest suuremad ning asuvad esik\u00e4pa j\u00e4lgedest eespool. Liigub alati h\u00fcpetega, h\u00fcppe j\u00e4lgede vahemaa v\u00f5ib olla\u00a0 erinev (kuni 2m) s\u00f5ltuvalt liikumiskiirusest ja -oludest. J\u00e4nese j\u00e4lgedest oluliselt v\u00e4iksemad ning esik\u00e4ppade j\u00e4ljed on k\u00f5rvuti. Kohevas lumes v\u00f5ivad meenutada nugise j\u00e4lgi, kuid erinevalt nugisest ei ole orava k\u00e4paj\u00e4ljed paralleelsed, vaid nurga all.\n<\/p>\n<p style=\"text-align: justify\">\n\t<img loading=\"lazy\" decoding=\"async\" width=\"996\" height=\"2048\" class=\"alignnone wp-image-43\" src=\"https:\/\/sisu.ut.ee\/wp-content\/uploads\/sites\/673\/orav.jpg\" title=\"orav.jpg\" alt=\"Orav\" srcset=\"https:\/\/sisu.ut.ee\/wp-content\/uploads\/sites\/673\/orav.jpg 996w, https:\/\/sisu.ut.ee\/wp-content\/uploads\/sites\/673\/orav-146x300.jpg 146w, https:\/\/sisu.ut.ee\/wp-content\/uploads\/sites\/673\/orav-498x1024.jpg 498w, https:\/\/sisu.ut.ee\/wp-content\/uploads\/sites\/673\/orav-768x1579.jpg 768w, https:\/\/sisu.ut.ee\/wp-content\/uploads\/sites\/673\/orav-747x1536.jpg 747w\" sizes=\"auto, (max-width: 996px) 100vw, 996px\">\n<\/p>\n<p style=\"text-align: justify\">\n\t\u00a0<\/p>\n","protected":false},"excerpt":{"rendered":"<p>1. J\u00e4nesed J\u00e4neste tagak\u00e4paj\u00e4ljendid asuvad esik\u00e4paj\u00e4ljenditest eespool, paiknevad k\u00f5rvuti ning on m\u00e4rgatavalt (valgej\u00e4nes) v\u00f5i veidi suuremad (hallj\u00e4nes) kui esik\u00e4pa j\u00e4ljendid. Esik\u00e4pa j\u00e4ljendid ei ole k\u00f5rvuti vaid sirgelt v\u00f5i veidi viltu ridamisi. Valgej\u00e4nese k\u00e4paj\u00e4ljed on \u00fcmarad, hallj\u00e4nesel piklikumad, kuid j\u00e4ljeloenduse raames &#8230;<\/p>\n","protected":false},"author":332,"featured_media":0,"parent":0,"menu_order":0,"comment_status":"closed","ping_status":"closed","template":"","meta":{"_acf_changed":false,"inline_featured_image":false,"footnotes":""},"class_list":["post-12","page","type-page","status-publish","hentry"],"acf":[],"_links":{"self":[{"href":"https:\/\/sisu.ut.ee\/jaljeloendusetalgud2024\/wp-json\/wp\/v2\/pages\/12","targetHints":{"allow":["GET"]}}],"collection":[{"href":"https:\/\/sisu.ut.ee\/jaljeloendusetalgud2024\/wp-json\/wp\/v2\/pages"}],"about":[{"href":"https:\/\/sisu.ut.ee\/jaljeloendusetalgud2024\/wp-json\/wp\/v2\/types\/page"}],"author":[{"embeddable":true,"href":"https:\/\/sisu.ut.ee\/jaljeloendusetalgud2024\/wp-json\/wp\/v2\/users\/332"}],"replies":[{"embeddable":true,"href":"https:\/\/sisu.ut.ee\/jaljeloendusetalgud2024\/wp-json\/wp\/v2\/comments?post=12"}],"version-history":[{"count":1,"href":"https:\/\/sisu.ut.ee\/jaljeloendusetalgud2024\/wp-json\/wp\/v2\/pages\/12\/revisions"}],"predecessor-version":[{"id":62,"href":"https:\/\/sisu.ut.ee\/jaljeloendusetalgud2024\/wp-json\/wp\/v2\/pages\/12\/revisions\/62"}],"wp:attachment":[{"href":"https:\/\/sisu.ut.ee\/jaljeloendusetalgud2024\/wp-json\/wp\/v2\/media?parent=12"}],"curies":[{"name":"wp","href":"https:\/\/api.w.org\/{rel}","templated":true}]}}