{"id":11,"date":"2024-04-04T09:11:56","date_gmt":"2024-04-04T06:11:56","guid":{"rendered":"https:\/\/sisu.ut.ee\/jaljeloendusetalgud2024\/kiskjaliste-jaljed\/"},"modified":"2024-04-04T09:12:31","modified_gmt":"2024-04-04T06:12:31","slug":"kiskjaliste-jaljed","status":"publish","type":"page","link":"https:\/\/sisu.ut.ee\/jaljeloendusetalgud2024\/kiskjaliste-jaljed\/","title":{"rendered":"Kiskjaliste j\u00e4ljed"},"content":{"rendered":"<p style=\"margin-bottom:.0001pt\">\n\t<span style=\"line-height:115%\"><b><span lang=\"ET\"><span style=\"line-height:115%\">1. Hunt<\/span><\/span><\/b><\/span>\n<\/p>\n<p style=\"margin-bottom:.0001pt\">\n\t<span style=\"line-height:115%\">S\u00fcgavas ja kerges lumes, on hundij\u00e4ljed ebaselgemad. Siiski on enamasti esik\u00e4pa j\u00e4ljed n\u00e4htavad ning j\u00e4lg on piklik. Esik\u00e4pa j\u00e4lje pikkus on 10-11 cm.<\/span>\n<\/p>\n<p style=\"margin-bottom:.0001pt\">\n\t<img loading=\"lazy\" decoding=\"async\" width=\"610\" height=\"728\" class=\"alignnone wp-image-35\" src=\"https:\/\/sisu.ut.ee\/wp-content\/uploads\/sites\/673\/hunt_sygav_jakerge.png\" title=\"hunt_sygav_jakerge.png\" alt=\"Hundi j\u00e4lg\" srcset=\"https:\/\/sisu.ut.ee\/wp-content\/uploads\/sites\/673\/hunt_sygav_jakerge.png 610w, https:\/\/sisu.ut.ee\/wp-content\/uploads\/sites\/673\/hunt_sygav_jakerge-251x300.png 251w\" sizes=\"auto, (max-width: 610px) 100vw, 610px\">\n<\/p>\n<p style=\"margin-bottom:.0001pt\">\n\t\u00a0\n<\/p>\n<p style=\"margin-top:0cm;margin-right:-51.6pt;margin-bottom:.0001pt;margin-left:0cm\">\n\t<span style=\"line-height:115%\">Hundij\u00e4ljed liivas ja lumes. Esik\u00e4ppade j\u00e4ljed on veidi suuremad ja laiemad\u00a0kui tagak\u00e4ppade omad. Iseloomulikuks on j\u00e4lgede suur s\u00fcmmeetrilisus, kolmnurksed padjakesed v\u00e4limistel varvastel, n\u00e4htav t\u00e4ht \u201cX\u201d v\u00f5i viisnurk.<\/span>\n<\/p>\n<p style=\"margin-top:0cm;margin-right:-51.6pt;margin-bottom:.0001pt;margin-left:0cm\">\n\t<img loading=\"lazy\" decoding=\"async\" width=\"970\" height=\"437\" class=\"alignnone wp-image-36\" src=\"https:\/\/sisu.ut.ee\/wp-content\/uploads\/sites\/673\/hunt_liival_ja_lumel.jpg\" title=\"hunt_liival_ja_lumel.jpg\" alt=\"Hunt liival ja lumel\" srcset=\"https:\/\/sisu.ut.ee\/wp-content\/uploads\/sites\/673\/hunt_liival_ja_lumel.jpg 970w, https:\/\/sisu.ut.ee\/wp-content\/uploads\/sites\/673\/hunt_liival_ja_lumel-300x135.jpg 300w, https:\/\/sisu.ut.ee\/wp-content\/uploads\/sites\/673\/hunt_liival_ja_lumel-768x346.jpg 768w\" sizes=\"auto, (max-width: 970px) 100vw, 970px\">\n<\/p>\n<p style=\"margin-bottom:.0001pt\">\n\tHundij\u00e4ljeread. Sellise v\u00e4ga sirge j\u00e4ljerea v\u00f5ivad endast maha j\u00e4tta nii \u00fcksik hunt, kui ka terve kari. Seet\u00f5ttu v\u00f5ib neid olla raske taoliste j\u00e4leridade alusel lugeda, lihtsam on hunte loendada teede \u00fcletamisel, kui eri loomade j\u00e4ljed \u00fcksteisest lahknevad.\n<\/p>\n<p style=\"margin-bottom:.0001pt\">\n\t<img loading=\"lazy\" decoding=\"async\" width=\"380\" height=\"358\" class=\"alignnone wp-image-40\" src=\"https:\/\/sisu.ut.ee\/wp-content\/uploads\/sites\/673\/hundi_jaljerida.jpg\" title=\"hundi_jaljerida.jpg\" alt=\"Hundi j\u00e4ljerida\" srcset=\"https:\/\/sisu.ut.ee\/wp-content\/uploads\/sites\/673\/hundi_jaljerida.jpg 380w, https:\/\/sisu.ut.ee\/wp-content\/uploads\/sites\/673\/hundi_jaljerida-300x283.jpg 300w\" sizes=\"auto, (max-width: 380px) 100vw, 380px\">\n<\/p>\n<p style=\"margin-bottom:.0001pt\">\n\t\u00a0\n<\/p>\n<p style=\"margin-bottom:.0001pt\">\n\t<strong>2. Ilves<\/strong>\n<\/p>\n<p style=\"margin-bottom:.0001pt\">\n\t<span style=\"line-height:115%\">Ilvese j\u00e4ljed kruusal ja lumel. Ilvesej\u00e4lje puhul on iseloomulikuks tunnuseks j\u00e4lje ass\u00fcmeetria. J\u00e4lg meenutab suure kassi j\u00e4lge. Esik\u00e4pa j\u00e4lje pikkuseks on 7-9 cm, tagumise k\u00e4pa j\u00e4lg on natuke v\u00e4iksem.<\/span>\n<\/p>\n<p style=\"margin-top:0cm;margin-right:-51.6pt;margin-bottom:.0001pt;margin-left:0cm\">\n\t<img loading=\"lazy\" decoding=\"async\" width=\"885\" height=\"404\" class=\"alignnone wp-image-37\" src=\"https:\/\/sisu.ut.ee\/wp-content\/uploads\/sites\/673\/ilvese_jalg_kruusal_lumel.png\" title=\"ilvese_jalg_kruusal_lumel.png\" alt=\"Ilves kruusal lumel\" srcset=\"https:\/\/sisu.ut.ee\/wp-content\/uploads\/sites\/673\/ilvese_jalg_kruusal_lumel.png 885w, https:\/\/sisu.ut.ee\/wp-content\/uploads\/sites\/673\/ilvese_jalg_kruusal_lumel-300x137.png 300w, https:\/\/sisu.ut.ee\/wp-content\/uploads\/sites\/673\/ilvese_jalg_kruusal_lumel-768x351.png 768w\" sizes=\"auto, (max-width: 885px) 100vw, 885px\">\n<\/p>\n<p style=\"margin-top:0cm;margin-right:-51.6pt;margin-bottom:.0001pt;margin-left:0cm\">\n\t\u00a0\n<\/p>\n<p style=\"margin-top:0cm;margin-right:-51.6pt;margin-bottom:.0001pt;margin-left:0cm\">\n\t<span style=\"line-height:115%\">Ilvesej\u00e4ljed on v\u00e4hese lume peal v\u00f5i s\u00fcgavas lumes v\u00e4ga erinevad. S\u00fcgavas lumes v\u00f5ivad j\u00e4\u00e4da ka k\u00fc\u00fcnej\u00e4ljed n\u00e4ha, mille t\u00f5ttu v\u00f5ib neid j\u00e4lgi sassi ajada hundiga. <\/span>\n<\/p>\n<p style=\"margin-top:0cm;margin-right:-51.6pt;margin-bottom:.0001pt;margin-left:0cm\">\n\t<img loading=\"lazy\" decoding=\"async\" width=\"889\" height=\"438\" class=\"alignnone wp-image-38\" src=\"https:\/\/sisu.ut.ee\/wp-content\/uploads\/sites\/673\/ilvese_jalg_vahesel_sygavas_lumes.png\" title=\"ilvese_jalg_vahesel_sygavas_lumes.png\" alt=\"Ilves v\u00e4hesel lumel\" srcset=\"https:\/\/sisu.ut.ee\/wp-content\/uploads\/sites\/673\/ilvese_jalg_vahesel_sygavas_lumes.png 889w, https:\/\/sisu.ut.ee\/wp-content\/uploads\/sites\/673\/ilvese_jalg_vahesel_sygavas_lumes-300x148.png 300w, https:\/\/sisu.ut.ee\/wp-content\/uploads\/sites\/673\/ilvese_jalg_vahesel_sygavas_lumes-768x378.png 768w\" sizes=\"auto, (max-width: 889px) 100vw, 889px\">\n<\/p>\n<p style=\"margin-top:0cm;margin-right:-51.6pt;margin-bottom:.0001pt;margin-left:0cm\">\n\t\u00a0\n<\/p>\n<p style=\"margin-top:0cm;margin-right:-51.6pt;margin-bottom:.0001pt;margin-left:0cm\">\n\t<span style=\"line-height:115%\">Suuruse ja j\u00e4lgede asetuse poolest sarnaneb ilvese j\u00e4ljerida hundi omaga.<\/span>\n<\/p>\n<p style=\"margin-bottom:.0001pt\">\n\t<img loading=\"lazy\" decoding=\"async\" width=\"696\" height=\"308\" class=\"alignnone wp-image-39\" src=\"https:\/\/sisu.ut.ee\/wp-content\/uploads\/sites\/673\/ilvese_laljerida.png\" title=\"ilvese_laljerida.png\" alt=\"Ilvese j\u00e4ljerida\" srcset=\"https:\/\/sisu.ut.ee\/wp-content\/uploads\/sites\/673\/ilvese_laljerida.png 696w, https:\/\/sisu.ut.ee\/wp-content\/uploads\/sites\/673\/ilvese_laljerida-300x133.png 300w\" sizes=\"auto, (max-width: 696px) 100vw, 696px\">\n<\/p>\n<p style=\"margin-top:0cm;margin-right:-51.6pt;margin-bottom:.0001pt;margin-left:0cm\">\n\t\u00a0\n<\/p>\n<p style=\"margin-top:0cm;margin-right:-51.6pt;margin-bottom:.0001pt;margin-left:0cm\">\n\t3. <strong>Metsnugis<\/strong>\n<\/p>\n<p style=\"margin-top:0cm;margin-right:-51.6pt;margin-bottom:.0001pt;margin-left:0cm\">\n\t<span lang=\"ET\"><span style=\"line-height:107%\"><span>Metsnugis on meie metsade umbes kassisuurune vilgas k\u00e4rplane. Metsnugise esi- ja tagajalgadel on viis k\u00fc\u00fcnistega varvast. Esijala j\u00e4lg lumes on 5\u20137 cm pikk, tagajalal 5 cm. Metsnugis liigub tavaliselt h\u00fcpates, mist\u00f5ttu koosneb tema j\u00e4ljerida enamasti paarisj\u00e4lgedest, kus loom on asetanud oma tagak\u00e4pad t\u00e4pselt esik\u00e4ppade j\u00e4lgedesse, h\u00fcpete vahe on 50\u201370 cm.<\/span><\/span><\/span>\n<\/p>\n<p style=\"margin-top:0cm;margin-right:-51.6pt;margin-bottom:.0001pt;margin-left:0cm\">\n\t<img loading=\"lazy\" decoding=\"async\" width=\"606\" height=\"744\" class=\"alignnone wp-image-41\" style=\"float: left\" src=\"https:\/\/sisu.ut.ee\/wp-content\/uploads\/sites\/673\/metsnugis.png\" title=\"Foto autor: Arne Ader\" alt=\"Metsnugis\" srcset=\"https:\/\/sisu.ut.ee\/wp-content\/uploads\/sites\/673\/metsnugis.png 606w, https:\/\/sisu.ut.ee\/wp-content\/uploads\/sites\/673\/metsnugis-244x300.png 244w\" sizes=\"auto, (max-width: 606px) 100vw, 606px\">\n<\/p>\n<p style=\"margin-bottom:.0001pt\">\n\t\u00a0<\/p>\n","protected":false},"excerpt":{"rendered":"<p>1. Hunt S\u00fcgavas ja kerges lumes, on hundij\u00e4ljed ebaselgemad. Siiski on enamasti esik\u00e4pa j\u00e4ljed n\u00e4htavad ning j\u00e4lg on piklik. Esik\u00e4pa j\u00e4lje pikkus on 10-11 cm. \u00a0 Hundij\u00e4ljed liivas ja lumes. Esik\u00e4ppade j\u00e4ljed on veidi suuremad ja laiemad\u00a0kui tagak\u00e4ppade omad. Iseloomulikuks &#8230;<\/p>\n","protected":false},"author":332,"featured_media":0,"parent":0,"menu_order":0,"comment_status":"closed","ping_status":"closed","template":"","meta":{"_acf_changed":false,"inline_featured_image":false,"footnotes":""},"class_list":["post-11","page","type-page","status-publish","hentry"],"acf":[],"_links":{"self":[{"href":"https:\/\/sisu.ut.ee\/jaljeloendusetalgud2024\/wp-json\/wp\/v2\/pages\/11","targetHints":{"allow":["GET"]}}],"collection":[{"href":"https:\/\/sisu.ut.ee\/jaljeloendusetalgud2024\/wp-json\/wp\/v2\/pages"}],"about":[{"href":"https:\/\/sisu.ut.ee\/jaljeloendusetalgud2024\/wp-json\/wp\/v2\/types\/page"}],"author":[{"embeddable":true,"href":"https:\/\/sisu.ut.ee\/jaljeloendusetalgud2024\/wp-json\/wp\/v2\/users\/332"}],"replies":[{"embeddable":true,"href":"https:\/\/sisu.ut.ee\/jaljeloendusetalgud2024\/wp-json\/wp\/v2\/comments?post=11"}],"version-history":[{"count":1,"href":"https:\/\/sisu.ut.ee\/jaljeloendusetalgud2024\/wp-json\/wp\/v2\/pages\/11\/revisions"}],"predecessor-version":[{"id":63,"href":"https:\/\/sisu.ut.ee\/jaljeloendusetalgud2024\/wp-json\/wp\/v2\/pages\/11\/revisions\/63"}],"wp:attachment":[{"href":"https:\/\/sisu.ut.ee\/jaljeloendusetalgud2024\/wp-json\/wp\/v2\/media?parent=11"}],"curies":[{"name":"wp","href":"https:\/\/api.w.org\/{rel}","templated":true}]}}