{"id":90,"date":"2024-04-04T07:04:55","date_gmt":"2024-04-04T04:04:55","guid":{"rendered":"https:\/\/sisu.ut.ee\/islam\/excises-3\/"},"modified":"2024-04-04T07:05:18","modified_gmt":"2024-04-04T04:05:18","slug":"excises-3","status":"publish","type":"page","link":"https:\/\/sisu.ut.ee\/islam\/excises-3\/?lang=et","title":{"rendered":"Koosta tunni kirjeldus"},"content":{"rendered":"<p>\n\t<strong>Koosta tunni kirjeldus<\/strong>, kuidas\u00a0r\u00e4\u00e4gid \u00f5pilastele v\u00f5i \u00fcli\u00f5pilastele\u00a0erinevate islamitraditsioonide\u00a0ja p\u00fchade pidamisest. Kasuta v\u00f5rdlust nt Euroopa erinevate\u00a0j\u00f5ulutraditsioonidega.\u00a0Anal\u00fc\u00fcsi, mis on nende erinevate t\u00e4htp\u00e4evade juures nii Eestis kui islamimaades seotud rahvuse ja kultuuriga ning mis on seotud usuga.\n<\/p>\n<p>\n\tEesti on erinev Saksamaast ja Saksamaa on erinev Skandinaaviast. Palju erinevusi tuleb esile kui vaatleme, kuidas erinevates riikides ja kultuurides p\u00fchi peetakse nt j\u00f5uludega seotud traditsioonid.\u00a0Saksamaal peetakse Nikolause p\u00e4eva 6. detsembril, mil p\u00fcha Nikolaus toob lastele kingitusi. Rootsis peetakse p\u00fcha Lucia p\u00e4ev, kus naised kannavad k\u00fc\u00fcnlap\u00e4rgi ja lauldakse Lucia laule. Neid j\u00f5uludega seotud rituaale Eestis ei t\u00e4histata. Islami maailm on samuti v\u00e4ga kirju\u00a0ja erinevaid p\u00fchi peetakse erinevalt,\u00a0nt a\u0161ura p\u00fcha Iraanis ja hosay p\u00fcha Trinidadil.\n<\/p>\n<p>\n\t\u00a0\n<\/p>\n<p>\n\t<b><span lang=\"ET\"><span style=\"line-height:107%\"><span style=\",serif\"><div class=\"accordion mb-3\">\n        <div class=\"accordion-item accordion-item--white\">\n        <h2 class=\"accordion-header\" id=\"accordion-69f252589d032-heading\">\n            <button class=\"accordion-button collapsed\" type=\"button\" data-bs-toggle=\"collapse\" data-bs-target=\"#accordion-69f252589d032-collapse\" aria-expanded=\"true\" aria-controls=\"accordion-69f252589d032-collapse\">Eesti<\/button>\n        <\/h2>\n        <div id=\"accordion-69f252589d032-collapse\" class=\"accordion-collapse collapse\" aria-labelledby=\"accordion-69f252589d032-heading\">\n            <div class=\"accordion-body\">\n\n<p>\n\t<strong>J\u00f5ulud<\/strong>. Kristlusega seotud p\u00fcha. Eestlased k\u00e4ivad j\u00f5ululaup\u00e4eval kirikus. K\u00fclastatakse l\u00e4hedaste haudasid. Tuuakse tuppa kuusk. Lastel k\u00e4ib j\u00f5uluvana, kes toob kingitusi. Valmistatakse maitsvaid traditsioonilisi\u00a0roogasid\u00a0\u2013\u00a0nt verivorsti, hapukapsast ja seapraadi. K\u00fclastatakse oma l\u00e4hedasi ja annetatakse heategevuseks. Erinevad abiorganisatsioonid teevad j\u00f5ulukingitusi puudust kannatavatele lastele ja peredele. Peetakse meeles neid, kes on \u00fcksi \u2013\u00a0nt vanureid vanadekodudes.\n<\/p>\n<p>\n\t<strong>Uusaasta<\/strong>. Uueaasta t\u00e4histamise tavad algavad\u00a0vanaaasta \u00e4ra saatmisega 31. detsembril. Levinud on traditsioonid, mille kaudu ennustada uueks aastaks j\u00f5ukust ja \u00f5nne \u2013 nt tinavalamine, soomustega kala s\u00f6\u00f6mine. Pidu peetakse pigem s\u00f5prade ja pereringist laiema seltskonnaga.\n<\/p>\n<p>\n\t<strong>Munadep\u00fchad<\/strong>. Seotud kristliku usuga, ka \u00fclest\u00f5usmisp\u00fchad. V\u00e4rvitakse mune, hommikulauas toimub munade koksimine, s\u00f5pradega vahetatakse v\u00e4rvitud mune. Lastele korraldatakse munade peitmise m\u00e4ng ja kodu ehitakse j\u00e4neste, tibude ja pajuurbadega. Valmistatakse erinevaid piduroogasid munadest ja kohupiimast \u2013lihav\u00f5tte pasha.\n<\/p>\n<p>\n\t<strong>Jaanip\u00e4ev<\/strong>. T\u00e4htp\u00e4ev on seotud suvise p\u00f6\u00f6rip\u00e4evaga. 23.\u00a0ja 24. juuni vaheline \u00f6\u00f6 on aasta k\u00f5ige l\u00fchem \u00f6\u00f6. Tehakse jaanituld, tule \u00fcmber tantsitakse ja lauldakse,\u00a0k\u00e4iakse saunas. Noored k\u00e4ivad otsimas s\u00f5najala\u00f5it. Lisaks sellele t\u00e4histatakse t\u00e4nases Eestis 23. juunil V\u00f5nnu lahingu aastap\u00e4eva.\n<\/p>\n<p>\n\t<strong>Mardi- ja kadrip\u00e4ev<\/strong>. Rahvakalendri p\u00fchad, seotud p\u00f5llut\u00f6\u00f6de l\u00f5ppemise perioodiga, mil algasid talurahva\u00a0tubased t\u00f6\u00f6d. Mardi- ja kadrip\u00e4eva t\u00e4histamise juurde kuulub maskeerimine, \u201emardisandi\u201c ja \u201ckadrisandi\u201c jooksmine, pererahvalt almuste k\u00fcsimine ja pererahvale \u00f5nne soovimine. Levinud on erinevad laulud, tantsud ja m\u00e4ngud. Mardi- ja kadrip\u00e4eva lauale on varasemalt kuulunud ka erinevad toidud \u2013 nt mardihani (\u00fcldisemalt linnulihas\u00f6\u00f6mine) v\u00f5i kadrip\u00e4eval tangupuder ja kadrikahi ehk \u00f5lu.\n<\/p>\n<p>\n\t<b><span lang=\"ET\"><span style=\"line-height:107%\"><span style=\",serif\"><\/span><\/span><\/span><\/b><\/p><\/div>\n        <\/div>\n        <\/div>\n    <\/div><\/span><\/span><\/span><\/b>\n<\/p>\n<p>\n\t<b><span lang=\"ET\"><span style=\"line-height:107%\"><span style=\",serif\"><div class=\"accordion mb-3\">\n        <div class=\"accordion-item accordion-item--white\">\n        <h2 class=\"accordion-header\" id=\"accordion-69f252589d03f-heading\">\n            <button class=\"accordion-button collapsed\" type=\"button\" data-bs-toggle=\"collapse\" data-bs-target=\"#accordion-69f252589d03f-collapse\" aria-expanded=\"true\" aria-controls=\"accordion-69f252589d03f-collapse\">Islam<\/button>\n        <\/h2>\n        <div id=\"accordion-69f252589d03f-collapse\" class=\"accordion-collapse collapse\" aria-labelledby=\"accordion-69f252589d03f-heading\">\n            <div class=\"accordion-body\">\n\n<p>\n\t<strong><em>Eid al-Fitr<\/em>`iga\u00a0<\/strong>t\u00e4histatakse ramadaani paastu l\u00f5ppu. Pidustused algavad paastukuu viimasel p\u00e4eval p\u00e4ikeseloojanguga. J\u00e4rgmise p\u00e4eva varahommikul kogunetakse rituaalseks palveks. Mo\u0161eedes ja kodudes\u00a0jagatakse toitu. Lapsed saavad maiustusi, kingitusi ja raha, mist\u00f5ttu mitmes paigas, sh T\u00fcrgis ja\u00a0Indoneesias, kutsutakse neid pidustusi ka suhkrup\u00fchadeks. Tehakse kingitusi pereliikmetele, s\u00f5pradele ja abivajajatele. Pidustused kestavad kuni kolm p\u00e4eva.\n<\/p>\n<p>\n\t<strong>A\u0161ura<\/strong> Iraanis\u00a0 ja <strong>hosay<\/strong>\u00a0Trinidadil.\n<\/p>\n<p>\n\t<strong>A\u0161ura<\/strong> t\u00e4histamine\u00a0toimub\u00a0islami kalendirikuu muharrami k\u00fcmnendal p\u00e4eval. Sel p\u00e4eval on islami eri suundades erinev t\u00e4hendus. Pidustuste ajal m\u00e4lestab \u0161iiitlik islami suund\u00a0680. aastal Kerbelas (Iraak) toimunud lahingut, kus suri m\u00e4rtrisurma \u0161iiitide teine imam Husain ibn Ali. A\u0161ura rituaalid sisaldavad lugusid, leinarongk\u00e4ike leinariietust\u00a0ja enesepiitsutamist, aga\u00a0ka Husain ibn Ali m\u00e4rtrisurma kultuslikku lavastust.\n<\/p>\n<p>\n\tAleviitide jaoks t\u00e4histab <strong>a\u0161ura<\/strong>\u00a012-p\u00e4evast paastu, millega meenutatakse\u00a0p\u00fcha perekonna\u00a0ja 2.\u00a0imaami Husain ibn Ali m\u00e4rtrisurma. Kuid seda s\u00fcndmust ei meenutada leinarongk\u00e4ikudes.\n<\/p>\n<p>\n\tSunniitide jaoks on <strong>a\u0161ura<\/strong> vabatahtlik paastup\u00e4ev, mis on seotud Moosese p\u00e4\u00e4stmisega Jumala poolt Egiptusest p\u00f5genemise ajal. See on r\u00f5\u00f5mu ja t\u00e4nulikkusega seotud p\u00fcha.\n<\/p>\n<p>\n\tTrinidadil nimetatakse a\u0161ura p\u00fcha <strong>hosay<\/strong>\u00b4ks \u2013 sel p\u00e4eva t\u00e4histatakse samuti Husain ibn Ali m\u00e4rtrisurma\u00a0 m\u00e4lestusp\u00e4evana, mil\u00a0toimuvad trummide saatel rongk\u00e4igud ja ehitatakse s\u00fcmboolseid hauamudeleid Husain ibn Ali m\u00e4lestuseks.\n<\/p>\n<p>\n\t<strong><em>Mawlid al-Nabi<\/em> <\/strong>on eriline p\u00e4ev, mis on seotud islami rajaja ja prohvet Muhamedi s\u00fcnniga. Paljud moslemid t\u00e4histavad\u00a0Muhamedi s\u00fcndi\u00a0luuletuste lugemise\u00a0ja prohvetit \u00fclistavate\u00a0laulude laulmisega. S\u00fc\u00fcakse erilisi toite, k\u00fclastatakse mo\u0161eesid, kus peetakse\u00a0spetsiaalseid\u00a0ettekandeid, mis k\u00e4sitlevad prohveti elu ja eeskuju. Toimuvad rongk\u00e4igud ja suured rahvapidustused koos laatade ja karusellidega (nt Indoneesias). Araabia maades ei ole Muhamedi s\u00fcnnip\u00e4eva t\u00e4histamine levinud. Egiptuse perekonnad t\u00e4histavad seda p\u00e4eva sageli vaikselt kodus palvetades ja tehes vaestele ning s\u00f5pradele kingitusi. Lastele aga kingitakse spetsiaalsesse vormi valatud kuumast\u00a0suhkrust valmistatud nukke.\n<\/p>\n<p>\n\t<strong>Uusaasta<\/strong> t\u00e4histamine toimub islamiaasta esimesel kuul (muharram), mis on seotud moslemite ajaarvamise algusega, prohvet Muhamedi r\u00e4nnakuga Mekast Mediinasse. \u0160iiitide ja aleviitide jaoks algab aasta esimesel kuul leina- ja paastuperiood 2.\u00a0imaami Husain ibn Ali m\u00e4lestamiseks. Sunniitide jaoks on uue aasta algus j\u00e4relem\u00f5tlemise ja meeleparanduse aeg, aga ka t\u00e4namise aeg. Sunniidid jagavad sel p\u00e4eval maiustusi, abivajajatele almuseid\u00a0ja meenutatakse lugusid prohvet Muhamedist.\n<\/p>\n<p>\n\t<strong><em>EId al-Adha<\/em><\/strong>\u00a0ehk ohvrip\u00fcha on seotud prohvet Aabrahami looga piiblist ja koraanist. Aabraham oli valmis ohverdama oma poja Ismaeli (vrd Iisaki ohverdamine), et t\u00f5estada oma ustavust Jumalale. Moslemid, sarnaselt Aabrahamiga, ohverdavad loomi (tavaliselt lambaid, kitsi) ja avaldavad t\u00e4nu, et Jumalat s\u00e4\u00e4stis Ismaeli elu. Pidustused algavad palvusega ja kestavad neli p\u00e4eva, mil\u00a0toimuvad pidus\u00f6\u00f6majad. T\u00e4nuohvriks toodud looma liha jagatakse v\u00f5rdses osas pere, vaeste\u00a0sugulaste\u00a0ja abivajajate\u00a0vahel.\n<\/p>\n<p>\n\t<b><span lang=\"ET\"><span style=\"line-height:107%\"><span style=\",serif\"><\/span><\/span><\/span><\/b><\/p><\/div>\n        <\/div>\n        <\/div>\n    <\/div><\/span><\/span><\/span><\/b>\n<\/p>\n<p>\n\t\u00a0<\/p>\n","protected":false},"excerpt":{"rendered":"<p>Koosta tunni kirjeldus, kuidas\u00a0r\u00e4\u00e4gid \u00f5pilastele v\u00f5i \u00fcli\u00f5pilastele\u00a0erinevate islamitraditsioonide\u00a0ja p\u00fchade pidamisest. Kasuta v\u00f5rdlust nt Euroopa erinevate\u00a0j\u00f5ulutraditsioonidega.\u00a0Anal\u00fc\u00fcsi, mis on nende erinevate t\u00e4htp\u00e4evade juures nii Eestis kui islamimaades seotud rahvuse ja kultuuriga ning mis on seotud usuga. Eesti on erinev Saksamaast ja Saksamaa &#8230;<\/p>\n","protected":false},"author":240,"featured_media":0,"parent":0,"menu_order":0,"comment_status":"closed","ping_status":"closed","template":"","meta":{"_acf_changed":false,"inline_featured_image":false,"footnotes":""},"class_list":["post-90","page","type-page","status-publish","hentry"],"acf":[],"_links":{"self":[{"href":"https:\/\/sisu.ut.ee\/islam\/wp-json\/wp\/v2\/pages\/90","targetHints":{"allow":["GET"]}}],"collection":[{"href":"https:\/\/sisu.ut.ee\/islam\/wp-json\/wp\/v2\/pages"}],"about":[{"href":"https:\/\/sisu.ut.ee\/islam\/wp-json\/wp\/v2\/types\/page"}],"author":[{"embeddable":true,"href":"https:\/\/sisu.ut.ee\/islam\/wp-json\/wp\/v2\/users\/240"}],"replies":[{"embeddable":true,"href":"https:\/\/sisu.ut.ee\/islam\/wp-json\/wp\/v2\/comments?post=90"}],"version-history":[{"count":1,"href":"https:\/\/sisu.ut.ee\/islam\/wp-json\/wp\/v2\/pages\/90\/revisions"}],"predecessor-version":[{"id":192,"href":"https:\/\/sisu.ut.ee\/islam\/wp-json\/wp\/v2\/pages\/90\/revisions\/192"}],"wp:attachment":[{"href":"https:\/\/sisu.ut.ee\/islam\/wp-json\/wp\/v2\/media?parent=90"}],"curies":[{"name":"wp","href":"https:\/\/api.w.org\/{rel}","templated":true}]}}