{"id":88,"date":"2024-04-04T07:04:55","date_gmt":"2024-04-04T04:04:55","guid":{"rendered":"https:\/\/sisu.ut.ee\/islam\/excises-1\/"},"modified":"2024-04-05T13:33:52","modified_gmt":"2024-04-05T10:33:52","slug":"excises-1","status":"publish","type":"page","link":"https:\/\/sisu.ut.ee\/islam\/excises-1\/?lang=et","title":{"rendered":"Koosta \u00fcheminutiline k\u00f5ne"},"content":{"rendered":"<p>\r\n\t<strong>Koosta\u00a0\u00fcheminutiline k\u00f5ne m\u00f5nel islamit puudutaval teemal. K\u00f5ne koostada n\u00e4iteks j\u00e4rgmistel teemadel:<\/strong>\r\n<\/p>\r\n\r\n<ol>\r\n\t<li>\r\n\t\tMida t\u00e4hendab ramadaan\u00a0moslemite jaoks?\r\n\t<\/li>\r\n\t<li>\r\n\t\tMida\u00a0t\u00e4hendab\u00a0<em>halal<\/em> toit moslemite jaoks?\r\n\t<\/li>\r\n<\/ol>\r\n\r\n<p>\r\n\tK\u00f5ne koostamisel on abiks j\u00e4rgnevad v\u00e4ited (vali \u00f5ige v\u00e4ide).\r\n<\/p>\r\n\r\n<h3>\r\n\t<span><span style=\"line-height:107%\"><span style=\",serif\">Ramadaan<\/span><\/span><\/span>\r\n<\/h3>\r\n\r\n<div class=\"h5p-iframe-wrapper\"><div class=\"video-placeholder-wrapper video-placeholder-wrapper--fixed\" style=\"height: 366px;\">\n\t\t\t    <div class=\"video-placeholder d-flex justify-content-center align-items-center\">\n\t\t\t        <div class=\"overlay text-white p-2 w-100 text-center d-block justify-content-center align-items-center\">\n\t\t\t            <div>To view third-party content, please accept cookies.<\/div>\n\t\t\t            <button class=\"btn btn-secondary btn-sm mt-1 consent-change\">Change consent<\/button>\n\t\t\t        <\/div>\n\t\t\t    <\/div>\n\t\t\t<\/div>\n<\/div>\r\n\r\n<h3>\r\n\t<em>Halal<\/em>\u00a0(lubatud) toit\r\n<\/h3>\r\n\r\n<div class=\"h5p-iframe-wrapper\"><div class=\"video-placeholder-wrapper video-placeholder-wrapper--fixed\" style=\"height: 366px;\">\n\t\t\t    <div class=\"video-placeholder d-flex justify-content-center align-items-center\">\n\t\t\t        <div class=\"overlay text-white p-2 w-100 text-center d-block justify-content-center align-items-center\">\n\t\t\t            <div>To view third-party content, please accept cookies.<\/div>\n\t\t\t            <button class=\"btn btn-secondary btn-sm mt-1 consent-change\">Change consent<\/button>\n\t\t\t        <\/div>\n\t\t\t    <\/div>\n\t\t\t<\/div>\n<\/div>\r\n\r\n<p>\r\n\t<span><span style=\"line-height:107%\"><div class=\"accordion mb-3\">\n        <div class=\"accordion-item accordion-item--white\">\n        <h2 class=\"accordion-header\" id=\"accordion-69f123491b9e2-heading\">\n            <button class=\"accordion-button collapsed\" type=\"button\" data-bs-toggle=\"collapse\" data-bs-target=\"#accordion-69f123491b9e2-collapse\" aria-expanded=\"true\" aria-controls=\"accordion-69f123491b9e2-collapse\">Ramadaan<\/button>\n        <\/h2>\n        <div id=\"accordion-69f123491b9e2-collapse\" class=\"accordion-collapse collapse\" aria-labelledby=\"accordion-69f123491b9e2-heading\">\n            <div class=\"accordion-body\">\r\n\r\n\r\n<p>\r\n\t<strong><span><span style=\"line-height:107%\"><span style=\",serif\">\u00d5iged v\u00e4ited<\/span><\/span><\/span><\/strong>\r\n<\/p>\r\n\r\n<ol>\r\n\t<li>\r\n\t\t<span><span style=\"line-height:107%\"><span style=\",serif\">Ramadaani ajal on oluline viha ja ebamoraalse k\u00e4itumise v\u00e4ltimine ning kaastunde osutamine.<\/span><\/span><\/span>\r\n\t<\/li>\r\n\t<li>\r\n\t\t<span><span style=\"line-height:107%\"><span style=\",serif\">Ramadaani paastumine on t\u00e4ielik hoidumine s\u00f6\u00f6misest, joomisest ja seksuaalsuhetest alates koidikust kuni\u00a0p\u00e4ikese loojumiseni ning mida korratakse ramadaanikuu 30 p\u00e4eva jooksul.<\/span><\/span><\/span>\r\n\t<\/li>\r\n\t<li>\r\n\t\t<span><span style=\"line-height:107%\"><span style=\",serif\">Ramadaani paast on seotud koraani ilmutamisega prohvet Muhamedile ja sellep\u00e4rast on koraani lugemine ramadaanikuul oluline kohtustus.<\/span><\/span><\/span>\r\n\t<\/li>\r\n\t<li>\r\n\t\t<span><span style=\"line-height:107%\"><span style=\",serif\">Ramadaani paastu v\u00f5ivad edasi l\u00fckata haiged, rasedad ja reisil viibijad.<\/span><\/span><\/span>\r\n\t<\/li>\r\n\t<li>\r\n\t\t<span><span style=\"line-height:107%\"><span style=\",serif\">Ramadaani paast v\u00e4ljendab islami kogukonna \u00fchtsust, sest\u00a0k\u00f5ik tunnevad n\u00e4lga \u00fchtemoodi\u00a0<\/span><\/span><\/span>\u2013\u00a0<span><span style=\"line-height:107%\"><span style=\",serif\">nii noored kui vanad, nii rikkad kui vaesed.<\/span><\/span><\/span>\r\n\t<\/li>\r\n\t<li>\r\n\t\t<span><span style=\"line-height:107%\"><span style=\",serif\">P\u00e4rast paastukuu l\u00f5ppu t\u00e4histavad moslemid kogu maailmas <em>Eid al-Fitr<\/em> p\u00fcha. <\/span><\/span><\/span>\r\n\t<\/li>\r\n\t<li>\r\n\t\t<span><span style=\"line-height:107%\"><span style=\",serif\">Ramadaani paastu ajal, p\u00e4ikese loojangu ja p\u00e4ikese t\u00f5usu vahel, toimub kaks s\u00f6\u00f6maaega <i>iftar<\/i> ja <i>sahur<\/i>.<\/span><\/span><\/span>\r\n\t<\/li>\r\n\t<li>\r\n\t\t<span><span style=\"line-height:107%\"><span style=\",serif\">Ramadaanikuu k\u00f5ige p\u00fchamat \u00f6\u00f6d nimetatakse\u00a0 <em>l<\/em><span style=\"background:white\"><em>ailat al-Qadr<\/em>, mil Jumal ilmutas prohvet Muhamedile koraani esimesed v\u00e4rsid.<\/span><\/span><\/span><\/span>\r\n\t<\/li>\r\n<\/ol>\r\n\r\n<p>\r\n\t<strong><span><span style=\"line-height:107%\"><span style=\",serif\">Valed v\u00e4ied<\/span><\/span><\/span><\/strong>\r\n<\/p>\r\n\r\n<ol>\r\n\t<li>\r\n\t\t<span><span style=\"line-height:107%\"><span style=\",serif\">Ramadaani paast on seotud kurva s\u00fcndmusega.<\/span><\/span><\/span>\r\n\t<\/li>\r\n\t<li>\r\n\t\t<span><span style=\"line-height:107%\"><span style=\",serif\">Ramadaani ajal moslemid ei s\u00f6\u00f6 ega joo 30 p\u00e4eva ja 30 \u00f6\u00f6d.<\/span><\/span><\/span>\r\n\t<\/li>\r\n\t<li>\r\n\t\t<span><span style=\"line-height:107%\"><span style=\",serif\">Ramadaani paastu ajal tohib juua ja s\u00fc\u00fca v\u00e4ikestes kogustes toitu.<\/span><\/span><\/span>\r\n\t<\/li>\r\n\t<li>\r\n\t\t<span><span style=\"line-height:107%\"><span style=\",serif\">Ramadaani paast on seotud eelk\u00f5ige s\u00f6\u00f6misest ja joomisest loobumisega.<\/span><\/span><\/span>\r\n\t<\/li>\r\n\t<li>\r\n\t\t<span><span style=\"line-height:107%\"><span style=\",serif\">Ramadaani paastu peab pidama iga moslem, nii noor kui vana, nii haige kui terve, nii reisil olles kui kodus viibides.<\/span><\/span><\/span>\r\n\t<\/li>\r\n\t<li>\r\n\t\t<span><span style=\"line-height:107%\"><span style=\",serif\">P\u00e4rast paastukuu l\u00f5ppu t\u00e4histavad moslemid kogu maailmas ohvrip\u00fcha ja toovad t\u00e4nuohvreid.<\/span><\/span><\/span>\r\n\t<\/li>\r\n\t<li>\r\n\t\t<span><span style=\"line-height:107%\"><span style=\",serif\">Moslemid usuvad, et kogu koraan on ilmutatud prohvet Muhamedile ramadaanikuu jooksul.<\/span><\/span><\/span>\r\n\t<\/li>\r\n\t<li>\r\n\t\t<span><span style=\"line-height:107%\"><span style=\",serif\">Ramadaani paast oli levinud juba enne prohvet Muhamedi.<\/span><\/span><\/span>\r\n\t<\/li>\r\n<\/ol>\r\n\r\n<p>\r\n\t<span><span style=\"line-height:107%\"><span style=\",serif\"><\/span><\/span><\/span><\/p><\/div>\n        <\/div>\n        <\/div>\n    <\/div><\/span><\/span>\r\n<\/p>\r\n\r\n<p>\r\n\t<span><span style=\"line-height:107%\"><span style=\",serif\"><div class=\"accordion mb-3\">\n        <div class=\"accordion-item accordion-item--white\">\n        <h2 class=\"accordion-header\" id=\"accordion-69f123491b9ee-heading\">\n            <button class=\"accordion-button collapsed\" type=\"button\" data-bs-toggle=\"collapse\" data-bs-target=\"#accordion-69f123491b9ee-collapse\" aria-expanded=\"true\" aria-controls=\"accordion-69f123491b9ee-collapse\"><em>Halal<\/em>\u00a0toit<\/button>\n        <\/h2>\n        <div id=\"accordion-69f123491b9ee-collapse\" class=\"accordion-collapse collapse\" aria-labelledby=\"accordion-69f123491b9ee-heading\">\n            <div class=\"accordion-body\">\r\n\r\n\r\n<p>\r\n\t<strong><span><span style=\"line-height:107%\"><span style=\",serif\">\u00d5iged v\u00e4ited<\/span><\/span><\/span><\/strong>\r\n<\/p>\r\n\r\n<ol>\r\n\t<li>\r\n\t\t<span><span style=\"line-height:107%\"><span style=\",serif\">Islamis m\u00f5istetakse, et s\u00f6\u00f6mine on seotud Jumala teenimisega <\/span><\/span><\/span>\u2013\u00a0<span><span style=\"line-height:107%\"><span style=\",serif\">see on nagu palve, paast, almuste andmine ja muud religioossed praktikad.<\/span><\/span><\/span>\r\n\t<\/li>\r\n\t<li>\r\n\t\t<span><span style=\"line-height:107%\"><span style=\",serif\">Moslemite jaoks ei ole s\u00f6\u00f6mine pelgalt\u00a0toidu tarbimine, vaid s\u00f6\u00f6mine on seotud elluj\u00e4\u00e4misega ja hea tervise s\u00e4ilitamisega.<\/span><\/span><\/span>\r\n\t<\/li>\r\n\t<li>\r\n\t\t<span><span style=\"line-height:107%\"><span style=\",serif\">Islam ei ole ainult religioon, vaid ka eluviis. Seega usujuhised, reeglid ja kombed reguleerivad k\u00f5iki eluvaldkondi ja kuna toit on igap\u00e4evaelu oluline osa, on islamis toiduseadustel eriline t\u00e4htsus.<\/span><\/span><\/span>\r\n\t<\/li>\r\n\t<li>\r\n\t\t<span><span style=\"line-height:107%\"><span style=\",serif\">Moslemitel on keelatud s\u00fc\u00fca sealiha.<\/span><\/span><\/span>\r\n\t<\/li>\r\n\t<li>\r\n\t\t<span><span style=\"line-height:107%\"><span style=\",serif\">Moslemid v\u00f5ivad s\u00fc\u00fca k\u00f5ike sh\u00a0sealiha kui see on vajalik elu s\u00e4ilitamiseks.<\/span><\/span><\/span>\r\n\t<\/li>\r\n\t<li>\r\n\t\t<i><span><span style=\"line-height:107%\"><span style=\",serif\">Halal <\/span><\/span><\/span><\/i><span><span style=\"line-height:107%\"><span style=\",serif\">toit t\u00e4hendab lubatud toitu. See ei t\u00e4henda pelgalt seda,\u00a0millist liha s\u00fc\u00fcakse, vaid ka seda,\u00a0kuidas loom\u00a0tapetakse.<\/span><\/span><\/span>\r\n\t<\/li>\r\n\t<li>\r\n\t\t<i><span><span style=\"line-height:107%\"><span style=\",serif\">Halal<\/span><\/span><\/span><\/i><span><span style=\"line-height:107%\"><span style=\",serif\"> toiduks kasutatav loom peab olema t\u00e4iesti terve.<\/span><\/span><\/span>\r\n\t<\/li>\r\n\t<li>\r\n\t\t<span><span style=\"line-height:107%\"><span style=\",serif\">Moslemitele on keelatud s\u00fc\u00fca looma verd.<\/span><\/span><\/span>\r\n\t<\/li>\r\n<\/ol>\r\n\r\n<p>\r\n\t<strong><span><span style=\"line-height:107%\"><span style=\",serif\">Valed v\u00e4ited<\/span><\/span><\/span><\/strong>\r\n<\/p>\r\n\r\n<ol>\r\n\t<li>\r\n\t\t<span><span style=\"line-height:107%\"><span style=\",serif\">K\u00fclalislahkuse v\u00e4ljendamiseks v\u00f5ivad moslemid pakkuda mittemoslemitest k\u00fclalistele sealiha ja nendega koos seda s\u00fc\u00fca.<\/span><\/span><\/span>\r\n\t<\/li>\r\n\t<li>\r\n\t\t<span><span style=\"line-height:107%\"><span style=\",serif\">Islami seadus reguleerib ainult usuga seotud k\u00fcsimusi ja juhiseid toitumiseks seadus ei sisalda.<\/span><\/span><\/span>\r\n\t<\/li>\r\n\t<li>\r\n\t\t<span><span style=\"line-height:107%\"><span style=\",serif\">Moslemid tohivad tarvitada alkoholi v\u00e4ikestes kogustes.<\/span><\/span><\/span>\r\n\t<\/li>\r\n\t<li>\r\n\t\t<span><span style=\"line-height:107%\"><span style=\",serif\">Moslemid ei tohi s\u00fc\u00fca sealiha, aga tohivad kasutada sealihast tehtud tooteid nt \u017eelatiini ja peekonit.<\/span><\/span><\/span>\r\n\t<\/li>\r\n\t<li>\r\n\t\t<span><span style=\"line-height:107%\"><span style=\",serif\">Moslemid tohivad s\u00fc\u00fca s\u00fcnteetilist liha.<\/span><\/span><\/span>\r\n\t<\/li>\r\n\t<li>\r\n\t\t<span><span style=\"line-height:107%\"><span style=\",serif\">M\u00f5iste <i>halal<\/i>\u00a0kehtib ainult lihatoodete kohta.<\/span><\/span><\/span>\r\n\t<\/li>\r\n\t<li>\r\n\t\t<span><span style=\"line-height:107%\"><span style=\",serif\">Moslemid v\u00f5ivad eesti kultuuri sulandumiseks s\u00fc\u00fca verivorsti ja verik\u00e4kki.<\/span><\/span><\/span>\r\n\t<\/li>\r\n\t<li>\r\n\t\t<span><span style=\"line-height:107%\"><span style=\",serif\">Moslemid v\u00f5ivad s\u00fc\u00fca igasugust liha sh nii j\u00e4nese-, sea- kui lambaliha.<\/span><\/span><\/span>\r\n\t<\/li>\r\n\t<li>\r\n\t\t<span><span style=\"line-height:107%\"><span style=\",serif\"><em>Halal<\/em> toit t\u00e4hendab seda, et moslemid ei tohi s\u00fc\u00fca sealiha.<\/span><\/span><\/span>\r\n\t<\/li>\r\n\t<li>\r\n\t\t<span><span style=\"line-height:107%\"><span style=\",serif\">Moslemid ei tohi s\u00fc\u00fca kala.<\/span><\/span><\/span>\r\n\t<\/li>\r\n<\/ol>\r\n\r\n<p>\r\n\t<span><span style=\"line-height:107%\"><span style=\",serif\"><\/span><\/span><\/span><\/p><\/div>\n        <\/div>\n        <\/div>\n    <\/div><\/span><\/span><\/span>\r\n<\/p>\r\n","protected":false},"excerpt":{"rendered":"<p>Koosta\u00a0\u00fcheminutiline k\u00f5ne m\u00f5nel islamit puudutaval teemal. K\u00f5ne koostada n\u00e4iteks j\u00e4rgmistel teemadel: Mida t\u00e4hendab ramadaan\u00a0moslemite jaoks? Mida\u00a0t\u00e4hendab\u00a0halal toit moslemite jaoks? K\u00f5ne koostamisel on abiks j\u00e4rgnevad v\u00e4ited (vali \u00f5ige v\u00e4ide). Ramadaan Halal\u00a0(lubatud) toit Ramadaan \u00d5iged v\u00e4ited Ramadaani ajal on oluline viha ja &#8230;<\/p>\n","protected":false},"author":240,"featured_media":0,"parent":0,"menu_order":0,"comment_status":"closed","ping_status":"closed","template":"","meta":{"_acf_changed":false,"inline_featured_image":false,"footnotes":""},"class_list":["post-88","page","type-page","status-publish","hentry"],"acf":[],"_links":{"self":[{"href":"https:\/\/sisu.ut.ee\/islam\/wp-json\/wp\/v2\/pages\/88","targetHints":{"allow":["GET"]}}],"collection":[{"href":"https:\/\/sisu.ut.ee\/islam\/wp-json\/wp\/v2\/pages"}],"about":[{"href":"https:\/\/sisu.ut.ee\/islam\/wp-json\/wp\/v2\/types\/page"}],"author":[{"embeddable":true,"href":"https:\/\/sisu.ut.ee\/islam\/wp-json\/wp\/v2\/users\/240"}],"replies":[{"embeddable":true,"href":"https:\/\/sisu.ut.ee\/islam\/wp-json\/wp\/v2\/comments?post=88"}],"version-history":[{"count":4,"href":"https:\/\/sisu.ut.ee\/islam\/wp-json\/wp\/v2\/pages\/88\/revisions"}],"predecessor-version":[{"id":297,"href":"https:\/\/sisu.ut.ee\/islam\/wp-json\/wp\/v2\/pages\/88\/revisions\/297"}],"wp:attachment":[{"href":"https:\/\/sisu.ut.ee\/islam\/wp-json\/wp\/v2\/media?parent=88"}],"curies":[{"name":"wp","href":"https:\/\/api.w.org\/{rel}","templated":true}]}}