{"id":84,"date":"2024-04-04T07:04:54","date_gmt":"2024-04-04T04:04:54","guid":{"rendered":"https:\/\/sisu.ut.ee\/islam\/i-osa-1\/"},"modified":"2024-04-04T07:05:18","modified_gmt":"2024-04-04T04:05:18","slug":"i-osa-1","status":"publish","type":"page","link":"https:\/\/sisu.ut.ee\/islam\/i-osa-1\/?lang=et","title":{"rendered":"Koraan"},"content":{"rendered":"<p>\n\tKoraan on l\u00e4bi islami ajaloo\u00a0olnud \u00fchiskondliku, poliitilise ja teadusliku elu alustekst. Samas on koraan ka iga inimese tavaelu m\u00f5jutav tekst. Koraan ei vaja p\u00f5hjendamist, koraani t\u00e4iuslikkus on islami usu alusdogma. K\u00f5ik\u00a0 t\u00e4htsamad s\u00fcndmused\u00a0on aegade jooksul toimunud moslemite elus koraaniteksti saatel.\n<\/p>\n<p>\n\t<\/p><div class=\"ratio ratio-16x9 mb-3\"><div class=\"video-placeholder-wrapper video-placeholder-wrapper--16x9\">\n\t\t\t    <div class=\"video-placeholder d-flex justify-content-center align-items-center\">\n\t\t\t        <div class=\"overlay text-white p-2 w-100 text-center d-block justify-content-center align-items-center\">\n\t\t\t            <div>To view third-party content, please accept cookies.<\/div>\n\t\t\t            <button class=\"btn btn-secondary btn-sm mt-1 consent-change\">Change consent<\/button>\n\t\t\t        <\/div>\n\t\t\t    <\/div>\n\t\t\t<\/div>\n<\/div>\n\n<p>\n\tTRANSKRIPTSIOON<\/p>\n","protected":false},"excerpt":{"rendered":"<p>Koraan on l\u00e4bi islami ajaloo\u00a0olnud \u00fchiskondliku, poliitilise ja teadusliku elu alustekst. Samas on koraan ka iga inimese tavaelu m\u00f5jutav tekst. Koraan ei vaja p\u00f5hjendamist, koraani t\u00e4iuslikkus on islami usu alusdogma. K\u00f5ik\u00a0 t\u00e4htsamad s\u00fcndmused\u00a0on aegade jooksul toimunud moslemite elus koraaniteksti saatel. &#8230;<\/p>\n","protected":false},"author":240,"featured_media":0,"parent":0,"menu_order":0,"comment_status":"closed","ping_status":"closed","template":"","meta":{"_acf_changed":false,"inline_featured_image":false,"footnotes":""},"class_list":["post-84","page","type-page","status-publish","hentry"],"acf":[],"_links":{"self":[{"href":"https:\/\/sisu.ut.ee\/islam\/wp-json\/wp\/v2\/pages\/84","targetHints":{"allow":["GET"]}}],"collection":[{"href":"https:\/\/sisu.ut.ee\/islam\/wp-json\/wp\/v2\/pages"}],"about":[{"href":"https:\/\/sisu.ut.ee\/islam\/wp-json\/wp\/v2\/types\/page"}],"author":[{"embeddable":true,"href":"https:\/\/sisu.ut.ee\/islam\/wp-json\/wp\/v2\/users\/240"}],"replies":[{"embeddable":true,"href":"https:\/\/sisu.ut.ee\/islam\/wp-json\/wp\/v2\/comments?post=84"}],"version-history":[{"count":1,"href":"https:\/\/sisu.ut.ee\/islam\/wp-json\/wp\/v2\/pages\/84\/revisions"}],"predecessor-version":[{"id":201,"href":"https:\/\/sisu.ut.ee\/islam\/wp-json\/wp\/v2\/pages\/84\/revisions\/201"}],"wp:attachment":[{"href":"https:\/\/sisu.ut.ee\/islam\/wp-json\/wp\/v2\/media?parent=84"}],"curies":[{"name":"wp","href":"https:\/\/api.w.org\/{rel}","templated":true}]}}