{"id":8,"date":"2024-04-04T07:04:47","date_gmt":"2024-04-04T04:04:47","guid":{"rendered":"https:\/\/sisu.ut.ee\/islam\/v-nadal\/"},"modified":"2024-04-04T07:05:21","modified_gmt":"2024-04-04T04:05:21","slug":"v-nadal","status":"publish","type":"page","link":"https:\/\/sisu.ut.ee\/islam\/v-nadal\/?lang=et","title":{"rendered":"V n\u00e4dal"},"content":{"rendered":"<p>\n\t<strong>N\u00e4dala teemad:<\/strong>\n<\/p>\n<ul>\n<li>\n\t\tKas islami religioon on homogeenne ja monoliitne?\n\t<\/li>\n<li>\n\t\tIslami erinevad t\u00f5lgendused ja\u00a0liikumised on eksisteerinud l\u00e4bi ajaloo.\n\t<\/li>\n<li>\n\t\tIbadiidid on alates 8. sajandist eksisteerinud sunniitide ja \u0161iiitide k\u00f5rval.\n\t<\/li>\n<li>\n\t\tAleviidid on T\u00fcrgis moslemid, kuid Saksamaal tunnustatud kui\u00a0eraldiseisev religioon.\n\t<\/li>\n<li>\n\t\tAhmadi kogukond m\u00f5istab end islami usu moderniseerijana.\n\t<\/li>\n<li>\n\t\tKuidas sisemisest mitmekesisusest r\u00e4\u00e4kimine v\u00f5imaldab muuta arusaamu islamist?\n\t<\/li>\n<\/ul>\n<p>\n\t<strong>N\u00e4dala eesm\u00e4rk:<\/strong>\n<\/p>\n<ul>\n<li>\n\t\tMuuta arusaama, et islam on homogeenne ja monoliitne religioon.\u00a0\n\t<\/li>\n<li>\n\t\tM\u00f5ista, et iga\u00a0religiooni juurde kuuluvad uued\u00a0t\u00f5lgendused\u00a0ning nende p\u00f5hjal moodustuvad ka uued r\u00fchmitused religiooni sees.\n\t<\/li>\n<li>\n\t\tM\u00f5ista, et aleviidid, ibadiidid ja ahmadiidid on islami erinevad suunad. Need suunad\u00a0ei m\u00e4\u00e4ratle end \u0161iiitide ega sunniitliku islamina, aga\u00a0m\u00f5istavad end siiski moslemitena.\n\t<\/li>\n<li>\n\t\tM\u00f5ista, et islami erinevad suunad\u00a0on\u00a0islami enamuse (sunniitide) poolt\u00a0kas v\u00e4listatud, ketserlusena m\u00f5istetud v\u00f5i vaikimisi aktsepteeritud.\n\t<\/li>\n<\/ul>\n<p>\n\t\u00a0\n<\/p>\n<p>\n\t<\/p><div class=\"ratio ratio-16x9 mb-3\"><div class=\"video-placeholder-wrapper video-placeholder-wrapper--16x9\">\n\t\t\t    <div class=\"video-placeholder d-flex justify-content-center align-items-center\">\n\t\t\t        <div class=\"overlay text-white p-2 w-100 text-center d-block justify-content-center align-items-center\">\n\t\t\t            <div>To view third-party content, please accept cookies.<\/div>\n\t\t\t            <button class=\"btn btn-secondary btn-sm mt-1 consent-change\">Change consent<\/button>\n\t\t\t        <\/div>\n\t\t\t    <\/div>\n\t\t\t<\/div>\n<\/div>\n","protected":false},"excerpt":{"rendered":"<p>N\u00e4dala teemad: Kas islami religioon on homogeenne ja monoliitne? Islami erinevad t\u00f5lgendused ja\u00a0liikumised on eksisteerinud l\u00e4bi ajaloo. Ibadiidid on alates 8. sajandist eksisteerinud sunniitide ja \u0161iiitide k\u00f5rval. Aleviidid on T\u00fcrgis moslemid, kuid Saksamaal tunnustatud kui\u00a0eraldiseisev religioon. Ahmadi kogukond m\u00f5istab end &#8230;<\/p>\n","protected":false},"author":240,"featured_media":0,"parent":0,"menu_order":0,"comment_status":"closed","ping_status":"closed","template":"","meta":{"_acf_changed":false,"inline_featured_image":false,"footnotes":""},"class_list":["post-8","page","type-page","status-publish","hentry"],"acf":[],"_links":{"self":[{"href":"https:\/\/sisu.ut.ee\/islam\/wp-json\/wp\/v2\/pages\/8","targetHints":{"allow":["GET"]}}],"collection":[{"href":"https:\/\/sisu.ut.ee\/islam\/wp-json\/wp\/v2\/pages"}],"about":[{"href":"https:\/\/sisu.ut.ee\/islam\/wp-json\/wp\/v2\/types\/page"}],"author":[{"embeddable":true,"href":"https:\/\/sisu.ut.ee\/islam\/wp-json\/wp\/v2\/users\/240"}],"replies":[{"embeddable":true,"href":"https:\/\/sisu.ut.ee\/islam\/wp-json\/wp\/v2\/comments?post=8"}],"version-history":[{"count":1,"href":"https:\/\/sisu.ut.ee\/islam\/wp-json\/wp\/v2\/pages\/8\/revisions"}],"predecessor-version":[{"id":267,"href":"https:\/\/sisu.ut.ee\/islam\/wp-json\/wp\/v2\/pages\/8\/revisions\/267"}],"wp:attachment":[{"href":"https:\/\/sisu.ut.ee\/islam\/wp-json\/wp\/v2\/media?parent=8"}],"curies":[{"name":"wp","href":"https:\/\/api.w.org\/{rel}","templated":true}]}}