{"id":72,"date":"2024-04-04T07:04:53","date_gmt":"2024-04-04T04:04:53","guid":{"rendered":"https:\/\/sisu.ut.ee\/islam\/vaade-tulevikku\/"},"modified":"2024-04-04T07:05:19","modified_gmt":"2024-04-04T04:05:19","slug":"vaade-tulevikku","status":"publish","type":"page","link":"https:\/\/sisu.ut.ee\/islam\/vaade-tulevikku\/?lang=et","title":{"rendered":"Vaade tulevikku"},"content":{"rendered":"<p>\n\tUurime, kuidas aitab hariduse k\u00e4ttesaadavus kaasa \u00fchiskonna arengule.\u00a0Milline v\u00f5iks olla L\u00e4his-Ida, P\u00f5hja-Aafrika ja Araabia noorte vaade tulevikku ja milline on islami individualism?\n<\/p>\n<p>\n\t<\/p><div class=\"ratio ratio-16x9 mb-3\"><div class=\"video-placeholder-wrapper video-placeholder-wrapper--16x9\">\n\t\t\t    <div class=\"video-placeholder d-flex justify-content-center align-items-center\">\n\t\t\t        <div class=\"overlay text-white p-2 w-100 text-center d-block justify-content-center align-items-center\">\n\t\t\t            <div>To view third-party content, please accept cookies.<\/div>\n\t\t\t            <button class=\"btn btn-secondary btn-sm mt-1 consent-change\">Change consent<\/button>\n\t\t\t        <\/div>\n\t\t\t    <\/div>\n\t\t\t<\/div>\n<\/div>\n","protected":false},"excerpt":{"rendered":"<p>Uurime, kuidas aitab hariduse k\u00e4ttesaadavus kaasa \u00fchiskonna arengule.\u00a0Milline v\u00f5iks olla L\u00e4his-Ida, P\u00f5hja-Aafrika ja Araabia noorte vaade tulevikku ja milline on islami individualism? To view third-party content, please accept cookies. Change consent<\/p>\n","protected":false},"author":240,"featured_media":0,"parent":0,"menu_order":0,"comment_status":"closed","ping_status":"closed","template":"","meta":{"_acf_changed":false,"inline_featured_image":false,"footnotes":""},"class_list":["post-72","page","type-page","status-publish","hentry"],"acf":[],"_links":{"self":[{"href":"https:\/\/sisu.ut.ee\/islam\/wp-json\/wp\/v2\/pages\/72","targetHints":{"allow":["GET"]}}],"collection":[{"href":"https:\/\/sisu.ut.ee\/islam\/wp-json\/wp\/v2\/pages"}],"about":[{"href":"https:\/\/sisu.ut.ee\/islam\/wp-json\/wp\/v2\/types\/page"}],"author":[{"embeddable":true,"href":"https:\/\/sisu.ut.ee\/islam\/wp-json\/wp\/v2\/users\/240"}],"replies":[{"embeddable":true,"href":"https:\/\/sisu.ut.ee\/islam\/wp-json\/wp\/v2\/comments?post=72"}],"version-history":[{"count":1,"href":"https:\/\/sisu.ut.ee\/islam\/wp-json\/wp\/v2\/pages\/72\/revisions"}],"predecessor-version":[{"id":209,"href":"https:\/\/sisu.ut.ee\/islam\/wp-json\/wp\/v2\/pages\/72\/revisions\/209"}],"wp:attachment":[{"href":"https:\/\/sisu.ut.ee\/islam\/wp-json\/wp\/v2\/media?parent=72"}],"curies":[{"name":"wp","href":"https:\/\/api.w.org\/{rel}","templated":true}]}}